{"id":165146,"date":"2026-03-27T11:38:09","date_gmt":"2026-03-27T11:38:09","guid":{"rendered":"https:\/\/www.christeyns.com\/security\/"},"modified":"2026-04-10T12:10:56","modified_gmt":"2026-04-10T12:10:56","slug":"sakerhet","status":"publish","type":"page","link":"https:\/\/www.christeyns.com\/se-sv\/sakerhet\/","title":{"rendered":"Security"},"content":{"rendered":"<div class=\"wpb-content-wrapper\"><p>[vc_row full_width=&#8221;stretch_row_content_no_spaces&#8221;][vc_column]\n            <div class=\"full-width sm-p-0\">\n                <div class=\"banner  banner__small banner-curve__white mb-6\">\n                    <picture class=\"banner-image\" >\n                        <source srcset=\"https:\/\/www.christeyns.com\/wp-content\/uploads\/2020\/01\/hero-background.jpg\" media=\"(min-width: 1110px)\">\n                        <source srcset=\"https:\/\/www.christeyns.com\/wp-content\/uploads\/2020\/01\/hero-background-1024x299.jpg\" media=\"(min-width: 321px) and (max-width: 1109px)\">\n                        <img decoding=\"async\" class=\"rellax\" src=\"https:\/\/www.christeyns.com\/wp-content\/uploads\/2020\/01\/hero-background-300x88.jpg\" alt=\"background of the image\" \/>\n                    <\/picture>\n\n                    <div class=\"banner-content-wrapper\" >\n                                                    <div class=\"rownomargin\"><div class=\"col-22 offset-1\"><nav class=\"breadcrumb-trail breadcrumb-trail--small\" aria-label=\"Br\u00f6dsmulor\" ><span><span><a href=\"https:\/\/www.christeyns.com\/se-sv\/\">Home<\/a><\/span><\/span><\/nav><\/div><\/div>\n                        \n                        <div class=\"banner-content col-24 col-md-16 col-lg-16 col-xl-12 text-center\">\n                                                            <h1 class=\"text-white text-uppercase\">S\u00e4kerhet<\/h1>\n                            \n                            \n                        <\/div>\n                    <\/div>\n                <\/div>\n            <\/div>\n\n        [\/vc_column][\/vc_row][vc_row][vc_column]\n        <div class=\"page-block background-white\">\n            <div class=\"full-width mt-none mb-default\" >\n                <div class=\"rownomargin\">\n                    <div class=\"col-24 col-lg-22 offset-lg-1 text-left\">\n                        \n                                                <div class=\"page-block__content  inner-page-block__content\" ><h1 data-start=\"100\" data-end=\"141\" data-section-id=\"1jvw9rg\">S\u00e4kerhet och rapportering av cyberincidenter<\/h1>\n<p>P\u00e5 Christeyns \u00e4r s\u00e4kerheten f\u00f6r v\u00e5ra system, data och kommunikation av h\u00f6gsta prioritet. Vi arbetar kontinuerligt f\u00f6r att skydda v\u00e5r digitala infrastruktur och s\u00e4kerst\u00e4lla f\u00f6rtroendet hos v\u00e5ra kunder, samarbetspartner och intressenter.<\/p>\n<p>Som en del av detta \u00e5tagande har vi inr\u00e4ttat en s\u00e4rskild kanal f\u00f6r rapportering av cybers\u00e4kerhetsincidenter.<\/p>\n<p data-start=\"143\" data-end=\"356\"><span style=\"letter-spacing: 0.1px;\">Om du uppt\u00e4cker eller misst\u00e4nker n\u00e5gon aktivitet som kan \u00e4ventyra s\u00e4kerheten f\u00f6r v\u00e5ra system eller anv\u00e4ndare, v\u00e4nligen rapportera detta via f\u00f6ljande e-postadress: <\/span><strong style=\"letter-spacing: 0.1px;\"><a class=\"decorated-link cursor-pointer\" href=\"mailto:security@christeyns.com\" rel=\"noopener\" data-start=\"618\" data-end=\"641\">security@christeyns.com<\/a><\/strong><\/p>\n<h2 data-start=\"645\" data-end=\"671\">Vad kan rapporteras?<\/h2>\n<p>Anv\u00e4nd denna kanal f\u00f6r att rapportera:<\/p>\n<ul>\n<li>Phishing -mejl som skickas i Christeyns namn<\/li>\n<li>Skadlig programvara eller misst\u00e4nkt inneh\u00e5ll p\u00e5 v\u00e5r webbplats eller v\u00e5ra dom\u00e4ner<\/li>\n<li>S\u00e4kerhetsbrister i v\u00e5ra system eller applikationer<\/li>\n<li>Olaga anv\u00e4ndning av varum\u00e4rket Christeyns<\/li>\n<\/ul>\n<h2 data-start=\"997\" data-end=\"1011\">Viktigt<\/h2>\n<p>F\u00f6r att s\u00e4kerst\u00e4lla en effektiv hantering ber vi dig att endast anv\u00e4nda denna kanal f\u00f6r incidenter som ber\u00f6r cybers\u00e4kerhet. F\u00f6r allm\u00e4nna fr\u00e5gor ber vi dig v\u00e4nligen anv\u00e4nda de vanliga kontaktalternativen som finns p\u00e5 v\u00e5r webbplats.<\/p>\n<p>Vi uppskattar ditt samarbete f\u00f6r att hj\u00e4lpa oss att uppr\u00e4tth\u00e5lla en s\u00e4ker digital milj\u00f6.<\/p>\n<\/div>\n\n                                            <\/div>\n                <\/div>\n            <\/div>\n        <\/div>\n\n        [\/vc_column][\/vc_row]<\/p>\n<\/div>","protected":false},"excerpt":{"rendered":"<p>[vc_row full_width=&#8221;stretch_row_content_no_spaces&#8221;][vc_column][\/vc_column][\/vc_row][vc_row][vc_column][\/vc_column][\/vc_row]<\/p>\n","protected":false},"author":41,"featured_media":0,"parent":0,"menu_order":0,"comment_status":"closed","ping_status":"closed","template":"","meta":{"_acf_changed":false,"content-type":"","footnotes":""},"class_list":["post-165146","page","type-page","status-publish","hentry"],"acf":[],"yoast_head":"<!-- This site is optimized with the Yoast SEO plugin v26.9 - https:\/\/yoast.com\/product\/yoast-seo-wordpress\/ -->\n<title>Security | Christeyns<\/title>\n<meta name=\"description\" content=\"Christeyns s\u00e4kerhet: Anm\u00e4l n\u00e4tfiske, s\u00e4kerhetsbrister eller misst\u00e4nkt aktivitet via v\u00e5r s\u00e4rskilda kanal f\u00f6r incidentrapportering.\" \/>\n<meta name=\"robots\" content=\"index, follow, max-snippet:-1, max-image-preview:large, max-video-preview:-1\" \/>\n<link rel=\"canonical\" href=\"https:\/\/www.christeyns.com\/se-sv\/sakerhet\/\" \/>\n<meta property=\"og:locale\" content=\"sv_SE\" \/>\n<meta property=\"og:type\" content=\"article\" \/>\n<meta property=\"og:title\" content=\"Security | Christeyns\" \/>\n<meta property=\"og:description\" content=\"Christeyns s\u00e4kerhet: Anm\u00e4l n\u00e4tfiske, s\u00e4kerhetsbrister eller misst\u00e4nkt aktivitet via v\u00e5r s\u00e4rskilda kanal f\u00f6r incidentrapportering.\" \/>\n<meta property=\"og:url\" content=\"https:\/\/www.christeyns.com\/se-sv\/sakerhet\/\" \/>\n<meta property=\"og:site_name\" content=\"Christeyns\" \/>\n<meta property=\"article:modified_time\" content=\"2026-04-10T12:10:56+00:00\" \/>\n<meta property=\"og:image\" content=\"https:\/\/www.christeyns.com\/wp-content\/uploads\/2018\/10\/christeyns-logo-shot.jpg\" \/>\n\t<meta property=\"og:image:width\" content=\"842\" \/>\n\t<meta property=\"og:image:height\" content=\"560\" \/>\n\t<meta property=\"og:image:type\" content=\"image\/jpeg\" \/>\n<meta name=\"twitter:card\" content=\"summary_large_image\" \/>\n<meta name=\"twitter:label1\" content=\"Est. reading time\" \/>\n\t<meta name=\"twitter:data1\" content=\"1 minut\" \/>\n<script type=\"application\/ld+json\" class=\"yoast-schema-graph\">{\"@context\":\"https:\/\/schema.org\",\"@graph\":[{\"@type\":\"WebPage\",\"@id\":\"https:\/\/www.christeyns.com\/se-sv\/sakerhet\/\",\"url\":\"https:\/\/www.christeyns.com\/se-sv\/sakerhet\/\",\"name\":\"Security | Christeyns\",\"isPartOf\":{\"@id\":\"https:\/\/www.christeyns.com\/se-sv\/#website\"},\"datePublished\":\"2026-03-27T11:38:09+00:00\",\"dateModified\":\"2026-04-10T12:10:56+00:00\",\"description\":\"Christeyns s\u00e4kerhet: Anm\u00e4l n\u00e4tfiske, s\u00e4kerhetsbrister eller misst\u00e4nkt aktivitet via v\u00e5r s\u00e4rskilda kanal f\u00f6r incidentrapportering.\",\"breadcrumb\":{\"@id\":\"https:\/\/www.christeyns.com\/se-sv\/sakerhet\/#breadcrumb\"},\"inLanguage\":\"sv-SE\",\"potentialAction\":[{\"@type\":\"ReadAction\",\"target\":[\"https:\/\/www.christeyns.com\/se-sv\/sakerhet\/\"]}]},{\"@type\":\"BreadcrumbList\",\"@id\":\"https:\/\/www.christeyns.com\/se-sv\/sakerhet\/#breadcrumb\",\"itemListElement\":[{\"@type\":\"ListItem\",\"position\":1,\"name\":\"Home\",\"item\":\"https:\/\/www.christeyns.com\/se-sv\/\"},{\"@type\":\"ListItem\",\"position\":2,\"name\":\"Security\"}]},{\"@type\":\"WebSite\",\"@id\":\"https:\/\/www.christeyns.com\/se-sv\/#website\",\"url\":\"https:\/\/www.christeyns.com\/se-sv\/\",\"name\":\"Christeyns\",\"description\":\"Christeyns - Striving for a cleaner future\",\"publisher\":{\"@id\":\"https:\/\/www.christeyns.com\/se-sv\/#organization\"},\"inLanguage\":\"sv-SE\"},{\"@type\":\"Organization\",\"@id\":\"https:\/\/www.christeyns.com\/se-sv\/#organization\",\"name\":\"Christeyns\",\"url\":\"https:\/\/www.christeyns.com\/se-sv\/\",\"logo\":{\"@type\":\"ImageObject\",\"inLanguage\":\"sv-SE\",\"@id\":\"https:\/\/www.christeyns.com\/se-sv\/#\/schema\/logo\/image\/\",\"url\":\"https:\/\/www.christeyns.com\/wp-content\/uploads\/2021\/06\/logo.png\",\"contentUrl\":\"https:\/\/www.christeyns.com\/wp-content\/uploads\/2021\/06\/logo.png\",\"width\":262,\"height\":40,\"caption\":\"Christeyns\"},\"image\":{\"@id\":\"https:\/\/www.christeyns.com\/se-sv\/#\/schema\/logo\/image\/\"},\"sameAs\":[\"https:\/\/www.linkedin.com\/company\/christeyns\",\"https:\/\/www.youtube.com\/c\/christeynshq\"]}]}<\/script>\n<!-- \/ Yoast SEO plugin. -->","yoast_head_json":{"title":"Security | Christeyns","description":"Christeyns s\u00e4kerhet: Anm\u00e4l n\u00e4tfiske, s\u00e4kerhetsbrister eller misst\u00e4nkt aktivitet via v\u00e5r s\u00e4rskilda kanal f\u00f6r incidentrapportering.","robots":{"index":"index","follow":"follow","max-snippet":"max-snippet:-1","max-image-preview":"max-image-preview:large","max-video-preview":"max-video-preview:-1"},"canonical":"https:\/\/www.christeyns.com\/se-sv\/sakerhet\/","og_locale":"sv_SE","og_type":"article","og_title":"Security | Christeyns","og_description":"Christeyns s\u00e4kerhet: Anm\u00e4l n\u00e4tfiske, s\u00e4kerhetsbrister eller misst\u00e4nkt aktivitet via v\u00e5r s\u00e4rskilda kanal f\u00f6r incidentrapportering.","og_url":"https:\/\/www.christeyns.com\/se-sv\/sakerhet\/","og_site_name":"Christeyns","article_modified_time":"2026-04-10T12:10:56+00:00","og_image":[{"width":842,"height":560,"url":"https:\/\/www.christeyns.com\/wp-content\/uploads\/2018\/10\/christeyns-logo-shot.jpg","type":"image\/jpeg"}],"twitter_card":"summary_large_image","twitter_misc":{"Est. reading time":"1 minut"},"schema":{"@context":"https:\/\/schema.org","@graph":[{"@type":"WebPage","@id":"https:\/\/www.christeyns.com\/se-sv\/sakerhet\/","url":"https:\/\/www.christeyns.com\/se-sv\/sakerhet\/","name":"Security | Christeyns","isPartOf":{"@id":"https:\/\/www.christeyns.com\/se-sv\/#website"},"datePublished":"2026-03-27T11:38:09+00:00","dateModified":"2026-04-10T12:10:56+00:00","description":"Christeyns s\u00e4kerhet: Anm\u00e4l n\u00e4tfiske, s\u00e4kerhetsbrister eller misst\u00e4nkt aktivitet via v\u00e5r s\u00e4rskilda kanal f\u00f6r incidentrapportering.","breadcrumb":{"@id":"https:\/\/www.christeyns.com\/se-sv\/sakerhet\/#breadcrumb"},"inLanguage":"sv-SE","potentialAction":[{"@type":"ReadAction","target":["https:\/\/www.christeyns.com\/se-sv\/sakerhet\/"]}]},{"@type":"BreadcrumbList","@id":"https:\/\/www.christeyns.com\/se-sv\/sakerhet\/#breadcrumb","itemListElement":[{"@type":"ListItem","position":1,"name":"Home","item":"https:\/\/www.christeyns.com\/se-sv\/"},{"@type":"ListItem","position":2,"name":"Security"}]},{"@type":"WebSite","@id":"https:\/\/www.christeyns.com\/se-sv\/#website","url":"https:\/\/www.christeyns.com\/se-sv\/","name":"Christeyns","description":"Christeyns - Striving for a cleaner future","publisher":{"@id":"https:\/\/www.christeyns.com\/se-sv\/#organization"},"inLanguage":"sv-SE"},{"@type":"Organization","@id":"https:\/\/www.christeyns.com\/se-sv\/#organization","name":"Christeyns","url":"https:\/\/www.christeyns.com\/se-sv\/","logo":{"@type":"ImageObject","inLanguage":"sv-SE","@id":"https:\/\/www.christeyns.com\/se-sv\/#\/schema\/logo\/image\/","url":"https:\/\/www.christeyns.com\/wp-content\/uploads\/2021\/06\/logo.png","contentUrl":"https:\/\/www.christeyns.com\/wp-content\/uploads\/2021\/06\/logo.png","width":262,"height":40,"caption":"Christeyns"},"image":{"@id":"https:\/\/www.christeyns.com\/se-sv\/#\/schema\/logo\/image\/"},"sameAs":["https:\/\/www.linkedin.com\/company\/christeyns","https:\/\/www.youtube.com\/c\/christeynshq"]}]}},"_links":{"self":[{"href":"https:\/\/www.christeyns.com\/se-sv\/wp-json\/wp\/v2\/pages\/165146","targetHints":{"allow":["GET"]}}],"collection":[{"href":"https:\/\/www.christeyns.com\/se-sv\/wp-json\/wp\/v2\/pages"}],"about":[{"href":"https:\/\/www.christeyns.com\/se-sv\/wp-json\/wp\/v2\/types\/page"}],"author":[{"embeddable":true,"href":"https:\/\/www.christeyns.com\/se-sv\/wp-json\/wp\/v2\/users\/41"}],"replies":[{"embeddable":true,"href":"https:\/\/www.christeyns.com\/se-sv\/wp-json\/wp\/v2\/comments?post=165146"}],"version-history":[{"count":2,"href":"https:\/\/www.christeyns.com\/se-sv\/wp-json\/wp\/v2\/pages\/165146\/revisions"}],"predecessor-version":[{"id":165148,"href":"https:\/\/www.christeyns.com\/se-sv\/wp-json\/wp\/v2\/pages\/165146\/revisions\/165148"}],"wp:attachment":[{"href":"https:\/\/www.christeyns.com\/se-sv\/wp-json\/wp\/v2\/media?parent=165146"}],"curies":[{"name":"wp","href":"https:\/\/api.w.org\/{rel}","templated":true}]}}