{"id":154002,"date":"2019-12-06T13:35:40","date_gmt":"2019-12-06T13:35:40","guid":{"rendered":"https:\/\/www.christeyns.com\/branscher\/professional-textile-care\/"},"modified":"2026-01-22T09:36:01","modified_gmt":"2026-01-22T09:36:01","slug":"professionell-textilvard","status":"publish","type":"page","link":"https:\/\/www.christeyns.com\/se-sv\/branscher\/professionell-textilvard\/","title":{"rendered":"Professionell textilv\u00e5rd"},"content":{"rendered":"<div class=\"wpb-content-wrapper\"><p>[vc_row full_width=&#8221;stretch_row_content_no_spaces&#8221;][vc_column]\n            <div class=\"full-width sm-p-0 banner-content__image mb-6\">\n                <div class=\"banner banner__image banner-curve__white \">\n\n                    <div class=\"banner__image-wrapper\" >\n                        <picture class=\"banner-image\" >\n                            <source srcset=\"https:\/\/www.christeyns.com\/wp-content\/uploads\/2020\/05\/christeyns-academy-blue.jpg\" media=\"(min-width: 1110px)\">\n                            <source srcset=\"https:\/\/www.christeyns.com\/wp-content\/uploads\/2020\/05\/christeyns-academy-blue-1024x187.jpg\" media=\"(min-width: 321px) and (max-width: 1109px)\">\n                            <img decoding=\"async\" class=\"rellax\" src=\"https:\/\/www.christeyns.com\/wp-content\/uploads\/2020\/05\/christeyns-academy-blue-300x55.jpg\" alt=\"textil csre background\" \/>\n                        <\/picture>\n                    <\/div>\n\n                    <div class=\"banner-content-wrapper d-flex flex-column\" >\n\n                                                    <div class=\"rownomargin mb-3 mb-xl-0\"><div class=\"col-22 offset-1\"><nav class=\"breadcrumb-trail breadcrumb-trail--small\" aria-label=\"Br\u00f6dsmulor\" ><span><span><a href=\"https:\/\/www.christeyns.com\/se-sv\/\">Home<\/a><\/span><\/span><\/nav><\/div><\/div>\n                        \n\n                        <div class=\"banner-content banner-content__small  col-24 col-md-16 col-lg-16 col-xl-14 text-center pt-0\">\n                            <h1 class=\"text-white text-uppercase\">Professionell textilv\u00e5rd<\/h1>                        <\/div>\n                    <\/div>\n\n                    <div class=\"circle_cta-wrapper\">\n                        <div class=\"circle_cta background-blue d-flex justify-content-center align-items-center\" >\n                            <img decoding=\"async\" src=\"https:\/\/www.christeyns.com\/wp-content\/uploads\/2020\/01\/icon-laundry.png\" alt=\"laundry\"  class=\"img-fluid\"  loading=\"lazy\" >                        <\/div>\n                    <\/div>\n\n                <\/div>\n            <\/div>\n\n        [\/vc_column][\/vc_row][vc_row full_width=&#8221;stretch_row_content_no_spaces&#8221;][vc_column]\n        <div class=\"content-block full-width  background-white\" >\n            <div class=\"rownomargin\">\n                <div class=\"col-24 col-lg-14 offset-lg-5 col-xl-10 offset-xl-7 text-center mb-6 sm-p-0 text-wrap-balance\">\n                    \n                                        <div class=\"text-center  content-block\" ><p>Professionella textilv\u00e5rdsl\u00f6sningar f\u00f6r din tv\u00e4ttverksamhet.<\/p>\n<\/div>\n\n                    \n                    \n\n                <\/div>\n            <\/div>\n        <\/div>\n\n                    <div class=\"full-width\">\n                <div class=\"four-block mb-default\">\n                    <div class=\"rownomargin justify-content-center\">\n\n                        \n                            <div class=\"col-24 col-md-8 text-center four-block-col\" >\n                                <div class=\"four-block-background\" ><img decoding=\"async\" src=\"https:\/\/www.christeyns.com\/wp-content\/uploads\/2021\/04\/Industrial-Laundries-Overview.jpg\" alt=\"Industrial Laundries\" loading=\"lazy\" ><\/div>\n                                <div class=\"four-block-content \">\n                                    <div class=\"four-block-body \">\n                                                                                <h2 class=\"four-block-title text-white bold text-uppercase\">Industriella tv\u00e4tterier<\/h2>\n                                        <div class=\"four-block-introduction\">Optimering av industriella tv\u00e4ttprocesser<\/div>\n                                                                                    <div><a href=\"https:\/\/www.christeyns.com\/industries\/professional-textile-care\/industrial-laundries\/\" class=\"four-block-url btn btn-outline-white\" >Industriella tv\u00e4tterier<\/a><\/div>\n                                                                            <\/div>\n                                <\/div>\n                            <\/div>\n\n                        \n                            <div class=\"col-24 col-md-8 text-center four-block-col\" >\n                                <div class=\"four-block-background\" ><img decoding=\"async\" src=\"https:\/\/www.christeyns.com\/wp-content\/uploads\/2021\/04\/on-premise-laundry-Overview-1.jpg\" alt=\"On Premise Laundry\" loading=\"lazy\" ><\/div>\n                                <div class=\"four-block-content \">\n                                    <div class=\"four-block-body \">\n                                                                                <h2 class=\"four-block-title text-white bold text-uppercase\">Lokala tv\u00e4tterier<\/h2>\n                                        <div class=\"four-block-introduction\">Facilitating in-house laundry processes<\/div>\n                                                                                    <div><a href=\"https:\/\/www.christeyns.com\/industries\/professional-textile-care\/on-premise-laundries\/\" class=\"four-block-url btn btn-outline-white\" >Lokala tv\u00e4tterier<\/a><\/div>\n                                                                            <\/div>\n                                <\/div>\n                            <\/div>\n\n                        \n                            <div class=\"col-24 col-md-8 text-center four-block-col\" >\n                                <div class=\"four-block-background\" ><img decoding=\"async\" src=\"https:\/\/www.christeyns.com\/wp-content\/uploads\/2021\/04\/dry-wet-cleaning-Overview.jpg\" alt=\"Dry & Wet Cleaning\" loading=\"lazy\" ><\/div>\n                                <div class=\"four-block-content \">\n                                    <div class=\"four-block-body \">\n                                                                                <h2 class=\"four-block-title text-white bold text-uppercase\">Kem- och v\u00e5ttv\u00e4tt<\/h2>\n                                        <div class=\"four-block-introduction\">Skonsam v\u00e5rd f\u00f6r k\u00e4nsliga textilier<\/div>\n                                                                                    <div><a href=\"https:\/\/www.christeyns.com\/industries\/professional-textile-care\/dry-wet-cleaning\/\" class=\"four-block-url btn btn-outline-white\" >Kem- och v\u00e5ttv\u00e4tt<\/a><\/div>\n                                                                            <\/div>\n                                <\/div>\n                            <\/div>\n\n                        \n                    <\/div>\n                <\/div>\n            <\/div>\n\n                    <div class=\"full-width   mb-6 \" >\n                            <\/div>\n\n        \n        <div class=\"full-width\">\n            <div class=\"rownomargin mb-default\">\n                <div class=\"col-24 col-sm-20 offset-sm-2 col-lg-16 offset-lg-4 sm-p-0\">\n                    <div class=\"gradient-text font-default text-center\">Passionerad av tv\u00e4tt<\/div>\n                <\/div>\n            <\/div>\n        <\/div>\n\n        [\/vc_column][\/vc_row]<\/p>\n<\/div>","protected":false},"excerpt":{"rendered":"<p>[vc_row full_width=&#8221;stretch_row_content_no_spaces&#8221;][vc_column][\/vc_column][\/vc_row][vc_row full_width=&#8221;stretch_row_content_no_spaces&#8221;][vc_column][\/vc_column][\/vc_row]<\/p>\n","protected":false},"author":1,"featured_media":0,"parent":153822,"menu_order":777,"comment_status":"closed","ping_status":"closed","template":"","meta":{"_acf_changed":false,"content-type":"","footnotes":""},"class_list":["post-154002","page","type-page","status-publish","hentry"],"acf":[],"yoast_head":"<!-- This site is optimized with the Yoast SEO plugin v26.9 - https:\/\/yoast.com\/product\/yoast-seo-wordpress\/ -->\n<title>Christeyns tar hand om dina textilier<\/title>\n<meta name=\"description\" content=\"Professionella textilv\u00e5rd- och tv\u00e4ttl\u00f6sningar f\u00f6r industriella tv\u00e4tterier, lokala tv\u00e4tterier samt kem- och v\u00e5ttv\u00e4ttar.\" \/>\n<meta name=\"robots\" content=\"index, follow, max-snippet:-1, max-image-preview:large, max-video-preview:-1\" \/>\n<link rel=\"canonical\" href=\"https:\/\/www.christeyns.com\/se-sv\/branscher\/professionell-textilvard\/\" \/>\n<meta property=\"og:locale\" content=\"sv_SE\" \/>\n<meta property=\"og:type\" content=\"article\" \/>\n<meta property=\"og:title\" content=\"Christeyns tar hand om dina textilier\" \/>\n<meta property=\"og:description\" content=\"Professionella textilv\u00e5rd- och tv\u00e4ttl\u00f6sningar f\u00f6r industriella tv\u00e4tterier, lokala tv\u00e4tterier samt kem- och v\u00e5ttv\u00e4ttar.\" \/>\n<meta property=\"og:url\" content=\"https:\/\/www.christeyns.com\/se-sv\/branscher\/professionell-textilvard\/\" \/>\n<meta property=\"og:site_name\" content=\"Christeyns\" \/>\n<meta property=\"article:modified_time\" content=\"2026-01-22T09:36:01+00:00\" \/>\n<meta property=\"og:image\" content=\"https:\/\/www.christeyns.com\/wp-content\/uploads\/2018\/10\/christeyns-logo-shot.jpg\" \/>\n\t<meta property=\"og:image:width\" content=\"842\" \/>\n\t<meta property=\"og:image:height\" content=\"560\" \/>\n\t<meta property=\"og:image:type\" content=\"image\/jpeg\" \/>\n<meta name=\"twitter:card\" content=\"summary_large_image\" \/>\n<meta name=\"twitter:label1\" content=\"Est. reading time\" \/>\n\t<meta name=\"twitter:data1\" content=\"1 minut\" \/>\n<script type=\"application\/ld+json\" class=\"yoast-schema-graph\">{\"@context\":\"https:\/\/schema.org\",\"@graph\":[{\"@type\":\"WebPage\",\"@id\":\"https:\/\/www.christeyns.com\/se-sv\/branscher\/professionell-textilvard\/\",\"url\":\"https:\/\/www.christeyns.com\/se-sv\/branscher\/professionell-textilvard\/\",\"name\":\"Christeyns tar hand om dina textilier\",\"isPartOf\":{\"@id\":\"https:\/\/www.christeyns.com\/se-sv\/#website\"},\"datePublished\":\"2019-12-06T13:35:40+00:00\",\"dateModified\":\"2026-01-22T09:36:01+00:00\",\"description\":\"Professionella textilv\u00e5rd- och tv\u00e4ttl\u00f6sningar f\u00f6r industriella tv\u00e4tterier, lokala tv\u00e4tterier samt kem- och v\u00e5ttv\u00e4ttar.\",\"breadcrumb\":{\"@id\":\"https:\/\/www.christeyns.com\/se-sv\/branscher\/professionell-textilvard\/#breadcrumb\"},\"inLanguage\":\"sv-SE\",\"potentialAction\":[{\"@type\":\"ReadAction\",\"target\":[\"https:\/\/www.christeyns.com\/se-sv\/branscher\/professionell-textilvard\/\"]}]},{\"@type\":\"BreadcrumbList\",\"@id\":\"https:\/\/www.christeyns.com\/se-sv\/branscher\/professionell-textilvard\/#breadcrumb\",\"itemListElement\":[{\"@type\":\"ListItem\",\"position\":1,\"name\":\"Home\",\"item\":\"https:\/\/www.christeyns.com\/se-sv\/\"},{\"@type\":\"ListItem\",\"position\":2,\"name\":\"Branscher\",\"item\":\"https:\/\/www.christeyns.com\/se-sv\/branscher\/\"},{\"@type\":\"ListItem\",\"position\":3,\"name\":\"Professionell textilv\u00e5rd\"}]},{\"@type\":\"WebSite\",\"@id\":\"https:\/\/www.christeyns.com\/se-sv\/#website\",\"url\":\"https:\/\/www.christeyns.com\/se-sv\/\",\"name\":\"Christeyns\",\"description\":\"Christeyns - Striving for a cleaner future\",\"publisher\":{\"@id\":\"https:\/\/www.christeyns.com\/se-sv\/#organization\"},\"inLanguage\":\"sv-SE\"},{\"@type\":\"Organization\",\"@id\":\"https:\/\/www.christeyns.com\/se-sv\/#organization\",\"name\":\"Christeyns\",\"url\":\"https:\/\/www.christeyns.com\/se-sv\/\",\"logo\":{\"@type\":\"ImageObject\",\"inLanguage\":\"sv-SE\",\"@id\":\"https:\/\/www.christeyns.com\/se-sv\/#\/schema\/logo\/image\/\",\"url\":\"https:\/\/www.christeyns.com\/wp-content\/uploads\/2021\/06\/logo.png\",\"contentUrl\":\"https:\/\/www.christeyns.com\/wp-content\/uploads\/2021\/06\/logo.png\",\"width\":262,\"height\":40,\"caption\":\"Christeyns\"},\"image\":{\"@id\":\"https:\/\/www.christeyns.com\/se-sv\/#\/schema\/logo\/image\/\"},\"sameAs\":[\"https:\/\/www.linkedin.com\/company\/christeyns\",\"https:\/\/www.youtube.com\/c\/christeynshq\"]}]}<\/script>\n<!-- \/ Yoast SEO plugin. -->","yoast_head_json":{"title":"Christeyns tar hand om dina textilier","description":"Professionella textilv\u00e5rd- och tv\u00e4ttl\u00f6sningar f\u00f6r industriella tv\u00e4tterier, lokala tv\u00e4tterier samt kem- och v\u00e5ttv\u00e4ttar.","robots":{"index":"index","follow":"follow","max-snippet":"max-snippet:-1","max-image-preview":"max-image-preview:large","max-video-preview":"max-video-preview:-1"},"canonical":"https:\/\/www.christeyns.com\/se-sv\/branscher\/professionell-textilvard\/","og_locale":"sv_SE","og_type":"article","og_title":"Christeyns tar hand om dina textilier","og_description":"Professionella textilv\u00e5rd- och tv\u00e4ttl\u00f6sningar f\u00f6r industriella tv\u00e4tterier, lokala tv\u00e4tterier samt kem- och v\u00e5ttv\u00e4ttar.","og_url":"https:\/\/www.christeyns.com\/se-sv\/branscher\/professionell-textilvard\/","og_site_name":"Christeyns","article_modified_time":"2026-01-22T09:36:01+00:00","og_image":[{"width":842,"height":560,"url":"https:\/\/www.christeyns.com\/wp-content\/uploads\/2018\/10\/christeyns-logo-shot.jpg","type":"image\/jpeg"}],"twitter_card":"summary_large_image","twitter_misc":{"Est. reading time":"1 minut"},"schema":{"@context":"https:\/\/schema.org","@graph":[{"@type":"WebPage","@id":"https:\/\/www.christeyns.com\/se-sv\/branscher\/professionell-textilvard\/","url":"https:\/\/www.christeyns.com\/se-sv\/branscher\/professionell-textilvard\/","name":"Christeyns tar hand om dina textilier","isPartOf":{"@id":"https:\/\/www.christeyns.com\/se-sv\/#website"},"datePublished":"2019-12-06T13:35:40+00:00","dateModified":"2026-01-22T09:36:01+00:00","description":"Professionella textilv\u00e5rd- och tv\u00e4ttl\u00f6sningar f\u00f6r industriella tv\u00e4tterier, lokala tv\u00e4tterier samt kem- och v\u00e5ttv\u00e4ttar.","breadcrumb":{"@id":"https:\/\/www.christeyns.com\/se-sv\/branscher\/professionell-textilvard\/#breadcrumb"},"inLanguage":"sv-SE","potentialAction":[{"@type":"ReadAction","target":["https:\/\/www.christeyns.com\/se-sv\/branscher\/professionell-textilvard\/"]}]},{"@type":"BreadcrumbList","@id":"https:\/\/www.christeyns.com\/se-sv\/branscher\/professionell-textilvard\/#breadcrumb","itemListElement":[{"@type":"ListItem","position":1,"name":"Home","item":"https:\/\/www.christeyns.com\/se-sv\/"},{"@type":"ListItem","position":2,"name":"Branscher","item":"https:\/\/www.christeyns.com\/se-sv\/branscher\/"},{"@type":"ListItem","position":3,"name":"Professionell textilv\u00e5rd"}]},{"@type":"WebSite","@id":"https:\/\/www.christeyns.com\/se-sv\/#website","url":"https:\/\/www.christeyns.com\/se-sv\/","name":"Christeyns","description":"Christeyns - Striving for a cleaner future","publisher":{"@id":"https:\/\/www.christeyns.com\/se-sv\/#organization"},"inLanguage":"sv-SE"},{"@type":"Organization","@id":"https:\/\/www.christeyns.com\/se-sv\/#organization","name":"Christeyns","url":"https:\/\/www.christeyns.com\/se-sv\/","logo":{"@type":"ImageObject","inLanguage":"sv-SE","@id":"https:\/\/www.christeyns.com\/se-sv\/#\/schema\/logo\/image\/","url":"https:\/\/www.christeyns.com\/wp-content\/uploads\/2021\/06\/logo.png","contentUrl":"https:\/\/www.christeyns.com\/wp-content\/uploads\/2021\/06\/logo.png","width":262,"height":40,"caption":"Christeyns"},"image":{"@id":"https:\/\/www.christeyns.com\/se-sv\/#\/schema\/logo\/image\/"},"sameAs":["https:\/\/www.linkedin.com\/company\/christeyns","https:\/\/www.youtube.com\/c\/christeynshq"]}]}},"_links":{"self":[{"href":"https:\/\/www.christeyns.com\/se-sv\/wp-json\/wp\/v2\/pages\/154002","targetHints":{"allow":["GET"]}}],"collection":[{"href":"https:\/\/www.christeyns.com\/se-sv\/wp-json\/wp\/v2\/pages"}],"about":[{"href":"https:\/\/www.christeyns.com\/se-sv\/wp-json\/wp\/v2\/types\/page"}],"author":[{"embeddable":true,"href":"https:\/\/www.christeyns.com\/se-sv\/wp-json\/wp\/v2\/users\/1"}],"replies":[{"embeddable":true,"href":"https:\/\/www.christeyns.com\/se-sv\/wp-json\/wp\/v2\/comments?post=154002"}],"version-history":[{"count":4,"href":"https:\/\/www.christeyns.com\/se-sv\/wp-json\/wp\/v2\/pages\/154002\/revisions"}],"predecessor-version":[{"id":156183,"href":"https:\/\/www.christeyns.com\/se-sv\/wp-json\/wp\/v2\/pages\/154002\/revisions\/156183"}],"up":[{"embeddable":true,"href":"https:\/\/www.christeyns.com\/se-sv\/wp-json\/wp\/v2\/pages\/153822"}],"wp:attachment":[{"href":"https:\/\/www.christeyns.com\/se-sv\/wp-json\/wp\/v2\/media?parent=154002"}],"curies":[{"name":"wp","href":"https:\/\/api.w.org\/{rel}","templated":true}]}}