{"id":153832,"date":"2019-12-06T13:49:33","date_gmt":"2019-12-06T13:49:33","guid":{"rendered":"https:\/\/www.christeyns.com\/branscher\/medical-care-life-sciences\/"},"modified":"2026-01-22T09:41:06","modified_gmt":"2026-01-22T09:41:06","slug":"medicinsk-vard-och-biovetenskap","status":"publish","type":"page","link":"https:\/\/www.christeyns.com\/se-sv\/branscher\/medicinsk-vard-och-biovetenskap\/","title":{"rendered":"Medicinsk v\u00e5rd och biovetenskap"},"content":{"rendered":"<div class=\"wpb-content-wrapper\"><p>[vc_row full_width=&#8221;stretch_row_content_no_spaces&#8221;][vc_column]\n            <div class=\"full-width sm-p-0 banner-content__image mb-6\">\n                <div class=\"banner banner__image banner-curve__white \">\n\n                    <div class=\"banner__image-wrapper\" >\n                        <picture class=\"banner-image\" >\n                            <source srcset=\"https:\/\/www.christeyns.com\/wp-content\/uploads\/2020\/05\/christeyns-academy-purple.jpg\" media=\"(min-width: 1110px)\">\n                            <source srcset=\"https:\/\/www.christeyns.com\/wp-content\/uploads\/2020\/05\/christeyns-academy-purple-1024x187.jpg\" media=\"(min-width: 321px) and (max-width: 1109px)\">\n                            <img decoding=\"async\" class=\"rellax\" src=\"https:\/\/www.christeyns.com\/wp-content\/uploads\/2020\/05\/christeyns-academy-purple-300x55.jpg\" alt=\"christeyns-academy-purple\" \/>\n                        <\/picture>\n                    <\/div>\n\n                    <div class=\"banner-content-wrapper d-flex flex-column\" >\n\n                                                    <div class=\"rownomargin mb-3 mb-xl-0\"><div class=\"col-22 offset-1\"><nav class=\"breadcrumb-trail breadcrumb-trail--small\" aria-label=\"Br\u00f6dsmulor\" ><span><span><a href=\"https:\/\/www.christeyns.com\/se-sv\/\">Home<\/a><\/span><\/span><\/nav><\/div><\/div>\n                        \n\n                        <div class=\"banner-content banner-content__small  col-24 col-md-16 col-lg-16 col-xl-14 text-center pt-0\">\n                            <h1 class=\"text-white text-uppercase\">Medicinsk v\u00e5rd och biovetenskap<\/h1>                        <\/div>\n                    <\/div>\n\n                    <div class=\"circle_cta-wrapper\">\n                        <div class=\"circle_cta background-purple d-flex justify-content-center align-items-center\" >\n                            <img decoding=\"async\" src=\"https:\/\/www.christeyns.com\/wp-content\/uploads\/2020\/01\/icon-life-science.png\" alt=\"icon - Medical Care & Life Sciences\"  class=\"img-fluid\"  loading=\"lazy\" >                        <\/div>\n                    <\/div>\n\n                <\/div>\n            <\/div>\n\n        [\/vc_column][\/vc_row][vc_row full_width=&#8221;stretch_row_content_no_spaces&#8221;][vc_column]\n        <div class=\"content-block full-width  background-white\" >\n            <div class=\"rownomargin\">\n                <div class=\"col-24 col-lg-14 offset-lg-5 col-xl-10 offset-xl-7 text-center mb-6 sm-p-0 text-wrap-balance\">\n                    \n                                        <div class=\"text-center  content-block\" ><p>Globala hygienl\u00f6sningar f\u00f6r medicin-, l\u00e4kemedels-, kosmetika- och forskningsindustrin.<\/p>\n<\/div>\n\n                    \n                    \n\n                <\/div>\n            <\/div>\n        <\/div>\n\n        [\/vc_column][\/vc_row][vc_row full_width=&#8221;stretch_row_content_no_spaces&#8221;][vc_column]            <div class=\"full-width\">\n                <div class=\"four-block mb-default\">\n                    <div class=\"rownomargin justify-content-center\">\n\n                        \n                            <div class=\"col-24 col-md-12 text-center four-block-col\" >\n                                <div class=\"four-block-background\" ><img decoding=\"async\" src=\"https:\/\/www.christeyns.com\/wp-content\/uploads\/2020\/12\/christeyns-medical-care-1024x446.jpg\" alt=\"Medical Care\" loading=\"lazy\" ><\/div>\n                                <div class=\"four-block-content \">\n                                    <div class=\"four-block-body \">\n                                                                                <h2 class=\"four-block-title text-white bold text-uppercase\">Medicinsk v\u00e5rd<\/h2>\n                                        <div class=\"four-block-introduction\">F\u00f6rebyggande och bek\u00e4mpning av v\u00e5rdrelaterade infektioner inom den medicinska sektorn.<\/div>\n                                                                                    <div><a href=\"\/se-sv\/branscher\/medicinsk-vard-och-biovetenskap\/medicinsk-vard\/\" class=\"four-block-url btn btn-outline-white\" >Medicinsk v\u00e5rd<\/a><\/div>\n                                                                            <\/div>\n                                <\/div>\n                            <\/div>\n\n                        \n                            <div class=\"col-24 col-md-12 text-center four-block-col\" >\n                                <div class=\"four-block-background\" ><img decoding=\"async\" src=\"https:\/\/www.christeyns.com\/wp-content\/uploads\/2020\/10\/life-sciences-1024x446.jpg\" alt=\"life sciences\" loading=\"lazy\" ><\/div>\n                                <div class=\"four-block-content \">\n                                    <div class=\"four-block-body \">\n                                                                                <h2 class=\"four-block-title text-white bold text-uppercase\">Biovetenskap<\/h2>\n                                        <div class=\"four-block-introduction\">Hygienl\u00f6sningar f\u00f6r sterila och icke-sterila milj\u00f6er inom l\u00e4kemedels-, kosmetik- och forskningsbranschen.<\/div>\n                                                                                    <div><a href=\"\/se-sv\/branscher\/medicinsk-vard-och-biovetenskap\/biovetenskap\/\" class=\"four-block-url btn btn-outline-white\" >Biovetenskap<\/a><\/div>\n                                                                            <\/div>\n                                <\/div>\n                            <\/div>\n\n                        \n                    <\/div>\n                <\/div>\n            <\/div>\n\n        [\/vc_column][\/vc_row][vc_row full_width=&#8221;stretch_row_content_no_spaces&#8221;][vc_column]            <div class=\"full-width  bg-none mb-6 \" >\n                \n            <div class=\"rownomargin\" >\n                <div class=\"col-24 col-md-22 offset-md-1 sm-py-0\" >\n                    <div class=\"rownomargin align-items-center news-header\">\n                        <div class=\"sm-p-0 col-md-18 news-title-wrapper mt-news-header-left\">\n                            <h3 class=\"text-blue text-uppercase sub-title\">Artiklar om medicinsk v\u00e5rd och biovetenskap<\/h3>\n                        <\/div>\n\n                                                    <div class=\"csm-p-0 ol-md-6 text-right mt-news-header-right\">\n                                <span class=\"link__view-all\"><a href=\"\/se-sv\/nyheter\/\" class=\"text-blue\" >Se alla artiklar<\/a><\/span>\n                            <\/div>\n                                            <\/div>\n\n                    <div class=\"rownomargin mb-0 news-block news-block__blue\">\n                                                    <div class=\"col-lg-6 col-md-12 sm-p-0\">\n                                <article class=\"card\">\n                                    <a href=\"https:\/\/www.christeyns.com\/se-sv\/article\/webbinariumet-om-biofilm-fullbokat-se-inspelningen\/\" aria-label=\"L\u00e4s mer om Webbinariumet om biofilm fullbokat, se inspelningen\" class=\"card-link-image\" >\n                                                                                    <img decoding=\"async\" src=\"https:\/\/www.christeyns.com\/wp-content\/uploads\/2026\/02\/biofilm_shutterstock_369173630.jpg\" class=\"card-img-top\" alt=\"\" loading=\"lazy\">\n                                                                            <\/a>\n                                    <div class=\"card-body\">\n                                        <h4 class=\"card-title\"><a href=\"https:\/\/www.christeyns.com\/se-sv\/article\/webbinariumet-om-biofilm-fullbokat-se-inspelningen\/\" >Webbinariumet om biofilm fullbokat, se inspelningen<\/a><\/h4>\n                                        <p class=\"card-text mb-3\">Vi var mycket n\u00f6jda med deltagarantalet vid v\u00e5rt senaste internationella webbinarium, \u201dEssential Hygiene: Managing &amp; Controlling Biofilms in the Food&hellip;<\/p>\n                                        <div class=\"mt-auto\" >\n                                            <a href=\"https:\/\/www.christeyns.com\/se-sv\/article\/webbinariumet-om-biofilm-fullbokat-se-inspelningen\/\" class=\"btn btn-outline-blue\" aria-label=\"L\u00e4s mer om Webbinariumet om biofilm fullbokat, se inspelningen\" >L\u00e4s mer<\/a>\n                                        <\/div>\n                                    <\/div>\n                                <\/article>\n                            <\/div>\n                                                    <div class=\"col-lg-6 col-md-12 sm-p-0\">\n                                <article class=\"card\">\n                                    <a href=\"https:\/\/www.christeyns.com\/se-sv\/article\/managing-and-controlling-biofilms-in-the-food-industry-webinar\/\" aria-label=\"L\u00e4s mer om Hantering och kontroll av biofilmer i livsmedelsindustrin: Webinar\" class=\"card-link-image\" >\n                                                                                    <img decoding=\"async\" src=\"https:\/\/www.christeyns.com\/wp-content\/uploads\/2026\/02\/biofilm_shutterstock_369173630.jpg\" class=\"card-img-top\" alt=\"\" loading=\"lazy\">\n                                                                            <\/a>\n                                    <div class=\"card-body\">\n                                        <h4 class=\"card-title\"><a href=\"https:\/\/www.christeyns.com\/se-sv\/article\/managing-and-controlling-biofilms-in-the-food-industry-webinar\/\" >Hantering och kontroll av biofilmer i livsmedelsindustrin: Webinar<\/a><\/h4>\n                                        <p class=\"card-text mb-3\">Webinar-datum: Torsdag 26 februari Tid: 10:00\u201311:30 (CET) &nbsp; Biofilmer \u00e4r en av de mest ih\u00e5llande riskerna i livsmedelsbearbetningsmilj\u00f6er. Men hur&hellip;<\/p>\n                                        <div class=\"mt-auto\" >\n                                            <a href=\"https:\/\/www.christeyns.com\/se-sv\/article\/managing-and-controlling-biofilms-in-the-food-industry-webinar\/\" class=\"btn btn-outline-blue\" aria-label=\"L\u00e4s mer om Hantering och kontroll av biofilmer i livsmedelsindustrin: Webinar\" >L\u00e4s mer<\/a>\n                                        <\/div>\n                                    <\/div>\n                                <\/article>\n                            <\/div>\n                                                    <div class=\"col-lg-6 col-md-12 sm-p-0\">\n                                <article class=\"card\">\n                                    <a href=\"https:\/\/www.christeyns.com\/se-sv\/article\/loopix-listeria-avancerad-upptackt-livsmedelssakerhet\/\" aria-label=\"L\u00e4s mer om H\u00f6jda krav p\u00e5 livsmedelss\u00e4kerhet: Norska fiskeindustrins framsteg\" class=\"card-link-image\" >\n                                                                                    <img decoding=\"async\" src=\"https:\/\/www.christeyns.com\/wp-content\/uploads\/2025\/12\/fishing-industry-1024x770.jpeg\" class=\"card-img-top\" alt=\"\" loading=\"lazy\">\n                                                                            <\/a>\n                                    <div class=\"card-body\">\n                                        <h4 class=\"card-title\"><a href=\"https:\/\/www.christeyns.com\/se-sv\/article\/loopix-listeria-avancerad-upptackt-livsmedelssakerhet\/\" >H\u00f6jda krav p\u00e5 livsmedelss\u00e4kerhet: Norska fiskeindustrins framsteg<\/a><\/h4>\n                                        <p class=\"card-text mb-3\">Efterfr\u00e5gan p\u00e5 f\u00e4rska, f\u00e4rdiglagade m\u00e5ltider utan tillsatt salt, socker eller konstgjorda konserveringsmedel forts\u00e4tter att \u00f6ka, vilket \u00f6kar risken f\u00f6r Listeria&hellip;<\/p>\n                                        <div class=\"mt-auto\" >\n                                            <a href=\"https:\/\/www.christeyns.com\/se-sv\/article\/loopix-listeria-avancerad-upptackt-livsmedelssakerhet\/\" class=\"btn btn-outline-blue\" aria-label=\"L\u00e4s mer om H\u00f6jda krav p\u00e5 livsmedelss\u00e4kerhet: Norska fiskeindustrins framsteg\" >L\u00e4s mer<\/a>\n                                        <\/div>\n                                    <\/div>\n                                <\/article>\n                            <\/div>\n                                            <\/div>\n                <\/div>\n            <\/div>\n\n                    <\/div>\n\n        \n        <div class=\"full-width\">\n            <div class=\"rownomargin mb-default\">\n                <div class=\"col-24 col-sm-20 offset-sm-2 col-lg-16 offset-lg-4 sm-p-0\">\n                    <div class=\"gradient-text font-default text-center\">k\u00e4nn dig s\u00e4ker med oss<\/div>\n                <\/div>\n            <\/div>\n        <\/div>\n\n        [\/vc_column][\/vc_row]<\/p>\n<\/div>","protected":false},"excerpt":{"rendered":"<p>[vc_row full_width=&#8221;stretch_row_content_no_spaces&#8221;][vc_column][\/vc_column][\/vc_row][vc_row full_width=&#8221;stretch_row_content_no_spaces&#8221;][vc_column][\/vc_column][\/vc_row][vc_row full_width=&#8221;stretch_row_content_no_spaces&#8221;][vc_column][\/vc_column][\/vc_row][vc_row full_width=&#8221;stretch_row_content_no_spaces&#8221;][vc_column][\/vc_column][\/vc_row]<\/p>\n","protected":false},"author":1,"featured_media":0,"parent":153822,"menu_order":575,"comment_status":"closed","ping_status":"closed","template":"","meta":{"_acf_changed":false,"content-type":"","footnotes":""},"class_list":["post-153832","page","type-page","status-publish","hentry"],"acf":[],"yoast_head":"<!-- This site is optimized with the Yoast SEO plugin v26.9 - https:\/\/yoast.com\/product\/yoast-seo-wordpress\/ -->\n<title>\u00d6verallt d\u00e4r hygien \u00e4r h\u00f6gsta prioritet finns Christeyns p\u00e5 plats.<\/title>\n<meta name=\"description\" content=\"Globala hygienl\u00f6sningar f\u00f6r reng\u00f6ring och desinfektion inom medicin-, l\u00e4kemedels-, kosmetika- och forskningsindustrin.\" \/>\n<meta name=\"robots\" content=\"index, follow, max-snippet:-1, max-image-preview:large, max-video-preview:-1\" \/>\n<link rel=\"canonical\" href=\"https:\/\/www.christeyns.com\/se-sv\/branscher\/medicinsk-vard-och-biovetenskap\/\" \/>\n<meta property=\"og:locale\" content=\"sv_SE\" \/>\n<meta property=\"og:type\" content=\"article\" \/>\n<meta property=\"og:title\" content=\"\u00d6verallt d\u00e4r hygien \u00e4r h\u00f6gsta prioritet finns Christeyns p\u00e5 plats.\" \/>\n<meta property=\"og:description\" content=\"Globala hygienl\u00f6sningar f\u00f6r reng\u00f6ring och desinfektion inom medicin-, l\u00e4kemedels-, kosmetika- och forskningsindustrin.\" \/>\n<meta property=\"og:url\" content=\"https:\/\/www.christeyns.com\/se-sv\/branscher\/medicinsk-vard-och-biovetenskap\/\" \/>\n<meta property=\"og:site_name\" content=\"Christeyns\" \/>\n<meta property=\"article:modified_time\" content=\"2026-01-22T09:41:06+00:00\" \/>\n<meta property=\"og:image\" content=\"https:\/\/www.christeyns.com\/wp-content\/uploads\/2018\/10\/christeyns-logo-shot.jpg\" \/>\n\t<meta property=\"og:image:width\" content=\"842\" \/>\n\t<meta property=\"og:image:height\" content=\"560\" \/>\n\t<meta property=\"og:image:type\" content=\"image\/jpeg\" \/>\n<meta name=\"twitter:card\" content=\"summary_large_image\" \/>\n<meta name=\"twitter:label1\" content=\"Est. reading time\" \/>\n\t<meta name=\"twitter:data1\" content=\"2 minuter\" \/>\n<script type=\"application\/ld+json\" class=\"yoast-schema-graph\">{\"@context\":\"https:\/\/schema.org\",\"@graph\":[{\"@type\":\"WebPage\",\"@id\":\"https:\/\/www.christeyns.com\/se-sv\/branscher\/medicinsk-vard-och-biovetenskap\/\",\"url\":\"https:\/\/www.christeyns.com\/se-sv\/branscher\/medicinsk-vard-och-biovetenskap\/\",\"name\":\"\u00d6verallt d\u00e4r hygien \u00e4r h\u00f6gsta prioritet finns Christeyns p\u00e5 plats.\",\"isPartOf\":{\"@id\":\"https:\/\/www.christeyns.com\/se-sv\/#website\"},\"datePublished\":\"2019-12-06T13:49:33+00:00\",\"dateModified\":\"2026-01-22T09:41:06+00:00\",\"description\":\"Globala hygienl\u00f6sningar f\u00f6r reng\u00f6ring och desinfektion inom medicin-, l\u00e4kemedels-, kosmetika- och forskningsindustrin.\",\"breadcrumb\":{\"@id\":\"https:\/\/www.christeyns.com\/se-sv\/branscher\/medicinsk-vard-och-biovetenskap\/#breadcrumb\"},\"inLanguage\":\"sv-SE\",\"potentialAction\":[{\"@type\":\"ReadAction\",\"target\":[\"https:\/\/www.christeyns.com\/se-sv\/branscher\/medicinsk-vard-och-biovetenskap\/\"]}]},{\"@type\":\"BreadcrumbList\",\"@id\":\"https:\/\/www.christeyns.com\/se-sv\/branscher\/medicinsk-vard-och-biovetenskap\/#breadcrumb\",\"itemListElement\":[{\"@type\":\"ListItem\",\"position\":1,\"name\":\"Home\",\"item\":\"https:\/\/www.christeyns.com\/se-sv\/\"},{\"@type\":\"ListItem\",\"position\":2,\"name\":\"Branscher\",\"item\":\"https:\/\/www.christeyns.com\/se-sv\/branscher\/\"},{\"@type\":\"ListItem\",\"position\":3,\"name\":\"Medicinsk v\u00e5rd och biovetenskap\"}]},{\"@type\":\"WebSite\",\"@id\":\"https:\/\/www.christeyns.com\/se-sv\/#website\",\"url\":\"https:\/\/www.christeyns.com\/se-sv\/\",\"name\":\"Christeyns\",\"description\":\"Christeyns - Striving for a cleaner future\",\"publisher\":{\"@id\":\"https:\/\/www.christeyns.com\/se-sv\/#organization\"},\"inLanguage\":\"sv-SE\"},{\"@type\":\"Organization\",\"@id\":\"https:\/\/www.christeyns.com\/se-sv\/#organization\",\"name\":\"Christeyns\",\"url\":\"https:\/\/www.christeyns.com\/se-sv\/\",\"logo\":{\"@type\":\"ImageObject\",\"inLanguage\":\"sv-SE\",\"@id\":\"https:\/\/www.christeyns.com\/se-sv\/#\/schema\/logo\/image\/\",\"url\":\"https:\/\/www.christeyns.com\/wp-content\/uploads\/2021\/06\/logo.png\",\"contentUrl\":\"https:\/\/www.christeyns.com\/wp-content\/uploads\/2021\/06\/logo.png\",\"width\":262,\"height\":40,\"caption\":\"Christeyns\"},\"image\":{\"@id\":\"https:\/\/www.christeyns.com\/se-sv\/#\/schema\/logo\/image\/\"},\"sameAs\":[\"https:\/\/www.linkedin.com\/company\/christeyns\",\"https:\/\/www.youtube.com\/c\/christeynshq\"]}]}<\/script>\n<!-- \/ Yoast SEO plugin. -->","yoast_head_json":{"title":"\u00d6verallt d\u00e4r hygien \u00e4r h\u00f6gsta prioritet finns Christeyns p\u00e5 plats.","description":"Globala hygienl\u00f6sningar f\u00f6r reng\u00f6ring och desinfektion inom medicin-, l\u00e4kemedels-, kosmetika- och forskningsindustrin.","robots":{"index":"index","follow":"follow","max-snippet":"max-snippet:-1","max-image-preview":"max-image-preview:large","max-video-preview":"max-video-preview:-1"},"canonical":"https:\/\/www.christeyns.com\/se-sv\/branscher\/medicinsk-vard-och-biovetenskap\/","og_locale":"sv_SE","og_type":"article","og_title":"\u00d6verallt d\u00e4r hygien \u00e4r h\u00f6gsta prioritet finns Christeyns p\u00e5 plats.","og_description":"Globala hygienl\u00f6sningar f\u00f6r reng\u00f6ring och desinfektion inom medicin-, l\u00e4kemedels-, kosmetika- och forskningsindustrin.","og_url":"https:\/\/www.christeyns.com\/se-sv\/branscher\/medicinsk-vard-och-biovetenskap\/","og_site_name":"Christeyns","article_modified_time":"2026-01-22T09:41:06+00:00","og_image":[{"width":842,"height":560,"url":"https:\/\/www.christeyns.com\/wp-content\/uploads\/2018\/10\/christeyns-logo-shot.jpg","type":"image\/jpeg"}],"twitter_card":"summary_large_image","twitter_misc":{"Est. reading time":"2 minuter"},"schema":{"@context":"https:\/\/schema.org","@graph":[{"@type":"WebPage","@id":"https:\/\/www.christeyns.com\/se-sv\/branscher\/medicinsk-vard-och-biovetenskap\/","url":"https:\/\/www.christeyns.com\/se-sv\/branscher\/medicinsk-vard-och-biovetenskap\/","name":"\u00d6verallt d\u00e4r hygien \u00e4r h\u00f6gsta prioritet finns Christeyns p\u00e5 plats.","isPartOf":{"@id":"https:\/\/www.christeyns.com\/se-sv\/#website"},"datePublished":"2019-12-06T13:49:33+00:00","dateModified":"2026-01-22T09:41:06+00:00","description":"Globala hygienl\u00f6sningar f\u00f6r reng\u00f6ring och desinfektion inom medicin-, l\u00e4kemedels-, kosmetika- och forskningsindustrin.","breadcrumb":{"@id":"https:\/\/www.christeyns.com\/se-sv\/branscher\/medicinsk-vard-och-biovetenskap\/#breadcrumb"},"inLanguage":"sv-SE","potentialAction":[{"@type":"ReadAction","target":["https:\/\/www.christeyns.com\/se-sv\/branscher\/medicinsk-vard-och-biovetenskap\/"]}]},{"@type":"BreadcrumbList","@id":"https:\/\/www.christeyns.com\/se-sv\/branscher\/medicinsk-vard-och-biovetenskap\/#breadcrumb","itemListElement":[{"@type":"ListItem","position":1,"name":"Home","item":"https:\/\/www.christeyns.com\/se-sv\/"},{"@type":"ListItem","position":2,"name":"Branscher","item":"https:\/\/www.christeyns.com\/se-sv\/branscher\/"},{"@type":"ListItem","position":3,"name":"Medicinsk v\u00e5rd och biovetenskap"}]},{"@type":"WebSite","@id":"https:\/\/www.christeyns.com\/se-sv\/#website","url":"https:\/\/www.christeyns.com\/se-sv\/","name":"Christeyns","description":"Christeyns - Striving for a cleaner future","publisher":{"@id":"https:\/\/www.christeyns.com\/se-sv\/#organization"},"inLanguage":"sv-SE"},{"@type":"Organization","@id":"https:\/\/www.christeyns.com\/se-sv\/#organization","name":"Christeyns","url":"https:\/\/www.christeyns.com\/se-sv\/","logo":{"@type":"ImageObject","inLanguage":"sv-SE","@id":"https:\/\/www.christeyns.com\/se-sv\/#\/schema\/logo\/image\/","url":"https:\/\/www.christeyns.com\/wp-content\/uploads\/2021\/06\/logo.png","contentUrl":"https:\/\/www.christeyns.com\/wp-content\/uploads\/2021\/06\/logo.png","width":262,"height":40,"caption":"Christeyns"},"image":{"@id":"https:\/\/www.christeyns.com\/se-sv\/#\/schema\/logo\/image\/"},"sameAs":["https:\/\/www.linkedin.com\/company\/christeyns","https:\/\/www.youtube.com\/c\/christeynshq"]}]}},"_links":{"self":[{"href":"https:\/\/www.christeyns.com\/se-sv\/wp-json\/wp\/v2\/pages\/153832","targetHints":{"allow":["GET"]}}],"collection":[{"href":"https:\/\/www.christeyns.com\/se-sv\/wp-json\/wp\/v2\/pages"}],"about":[{"href":"https:\/\/www.christeyns.com\/se-sv\/wp-json\/wp\/v2\/types\/page"}],"author":[{"embeddable":true,"href":"https:\/\/www.christeyns.com\/se-sv\/wp-json\/wp\/v2\/users\/1"}],"replies":[{"embeddable":true,"href":"https:\/\/www.christeyns.com\/se-sv\/wp-json\/wp\/v2\/comments?post=153832"}],"version-history":[{"count":9,"href":"https:\/\/www.christeyns.com\/se-sv\/wp-json\/wp\/v2\/pages\/153832\/revisions"}],"predecessor-version":[{"id":158380,"href":"https:\/\/www.christeyns.com\/se-sv\/wp-json\/wp\/v2\/pages\/153832\/revisions\/158380"}],"up":[{"embeddable":true,"href":"https:\/\/www.christeyns.com\/se-sv\/wp-json\/wp\/v2\/pages\/153822"}],"wp:attachment":[{"href":"https:\/\/www.christeyns.com\/se-sv\/wp-json\/wp\/v2\/media?parent=153832"}],"curies":[{"name":"wp","href":"https:\/\/api.w.org\/{rel}","templated":true}]}}