{"id":153822,"date":"2019-12-06T13:35:13","date_gmt":"2019-12-06T13:35:13","guid":{"rendered":"https:\/\/www.christeyns.com\/industries\/"},"modified":"2026-01-22T09:38:09","modified_gmt":"2026-01-22T09:38:09","slug":"branscher","status":"publish","type":"page","link":"https:\/\/www.christeyns.com\/se-sv\/branscher\/","title":{"rendered":"Branscher"},"content":{"rendered":"<div class=\"wpb-content-wrapper\"><p>[vc_row full_width=&#8221;stretch_row_content_no_spaces&#8221;][vc_column]\n            <div class=\"full-width sm-p-0\">\n                <div class=\"banner  banner__small banner-curve__white mb-6\">\n                    <picture class=\"banner-image\" >\n                        <source srcset=\"https:\/\/www.christeyns.com\/wp-content\/uploads\/2020\/01\/hero-background.jpg\" media=\"(min-width: 1110px)\">\n                        <source srcset=\"https:\/\/www.christeyns.com\/wp-content\/uploads\/2020\/01\/hero-background-1024x299.jpg\" media=\"(min-width: 321px) and (max-width: 1109px)\">\n                        <img decoding=\"async\" class=\"rellax\" src=\"https:\/\/www.christeyns.com\/wp-content\/uploads\/2020\/01\/hero-background-300x88.jpg\" alt=\"background of the image\" \/>\n                    <\/picture>\n\n                    <div class=\"banner-content-wrapper\" >\n                                                    <div class=\"rownomargin\"><div class=\"col-22 offset-1\"><nav class=\"breadcrumb-trail breadcrumb-trail--small\" aria-label=\"Br\u00f6dsmulor\" ><span><span><a href=\"https:\/\/www.christeyns.com\/se-sv\/\">Home<\/a><\/span><\/span><\/nav><\/div><\/div>\n                        \n                        <div class=\"banner-content col-24 col-md-16 col-lg-16 col-xl-12 text-center\">\n                                                            <h1 class=\"text-white text-uppercase\">V\u00e5ra branscher<\/h1>\n                            \n                            \n                        <\/div>\n                    <\/div>\n                <\/div>\n            <\/div>\n\n        [\/vc_column][\/vc_row][vc_row full_width=&#8221;stretch_row_content_no_spaces&#8221;][vc_column]\n        <div class=\"content-block full-width  background-white\" >\n            <div class=\"rownomargin\">\n                <div class=\"col-24 col-lg-14 offset-lg-5 col-xl-10 offset-xl-7 text-center mb-6 sm-p-0 text-wrap-balance\">\n                                            <h2 class=\"headingtwo text-blue text-uppercase bold text-center mb-4 heading__top-border-center\" >DIN HYGIENPARTNER<\/h2>\n                    \n                                        <div class=\"text-center  content-block\" ><p>V\u00e5rt sortiment omfattar h\u00f6gkvalitativa kemikalier, p\u00e5litlig utrustning och flexibel, skr\u00e4ddarsydd service inom fyra branscher.<\/p>\n<\/div>\n\n                    \n                    \n\n                <\/div>\n            <\/div>\n        <\/div>\n\n        [\/vc_column][\/vc_row][vc_row full_width=&#8221;stretch_row_content_no_spaces&#8221;][vc_column]            <div class=\"full-width\">\n                <div class=\"four-block mb-default\">\n                    <div class=\"rownomargin justify-content-center\">\n\n                        \n                            <div class=\"col-24 col-md-12 col-lg-6 text-center four-block-col\" >\n                                <div class=\"four-block-background\" ><img decoding=\"async\" src=\"https:\/\/www.christeyns.com\/wp-content\/uploads\/2021\/02\/industry-1.jpg\" alt=\"industry\" loading=\"lazy\" ><\/div>\n                                <div class=\"four-block-content \">\n                                    <div class=\"four-block-body \">\n                                                                                    <div class=\"four-block-image\" >\n                                                <img decoding=\"async\" src=\"https:\/\/www.christeyns.com\/wp-content\/uploads\/2020\/01\/icon-laundry.png\" alt=\"PROFESSIONELL TEXTILV\u00c5RD\" loading=\"lazy\" >\n                                            <\/div>\n                                                                                <h2 class=\"four-block-title text-white bold text-uppercase\">PROFESSIONELL TEXTILV\u00c5RD<\/h2>\n                                        <div class=\"four-block-introduction\">H\u00f6geffektiva reng\u00f6ringsmedel, desinfektionsmedel och utrustning f\u00f6r industriella tv\u00e4tterier, lokala tv\u00e4tterier och kemtv\u00e4ttar.<\/div>\n                                                                                    <div><a href=\"\/se-sv\/branscher\/professionell-textilvard\/\" class=\"four-block-url btn btn-outline-white\" >PROFESSIONELL TEXTILV\u00c5RD<\/a><\/div>\n                                                                            <\/div>\n                                <\/div>\n                            <\/div>\n\n                        \n                            <div class=\"col-24 col-md-12 col-lg-6 text-center four-block-col\" >\n                                <div class=\"four-block-background\" ><img decoding=\"async\" src=\"https:\/\/www.christeyns.com\/wp-content\/uploads\/2021\/02\/industry-2.jpg\" alt=\"industry\" loading=\"lazy\" ><\/div>\n                                <div class=\"four-block-content \">\n                                    <div class=\"four-block-body \">\n                                                                                    <div class=\"four-block-image\" >\n                                                <img decoding=\"async\" src=\"https:\/\/www.christeyns.com\/wp-content\/uploads\/2020\/01\/icon-food-processing.png\" alt=\"Livsmedelsf\u00f6r\u00e4dling och detaljhandel\" loading=\"lazy\" >\n                                            <\/div>\n                                                                                <h2 class=\"four-block-title text-white bold text-uppercase\">Livsmedelsf\u00f6r\u00e4dling och detaljhandel<\/h2>\n                                        <div class=\"four-block-introduction\">Utm\u00e4rkta hygienl\u00f6sningar f\u00f6r s\u00e4ker reng\u00f6ring och desinfektion av livsmedels- och dryckesfabriker samt livsmedelsbutiker.<\/div>\n                                                                                    <div><a href=\"\/se-sv\/branscher\/livsmedelsforadling-och-detaljhandel\/\" class=\"four-block-url btn btn-outline-white\" >Livsmedelsf\u00f6r\u00e4dling och detaljhandel<\/a><\/div>\n                                                                            <\/div>\n                                <\/div>\n                            <\/div>\n\n                        \n                            <div class=\"col-24 col-md-12 col-lg-6 text-center four-block-col\" >\n                                <div class=\"four-block-background\" ><img decoding=\"async\" src=\"https:\/\/www.christeyns.com\/wp-content\/uploads\/2021\/02\/industry-3.jpg\" alt=\"industry\" loading=\"lazy\" ><\/div>\n                                <div class=\"four-block-content \">\n                                    <div class=\"four-block-body \">\n                                                                                    <div class=\"four-block-image\" >\n                                                <img decoding=\"async\" src=\"https:\/\/www.christeyns.com\/wp-content\/uploads\/2020\/01\/icon-professional-cleaning.png\" alt=\"PROFESSIONELL RENG\u00d6RING\" loading=\"lazy\" >\n                                            <\/div>\n                                                                                <h2 class=\"four-block-title text-white bold text-uppercase\">PROFESSIONELL RENG\u00d6RING<\/h2>\n                                        <div class=\"four-block-introduction\">Professionella hygienprodukter f\u00f6r reng\u00f6ring av k\u00f6k, golv, rum, ytor, textilier och h\u00e4nder i byggnader och institutioner.<\/div>\n                                                                                    <div><a href=\"\/se-sv\/branscher\/professionell-rengoring\/\" class=\"four-block-url btn btn-outline-white\" >PROFESSIONELL RENG\u00d6RING<\/a><\/div>\n                                                                            <\/div>\n                                <\/div>\n                            <\/div>\n\n                        \n                            <div class=\"col-24 col-md-12 col-lg-6 text-center four-block-col\" >\n                                <div class=\"four-block-background\" ><img decoding=\"async\" src=\"https:\/\/www.christeyns.com\/wp-content\/uploads\/2021\/02\/industry-4.jpg\" alt=\"industry\" loading=\"lazy\" ><\/div>\n                                <div class=\"four-block-content \">\n                                    <div class=\"four-block-body \">\n                                                                                    <div class=\"four-block-image\" >\n                                                <img decoding=\"async\" src=\"https:\/\/www.christeyns.com\/wp-content\/uploads\/2020\/01\/icon-life-science.png\" alt=\"Medicinsk v\u00e5rd och livsvetenskaper\" loading=\"lazy\" >\n                                            <\/div>\n                                                                                <h2 class=\"four-block-title text-white bold text-uppercase\">Medicinsk v\u00e5rd och livsvetenskaper<\/h2>\n                                        <div class=\"four-block-introduction\">Globala hygienl\u00f6sningar f\u00f6r medicin-, l\u00e4kemedels- och kosmetikindustrin.<\/div>\n                                                                                    <div><a href=\"\/se-sv\/branscher\/medicinsk-vard-och-biovetenskap\/\" class=\"four-block-url btn btn-outline-white\" >Medicinsk v\u00e5rd och livsvetenskaper<\/a><\/div>\n                                                                            <\/div>\n                                <\/div>\n                            <\/div>\n\n                        \n                    <\/div>\n                <\/div>\n            <\/div>\n\n        [\/vc_column][\/vc_row][vc_row][vc_column]\n        <div class=\"full-width\">\n            <div class=\"rownomargin mb-default\">\n                <div class=\"col-24 col-sm-20 offset-sm-2 col-lg-16 offset-lg-4 sm-p-0\">\n                    <div class=\"gradient-text font-default text-center\">Behov och f\u00f6rv\u00e4ntningar varierar fr\u00e5n f\u00f6retag till f\u00f6retag, fr\u00e5n land till land. D\u00e4rf\u00f6r omvandlar vi v\u00e5r globala erfarenhet till lokala \u00e5tg\u00e4rder.<\/div>\n                <\/div>\n            <\/div>\n        <\/div>\n\n        [\/vc_column][\/vc_row]<\/p>\n<\/div>","protected":false},"excerpt":{"rendered":"<p>[vc_row full_width=&#8221;stretch_row_content_no_spaces&#8221;][vc_column][\/vc_column][\/vc_row][vc_row full_width=&#8221;stretch_row_content_no_spaces&#8221;][vc_column][\/vc_column][\/vc_row][vc_row full_width=&#8221;stretch_row_content_no_spaces&#8221;][vc_column][\/vc_column][\/vc_row][vc_row][vc_column][\/vc_column][\/vc_row]<\/p>\n","protected":false},"author":1,"featured_media":0,"parent":0,"menu_order":790,"comment_status":"closed","ping_status":"closed","template":"","meta":{"_acf_changed":false,"content-type":"","footnotes":""},"class_list":["post-153822","page","type-page","status-publish","hentry"],"acf":[],"yoast_head":"<!-- This site is optimized with the Yoast SEO plugin v26.9 - https:\/\/yoast.com\/product\/yoast-seo-wordpress\/ -->\n<title>Christeyns | H\u00f6gkvalitativa kemikalier och p\u00e5litlig utrustning till din tj\u00e4nst<\/title>\n<meta name=\"description\" content=\"Christeyns erbjuder hygienl\u00f6sningar f\u00f6r tv\u00e4tt-, livsmedels-, professionell reng\u00f6rings- och life science-branscherna. Hitta r\u00e4tt l\u00f6sning f\u00f6r ditt f\u00f6retag!\" \/>\n<meta name=\"robots\" content=\"index, follow, max-snippet:-1, max-image-preview:large, max-video-preview:-1\" \/>\n<link rel=\"canonical\" href=\"https:\/\/www.christeyns.com\/se-sv\/branscher\/\" \/>\n<meta property=\"og:locale\" content=\"sv_SE\" \/>\n<meta property=\"og:type\" content=\"article\" \/>\n<meta property=\"og:title\" content=\"Christeyns | H\u00f6gkvalitativa kemikalier och p\u00e5litlig utrustning till din tj\u00e4nst\" \/>\n<meta property=\"og:description\" content=\"Christeyns erbjuder hygienl\u00f6sningar f\u00f6r tv\u00e4tt-, livsmedels-, professionell reng\u00f6rings- och life science-branscherna. Hitta r\u00e4tt l\u00f6sning f\u00f6r ditt f\u00f6retag!\" \/>\n<meta property=\"og:url\" content=\"https:\/\/www.christeyns.com\/se-sv\/branscher\/\" \/>\n<meta property=\"og:site_name\" content=\"Christeyns\" \/>\n<meta property=\"article:modified_time\" content=\"2026-01-22T09:38:09+00:00\" \/>\n<meta property=\"og:image\" content=\"https:\/\/www.christeyns.com\/wp-content\/uploads\/2018\/10\/christeyns-logo-shot.jpg\" \/>\n\t<meta property=\"og:image:width\" content=\"842\" \/>\n\t<meta property=\"og:image:height\" content=\"560\" \/>\n\t<meta property=\"og:image:type\" content=\"image\/jpeg\" \/>\n<meta name=\"twitter:card\" content=\"summary_large_image\" \/>\n<meta name=\"twitter:label1\" content=\"Est. reading time\" \/>\n\t<meta name=\"twitter:data1\" content=\"3 minuter\" \/>\n<script type=\"application\/ld+json\" class=\"yoast-schema-graph\">{\"@context\":\"https:\/\/schema.org\",\"@graph\":[{\"@type\":\"WebPage\",\"@id\":\"https:\/\/www.christeyns.com\/se-sv\/branscher\/\",\"url\":\"https:\/\/www.christeyns.com\/se-sv\/branscher\/\",\"name\":\"Christeyns | H\u00f6gkvalitativa kemikalier och p\u00e5litlig utrustning till din tj\u00e4nst\",\"isPartOf\":{\"@id\":\"https:\/\/www.christeyns.com\/se-sv\/#website\"},\"datePublished\":\"2019-12-06T13:35:13+00:00\",\"dateModified\":\"2026-01-22T09:38:09+00:00\",\"description\":\"Christeyns erbjuder hygienl\u00f6sningar f\u00f6r tv\u00e4tt-, livsmedels-, professionell reng\u00f6rings- och life science-branscherna. Hitta r\u00e4tt l\u00f6sning f\u00f6r ditt f\u00f6retag!\",\"breadcrumb\":{\"@id\":\"https:\/\/www.christeyns.com\/se-sv\/branscher\/#breadcrumb\"},\"inLanguage\":\"sv-SE\",\"potentialAction\":[{\"@type\":\"ReadAction\",\"target\":[\"https:\/\/www.christeyns.com\/se-sv\/branscher\/\"]}]},{\"@type\":\"BreadcrumbList\",\"@id\":\"https:\/\/www.christeyns.com\/se-sv\/branscher\/#breadcrumb\",\"itemListElement\":[{\"@type\":\"ListItem\",\"position\":1,\"name\":\"Home\",\"item\":\"https:\/\/www.christeyns.com\/se-sv\/\"},{\"@type\":\"ListItem\",\"position\":2,\"name\":\"Branscher\"}]},{\"@type\":\"WebSite\",\"@id\":\"https:\/\/www.christeyns.com\/se-sv\/#website\",\"url\":\"https:\/\/www.christeyns.com\/se-sv\/\",\"name\":\"Christeyns\",\"description\":\"Christeyns - Striving for a cleaner future\",\"publisher\":{\"@id\":\"https:\/\/www.christeyns.com\/se-sv\/#organization\"},\"inLanguage\":\"sv-SE\"},{\"@type\":\"Organization\",\"@id\":\"https:\/\/www.christeyns.com\/se-sv\/#organization\",\"name\":\"Christeyns\",\"url\":\"https:\/\/www.christeyns.com\/se-sv\/\",\"logo\":{\"@type\":\"ImageObject\",\"inLanguage\":\"sv-SE\",\"@id\":\"https:\/\/www.christeyns.com\/se-sv\/#\/schema\/logo\/image\/\",\"url\":\"https:\/\/www.christeyns.com\/wp-content\/uploads\/2021\/06\/logo.png\",\"contentUrl\":\"https:\/\/www.christeyns.com\/wp-content\/uploads\/2021\/06\/logo.png\",\"width\":262,\"height\":40,\"caption\":\"Christeyns\"},\"image\":{\"@id\":\"https:\/\/www.christeyns.com\/se-sv\/#\/schema\/logo\/image\/\"},\"sameAs\":[\"https:\/\/www.linkedin.com\/company\/christeyns\",\"https:\/\/www.youtube.com\/c\/christeynshq\"]}]}<\/script>\n<!-- \/ Yoast SEO plugin. -->","yoast_head_json":{"title":"Christeyns | H\u00f6gkvalitativa kemikalier och p\u00e5litlig utrustning till din tj\u00e4nst","description":"Christeyns erbjuder hygienl\u00f6sningar f\u00f6r tv\u00e4tt-, livsmedels-, professionell reng\u00f6rings- och life science-branscherna. Hitta r\u00e4tt l\u00f6sning f\u00f6r ditt f\u00f6retag!","robots":{"index":"index","follow":"follow","max-snippet":"max-snippet:-1","max-image-preview":"max-image-preview:large","max-video-preview":"max-video-preview:-1"},"canonical":"https:\/\/www.christeyns.com\/se-sv\/branscher\/","og_locale":"sv_SE","og_type":"article","og_title":"Christeyns | H\u00f6gkvalitativa kemikalier och p\u00e5litlig utrustning till din tj\u00e4nst","og_description":"Christeyns erbjuder hygienl\u00f6sningar f\u00f6r tv\u00e4tt-, livsmedels-, professionell reng\u00f6rings- och life science-branscherna. Hitta r\u00e4tt l\u00f6sning f\u00f6r ditt f\u00f6retag!","og_url":"https:\/\/www.christeyns.com\/se-sv\/branscher\/","og_site_name":"Christeyns","article_modified_time":"2026-01-22T09:38:09+00:00","og_image":[{"width":842,"height":560,"url":"https:\/\/www.christeyns.com\/wp-content\/uploads\/2018\/10\/christeyns-logo-shot.jpg","type":"image\/jpeg"}],"twitter_card":"summary_large_image","twitter_misc":{"Est. reading time":"3 minuter"},"schema":{"@context":"https:\/\/schema.org","@graph":[{"@type":"WebPage","@id":"https:\/\/www.christeyns.com\/se-sv\/branscher\/","url":"https:\/\/www.christeyns.com\/se-sv\/branscher\/","name":"Christeyns | H\u00f6gkvalitativa kemikalier och p\u00e5litlig utrustning till din tj\u00e4nst","isPartOf":{"@id":"https:\/\/www.christeyns.com\/se-sv\/#website"},"datePublished":"2019-12-06T13:35:13+00:00","dateModified":"2026-01-22T09:38:09+00:00","description":"Christeyns erbjuder hygienl\u00f6sningar f\u00f6r tv\u00e4tt-, livsmedels-, professionell reng\u00f6rings- och life science-branscherna. Hitta r\u00e4tt l\u00f6sning f\u00f6r ditt f\u00f6retag!","breadcrumb":{"@id":"https:\/\/www.christeyns.com\/se-sv\/branscher\/#breadcrumb"},"inLanguage":"sv-SE","potentialAction":[{"@type":"ReadAction","target":["https:\/\/www.christeyns.com\/se-sv\/branscher\/"]}]},{"@type":"BreadcrumbList","@id":"https:\/\/www.christeyns.com\/se-sv\/branscher\/#breadcrumb","itemListElement":[{"@type":"ListItem","position":1,"name":"Home","item":"https:\/\/www.christeyns.com\/se-sv\/"},{"@type":"ListItem","position":2,"name":"Branscher"}]},{"@type":"WebSite","@id":"https:\/\/www.christeyns.com\/se-sv\/#website","url":"https:\/\/www.christeyns.com\/se-sv\/","name":"Christeyns","description":"Christeyns - Striving for a cleaner future","publisher":{"@id":"https:\/\/www.christeyns.com\/se-sv\/#organization"},"inLanguage":"sv-SE"},{"@type":"Organization","@id":"https:\/\/www.christeyns.com\/se-sv\/#organization","name":"Christeyns","url":"https:\/\/www.christeyns.com\/se-sv\/","logo":{"@type":"ImageObject","inLanguage":"sv-SE","@id":"https:\/\/www.christeyns.com\/se-sv\/#\/schema\/logo\/image\/","url":"https:\/\/www.christeyns.com\/wp-content\/uploads\/2021\/06\/logo.png","contentUrl":"https:\/\/www.christeyns.com\/wp-content\/uploads\/2021\/06\/logo.png","width":262,"height":40,"caption":"Christeyns"},"image":{"@id":"https:\/\/www.christeyns.com\/se-sv\/#\/schema\/logo\/image\/"},"sameAs":["https:\/\/www.linkedin.com\/company\/christeyns","https:\/\/www.youtube.com\/c\/christeynshq"]}]}},"_links":{"self":[{"href":"https:\/\/www.christeyns.com\/se-sv\/wp-json\/wp\/v2\/pages\/153822","targetHints":{"allow":["GET"]}}],"collection":[{"href":"https:\/\/www.christeyns.com\/se-sv\/wp-json\/wp\/v2\/pages"}],"about":[{"href":"https:\/\/www.christeyns.com\/se-sv\/wp-json\/wp\/v2\/types\/page"}],"author":[{"embeddable":true,"href":"https:\/\/www.christeyns.com\/se-sv\/wp-json\/wp\/v2\/users\/1"}],"replies":[{"embeddable":true,"href":"https:\/\/www.christeyns.com\/se-sv\/wp-json\/wp\/v2\/comments?post=153822"}],"version-history":[{"count":4,"href":"https:\/\/www.christeyns.com\/se-sv\/wp-json\/wp\/v2\/pages\/153822\/revisions"}],"predecessor-version":[{"id":158377,"href":"https:\/\/www.christeyns.com\/se-sv\/wp-json\/wp\/v2\/pages\/153822\/revisions\/158377"}],"wp:attachment":[{"href":"https:\/\/www.christeyns.com\/se-sv\/wp-json\/wp\/v2\/media?parent=153822"}],"curies":[{"name":"wp","href":"https:\/\/api.w.org\/{rel}","templated":true}]}}