{"id":153624,"date":"2025-03-18T13:03:06","date_gmt":"2025-03-18T13:03:06","guid":{"rendered":"https:\/\/www.christeyns.com\/losningar\/biotic\/"},"modified":"2026-01-26T15:58:45","modified_gmt":"2026-01-26T15:58:45","slug":"biotika","status":"publish","type":"page","link":"https:\/\/www.christeyns.com\/se-sv\/losningar\/biotika\/","title":{"rendered":"Biotika"},"content":{"rendered":"<div class=\"wpb-content-wrapper\"><p>[vc_row][vc_column]\n        <div class=\"full-width sm-p-0 relative\">\n\n            \n            <div id=\"wishelements__51523\" class=\"hero-carousel banner-curve__white carousel slide mb-6\" data-ride=\"carousel\">\n                \n                <div class=\"carousel-inner\">\n                    \n                            <div class=\"carousel-item active \">\n                                \n                                    <picture class=\"banner-image\" >\n                                        <source srcset=\"https:\/\/www.christeyns.com\/wp-content\/uploads\/2025\/03\/Probiotics_cleaning_Paula1.jpg\" media=\"(min-width: 1110px)\">\n                                        <source srcset=\"https:\/\/www.christeyns.com\/wp-content\/uploads\/2025\/03\/Probiotics_cleaning_Paula1-1024x749.jpg\" media=\"(min-width: 426px) and (max-width: 1109px)\">\n                                        <img decoding=\"async\" fetchpriority=\"high\" class=\"rellax\" src=\"https:\/\/www.christeyns.com\/wp-content\/uploads\/2025\/03\/Probiotics_cleaning_Paula1-300x219.jpg\" alt=\"biotic\" rel=\"preload\" \/>\n                                    <\/picture>\n\n                                    <div class=\"banner-content-wrapper rownomargin d-flex text__center text__right\">\n\n                                        \n                                        <div class=\"banner-content col-24 col-md-20 col-lg-20 col-xl-14 col-xxl-12\">\n\n                                            \n                                                                                            <h1 class=\"banner-cta__title title-large\" >L\u00e5t naturen sk\u00f6ta reng\u00f6ringen<\/h1>\n                                            \n                                                                                            <p>Green'r Biotic -reng\u00f6ringsmedel utnyttjar probiotikans positiva egenskaper f\u00f6r att uppr\u00e4tth\u00e5lla h\u00f6g hygienniv\u00e5.<\/p>\n                                            \n                                            \n                                        <\/div>\n\n                                    <\/div>\n\n                                                            <\/div>\n\n                                        <\/div>\n\n                \n            <\/div>\n        <\/div>\n\n        [\/vc_column][\/vc_row][vc_row el_id=&#8221;contact&#8221;][vc_column css=&#8221;.vc_custom_1742992125227{padding-right: 80px !important;padding-left: 80px !important;}&#8221;]\n            <div class=\"container mt-0 form form__left row-width\">\n\n                \n                        <article class=\"panel-image-text panel-image-text__left rownomargin mb-0 mobile-col-standard\">\n                            <div class=\"col-24 col-md-12 col-lg-10 d-flex align-items-center flex-row sm-p-0\">\n                                <div class=\"panel-image-text__content mt-8 mb-8\">\n                                    <h2 class=\"text-blue bold text-uppercase heading__top-border\">Green'r Biotic -sortimentet<\/h2>\n                                    <div class=\"content-wrap\"><div class=\"x_elementToProof\">\n<p>Vanliga reng\u00f6ringsmedel tar bort smuts men ger inte l\u00e5ngvarig hygien. Green&#8217;r Biotic anv\u00e4nder probiotika f\u00f6r en djupare och mer l\u00e5ngvarig reng\u00f6ring \u2013 s\u00e4ker f\u00f6r m\u00e4nniskor, djur och milj\u00f6n.<\/p>\n<ul>\n<li>Nedbrytning av organiskt smuts, fett och sot.<\/li>\n<li>L\u00e5ngvariga f\u00f6rdelar f\u00f6r reng\u00f6ring och hygien.<\/li>\n<li>S\u00e4ker f\u00f6r m\u00e4nniskor och djur.<\/li>\n<li>V\u00e4ntar p\u00e5 Nordic Swan -milj\u00f6certifiering.<\/li>\n<\/ul>\n<h3>Vad \u00e4r probiotiska reng\u00f6ringsmedel?<\/h3>\n<p>Probiotiska reng\u00f6ringsmedel inneh\u00e5ller levande nyttiga mikroorganismer (probiotika) som hj\u00e4lper till att bryta ner organiskt material, s\u00e5som smuts, fett och sot. Dessa bakterier producerar enzymer tillsammans med biosurfaktanter, som ytterligare hj\u00e4lper till att bryta ner komplexa molekyler till enklare, l\u00e4ttare borttagbara \u00e4mnen.<\/p>\n<p>Reng\u00f6ringsmedlen \u00e4r l\u00e4mpliga f\u00f6r olika typer av h\u00e5rda ytor i icke-livsmedelsmilj\u00f6er s\u00e5som kontor, v\u00e4ntrum inom h\u00e4lso- och sjukv\u00e5rden, offentliga utrymmen, hotellrum, gemensamma utrymmen inom \u00e4ldreomsorgen, &#8230;<\/p>\n<\/div>\n<\/div>\n                                    \n                                                                    <\/div>\n                            <\/div>\n                            <div class=\"col-24 col-md-12 offset-lg-2 mb-8 mt-8 d-flex align-items-center flex-row sm-p-0 panel-image__large\">\n                                \n                                    <div class=\"generic_form form__grey px-2 py-4 p-md-4\">\n                                                                                <script charset=\"utf-8\" type=\"text\/javascript\" src=\"\/\/js-eu1.hsforms.net\/forms\/embed\/v2.js\"><\/script>\n<script>\n  hbspt.forms.create({\n    portalId: \"25513656\",\n    formId: \"521c10ae-b4ce-4ec6-9088-0188063c55ff\",\n    region: \"eu1\"\n  });\n<\/script>                                        <p class=\" mt-4 recaptcha-disclaimer\" >Denna webbplats skyddas av reCAPTCHA och Google <a href=\"https:\/\/policies.google.com\/privacy\" rel=\"noopener\" target=\"_blank\" >Sekretesspolicy<\/a> och <a href=\"https:\/\/policies.google.com\/terms\" rel=\"noopener\" target=\"_blank\" >Anv\u00e4ndarvillkor<\/a> ans\u00f6k.<\/p>\n                                    <\/div>\n\n                                                            <\/div>\n                        <\/article>\n\n                \n            <\/div>\n\n                    <div class=\"container background-white mb-6 pb-6 pt-6\">\n\n                <h2 class=\"headingtwo text-blue text-uppercase bold text-center pb-5 mb-5\">Hur fungerar det?<\/h2>\n                                    <div class=\"rownomargin  d-flex align-items-center justify-content-center\" >\n                    <div class=\"col-24 col-md-12 col-xl-4 statistics \" >\n                        <div class=\"statistics-body px-md-3 pt-4 pb-4\" >\n                            <div class=\"statistics-img mb-3\" >\n                                                                    <img decoding=\"async\" src=\"https:\/\/www.christeyns.com\/wp-content\/uploads\/2025\/03\/Layer-3-300x300.png\" alt=\"APPLY icon\" \/>\n                                                            <\/div>\n                                                            <h3 class=\"text-uppercase bold\" >APPLICERA.<\/h3>\n                                                        <div class=\"statistics-description\" >N\u00e4r det appliceras p\u00e5 ytor avs\u00e4tter det probiotiska reng\u00f6ringsmedlet nyttiga bakterier som resulterar i enzymer och biosurfaktanter.<\/div>\n                        <\/div>\n                    <\/div>\n                    <div class=\"col-24 col-md-12 col-xl-4 statistics\" >\n                        <div class=\"statistics-body px-md-3 pt-4 pb-4\" >\n                            <div class=\"statistics-img mb-3\" >\n                                                                    <img decoding=\"async\" src=\"https:\/\/www.christeyns.com\/wp-content\/uploads\/2025\/03\/Layer-2-300x300.png\" alt=\"wipe icon\" \/>\n                                                            <\/div>\n                                                            <h3 class=\"text-uppercase bold\" >TORKA.<\/h3>\n                                                        <div class=\"statistics-description\" >Dessa bakterier livn\u00e4r sig p\u00e5 det organiska materialet som finns<br \/>\np\u00e5 ytan och bryter ner det till ofarliga \u00e4mnen som vatten och koldioxid..<\/div>\n                        <\/div>\n                    <\/div>\n                    <div class=\"col-24 col-md-12 col-xl-4 statistics\" >\n                        <div class=\"statistics-body px-md-3 pt-4 pb-4\" >\n                            <div class=\"statistics-img mb-3\" >\n                                                                    <img decoding=\"async\" src=\"https:\/\/www.christeyns.com\/wp-content\/uploads\/2025\/03\/Layer-4-300x300.png\" alt=\"Biotic icon\" \/>\n                                                            <\/div>\n                                                            <h3 class=\"text-uppercase bold\" >L\u00c4MNA.<\/h3>\n                                                        <div class=\"statistics-description\" >Till skillnad fr\u00e5n traditionella reng\u00f6ringsmedel f\u00f6rblir de nyttiga bakterierna aktiva p\u00e5 ytan under en viss tid och forts\u00e4tter att reng\u00f6ra..<\/div>\n                        <\/div>\n                    <\/div>\n                           <\/div>\n\n        \n            <div class=\"full-width mt-6 single_image single_image__left row-width\">\n\n                \n                        <article class=\"panel-image-text panel-image-text__left rownomargin mb-default mobile-col-reverse\">\n                            <div class=\"col-24 col-md-12 col-lg-10 d-flex align-items-center flex-row sm-p-0\">\n                                <div class=\"panel-image-text__content mt-8 mb-8\">\n                                    <h2 class=\"text-blue bold text-uppercase heading__top-border\">De fr\u00e4msta f\u00f6rdelarna med Christeyns probiotiska reng\u00f6ringsmedel<\/h2>\n                                    <div class=\"content-wrap\"><p><strong>Kostnads- och milj\u00f6besparingar<\/strong><\/p>\n<ul>\n<li>Minskar vatten- och kemikalief\u00f6rbrukning<\/li>\n<li>S\u00e4nker driftskostnader<\/li>\n<li>Milj\u00f6certifiering (Nordic Swan p\u00e5g\u00e5ende)<\/li>\n<\/ul>\n<p><strong>L\u00e5ngvariga reng\u00f6ringsf\u00f6rdelar<\/strong><\/p>\n<ul>\n<li>L\u00e5ngvarig reng\u00f6rande verkan<\/li>\n<li>Minskar behovet av \u00e5terupprepade behandlingar<\/li>\n<li>Ger djup, hygienisk reng\u00f6ring<\/li>\n<li>N\u00e5r mikroskopiska sprickor<\/li>\n<\/ul>\n<p><strong>Luktneutralisering<\/strong><\/p>\n<ul>\n<li>Bryter ner organiskt avfall som orsakar d\u00e5lig lukt<\/li>\n<\/ul>\n<p><strong>Kommer fr\u00e5n naturen, utvunnet ur v\u00e4xter<\/strong><\/p>\n<ul>\n<li>Inga starka kemikalier<\/li>\n<li>Biologiskt nedbrytbart<\/li>\n<\/ul>\n<p><em>* Probiotika inneh\u00e5ller 32 % naturliga \u00e4mnen<\/em><\/p>\n<\/div>\n                                    \n                                                                    <\/div>\n                            <\/div>\n                            <div class=\"col-24 col-md-12 offset-lg-2 mb-8 mt-8 d-flex align-items-center flex-row sm-p-0 panel-image__large\">\n                                                                    <div class=\"panel-image-text__image-wrapper\">\n                                        <img decoding=\"async\" src=\"https:\/\/www.christeyns.com\/wp-content\/uploads\/2025\/03\/biotic-products-pack-shots-all-in-1-1024x440.png\" alt=\"biotic products pack shots all in 1\"  class=\"panel-image-text__image img-fluid\"  loading=\"lazy\" >                                    <\/div>\n                                                            <\/div>\n                        <\/article>\n\n                \n            <\/div>\n\n        [\/vc_column][\/vc_row][vc_column][\/vc_column]<\/p>\n<\/div>","protected":false},"excerpt":{"rendered":"<p>[vc_row][vc_column][\/vc_column][\/vc_row][vc_row el_id=&#8221;contact&#8221;][vc_column css=&#8221;.vc_custom_1742992125227{padding-right: 80px !important;padding-left: 80px !important;}&#8221;][\/vc_column][\/vc_row][vc_column][\/vc_column]<\/p>\n","protected":false},"author":52,"featured_media":153626,"parent":153621,"menu_order":0,"comment_status":"closed","ping_status":"closed","template":"","meta":{"_acf_changed":false,"content-type":"","footnotes":""},"class_list":["post-153624","page","type-page","status-publish","hentry"],"acf":[],"yoast_head":"<!-- This site is optimized with the Yoast SEO plugin v26.9 - https:\/\/yoast.com\/product\/yoast-seo-wordpress\/ -->\n<title>Biotika | Christeyns<\/title>\n<meta name=\"description\" content=\"L\u00e5t naturen sk\u00f6ta st\u00e4dningen! V\u00e5ra probiotiska reng\u00f6ringsmedel ger en djup, l\u00e5ngvarig reng\u00f6ring med minimal anstr\u00e4ngning. Uppt\u00e4ck Biotic!\" \/>\n<meta name=\"robots\" content=\"index, follow, max-snippet:-1, max-image-preview:large, max-video-preview:-1\" \/>\n<link rel=\"canonical\" href=\"https:\/\/www.christeyns.com\/se-sv\/losningar\/biotika\/\" \/>\n<meta property=\"og:locale\" content=\"sv_SE\" \/>\n<meta property=\"og:type\" content=\"article\" \/>\n<meta property=\"og:title\" content=\"Biotika | Christeyns\" \/>\n<meta property=\"og:description\" content=\"L\u00e5t naturen sk\u00f6ta st\u00e4dningen! V\u00e5ra probiotiska reng\u00f6ringsmedel ger en djup, l\u00e5ngvarig reng\u00f6ring med minimal anstr\u00e4ngning. Uppt\u00e4ck Biotic!\" \/>\n<meta property=\"og:url\" content=\"https:\/\/www.christeyns.com\/se-sv\/losningar\/biotika\/\" \/>\n<meta property=\"og:site_name\" content=\"Christeyns\" \/>\n<meta property=\"article:modified_time\" content=\"2026-01-26T15:58:45+00:00\" \/>\n<meta property=\"og:image\" content=\"https:\/\/www.christeyns.com\/wp-content\/uploads\/2025\/03\/Probiotics_cleaning_Paula1.jpg\" \/>\n\t<meta property=\"og:image:width\" content=\"1920\" \/>\n\t<meta property=\"og:image:height\" content=\"1404\" \/>\n\t<meta property=\"og:image:type\" content=\"image\/jpeg\" \/>\n<meta name=\"twitter:card\" content=\"summary_large_image\" \/>\n<meta name=\"twitter:label1\" content=\"Est. reading time\" \/>\n\t<meta name=\"twitter:data1\" content=\"2 minuter\" \/>\n<script type=\"application\/ld+json\" class=\"yoast-schema-graph\">{\"@context\":\"https:\/\/schema.org\",\"@graph\":[{\"@type\":\"WebPage\",\"@id\":\"https:\/\/www.christeyns.com\/se-sv\/losningar\/biotika\/\",\"url\":\"https:\/\/www.christeyns.com\/se-sv\/losningar\/biotika\/\",\"name\":\"Biotika | Christeyns\",\"isPartOf\":{\"@id\":\"https:\/\/www.christeyns.com\/se-sv\/#website\"},\"primaryImageOfPage\":{\"@id\":\"https:\/\/www.christeyns.com\/se-sv\/losningar\/biotika\/#primaryimage\"},\"image\":{\"@id\":\"https:\/\/www.christeyns.com\/se-sv\/losningar\/biotika\/#primaryimage\"},\"thumbnailUrl\":\"https:\/\/www.christeyns.com\/wp-content\/uploads\/2025\/03\/Probiotics_cleaning_Paula1.jpg\",\"datePublished\":\"2025-03-18T13:03:06+00:00\",\"dateModified\":\"2026-01-26T15:58:45+00:00\",\"description\":\"L\u00e5t naturen sk\u00f6ta st\u00e4dningen! V\u00e5ra probiotiska reng\u00f6ringsmedel ger en djup, l\u00e5ngvarig reng\u00f6ring med minimal anstr\u00e4ngning. Uppt\u00e4ck Biotic!\",\"breadcrumb\":{\"@id\":\"https:\/\/www.christeyns.com\/se-sv\/losningar\/biotika\/#breadcrumb\"},\"inLanguage\":\"sv-SE\",\"potentialAction\":[{\"@type\":\"ReadAction\",\"target\":[\"https:\/\/www.christeyns.com\/se-sv\/losningar\/biotika\/\"]}]},{\"@type\":\"ImageObject\",\"inLanguage\":\"sv-SE\",\"@id\":\"https:\/\/www.christeyns.com\/se-sv\/losningar\/biotika\/#primaryimage\",\"url\":\"https:\/\/www.christeyns.com\/wp-content\/uploads\/2025\/03\/Probiotics_cleaning_Paula1.jpg\",\"contentUrl\":\"https:\/\/www.christeyns.com\/wp-content\/uploads\/2025\/03\/Probiotics_cleaning_Paula1.jpg\",\"width\":1920,\"height\":1404,\"caption\":\"biotic\"},{\"@type\":\"BreadcrumbList\",\"@id\":\"https:\/\/www.christeyns.com\/se-sv\/losningar\/biotika\/#breadcrumb\",\"itemListElement\":[{\"@type\":\"ListItem\",\"position\":1,\"name\":\"Home\",\"item\":\"https:\/\/www.christeyns.com\/se-sv\/\"},{\"@type\":\"ListItem\",\"position\":2,\"name\":\"L\u00f6sningar\",\"item\":\"https:\/\/www.christeyns.com\/se-sv\/losningar\/\"},{\"@type\":\"ListItem\",\"position\":3,\"name\":\"Biotika\"}]},{\"@type\":\"WebSite\",\"@id\":\"https:\/\/www.christeyns.com\/se-sv\/#website\",\"url\":\"https:\/\/www.christeyns.com\/se-sv\/\",\"name\":\"Christeyns\",\"description\":\"Christeyns - Striving for a cleaner future\",\"publisher\":{\"@id\":\"https:\/\/www.christeyns.com\/se-sv\/#organization\"},\"inLanguage\":\"sv-SE\"},{\"@type\":\"Organization\",\"@id\":\"https:\/\/www.christeyns.com\/se-sv\/#organization\",\"name\":\"Christeyns\",\"url\":\"https:\/\/www.christeyns.com\/se-sv\/\",\"logo\":{\"@type\":\"ImageObject\",\"inLanguage\":\"sv-SE\",\"@id\":\"https:\/\/www.christeyns.com\/se-sv\/#\/schema\/logo\/image\/\",\"url\":\"https:\/\/www.christeyns.com\/wp-content\/uploads\/2021\/06\/logo.png\",\"contentUrl\":\"https:\/\/www.christeyns.com\/wp-content\/uploads\/2021\/06\/logo.png\",\"width\":262,\"height\":40,\"caption\":\"Christeyns\"},\"image\":{\"@id\":\"https:\/\/www.christeyns.com\/se-sv\/#\/schema\/logo\/image\/\"},\"sameAs\":[\"https:\/\/www.linkedin.com\/company\/christeyns\",\"https:\/\/www.youtube.com\/c\/christeynshq\"]}]}<\/script>\n<!-- \/ Yoast SEO plugin. -->","yoast_head_json":{"title":"Biotika | Christeyns","description":"L\u00e5t naturen sk\u00f6ta st\u00e4dningen! V\u00e5ra probiotiska reng\u00f6ringsmedel ger en djup, l\u00e5ngvarig reng\u00f6ring med minimal anstr\u00e4ngning. Uppt\u00e4ck Biotic!","robots":{"index":"index","follow":"follow","max-snippet":"max-snippet:-1","max-image-preview":"max-image-preview:large","max-video-preview":"max-video-preview:-1"},"canonical":"https:\/\/www.christeyns.com\/se-sv\/losningar\/biotika\/","og_locale":"sv_SE","og_type":"article","og_title":"Biotika | Christeyns","og_description":"L\u00e5t naturen sk\u00f6ta st\u00e4dningen! V\u00e5ra probiotiska reng\u00f6ringsmedel ger en djup, l\u00e5ngvarig reng\u00f6ring med minimal anstr\u00e4ngning. Uppt\u00e4ck Biotic!","og_url":"https:\/\/www.christeyns.com\/se-sv\/losningar\/biotika\/","og_site_name":"Christeyns","article_modified_time":"2026-01-26T15:58:45+00:00","og_image":[{"width":1920,"height":1404,"url":"https:\/\/www.christeyns.com\/wp-content\/uploads\/2025\/03\/Probiotics_cleaning_Paula1.jpg","type":"image\/jpeg"}],"twitter_card":"summary_large_image","twitter_misc":{"Est. reading time":"2 minuter"},"schema":{"@context":"https:\/\/schema.org","@graph":[{"@type":"WebPage","@id":"https:\/\/www.christeyns.com\/se-sv\/losningar\/biotika\/","url":"https:\/\/www.christeyns.com\/se-sv\/losningar\/biotika\/","name":"Biotika | Christeyns","isPartOf":{"@id":"https:\/\/www.christeyns.com\/se-sv\/#website"},"primaryImageOfPage":{"@id":"https:\/\/www.christeyns.com\/se-sv\/losningar\/biotika\/#primaryimage"},"image":{"@id":"https:\/\/www.christeyns.com\/se-sv\/losningar\/biotika\/#primaryimage"},"thumbnailUrl":"https:\/\/www.christeyns.com\/wp-content\/uploads\/2025\/03\/Probiotics_cleaning_Paula1.jpg","datePublished":"2025-03-18T13:03:06+00:00","dateModified":"2026-01-26T15:58:45+00:00","description":"L\u00e5t naturen sk\u00f6ta st\u00e4dningen! V\u00e5ra probiotiska reng\u00f6ringsmedel ger en djup, l\u00e5ngvarig reng\u00f6ring med minimal anstr\u00e4ngning. Uppt\u00e4ck Biotic!","breadcrumb":{"@id":"https:\/\/www.christeyns.com\/se-sv\/losningar\/biotika\/#breadcrumb"},"inLanguage":"sv-SE","potentialAction":[{"@type":"ReadAction","target":["https:\/\/www.christeyns.com\/se-sv\/losningar\/biotika\/"]}]},{"@type":"ImageObject","inLanguage":"sv-SE","@id":"https:\/\/www.christeyns.com\/se-sv\/losningar\/biotika\/#primaryimage","url":"https:\/\/www.christeyns.com\/wp-content\/uploads\/2025\/03\/Probiotics_cleaning_Paula1.jpg","contentUrl":"https:\/\/www.christeyns.com\/wp-content\/uploads\/2025\/03\/Probiotics_cleaning_Paula1.jpg","width":1920,"height":1404,"caption":"biotic"},{"@type":"BreadcrumbList","@id":"https:\/\/www.christeyns.com\/se-sv\/losningar\/biotika\/#breadcrumb","itemListElement":[{"@type":"ListItem","position":1,"name":"Home","item":"https:\/\/www.christeyns.com\/se-sv\/"},{"@type":"ListItem","position":2,"name":"L\u00f6sningar","item":"https:\/\/www.christeyns.com\/se-sv\/losningar\/"},{"@type":"ListItem","position":3,"name":"Biotika"}]},{"@type":"WebSite","@id":"https:\/\/www.christeyns.com\/se-sv\/#website","url":"https:\/\/www.christeyns.com\/se-sv\/","name":"Christeyns","description":"Christeyns - Striving for a cleaner future","publisher":{"@id":"https:\/\/www.christeyns.com\/se-sv\/#organization"},"inLanguage":"sv-SE"},{"@type":"Organization","@id":"https:\/\/www.christeyns.com\/se-sv\/#organization","name":"Christeyns","url":"https:\/\/www.christeyns.com\/se-sv\/","logo":{"@type":"ImageObject","inLanguage":"sv-SE","@id":"https:\/\/www.christeyns.com\/se-sv\/#\/schema\/logo\/image\/","url":"https:\/\/www.christeyns.com\/wp-content\/uploads\/2021\/06\/logo.png","contentUrl":"https:\/\/www.christeyns.com\/wp-content\/uploads\/2021\/06\/logo.png","width":262,"height":40,"caption":"Christeyns"},"image":{"@id":"https:\/\/www.christeyns.com\/se-sv\/#\/schema\/logo\/image\/"},"sameAs":["https:\/\/www.linkedin.com\/company\/christeyns","https:\/\/www.youtube.com\/c\/christeynshq"]}]}},"_links":{"self":[{"href":"https:\/\/www.christeyns.com\/se-sv\/wp-json\/wp\/v2\/pages\/153624","targetHints":{"allow":["GET"]}}],"collection":[{"href":"https:\/\/www.christeyns.com\/se-sv\/wp-json\/wp\/v2\/pages"}],"about":[{"href":"https:\/\/www.christeyns.com\/se-sv\/wp-json\/wp\/v2\/types\/page"}],"author":[{"embeddable":true,"href":"https:\/\/www.christeyns.com\/se-sv\/wp-json\/wp\/v2\/users\/52"}],"replies":[{"embeddable":true,"href":"https:\/\/www.christeyns.com\/se-sv\/wp-json\/wp\/v2\/comments?post=153624"}],"version-history":[{"count":7,"href":"https:\/\/www.christeyns.com\/se-sv\/wp-json\/wp\/v2\/pages\/153624\/revisions"}],"predecessor-version":[{"id":159293,"href":"https:\/\/www.christeyns.com\/se-sv\/wp-json\/wp\/v2\/pages\/153624\/revisions\/159293"}],"up":[{"embeddable":true,"href":"https:\/\/www.christeyns.com\/se-sv\/wp-json\/wp\/v2\/pages\/153621"}],"wp:featuredmedia":[{"embeddable":true,"href":"https:\/\/www.christeyns.com\/se-sv\/wp-json\/wp\/v2\/media\/153626"}],"wp:attachment":[{"href":"https:\/\/www.christeyns.com\/se-sv\/wp-json\/wp\/v2\/media?parent=153624"}],"curies":[{"name":"wp","href":"https:\/\/api.w.org\/{rel}","templated":true}]}}