{"id":153437,"date":"2019-12-06T14:23:15","date_gmt":"2019-12-06T14:23:15","guid":{"rendered":"https:\/\/www.christeyns.com\/we-care-corporate-social-responsibility\/"},"modified":"2026-01-22T08:18:55","modified_gmt":"2026-01-22T08:18:55","slug":"vi-bryr-oss","status":"publish","type":"page","link":"https:\/\/www.christeyns.com\/se-sv\/vi-bryr-oss\/","title":{"rendered":"Vi bryr oss"},"content":{"rendered":"<div class=\"wpb-content-wrapper\"><p>[vc_row full_width=&#8221;stretch_row_content_no_spaces&#8221;][vc_column]\n            <div class=\"full-width hero-curved-banner\"  >\n                <div class=\" mb-6\" >\n                    <picture class=\"hero-curved-banner-background\">\n                        <source srcset=\"https:\/\/www.christeyns.com\/wp-content\/uploads\/2021\/12\/lla-Bubbles-overlay-shadow-1-compressed.jpg\" media=\"(min-width: 1110px)\">\n                        <source srcset=\"https:\/\/www.christeyns.com\/wp-content\/uploads\/2021\/12\/lla-Bubbles-overlay-shadow-1-compressed-1024x439.jpg\" media=\"(min-width: 321px) and (max-width: 1109px)\">\n                        <img decoding=\"async\" src=\"https:\/\/www.christeyns.com\/wp-content\/uploads\/2021\/12\/lla-Bubbles-overlay-shadow-1-compressed-300x129.jpg\" alt=\"lla-Bubbles-overlay-shadow-1-compressed\" \/>\n                    <\/picture>\n\n                    <div class=\"hero-curved-banner-wrapper col-lg-18\" >\n                        <div class=\"col-24 offset-lg-2 sm-p-0\">\n\n                                                            <h1 >En renare framtid<\/h1>\n                            \n                                                            <h2>av Christeyns<\/h2>\n                            \n                            <div class=\"hero-curved-banner-body\" >\n                                <p>Christeyns \u00e4r mer \u00e4n bara en hygienspecialist. Vi bleker dina vita kl\u00e4der, steriliserar dina golv, renar ditt avloppsvatten och lyser upp framtiden medan vi \u00e4nd\u00e5 h\u00e5ller p\u00e5. Dessutom hj\u00e4lper vi lokala v\u00e4lg\u00f6renhetsorganisationer att uppn\u00e5 sina gl\u00e4nsande m\u00e5l genom v\u00e5r egen stiftelse. F\u00f6r vi str\u00e4var efter en renare framtid \u2013 en h\u00e4lsosam planet, ett h\u00e5llbart samh\u00e4lle och en lycklig du..<\/p>\n\n                            <div class=\"hero-curved-banner-button-wrapper\">\n                                \n\n                                                                    <div class=\"mt-4 mb-md-4\"><a href=\"https:\/\/www.christeyns.com\/wp-content\/uploads\/2025\/07\/CSR_Report_A4_2024_FINAL_EN.pdf\" class=\"btn btn-solid-blue\" target=\"_blank\" >Ladda ner CSR-rapport 2024<\/a><\/div>\n                                \n                                \n\n                                                            <\/div>\n\n                            <\/div>\n\n                        <\/div>\n                    <\/div>\n\n                    <div class=\"rownomargin d-flex justify-content-between icon-row\">\n                        <div class=\"col-12 col-md-4 d-flex justify-content-center align-items-center\">\n                            <a href=\"#community\" class=\"d-flex align-items-center text-center flex-column\" >\n                                <div class=\"rounded-circle  icon icon__lighter-blue\"><img decoding=\"async\" src=\"https:\/\/www.christeyns.com\/wp-content\/uploads\/2020\/03\/icon-community.png\" alt=\"Community\" class=\"rounded-circle\" ><\/div>\n                                <div class=\"icon-title\">Gemenskap<\/div>\n                            <\/a>\n                        <\/div>\n\n                        <div class=\"col-12 col-md-4 d-flex justify-content-center align-items-center\">\n                            <a href=\"#innovation-and-education\"  class=\"d-flex align-items-center text-center flex-column\" >\n                                <div class=\"rounded-circle icon icon__light-blue\"><img decoding=\"async\" src=\"https:\/\/www.christeyns.com\/wp-content\/uploads\/2020\/03\/icon-knowledge.png\" alt=\"Knowledge\" class=\"rounded-circle\" ><\/div>\n                                <div class=\"icon-title\">Kunskap<\/div>\n                            <\/a>\n                        <\/div>\n\n                        <div class=\"col-12 col-md-4 d-flex justify-content-center align-items-center\">\n                            <a href=\"#environmental\" class=\"d-flex align-items-center text-center flex-column\" >\n                                <div class=\"rounded-circle icon icon__green\"><img decoding=\"async\" src=\"https:\/\/www.christeyns.com\/wp-content\/uploads\/2020\/03\/icon-environment.png\" alt=\"Environment\" class=\"rounded-circle\" ><\/div>\n                                <div class=\"icon-title\">Milj\u00f6<\/div>\n                            <\/a>\n                        <\/div>\n\n                        <div class=\"col-12 col-md-4 d-flex justify-content-center align-items-center\">\n                            <a href=\"#teamwork\" class=\"d-flex align-items-center text-center flex-column\" >\n                                <div class=\"rounded-circle icon icon__blue\"><img decoding=\"async\" src=\"https:\/\/www.christeyns.com\/wp-content\/uploads\/2020\/03\/icon-teamwork.png\" alt=\"Teamwork\" class=\"rounded-circle\" ><\/div>\n                                <div class=\"icon-title\">Laganda<\/div>\n                            <\/a>\n                        <\/div>\n\n                        <div class=\"col-12 col-md-4 d-flex justify-content-center align-items-center\">\n                            <a href=\"#charity-and-partnership\" class=\"d-flex align-items-center text-center flex-column\" >\n                                <div class=\"rounded-circle icon--last icon__white\"><img decoding=\"async\" src=\"https:\/\/www.christeyns.com\/wp-content\/uploads\/2020\/03\/icon-christeyns-foundation.png\" alt=\"Christeyns foundation\" class=\"rounded-circle\" ><\/div>\n                                <div class=\"icon-title\">Christeyns Stiftelse<\/div>\n                            <\/a>\n                        <\/div>\n                    <\/div>\n                <\/div>\n\n            <\/div>\n\n        [\/vc_column][\/vc_row][vc_row el_id=&#8221;community&#8221;][vc_column]\n        <div class=\"content-block full-width  background-white\" >\n            <div class=\"rownomargin\">\n                <div class=\"col-24 col-lg-14 offset-lg-5 col-xl-10 offset-xl-7 text-center mb-6 sm-p-0 text-wrap-balance\">\n                                            <h2 class=\"headingtwo text-blue text-uppercase bold text-center mb-4 heading__top-border-center\" >SAMH\u00c4LLSENGAGEMANG<\/h2>\n                    \n                                        <div class=\"text-center  content-block\" ><p>Som ett globalt f\u00f6retag vill vi ge tillbaka till samh\u00e4llet. Mobilisera m\u00e4nniskor. Bidra till ett varmt och inkluderande grannskap \u2013 ett grannskap som \u00e4r stolt \u00f6ver sin stad och medveten om sin milj\u00f6. Vi vill \u00e5teruppr\u00e4tta genuinitet och stimulera personliga m\u00f6ten f\u00f6r att \u00e5terf\u00f6rena m\u00e4nniskor och uppmuntra samarbete. Vill du tr\u00e4ffas?<\/p>\n<\/div>\n\n                    \n                    \n\n                <\/div>\n            <\/div>\n        <\/div>\n\n        [\/vc_column][\/vc_row][vc_row full_width=&#8221;stretch_row_content_no_spaces&#8221;][vc_column]            <div class=\"full-width  we-care-article-pale-blue mb-6 \" >\n                            <\/div>\n\n        [\/vc_column][\/vc_row][vc_row el_id=&#8221;charity-and-partnership&#8221;][vc_column]\n        <div class=\"content-block full-width  background-white\" >\n            <div class=\"rownomargin\">\n                <div class=\"col-24 col-lg-14 offset-lg-5 col-xl-10 offset-xl-7 text-center mb-6 sm-p-0 text-wrap-balance\">\n                                            <h2 class=\"headingtwo text-blue text-uppercase bold text-center mb-4 heading__top-border-center\" >Christeyns Stiftelse<\/h2>\n                    \n                                        <div class=\"text-center  content-block\" ><p>Christeyns sociala ansvar begr\u00e4nsar sig inte till samh\u00e4llsengagemang och urbana projekt, vi st\u00f6der \u00e4ven lokala CSR-initiativ och v\u00e4lg\u00f6renhetsevenemang f\u00f6r att \u00f6ka v\u00e5r positiva inverkan p\u00e5 samh\u00e4llet. Vi finansierar initiativ n\u00e4ra oss f\u00f6r att hj\u00e4lpa dem som beh\u00f6ver det mest och samlar in pengar och \u00f6kar medvetenheten f\u00f6r organisationer som vi brinner f\u00f6r. Vi g\u00f6r vad vi kan f\u00f6r att skapa en ljusare framtid f\u00f6r alla.<\/p>\n<\/div>\n\n                    \n                    \n\n                <\/div>\n            <\/div>\n        <\/div>\n\n        [\/vc_column][\/vc_row][vc_row full_width=&#8221;stretch_row_content_no_spaces&#8221;][vc_column]            <div class=\"full-width  background-gradient-blue-green mb-6 \" >\n                            <\/div>\n\n        [\/vc_column][\/vc_row][vc_row el_id=&#8221;innovation-and-education&#8221;][vc_column]\n        <div class=\"content-block full-width  background-white\" >\n            <div class=\"rownomargin\">\n                <div class=\"col-24 col-lg-14 offset-lg-5 col-xl-10 offset-xl-7 text-center mb-6 sm-p-0 text-wrap-balance\">\n                                            <h2 class=\"headingtwo text-blue text-uppercase bold text-center mb-4 heading__top-border-center heading__top-border-center__light-blue\" >Innovation och utbildning<\/h2>\n                    \n                                        <div class=\"text-center  content-block\" ><p>Christeyns \u00e4r f\u00f6rst och fr\u00e4mst ett kunskapsbaserat f\u00f6retag som v\u00e4rdes\u00e4tter innovation. Ett briljant team av hygienspecialister bedriver kontinuerligt grundlig forskning vid fyra olika forsknings- och utvecklingscenter i Europa f\u00f6r att tillgodose och f\u00f6rutse v\u00e5ra kunders behov. Vi skr\u00e4ddarsyr ocks\u00e5 v\u00e5r erfarenhet och inspirerar ivriga sinnen att str\u00e4va efter en renare framtid vid v\u00e5r egen akademi. Vi delar g\u00e4rna v\u00e5ra insikter med likasinnade m\u00e4nniskor som dig och dina kollegor.<\/p>\n<\/div>\n\n                    \n                    \n\n                <\/div>\n            <\/div>\n        <\/div>\n\n        [\/vc_column][\/vc_row][vc_row full_width=&#8221;stretch_row_content_no_spaces&#8221;][vc_column]            <div class=\"full-width  we-care-article-light-blue mb-6 \" >\n                            <\/div>\n\n        [\/vc_column][\/vc_row][vc_row el_id=&#8221;environmental&#8221;][vc_column]\n        <div class=\"content-block full-width  background-white\" >\n            <div class=\"rownomargin\">\n                <div class=\"col-24 col-lg-14 offset-lg-5 col-xl-10 offset-xl-7 text-center mb-6 sm-p-0 text-wrap-balance\">\n                                            <h2 class=\"headingtwo text-blue text-uppercase bold text-center mb-4 heading__top-border-center\" >Milj\u00f6projekt<\/h2>\n                    \n                                        <div class=\"text-center  content-block\" ><p>H\u00e5llbarhet \u00e4r ett tankes\u00e4tt. Ett beteende som man odlar varje dag. Vi vill anv\u00e4nda v\u00e5r r\u00e4ckvidd, infrastruktur och expertis f\u00f6r att st\u00f6dja st\u00e4der, f\u00f6retag, m\u00e4nniskor &#8230; samh\u00e4llet som helhet i \u00f6verg\u00e5ngen till en gr\u00f6n, ren och h\u00e4lsosam framtid. D\u00e4rf\u00f6r engagerar vi oss i lokala st\u00e4d- och klimatv\u00e4nliga initiativ och letar efter s\u00e4tt att minimera v\u00e5rt ekologiska fotavtryck. Vi hanterar transporter effektivt, effektiviserar processer, ser till att v\u00e5ra produkter \u00e4r s\u00e5 milj\u00f6v\u00e4nliga som m\u00f6jligt och str\u00e4var efter att generera st\u00f6rre delen av v\u00e5r el fr\u00e5n f\u00f6rnybara resurser som sol och vatten. Vi arbetar st\u00e4ndigt med oss sj\u00e4lva och v\u00e5ra produkter och bjuder in andra att inspirera oss. Vill du vara med?<\/p>\n<\/div>\n\n                    \n                    \n\n                <\/div>\n            <\/div>\n        <\/div>\n\n        [\/vc_column][\/vc_row][vc_row full_width=&#8221;stretch_row_content_no_spaces&#8221;][vc_column]            <div class=\"full-width  we-care-article-light-green mb-6 \" >\n                            <\/div>\n\n        [\/vc_column][\/vc_row][vc_row el_id=&#8221;teamwork&#8221;][vc_column]\n        <div class=\"content-block full-width  background-white\" >\n            <div class=\"rownomargin\">\n                <div class=\"col-24 col-lg-14 offset-lg-5 col-xl-10 offset-xl-7 text-center mb-6 sm-p-0 text-wrap-balance\">\n                                            <h2 class=\"headingtwo text-blue text-uppercase bold text-center mb-4 heading__top-border-center heading__top-border-center__grey-blue\" >Laganda<\/h2>\n                    \n                                        <div class=\"text-center  content-block\" ><p>Vi har vuxit fr\u00e5n ett litet familjef\u00f6retag 1947 till en internationell akt\u00f6r inom kemisk industri, inte bara genom diversifiering, utan ocks\u00e5 genom v\u00e5ra medarbetares innovation och engagemang. Det \u00e4r m\u00e4nniskorna som g\u00f6r Christeyns. Det \u00e4r de som har f\u00e5tt oss att gl\u00e4nsa i \u00f6ver 70 \u00e5r. F\u00f6r att ge dem alla m\u00f6jligheter de f\u00f6rtj\u00e4nar investerar vi i en h\u00e5llbar personalpolitik, i karri\u00e4rutveckling, kunskapsdelning, r\u00f6rlighet och lagarbete. Ta en n\u00e4rmare titt p\u00e5 vilka vi \u00e4r och l\u00e4r k\u00e4nna v\u00e5rt fantastiska team.<\/p>\n<\/div>\n\n                    \n                    \n\n                <\/div>\n            <\/div>\n        <\/div>\n\n        [\/vc_column][\/vc_row][vc_row full_width=&#8221;stretch_row_content_no_spaces&#8221;][vc_column]            <div class=\"full-width  we-care-article-grey-blue mb-default \" >\n                            <\/div>\n\n        [\/vc_column][\/vc_row][vc_row][vc_column]\n        <div class=\"full-width\">\n            <div class=\"rownomargin mb-default\">\n                <div class=\"col-24 col-sm-20 offset-sm-2 col-lg-16 offset-lg-4 sm-p-0\">\n                    <div class=\"gradient-text font-default text-center\">En Renare Framtid B\u00f6rjar Idag<\/div>\n                <\/div>\n            <\/div>\n        <\/div>\n\n        [\/vc_column][\/vc_row]<\/p>\n<\/div>","protected":false},"excerpt":{"rendered":"<p>[vc_row full_width=&#8221;stretch_row_content_no_spaces&#8221;][vc_column][\/vc_column][\/vc_row][vc_row el_id=&#8221;community&#8221;][vc_column][\/vc_column][\/vc_row][vc_row full_width=&#8221;stretch_row_content_no_spaces&#8221;][vc_column][\/vc_column][\/vc_row][vc_row el_id=&#8221;charity-and-partnership&#8221;][vc_column][\/vc_column][\/vc_row][vc_row full_width=&#8221;stretch_row_content_no_spaces&#8221;][vc_column][\/vc_column][\/vc_row][vc_row el_id=&#8221;innovation-and-education&#8221;][vc_column][\/vc_column][\/vc_row][vc_row full_width=&#8221;stretch_row_content_no_spaces&#8221;][vc_column][\/vc_column][\/vc_row][vc_row el_id=&#8221;environmental&#8221;][vc_column][\/vc_column][\/vc_row][vc_row full_width=&#8221;stretch_row_content_no_spaces&#8221;][vc_column][\/vc_column][\/vc_row][vc_row el_id=&#8221;teamwork&#8221;][vc_column][\/vc_column][\/vc_row][vc_row full_width=&#8221;stretch_row_content_no_spaces&#8221;][vc_column][\/vc_column][\/vc_row][vc_row][vc_column][\/vc_column][\/vc_row]<\/p>\n","protected":false},"author":1,"featured_media":0,"parent":0,"menu_order":407,"comment_status":"closed","ping_status":"closed","template":"","meta":{"_acf_changed":false,"content-type":"","footnotes":""},"class_list":["post-153437","page","type-page","status-publish","hentry"],"acf":[],"yoast_head":"<!-- This site is optimized with the Yoast SEO plugin v26.9 - https:\/\/yoast.com\/product\/yoast-seo-wordpress\/ -->\n<title>Vi bryr oss | Christeyns<\/title>\n<meta name=\"description\" content=\"Christeyns \u00e4r mer \u00e4n bara en hygienspecialist. L\u00e4s om hur vi str\u00e4var efter en renare framtid \u2013 en h\u00e4lsosam planet, ett h\u00e5llbart samh\u00e4lle och en lycklig du.\" \/>\n<meta name=\"robots\" content=\"index, follow, max-snippet:-1, max-image-preview:large, max-video-preview:-1\" \/>\n<link rel=\"canonical\" href=\"https:\/\/www.christeyns.com\/se-sv\/vi-bryr-oss\/\" \/>\n<meta property=\"og:locale\" content=\"sv_SE\" \/>\n<meta property=\"og:type\" content=\"article\" \/>\n<meta property=\"og:title\" content=\"Vi bryr oss | Christeyns\" \/>\n<meta property=\"og:description\" content=\"Christeyns \u00e4r mer \u00e4n bara en hygienspecialist. L\u00e4s om hur vi str\u00e4var efter en renare framtid \u2013 en h\u00e4lsosam planet, ett h\u00e5llbart samh\u00e4lle och en lycklig du.\" \/>\n<meta property=\"og:url\" content=\"https:\/\/www.christeyns.com\/se-sv\/vi-bryr-oss\/\" \/>\n<meta property=\"og:site_name\" content=\"Christeyns\" \/>\n<meta property=\"article:modified_time\" content=\"2026-01-22T08:18:55+00:00\" \/>\n<meta property=\"og:image\" content=\"https:\/\/www.christeyns.com\/wp-content\/uploads\/2018\/10\/christeyns-logo-shot.jpg\" \/>\n\t<meta property=\"og:image:width\" content=\"842\" \/>\n\t<meta property=\"og:image:height\" content=\"560\" \/>\n\t<meta property=\"og:image:type\" content=\"image\/jpeg\" \/>\n<meta name=\"twitter:card\" content=\"summary_large_image\" \/>\n<meta name=\"twitter:label1\" content=\"Est. reading time\" \/>\n\t<meta name=\"twitter:data1\" content=\"3 minuter\" \/>\n<script type=\"application\/ld+json\" class=\"yoast-schema-graph\">{\"@context\":\"https:\/\/schema.org\",\"@graph\":[{\"@type\":\"WebPage\",\"@id\":\"https:\/\/www.christeyns.com\/se-sv\/vi-bryr-oss\/\",\"url\":\"https:\/\/www.christeyns.com\/se-sv\/vi-bryr-oss\/\",\"name\":\"Vi bryr oss | Christeyns\",\"isPartOf\":{\"@id\":\"https:\/\/www.christeyns.com\/se-sv\/#website\"},\"datePublished\":\"2019-12-06T14:23:15+00:00\",\"dateModified\":\"2026-01-22T08:18:55+00:00\",\"description\":\"Christeyns \u00e4r mer \u00e4n bara en hygienspecialist. L\u00e4s om hur vi str\u00e4var efter en renare framtid \u2013 en h\u00e4lsosam planet, ett h\u00e5llbart samh\u00e4lle och en lycklig du.\",\"breadcrumb\":{\"@id\":\"https:\/\/www.christeyns.com\/se-sv\/vi-bryr-oss\/#breadcrumb\"},\"inLanguage\":\"sv-SE\",\"potentialAction\":[{\"@type\":\"ReadAction\",\"target\":[\"https:\/\/www.christeyns.com\/se-sv\/vi-bryr-oss\/\"]}]},{\"@type\":\"BreadcrumbList\",\"@id\":\"https:\/\/www.christeyns.com\/se-sv\/vi-bryr-oss\/#breadcrumb\",\"itemListElement\":[{\"@type\":\"ListItem\",\"position\":1,\"name\":\"Home\",\"item\":\"https:\/\/www.christeyns.com\/se-sv\/\"},{\"@type\":\"ListItem\",\"position\":2,\"name\":\"Vi bryr oss\"}]},{\"@type\":\"WebSite\",\"@id\":\"https:\/\/www.christeyns.com\/se-sv\/#website\",\"url\":\"https:\/\/www.christeyns.com\/se-sv\/\",\"name\":\"Christeyns\",\"description\":\"Christeyns - Striving for a cleaner future\",\"publisher\":{\"@id\":\"https:\/\/www.christeyns.com\/se-sv\/#organization\"},\"inLanguage\":\"sv-SE\"},{\"@type\":\"Organization\",\"@id\":\"https:\/\/www.christeyns.com\/se-sv\/#organization\",\"name\":\"Christeyns\",\"url\":\"https:\/\/www.christeyns.com\/se-sv\/\",\"logo\":{\"@type\":\"ImageObject\",\"inLanguage\":\"sv-SE\",\"@id\":\"https:\/\/www.christeyns.com\/se-sv\/#\/schema\/logo\/image\/\",\"url\":\"https:\/\/www.christeyns.com\/wp-content\/uploads\/2021\/06\/logo.png\",\"contentUrl\":\"https:\/\/www.christeyns.com\/wp-content\/uploads\/2021\/06\/logo.png\",\"width\":262,\"height\":40,\"caption\":\"Christeyns\"},\"image\":{\"@id\":\"https:\/\/www.christeyns.com\/se-sv\/#\/schema\/logo\/image\/\"},\"sameAs\":[\"https:\/\/www.linkedin.com\/company\/christeyns\",\"https:\/\/www.youtube.com\/c\/christeynshq\"]}]}<\/script>\n<!-- \/ Yoast SEO plugin. -->","yoast_head_json":{"title":"Vi bryr oss | Christeyns","description":"Christeyns \u00e4r mer \u00e4n bara en hygienspecialist. L\u00e4s om hur vi str\u00e4var efter en renare framtid \u2013 en h\u00e4lsosam planet, ett h\u00e5llbart samh\u00e4lle och en lycklig du.","robots":{"index":"index","follow":"follow","max-snippet":"max-snippet:-1","max-image-preview":"max-image-preview:large","max-video-preview":"max-video-preview:-1"},"canonical":"https:\/\/www.christeyns.com\/se-sv\/vi-bryr-oss\/","og_locale":"sv_SE","og_type":"article","og_title":"Vi bryr oss | Christeyns","og_description":"Christeyns \u00e4r mer \u00e4n bara en hygienspecialist. L\u00e4s om hur vi str\u00e4var efter en renare framtid \u2013 en h\u00e4lsosam planet, ett h\u00e5llbart samh\u00e4lle och en lycklig du.","og_url":"https:\/\/www.christeyns.com\/se-sv\/vi-bryr-oss\/","og_site_name":"Christeyns","article_modified_time":"2026-01-22T08:18:55+00:00","og_image":[{"width":842,"height":560,"url":"https:\/\/www.christeyns.com\/wp-content\/uploads\/2018\/10\/christeyns-logo-shot.jpg","type":"image\/jpeg"}],"twitter_card":"summary_large_image","twitter_misc":{"Est. reading time":"3 minuter"},"schema":{"@context":"https:\/\/schema.org","@graph":[{"@type":"WebPage","@id":"https:\/\/www.christeyns.com\/se-sv\/vi-bryr-oss\/","url":"https:\/\/www.christeyns.com\/se-sv\/vi-bryr-oss\/","name":"Vi bryr oss | Christeyns","isPartOf":{"@id":"https:\/\/www.christeyns.com\/se-sv\/#website"},"datePublished":"2019-12-06T14:23:15+00:00","dateModified":"2026-01-22T08:18:55+00:00","description":"Christeyns \u00e4r mer \u00e4n bara en hygienspecialist. L\u00e4s om hur vi str\u00e4var efter en renare framtid \u2013 en h\u00e4lsosam planet, ett h\u00e5llbart samh\u00e4lle och en lycklig du.","breadcrumb":{"@id":"https:\/\/www.christeyns.com\/se-sv\/vi-bryr-oss\/#breadcrumb"},"inLanguage":"sv-SE","potentialAction":[{"@type":"ReadAction","target":["https:\/\/www.christeyns.com\/se-sv\/vi-bryr-oss\/"]}]},{"@type":"BreadcrumbList","@id":"https:\/\/www.christeyns.com\/se-sv\/vi-bryr-oss\/#breadcrumb","itemListElement":[{"@type":"ListItem","position":1,"name":"Home","item":"https:\/\/www.christeyns.com\/se-sv\/"},{"@type":"ListItem","position":2,"name":"Vi bryr oss"}]},{"@type":"WebSite","@id":"https:\/\/www.christeyns.com\/se-sv\/#website","url":"https:\/\/www.christeyns.com\/se-sv\/","name":"Christeyns","description":"Christeyns - Striving for a cleaner future","publisher":{"@id":"https:\/\/www.christeyns.com\/se-sv\/#organization"},"inLanguage":"sv-SE"},{"@type":"Organization","@id":"https:\/\/www.christeyns.com\/se-sv\/#organization","name":"Christeyns","url":"https:\/\/www.christeyns.com\/se-sv\/","logo":{"@type":"ImageObject","inLanguage":"sv-SE","@id":"https:\/\/www.christeyns.com\/se-sv\/#\/schema\/logo\/image\/","url":"https:\/\/www.christeyns.com\/wp-content\/uploads\/2021\/06\/logo.png","contentUrl":"https:\/\/www.christeyns.com\/wp-content\/uploads\/2021\/06\/logo.png","width":262,"height":40,"caption":"Christeyns"},"image":{"@id":"https:\/\/www.christeyns.com\/se-sv\/#\/schema\/logo\/image\/"},"sameAs":["https:\/\/www.linkedin.com\/company\/christeyns","https:\/\/www.youtube.com\/c\/christeynshq"]}]}},"_links":{"self":[{"href":"https:\/\/www.christeyns.com\/se-sv\/wp-json\/wp\/v2\/pages\/153437","targetHints":{"allow":["GET"]}}],"collection":[{"href":"https:\/\/www.christeyns.com\/se-sv\/wp-json\/wp\/v2\/pages"}],"about":[{"href":"https:\/\/www.christeyns.com\/se-sv\/wp-json\/wp\/v2\/types\/page"}],"author":[{"embeddable":true,"href":"https:\/\/www.christeyns.com\/se-sv\/wp-json\/wp\/v2\/users\/1"}],"replies":[{"embeddable":true,"href":"https:\/\/www.christeyns.com\/se-sv\/wp-json\/wp\/v2\/comments?post=153437"}],"version-history":[{"count":4,"href":"https:\/\/www.christeyns.com\/se-sv\/wp-json\/wp\/v2\/pages\/153437\/revisions"}],"predecessor-version":[{"id":156006,"href":"https:\/\/www.christeyns.com\/se-sv\/wp-json\/wp\/v2\/pages\/153437\/revisions\/156006"}],"wp:attachment":[{"href":"https:\/\/www.christeyns.com\/se-sv\/wp-json\/wp\/v2\/media?parent=153437"}],"curies":[{"name":"wp","href":"https:\/\/api.w.org\/{rel}","templated":true}]}}