{"id":153411,"date":"2019-12-06T14:40:12","date_gmt":"2019-12-06T14:40:12","guid":{"rendered":"https:\/\/www.christeyns.com\/news\/"},"modified":"2026-01-22T08:13:08","modified_gmt":"2026-01-22T08:13:08","slug":"nyheter","status":"publish","type":"page","link":"https:\/\/www.christeyns.com\/se-sv\/nyheter\/","title":{"rendered":"Nyheter"},"content":{"rendered":"<div class=\"wpb-content-wrapper\"><p>[vc_row full_width=&#8221;stretch_row_content_no_spaces&#8221;][vc_column]\n            <div class=\"full-width sm-p-0\">\n                <div class=\"banner  banner__small banner-curve__white mb-6\">\n                    <picture class=\"banner-image\" >\n                        <source srcset=\"https:\/\/www.christeyns.com\/wp-content\/uploads\/2020\/01\/hero-background.jpg\" media=\"(min-width: 1110px)\">\n                        <source srcset=\"https:\/\/www.christeyns.com\/wp-content\/uploads\/2020\/01\/hero-background-1024x299.jpg\" media=\"(min-width: 321px) and (max-width: 1109px)\">\n                        <img decoding=\"async\" class=\"rellax\" src=\"https:\/\/www.christeyns.com\/wp-content\/uploads\/2020\/01\/hero-background-300x88.jpg\" alt=\"background of the image\" \/>\n                    <\/picture>\n\n                    <div class=\"banner-content-wrapper\" >\n                                                    <div class=\"rownomargin\"><div class=\"col-22 offset-1\"><nav class=\"breadcrumb-trail breadcrumb-trail--small\" aria-label=\"Br\u00f6dsmulor\" ><span><span><a href=\"https:\/\/www.christeyns.com\/se-sv\/\">Home<\/a><\/span><\/span><\/nav><\/div><\/div>\n                        \n                        <div class=\"banner-content col-24 col-md-16 col-lg-16 col-xl-12 text-center\">\n                                                            <h1 class=\"text-white text-uppercase\">F\u00e4rska nyheter<\/h1>\n                            \n                            \n                        <\/div>\n                    <\/div>\n                <\/div>\n            <\/div>\n\n        [\/vc_column][\/vc_row][vc_row][vc_column]\n            \n\n            <div class=\"container\">\n\n                \n                                \n                                <div id=\"news-articles-layout\" >\n\n                                                                            <a href=\"https:\/\/www.christeyns.com\/se-sv\/article\/webbinariumet-om-biofilm-fullbokat-se-inspelningen\/\" class=\"news-featured__link\" >\n                                            <div class=\"row justify-content-center flex-lg-row-reverse\">\n\n                                                <div class=\"col-24 col-lg-9 p-0\">\n                                                                                                            <picture class=\"news-featured__image\" >\n                                                            <source srcset=\"https:\/\/www.christeyns.com\/wp-content\/uploads\/2026\/02\/biofilm_shutterstock_369173630.jpg\" media=\"(min-width: 1110px)\">\n                                                            <source srcset=\"https:\/\/www.christeyns.com\/wp-content\/uploads\/2026\/02\/biofilm_shutterstock_369173630.jpg\" media=\"(min-width: 321px) and (max-width: 1109px)\">\n                                                            <img decoding=\"async\" src=\"https:\/\/www.christeyns.com\/wp-content\/uploads\/2026\/02\/biofilm_shutterstock_369173630-300x200.jpg\" alt=\"Webbinariumet om biofilm fullbokat, se inspelningen\" loading=\"lazy\" \/>\n                                                        <\/picture>\n                                                                                                    <\/div>\n                                                <div class=\"col-24 col-lg-9 p-0 gradient-dark-green-green\">\n                                                    <div class=\"news-featured__content\">\n                                                                                                                    <div class=\"news-featured__tag\">Evenemang<\/div>\n                                                                                                                <h2 class=\"news-featured__title pl-0\" >Webbinariumet om biofilm fullbokat, se inspelningen<\/h2>\n\n                                                        <div class=\"news-featured__date\"><time datetime=\"2026-03-16\" >16.03.2026<\/time><\/div>                                                    <\/div>\n                                                <\/div>\n\n                                            <\/div>\n                                        <\/a>\n                                    \n                                    <div id=\"news\">\n                                        <form action=\"https:\/\/www.christeyns.com\/se-sv\/nyheter\/\" method=\"get\" id=\"news-filter\" >\n                                            <div class=\"row\">\n                                                <div class=\"col-24 col-md-10 mb-4\">\n                                                    <div class=\"input-search search--grey\">\n                                                        <label for=\"article_search\" class=\"sr-only\" >S\u00f6k p\u00e5 nyckelord<\/label>\n                                                        <input type=\"search\" name=\"keyword\" class=\"search-main\" id=\"article_search\" value=\"\" placeholder=\"S\u00f6kord\" \/>\n                                                        <button type=\"submit\" aria-label=\"S\u00f6k\" >\n                                                            <svg aria-hidden=\"true\" focusable=\"false\" data-prefix=\"fas\" data-icon=\"search\" role=\"img\" xmlns=\"http:\/\/www.w3.org\/2000\/svg\" viewBox=\"0 0 512 512\" class=\"svg-inline--fa fa-search icon-small\"><path fill=\"currentColor\" d=\"M505 442.7L405.3 343c-4.5-4.5-10.6-7-17-7H372c27.6-35.3 44-79.7 44-128C416 93.1 322.9 0 208 0S0 93.1 0 208s93.1 208 208 208c48.3 0 92.7-16.4 128-44v16.3c0 6.4 2.5 12.5 7 17l99.7 99.7c9.4 9.4 24.6 9.4 33.9 0l28.3-28.3c9.4-9.4 9.4-24.6.1-34zM208 336c-70.7 0-128-57.2-128-128 0-70.7 57.2-128 128-128 70.7 0 128 57.2 128 128 0 70.7-57.2 128-128 128z\" class=\"\"><\/path><\/svg>\n                                                        <\/button>\n                                                    <\/div>\n                                                <\/div>\n                                                <div class=\"col-24 col-md-14 text-md-right category-filter-wrapper\">\n\n\n\n                                                    <div class=\"dropdown category-options\"><button class=\"btn btn-secondary dropdown-toggle\" type=\"button\" id=\"news-categories-1\" data-toggle=\"dropdown\" aria-haspopup=\"true\" aria-expanded=\"false\">Filtrera efter Bransch<\/button><div class=\"dropdown-menu dropdown-menu-right js-dropdown-menu\" role=\"menu\" aria-labelledby=\"news-categories-1\"> <button class=\"dropdown-item js-dropdown-item js-dropdown-item-default\" role=\"menuitem\" data-id=\"\" >Alla<\/button><button class=\"dropdown-item js-dropdown-item\" role=\"menuitem\" data-id=\"3744\" >F\u00f6retagsnyheter<\/button><button class=\"dropdown-item js-dropdown-item\" role=\"menuitem\" data-id=\"3745\" >Livsmedelsf\u00f6r\u00e4dling och detaljhandel<\/button><\/div><\/div><div class=\"dropdown category-options\"><button class=\"btn btn-secondary dropdown-toggle\" type=\"button\" id=\"news-categories-2\" data-toggle=\"dropdown\" aria-haspopup=\"true\" aria-expanded=\"false\">Filtrera efter Nyhetskategori<\/button><div class=\"dropdown-menu dropdown-menu-right js-dropdown-menu\" role=\"menu\" aria-labelledby=\"news-categories-2\"> <button class=\"dropdown-item js-dropdown-item js-dropdown-item-default\" role=\"menuitem\" data-id=\"\" >Alla<\/button><button class=\"dropdown-item js-dropdown-item\" role=\"menuitem\" data-id=\"3753\" >Evenemang<\/button><button class=\"dropdown-item js-dropdown-item\" role=\"menuitem\" data-id=\"3754\" >H\u00e4lsa och s\u00e4kerhet<\/button><button class=\"dropdown-item js-dropdown-item\" role=\"menuitem\" data-id=\"3757\" >\u00d6vning och utbildning<\/button><\/div><\/div>\n                                                    <input type=\"hidden\" name=\"category_id\" id=\"category_id\" value=\"\" >\n\n                                                <\/div>\n                                            <\/div>\n                                        <\/form>\n\n                                        <div class=\"mb-default\" id=\"news-articles-layout-wrapper\" >\n                                            <div class=\"row\" >\n                                                                                                \n                                                                                                                    <div class=\"col-24 col-md-8 col-lg-6 news-panel\">\n                                                                    <a href=\"https:\/\/www.christeyns.com\/se-sv\/article\/managing-and-controlling-biofilms-in-the-food-industry-webinar\/\" class=\"news-panel__image\" >\n                                                                                                                                                    <img decoding=\"async\" src=\"https:\/\/www.christeyns.com\/wp-content\/uploads\/2026\/02\/biofilm_shutterstock_369173630-540x360.jpg\" alt=\"Hantering och kontroll av biofilmer i livsmedelsindustrin: Webinar\">\n                                                                                                                                            <\/a>\n                                                                    <h2 class=\"news-panel__title\"><a href=\"https:\/\/www.christeyns.com\/se-sv\/article\/managing-and-controlling-biofilms-in-the-food-industry-webinar\/\" >Hantering och kontroll av biofilmer i livsmedelsindustrin: Webinar<\/a><\/h2>\n                                                                    <div class=\"news-panel__excerpt\"><p>Webinar-datum: Torsdag 26 februari Tid: 10:00\u201311:30 (CET) &nbsp; Biofilmer \u00e4r en av de mest ih\u00e5llande riskerna i livsmedelsbearbetningsmilj\u00f6er. Men hur bildas de, hur identifierar man dem och, viktigast av allt, hur kontrollerar och avl\u00e4gsnar man dem p\u00e5 ett s\u00e4kert s\u00e4tt? Delta i v\u00e5rt webinarium med experter: Grundl\u00e4ggande hygien: Hantering och kontroll av biofilmer i livsmedelsindustrin [&hellip;]<\/p>\n<\/div>\n                                                                    <div class=\"d-flex flex-row news-panel__excerpt mb-3\">\n                                                                                                                                                    <div class=\"news-panel__date pr-2\"><time datetime=\"2026-02-03\" >03.02.2026<\/time><\/div>\n                                                                                                                                            <\/div>\n                                                                    <div class=\"news-panel__link\"><a href=\"https:\/\/www.christeyns.com\/se-sv\/article\/managing-and-controlling-biofilms-in-the-food-industry-webinar\/\" class=\"btn btn-outline-blue\" aria-label=\"L\u00e4s mer omHantering och kontroll av biofilmer i livsmedelsindustrin: Webinar\" >L\u00e4s mer<\/a><\/div>\n                                                                <\/div>\n                                                                                                                            <div class=\"col-24 col-md-8 col-lg-6 news-panel\">\n                                                                    <a href=\"https:\/\/www.christeyns.com\/se-sv\/article\/loopix-listeria-avancerad-upptackt-livsmedelssakerhet\/\" class=\"news-panel__image\" >\n                                                                                                                                                    <img decoding=\"async\" src=\"https:\/\/www.christeyns.com\/wp-content\/uploads\/2025\/12\/fishing-industry-540x406.jpeg\" alt=\"H\u00f6jda krav p\u00e5 livsmedelss\u00e4kerhet: Norska fiskeindustrins framsteg\">\n                                                                                                                                            <\/a>\n                                                                    <h2 class=\"news-panel__title\"><a href=\"https:\/\/www.christeyns.com\/se-sv\/article\/loopix-listeria-avancerad-upptackt-livsmedelssakerhet\/\" >H\u00f6jda krav p\u00e5 livsmedelss\u00e4kerhet: Norska fiskeindustrins framsteg<\/a><\/h2>\n                                                                    <div class=\"news-panel__excerpt\"><p>Efterfr\u00e5gan p\u00e5 f\u00e4rska, f\u00e4rdiglagade m\u00e5ltider utan tillsatt salt, socker eller konstgjorda konserveringsmedel forts\u00e4tter att \u00f6ka, vilket \u00f6kar risken f\u00f6r Listeria monocytogenes. Norwegian Seafood har hanterat denna risk genom att anv\u00e4nda Christeyns avancerade uppt\u00e4cktsteknik, LoopiX, som ger kontamineringsrapporter p\u00e5 bara 90 minuter, vilket bidrar till att s\u00e4kerst\u00e4lla proaktiv livsmedelss\u00e4kerhet. &nbsp; Uppfyller moderna krav: snabbhet och s\u00e4kerhet [&hellip;]<\/p>\n<\/div>\n                                                                    <div class=\"d-flex flex-row news-panel__excerpt mb-3\">\n                                                                                                                                                    <div class=\"news-panel__date pr-2\"><time datetime=\"2025-12-09\" >09.12.2025<\/time><\/div>\n                                                                                                                                            <\/div>\n                                                                    <div class=\"news-panel__link\"><a href=\"https:\/\/www.christeyns.com\/se-sv\/article\/loopix-listeria-avancerad-upptackt-livsmedelssakerhet\/\" class=\"btn btn-outline-blue\" aria-label=\"L\u00e4s mer omH\u00f6jda krav p\u00e5 livsmedelss\u00e4kerhet: Norska fiskeindustrins framsteg\" >L\u00e4s mer<\/a><\/div>\n                                                                <\/div>\n                                                                                                                        <nav class=\"pagination-wrapper mt-4 col-24\" >\n                                                                                                                            <\/nav>\n                                                                                                    <\/div>\n                                        <\/div>\n                                    <\/div>\n\n                                <\/div>\n\n                            \n\n            <\/div>\n\n        [\/vc_column][\/vc_row]<\/p>\n<\/div>","protected":false},"excerpt":{"rendered":"<p>[vc_row full_width=&#8221;stretch_row_content_no_spaces&#8221;][vc_column][\/vc_column][\/vc_row][vc_row][vc_column][\/vc_column][\/vc_row]<\/p>\n","protected":false},"author":1,"featured_media":0,"parent":0,"menu_order":368,"comment_status":"closed","ping_status":"closed","template":"","meta":{"_acf_changed":false,"content-type":"","footnotes":""},"class_list":["post-153411","page","type-page","status-publish","hentry"],"acf":[],"yoast_head":"<!-- This site is optimized with the Yoast SEO plugin v26.9 - https:\/\/yoast.com\/product\/yoast-seo-wordpress\/ -->\n<title>H\u00e5ll dig uppdaterad om de senaste nyheterna fr\u00e5n Christeyns<\/title>\n<meta name=\"description\" content=\"H\u00e5ll dig uppdaterad om v\u00e5ra globala aktiviteter, senaste nyheter, evenemang och projekt p\u00e5 v\u00e5r Christeyns nyhetsida.\" \/>\n<meta name=\"robots\" content=\"index, follow, max-snippet:-1, max-image-preview:large, max-video-preview:-1\" \/>\n<link rel=\"canonical\" href=\"https:\/\/www.christeyns.com\/se-sv\/nyheter\/\" \/>\n<meta property=\"og:locale\" content=\"sv_SE\" \/>\n<meta property=\"og:type\" content=\"article\" \/>\n<meta property=\"og:title\" content=\"H\u00e5ll dig uppdaterad om de senaste nyheterna fr\u00e5n Christeyns\" \/>\n<meta property=\"og:description\" content=\"H\u00e5ll dig uppdaterad om v\u00e5ra globala aktiviteter, senaste nyheter, evenemang och projekt p\u00e5 v\u00e5r Christeyns nyhetsida.\" \/>\n<meta property=\"og:url\" content=\"https:\/\/www.christeyns.com\/se-sv\/nyheter\/\" \/>\n<meta property=\"og:site_name\" content=\"Christeyns\" \/>\n<meta property=\"article:modified_time\" content=\"2026-01-22T08:13:08+00:00\" \/>\n<meta property=\"og:image\" content=\"https:\/\/www.christeyns.com\/wp-content\/uploads\/2018\/10\/christeyns-logo-shot.jpg\" \/>\n\t<meta property=\"og:image:width\" content=\"842\" \/>\n\t<meta property=\"og:image:height\" content=\"560\" \/>\n\t<meta property=\"og:image:type\" content=\"image\/jpeg\" \/>\n<meta name=\"twitter:card\" content=\"summary_large_image\" \/>\n<meta name=\"twitter:label1\" content=\"Est. reading time\" \/>\n\t<meta name=\"twitter:data1\" content=\"1 minut\" \/>\n<script type=\"application\/ld+json\" class=\"yoast-schema-graph\">{\"@context\":\"https:\/\/schema.org\",\"@graph\":[{\"@type\":\"WebPage\",\"@id\":\"https:\/\/www.christeyns.com\/se-sv\/nyheter\/\",\"url\":\"https:\/\/www.christeyns.com\/se-sv\/nyheter\/\",\"name\":\"H\u00e5ll dig uppdaterad om de senaste nyheterna fr\u00e5n Christeyns\",\"isPartOf\":{\"@id\":\"https:\/\/www.christeyns.com\/se-sv\/#website\"},\"datePublished\":\"2019-12-06T14:40:12+00:00\",\"dateModified\":\"2026-01-22T08:13:08+00:00\",\"description\":\"H\u00e5ll dig uppdaterad om v\u00e5ra globala aktiviteter, senaste nyheter, evenemang och projekt p\u00e5 v\u00e5r Christeyns nyhetsida.\",\"breadcrumb\":{\"@id\":\"https:\/\/www.christeyns.com\/se-sv\/nyheter\/#breadcrumb\"},\"inLanguage\":\"sv-SE\",\"potentialAction\":[{\"@type\":\"ReadAction\",\"target\":[\"https:\/\/www.christeyns.com\/se-sv\/nyheter\/\"]}]},{\"@type\":\"BreadcrumbList\",\"@id\":\"https:\/\/www.christeyns.com\/se-sv\/nyheter\/#breadcrumb\",\"itemListElement\":[{\"@type\":\"ListItem\",\"position\":1,\"name\":\"Home\",\"item\":\"https:\/\/www.christeyns.com\/se-sv\/\"},{\"@type\":\"ListItem\",\"position\":2,\"name\":\"Nyheter\"}]},{\"@type\":\"WebSite\",\"@id\":\"https:\/\/www.christeyns.com\/se-sv\/#website\",\"url\":\"https:\/\/www.christeyns.com\/se-sv\/\",\"name\":\"Christeyns\",\"description\":\"Christeyns - Striving for a cleaner future\",\"publisher\":{\"@id\":\"https:\/\/www.christeyns.com\/se-sv\/#organization\"},\"inLanguage\":\"sv-SE\"},{\"@type\":\"Organization\",\"@id\":\"https:\/\/www.christeyns.com\/se-sv\/#organization\",\"name\":\"Christeyns\",\"url\":\"https:\/\/www.christeyns.com\/se-sv\/\",\"logo\":{\"@type\":\"ImageObject\",\"inLanguage\":\"sv-SE\",\"@id\":\"https:\/\/www.christeyns.com\/se-sv\/#\/schema\/logo\/image\/\",\"url\":\"https:\/\/www.christeyns.com\/wp-content\/uploads\/2021\/06\/logo.png\",\"contentUrl\":\"https:\/\/www.christeyns.com\/wp-content\/uploads\/2021\/06\/logo.png\",\"width\":262,\"height\":40,\"caption\":\"Christeyns\"},\"image\":{\"@id\":\"https:\/\/www.christeyns.com\/se-sv\/#\/schema\/logo\/image\/\"},\"sameAs\":[\"https:\/\/www.linkedin.com\/company\/christeyns\",\"https:\/\/www.youtube.com\/c\/christeynshq\"]}]}<\/script>\n<!-- \/ Yoast SEO plugin. -->","yoast_head_json":{"title":"H\u00e5ll dig uppdaterad om de senaste nyheterna fr\u00e5n Christeyns","description":"H\u00e5ll dig uppdaterad om v\u00e5ra globala aktiviteter, senaste nyheter, evenemang och projekt p\u00e5 v\u00e5r Christeyns nyhetsida.","robots":{"index":"index","follow":"follow","max-snippet":"max-snippet:-1","max-image-preview":"max-image-preview:large","max-video-preview":"max-video-preview:-1"},"canonical":"https:\/\/www.christeyns.com\/se-sv\/nyheter\/","og_locale":"sv_SE","og_type":"article","og_title":"H\u00e5ll dig uppdaterad om de senaste nyheterna fr\u00e5n Christeyns","og_description":"H\u00e5ll dig uppdaterad om v\u00e5ra globala aktiviteter, senaste nyheter, evenemang och projekt p\u00e5 v\u00e5r Christeyns nyhetsida.","og_url":"https:\/\/www.christeyns.com\/se-sv\/nyheter\/","og_site_name":"Christeyns","article_modified_time":"2026-01-22T08:13:08+00:00","og_image":[{"width":842,"height":560,"url":"https:\/\/www.christeyns.com\/wp-content\/uploads\/2018\/10\/christeyns-logo-shot.jpg","type":"image\/jpeg"}],"twitter_card":"summary_large_image","twitter_misc":{"Est. reading time":"1 minut"},"schema":{"@context":"https:\/\/schema.org","@graph":[{"@type":"WebPage","@id":"https:\/\/www.christeyns.com\/se-sv\/nyheter\/","url":"https:\/\/www.christeyns.com\/se-sv\/nyheter\/","name":"H\u00e5ll dig uppdaterad om de senaste nyheterna fr\u00e5n Christeyns","isPartOf":{"@id":"https:\/\/www.christeyns.com\/se-sv\/#website"},"datePublished":"2019-12-06T14:40:12+00:00","dateModified":"2026-01-22T08:13:08+00:00","description":"H\u00e5ll dig uppdaterad om v\u00e5ra globala aktiviteter, senaste nyheter, evenemang och projekt p\u00e5 v\u00e5r Christeyns nyhetsida.","breadcrumb":{"@id":"https:\/\/www.christeyns.com\/se-sv\/nyheter\/#breadcrumb"},"inLanguage":"sv-SE","potentialAction":[{"@type":"ReadAction","target":["https:\/\/www.christeyns.com\/se-sv\/nyheter\/"]}]},{"@type":"BreadcrumbList","@id":"https:\/\/www.christeyns.com\/se-sv\/nyheter\/#breadcrumb","itemListElement":[{"@type":"ListItem","position":1,"name":"Home","item":"https:\/\/www.christeyns.com\/se-sv\/"},{"@type":"ListItem","position":2,"name":"Nyheter"}]},{"@type":"WebSite","@id":"https:\/\/www.christeyns.com\/se-sv\/#website","url":"https:\/\/www.christeyns.com\/se-sv\/","name":"Christeyns","description":"Christeyns - Striving for a cleaner future","publisher":{"@id":"https:\/\/www.christeyns.com\/se-sv\/#organization"},"inLanguage":"sv-SE"},{"@type":"Organization","@id":"https:\/\/www.christeyns.com\/se-sv\/#organization","name":"Christeyns","url":"https:\/\/www.christeyns.com\/se-sv\/","logo":{"@type":"ImageObject","inLanguage":"sv-SE","@id":"https:\/\/www.christeyns.com\/se-sv\/#\/schema\/logo\/image\/","url":"https:\/\/www.christeyns.com\/wp-content\/uploads\/2021\/06\/logo.png","contentUrl":"https:\/\/www.christeyns.com\/wp-content\/uploads\/2021\/06\/logo.png","width":262,"height":40,"caption":"Christeyns"},"image":{"@id":"https:\/\/www.christeyns.com\/se-sv\/#\/schema\/logo\/image\/"},"sameAs":["https:\/\/www.linkedin.com\/company\/christeyns","https:\/\/www.youtube.com\/c\/christeynshq"]}]}},"_links":{"self":[{"href":"https:\/\/www.christeyns.com\/se-sv\/wp-json\/wp\/v2\/pages\/153411","targetHints":{"allow":["GET"]}}],"collection":[{"href":"https:\/\/www.christeyns.com\/se-sv\/wp-json\/wp\/v2\/pages"}],"about":[{"href":"https:\/\/www.christeyns.com\/se-sv\/wp-json\/wp\/v2\/types\/page"}],"author":[{"embeddable":true,"href":"https:\/\/www.christeyns.com\/se-sv\/wp-json\/wp\/v2\/users\/1"}],"replies":[{"embeddable":true,"href":"https:\/\/www.christeyns.com\/se-sv\/wp-json\/wp\/v2\/comments?post=153411"}],"version-history":[{"count":2,"href":"https:\/\/www.christeyns.com\/se-sv\/wp-json\/wp\/v2\/pages\/153411\/revisions"}],"predecessor-version":[{"id":155254,"href":"https:\/\/www.christeyns.com\/se-sv\/wp-json\/wp\/v2\/pages\/153411\/revisions\/155254"}],"wp:attachment":[{"href":"https:\/\/www.christeyns.com\/se-sv\/wp-json\/wp\/v2\/media?parent=153411"}],"curies":[{"name":"wp","href":"https:\/\/api.w.org\/{rel}","templated":true}]}}