{"id":851,"date":"2019-12-18T14:45:48","date_gmt":"2019-12-18T14:45:48","guid":{"rendered":"http:\/\/www.christeyns.com\/?page_id=851"},"modified":"2026-04-08T10:52:01","modified_gmt":"2026-04-08T10:52:01","slug":"cuidados-medicos-e-life-sciences","status":"publish","type":"page","link":"https:\/\/www.christeyns.com\/pt-pt\/industria\/cuidados-medicos-e-life-sciences\/","title":{"rendered":"Ind\u00fastrias Farmac\u00eautica \/ Cosm\u00e9tica e Higiene Hospitalar"},"content":{"rendered":"<div class=\"wpb-content-wrapper\"><p>[vc_row full_width=&#8221;stretch_row_content_no_spaces&#8221;][vc_column]\n            <div class=\"full-width sm-p-0 banner-content__image mb-6\">\n                <div class=\"banner banner__image banner-curve__white \">\n\n                    <div class=\"banner__image-wrapper\" >\n                        <picture class=\"banner-image\" >\n                            <source srcset=\"https:\/\/www.christeyns.com\/wp-content\/uploads\/2020\/05\/christeyns-academy-purple.jpg\" media=\"(min-width: 1110px)\">\n                            <source srcset=\"https:\/\/www.christeyns.com\/wp-content\/uploads\/2020\/05\/christeyns-academy-purple-1024x187.jpg\" media=\"(min-width: 321px) and (max-width: 1109px)\">\n                            <img decoding=\"async\" class=\"rellax\" src=\"https:\/\/www.christeyns.com\/wp-content\/uploads\/2020\/05\/christeyns-academy-purple-300x55.jpg\" alt=\"christeyns-academy-purple\" \/>\n                        <\/picture>\n                    <\/div>\n\n                    <div class=\"banner-content-wrapper d-flex flex-column\" >\n\n                                                    <div class=\"rownomargin mb-3 mb-xl-0\"><div class=\"col-22 offset-1\"><nav class=\"breadcrumb-trail breadcrumb-trail--small\" aria-label=\"Breadcrumb\" ><span><span><a href=\"https:\/\/www.christeyns.com\/pt-pt\/\">Home<\/a><\/span><\/span><\/nav><\/div><\/div>\n                        \n\n                        <div class=\"banner-content banner-content__small  col-24 col-md-16 col-lg-16 col-xl-14 text-center pt-0\">\n                            <h1 class=\"text-white text-uppercase\">Ind\u00fastrias Farmac\u00eautica \/ Cosm\u00e9tica &amp; Higiene Hospitalar<\/h1>                        <\/div>\n                    <\/div>\n\n                    <div class=\"circle_cta-wrapper\">\n                        <div class=\"circle_cta background-purple d-flex justify-content-center align-items-center\" >\n                            <img decoding=\"async\" src=\"https:\/\/www.christeyns.com\/wp-content\/uploads\/2020\/01\/icon-life-science.png\" alt=\"medical kit\"  class=\"img-fluid\"  loading=\"lazy\" >                        <\/div>\n                    <\/div>\n\n                <\/div>\n            <\/div>\n\n        [\/vc_column][\/vc_row][vc_row full_width=&#8221;stretch_row_content_no_spaces&#8221;][vc_column]\n        <div class=\"content-block full-width  background-white\" >\n            <div class=\"rownomargin\">\n                <div class=\"col-24 col-lg-14 offset-lg-5 col-xl-10 offset-xl-7 text-center mb-6 sm-p-0 text-wrap-balance\">\n                    \n                                        <div class=\"text-center  content-block\" ><p>Prevenir e combater as infe\u00e7\u00f5es associadas aos cuidados de sa\u00fade no setor m\u00e9dico.<\/p>\n<\/div>\n\n                    \n                    \n\n                <\/div>\n            <\/div>\n        <\/div>\n\n        [\/vc_column][\/vc_row][vc_row full_width=&#8221;stretch_row_content_no_spaces&#8221;][vc_column]            <div class=\"full-width\">\n                <div class=\"four-block mb-default\">\n                    <div class=\"rownomargin justify-content-center\">\n\n                        \n                            <div class=\"col-24 col-md-12 text-center four-block-col\" >\n                                <div class=\"four-block-background\" ><img decoding=\"async\" src=\"https:\/\/www.christeyns.com\/wp-content\/uploads\/2020\/12\/christeyns-medical-care-1024x446.jpg\" alt=\"Medical Care\" loading=\"lazy\" ><\/div>\n                                <div class=\"four-block-content \">\n                                    <div class=\"four-block-body \">\n                                                                                <h2 class=\"four-block-title text-white bold text-uppercase\">Medical Care<\/h2>\n                                        <div class=\"four-block-introduction\">Prevenir e combater as infe\u00e7\u00f5es associadas aos cuidados de sa\u00fade no setor m\u00e9dico.<\/div>\n                                                                                    <div><a href=\"https:\/\/www.christeyns.com\/pt-pt\/industria\/cuidados-medicos-e-life-sciences\/cuidados-medicos\/\" class=\"four-block-url btn btn-outline-white\" >Medical Care<\/a><\/div>\n                                                                            <\/div>\n                                <\/div>\n                            <\/div>\n\n                        \n                            <div class=\"col-24 col-md-12 text-center four-block-col\" >\n                                <div class=\"four-block-background\" ><img decoding=\"async\" src=\"https:\/\/www.christeyns.com\/wp-content\/uploads\/2020\/10\/life-sciences-1024x446.jpg\" alt=\"life sciences\" loading=\"lazy\" ><\/div>\n                                <div class=\"four-block-content \">\n                                    <div class=\"four-block-body \">\n                                                                                <h2 class=\"four-block-title text-white bold text-uppercase\">Life Sciences<\/h2>\n                                        <div class=\"four-block-introduction\">Solu\u00e7\u00f5es de higiene para ambientes est\u00e9reis e n\u00e3o est\u00e9reis na ind\u00fastria farmac\u00eautica, cosm\u00e9tica e de apoio \u00e0 investiga\u00e7\u00e3o.<\/div>\n                                                                                    <div><a href=\"https:\/\/www.christeyns.com\/pt-pt\/industria\/cuidados-medicos-e-life-sciences\/life-sciences\/\" class=\"four-block-url btn btn-outline-white\" >Life Sciences<\/a><\/div>\n                                                                            <\/div>\n                                <\/div>\n                            <\/div>\n\n                        \n                    <\/div>\n                <\/div>\n            <\/div>\n\n        [\/vc_column][\/vc_row][vc_row full_width=&#8221;stretch_row_content_no_spaces&#8221;][vc_column]            <div class=\"full-width   mb-6 \" >\n                \n            <div class=\"rownomargin\" >\n                <div class=\"col-24 col-md-22 offset-md-1 sm-py-0\" >\n                    <div class=\"rownomargin align-items-center news-header\">\n                        <div class=\"sm-p-0 col-md-18 news-title-wrapper \">\n                            <h3 class=\"text-blue text-uppercase sub-title\">Artigos de Cuidados m\u00e9dicos e Life Science<\/h3>\n                        <\/div>\n\n                                                    <div class=\"csm-p-0 ol-md-6 text-right \">\n                                <span class=\"link__view-all\"><a href=\"\/pt-pt\/novidades\/\" class=\"text-blue\" >Visualizar todos os artigos<\/a><\/span>\n                            <\/div>\n                                            <\/div>\n\n                    <div class=\"rownomargin mb-0 news-block news-block__blue\">\n                                                    <div class=\"col-lg-6 col-md-12 sm-p-0\">\n                                <article class=\"card\">\n                                    <a href=\"https:\/\/www.christeyns.com\/pt-pt\/article\/a-christeyns-marca-presenca-no-congresso-da-associacao-portuguesa-de-infecao-hospitalar-apih\/\" aria-label=\"Ler mais A Christeyns marca presen\u00e7a no congresso da Associa\u00e7\u00e3o Portuguesa de Infe\u00e7\u00e3o Hospitalar (APIH)\" class=\"card-link-image\" >\n                                                                                    <img decoding=\"async\" src=\"https:\/\/www.christeyns.com\/wp-content\/uploads\/2023\/10\/MicrosoftTeams-image-15-1024x705.jpg\" class=\"card-img-top\" alt=\"\" loading=\"lazy\">\n                                                                            <\/a>\n                                    <div class=\"card-body\">\n                                        <h4 class=\"card-title\"><a href=\"https:\/\/www.christeyns.com\/pt-pt\/article\/a-christeyns-marca-presenca-no-congresso-da-associacao-portuguesa-de-infecao-hospitalar-apih\/\" >A Christeyns marca presen\u00e7a no congresso da Associa\u00e7\u00e3o Portuguesa de Infe\u00e7\u00e3o Hospitalar (APIH)<\/a><\/h4>\n                                        <p class=\"card-text mb-3\">A Christeyns est\u00e1 na linha da frente com os profissionais de sa\u00fade! A nossa gama de produtos e dispositivos m\u00e9dicos&hellip;<\/p>\n                                        <div class=\"mt-auto\" >\n                                            <a href=\"https:\/\/www.christeyns.com\/pt-pt\/article\/a-christeyns-marca-presenca-no-congresso-da-associacao-portuguesa-de-infecao-hospitalar-apih\/\" class=\"btn btn-outline-blue\" aria-label=\"Ler mais A Christeyns marca presen\u00e7a no congresso da Associa\u00e7\u00e3o Portuguesa de Infe\u00e7\u00e3o Hospitalar (APIH)\" >Ler mais<\/a>\n                                        <\/div>\n                                    <\/div>\n                                <\/article>\n                            <\/div>\n                                            <\/div>\n                <\/div>\n            <\/div>\n\n                    <\/div>\n\n        \n        <div class=\"full-width\">\n            <div class=\"rownomargin mb-default\">\n                <div class=\"col-24 col-sm-20 offset-sm-2 col-lg-16 offset-lg-4 sm-p-0\">\n                    <div class=\"gradient-text font-default text-center\">FEEL SAFE WITH US<\/div>\n                <\/div>\n            <\/div>\n        <\/div>\n\n        [\/vc_column][\/vc_row]<\/p>\n<\/div>","protected":false},"excerpt":{"rendered":"<p>[vc_row full_width=&#8221;stretch_row_content_no_spaces&#8221;][vc_column][\/vc_column][\/vc_row][vc_row full_width=&#8221;stretch_row_content_no_spaces&#8221;][vc_column][\/vc_column][\/vc_row][vc_row full_width=&#8221;stretch_row_content_no_spaces&#8221;][vc_column][\/vc_column][\/vc_row][vc_row full_width=&#8221;stretch_row_content_no_spaces&#8221;][vc_column][\/vc_column][\/vc_row]<\/p>\n","protected":false},"author":1,"featured_media":0,"parent":472,"menu_order":575,"comment_status":"closed","ping_status":"closed","template":"","meta":{"_acf_changed":false,"content-type":"","footnotes":""},"class_list":["post-851","page","type-page","status-publish","hentry"],"acf":[],"yoast_head":"<!-- This site is optimized with the Yoast SEO plugin v26.9 - https:\/\/yoast.com\/product\/yoast-seo-wordpress\/ -->\n<title>Onde quer que a higiene seja a principal prioridade, a Christeyns est\u00e1 presente.<\/title>\n<meta name=\"description\" content=\"Solu\u00e7\u00f5es de higiene a n\u00edvel global para a ind\u00fastria m\u00e9dica, farmac\u00eautica, cosm\u00e9tica e de apoio \u00e0 investiga\u00e7\u00e3o.\" \/>\n<meta name=\"robots\" content=\"index, follow, max-snippet:-1, max-image-preview:large, max-video-preview:-1\" \/>\n<link rel=\"canonical\" href=\"https:\/\/www.christeyns.com\/pt-pt\/industria\/cuidados-medicos-e-life-sciences\/\" \/>\n<meta property=\"og:locale\" content=\"pt_PT\" \/>\n<meta property=\"og:type\" content=\"article\" \/>\n<meta property=\"og:title\" content=\"Onde quer que a higiene seja a principal prioridade, a Christeyns est\u00e1 presente.\" \/>\n<meta property=\"og:description\" content=\"Solu\u00e7\u00f5es de higiene a n\u00edvel global para a ind\u00fastria m\u00e9dica, farmac\u00eautica, cosm\u00e9tica e de apoio \u00e0 investiga\u00e7\u00e3o.\" \/>\n<meta property=\"og:url\" content=\"https:\/\/www.christeyns.com\/pt-pt\/industria\/cuidados-medicos-e-life-sciences\/\" \/>\n<meta property=\"og:site_name\" content=\"Christeyns\" \/>\n<meta property=\"article:modified_time\" content=\"2026-04-08T10:52:01+00:00\" \/>\n<meta property=\"og:image\" content=\"https:\/\/www.christeyns.com\/wp-content\/uploads\/2018\/10\/christeyns-logo-shot.jpg\" \/>\n\t<meta property=\"og:image:width\" content=\"842\" \/>\n\t<meta property=\"og:image:height\" content=\"560\" \/>\n\t<meta property=\"og:image:type\" content=\"image\/jpeg\" \/>\n<meta name=\"twitter:card\" content=\"summary_large_image\" \/>\n<meta name=\"twitter:label1\" content=\"Tempo estimado de leitura\" \/>\n\t<meta name=\"twitter:data1\" content=\"2 minutos\" \/>\n<script type=\"application\/ld+json\" class=\"yoast-schema-graph\">{\"@context\":\"https:\/\/schema.org\",\"@graph\":[{\"@type\":\"WebPage\",\"@id\":\"https:\/\/www.christeyns.com\/pt-pt\/industria\/cuidados-medicos-e-life-sciences\/\",\"url\":\"https:\/\/www.christeyns.com\/pt-pt\/industria\/cuidados-medicos-e-life-sciences\/\",\"name\":\"Onde quer que a higiene seja a principal prioridade, a Christeyns est\u00e1 presente.\",\"isPartOf\":{\"@id\":\"https:\/\/www.christeyns.com\/pt-pt\/#website\"},\"datePublished\":\"2019-12-18T14:45:48+00:00\",\"dateModified\":\"2026-04-08T10:52:01+00:00\",\"description\":\"Solu\u00e7\u00f5es de higiene a n\u00edvel global para a ind\u00fastria m\u00e9dica, farmac\u00eautica, cosm\u00e9tica e de apoio \u00e0 investiga\u00e7\u00e3o.\",\"breadcrumb\":{\"@id\":\"https:\/\/www.christeyns.com\/pt-pt\/industria\/cuidados-medicos-e-life-sciences\/#breadcrumb\"},\"inLanguage\":\"pt-PT\",\"potentialAction\":[{\"@type\":\"ReadAction\",\"target\":[\"https:\/\/www.christeyns.com\/pt-pt\/industria\/cuidados-medicos-e-life-sciences\/\"]}]},{\"@type\":\"BreadcrumbList\",\"@id\":\"https:\/\/www.christeyns.com\/pt-pt\/industria\/cuidados-medicos-e-life-sciences\/#breadcrumb\",\"itemListElement\":[{\"@type\":\"ListItem\",\"position\":1,\"name\":\"Home\",\"item\":\"https:\/\/www.christeyns.com\/pt-pt\/\"},{\"@type\":\"ListItem\",\"position\":2,\"name\":\"Ind\u00fastria\",\"item\":\"https:\/\/www.christeyns.com\/pt-pt\/industria\/\"},{\"@type\":\"ListItem\",\"position\":3,\"name\":\"Ind\u00fastrias Farmac\u00eautica \/ Cosm\u00e9tica e Higiene Hospitalar\"}]},{\"@type\":\"WebSite\",\"@id\":\"https:\/\/www.christeyns.com\/pt-pt\/#website\",\"url\":\"https:\/\/www.christeyns.com\/pt-pt\/\",\"name\":\"Christeyns\",\"description\":\"Christeyns - Striving for a cleaner future\",\"publisher\":{\"@id\":\"https:\/\/www.christeyns.com\/pt-pt\/#organization\"},\"inLanguage\":\"pt-PT\"},{\"@type\":\"Organization\",\"@id\":\"https:\/\/www.christeyns.com\/pt-pt\/#organization\",\"name\":\"Christeyns\",\"url\":\"https:\/\/www.christeyns.com\/pt-pt\/\",\"logo\":{\"@type\":\"ImageObject\",\"inLanguage\":\"pt-PT\",\"@id\":\"https:\/\/www.christeyns.com\/pt-pt\/#\/schema\/logo\/image\/\",\"url\":\"https:\/\/www.christeyns.com\/wp-content\/uploads\/2021\/06\/logo.png\",\"contentUrl\":\"https:\/\/www.christeyns.com\/wp-content\/uploads\/2021\/06\/logo.png\",\"width\":262,\"height\":40,\"caption\":\"Christeyns\"},\"image\":{\"@id\":\"https:\/\/www.christeyns.com\/pt-pt\/#\/schema\/logo\/image\/\"},\"sameAs\":[\"https:\/\/www.linkedin.com\/company\/christeyns\",\"https:\/\/www.youtube.com\/c\/christeynshq\"]}]}<\/script>\n<!-- \/ Yoast SEO plugin. -->","yoast_head_json":{"title":"Onde quer que a higiene seja a principal prioridade, a Christeyns est\u00e1 presente.","description":"Solu\u00e7\u00f5es de higiene a n\u00edvel global para a ind\u00fastria m\u00e9dica, farmac\u00eautica, cosm\u00e9tica e de apoio \u00e0 investiga\u00e7\u00e3o.","robots":{"index":"index","follow":"follow","max-snippet":"max-snippet:-1","max-image-preview":"max-image-preview:large","max-video-preview":"max-video-preview:-1"},"canonical":"https:\/\/www.christeyns.com\/pt-pt\/industria\/cuidados-medicos-e-life-sciences\/","og_locale":"pt_PT","og_type":"article","og_title":"Onde quer que a higiene seja a principal prioridade, a Christeyns est\u00e1 presente.","og_description":"Solu\u00e7\u00f5es de higiene a n\u00edvel global para a ind\u00fastria m\u00e9dica, farmac\u00eautica, cosm\u00e9tica e de apoio \u00e0 investiga\u00e7\u00e3o.","og_url":"https:\/\/www.christeyns.com\/pt-pt\/industria\/cuidados-medicos-e-life-sciences\/","og_site_name":"Christeyns","article_modified_time":"2026-04-08T10:52:01+00:00","og_image":[{"width":842,"height":560,"url":"https:\/\/www.christeyns.com\/wp-content\/uploads\/2018\/10\/christeyns-logo-shot.jpg","type":"image\/jpeg"}],"twitter_card":"summary_large_image","twitter_misc":{"Tempo estimado de leitura":"2 minutos"},"schema":{"@context":"https:\/\/schema.org","@graph":[{"@type":"WebPage","@id":"https:\/\/www.christeyns.com\/pt-pt\/industria\/cuidados-medicos-e-life-sciences\/","url":"https:\/\/www.christeyns.com\/pt-pt\/industria\/cuidados-medicos-e-life-sciences\/","name":"Onde quer que a higiene seja a principal prioridade, a Christeyns est\u00e1 presente.","isPartOf":{"@id":"https:\/\/www.christeyns.com\/pt-pt\/#website"},"datePublished":"2019-12-18T14:45:48+00:00","dateModified":"2026-04-08T10:52:01+00:00","description":"Solu\u00e7\u00f5es de higiene a n\u00edvel global para a ind\u00fastria m\u00e9dica, farmac\u00eautica, cosm\u00e9tica e de apoio \u00e0 investiga\u00e7\u00e3o.","breadcrumb":{"@id":"https:\/\/www.christeyns.com\/pt-pt\/industria\/cuidados-medicos-e-life-sciences\/#breadcrumb"},"inLanguage":"pt-PT","potentialAction":[{"@type":"ReadAction","target":["https:\/\/www.christeyns.com\/pt-pt\/industria\/cuidados-medicos-e-life-sciences\/"]}]},{"@type":"BreadcrumbList","@id":"https:\/\/www.christeyns.com\/pt-pt\/industria\/cuidados-medicos-e-life-sciences\/#breadcrumb","itemListElement":[{"@type":"ListItem","position":1,"name":"Home","item":"https:\/\/www.christeyns.com\/pt-pt\/"},{"@type":"ListItem","position":2,"name":"Ind\u00fastria","item":"https:\/\/www.christeyns.com\/pt-pt\/industria\/"},{"@type":"ListItem","position":3,"name":"Ind\u00fastrias Farmac\u00eautica \/ Cosm\u00e9tica e Higiene Hospitalar"}]},{"@type":"WebSite","@id":"https:\/\/www.christeyns.com\/pt-pt\/#website","url":"https:\/\/www.christeyns.com\/pt-pt\/","name":"Christeyns","description":"Christeyns - Striving for a cleaner future","publisher":{"@id":"https:\/\/www.christeyns.com\/pt-pt\/#organization"},"inLanguage":"pt-PT"},{"@type":"Organization","@id":"https:\/\/www.christeyns.com\/pt-pt\/#organization","name":"Christeyns","url":"https:\/\/www.christeyns.com\/pt-pt\/","logo":{"@type":"ImageObject","inLanguage":"pt-PT","@id":"https:\/\/www.christeyns.com\/pt-pt\/#\/schema\/logo\/image\/","url":"https:\/\/www.christeyns.com\/wp-content\/uploads\/2021\/06\/logo.png","contentUrl":"https:\/\/www.christeyns.com\/wp-content\/uploads\/2021\/06\/logo.png","width":262,"height":40,"caption":"Christeyns"},"image":{"@id":"https:\/\/www.christeyns.com\/pt-pt\/#\/schema\/logo\/image\/"},"sameAs":["https:\/\/www.linkedin.com\/company\/christeyns","https:\/\/www.youtube.com\/c\/christeynshq"]}]}},"_links":{"self":[{"href":"https:\/\/www.christeyns.com\/pt-pt\/wp-json\/wp\/v2\/pages\/851","targetHints":{"allow":["GET"]}}],"collection":[{"href":"https:\/\/www.christeyns.com\/pt-pt\/wp-json\/wp\/v2\/pages"}],"about":[{"href":"https:\/\/www.christeyns.com\/pt-pt\/wp-json\/wp\/v2\/types\/page"}],"author":[{"embeddable":true,"href":"https:\/\/www.christeyns.com\/pt-pt\/wp-json\/wp\/v2\/users\/1"}],"replies":[{"embeddable":true,"href":"https:\/\/www.christeyns.com\/pt-pt\/wp-json\/wp\/v2\/comments?post=851"}],"version-history":[{"count":11,"href":"https:\/\/www.christeyns.com\/pt-pt\/wp-json\/wp\/v2\/pages\/851\/revisions"}],"predecessor-version":[{"id":164798,"href":"https:\/\/www.christeyns.com\/pt-pt\/wp-json\/wp\/v2\/pages\/851\/revisions\/164798"}],"up":[{"embeddable":true,"href":"https:\/\/www.christeyns.com\/pt-pt\/wp-json\/wp\/v2\/pages\/472"}],"wp:attachment":[{"href":"https:\/\/www.christeyns.com\/pt-pt\/wp-json\/wp\/v2\/media?parent=851"}],"curies":[{"name":"wp","href":"https:\/\/api.w.org\/{rel}","templated":true}]}}