{"id":500,"date":"2019-12-18T12:09:01","date_gmt":"2019-12-18T12:09:01","guid":{"rendered":"http:\/\/www.christeyns.com\/?page_id=500"},"modified":"2021-05-11T13:57:07","modified_gmt":"2021-05-11T13:57:07","slug":"tratamento-textil-profissional","status":"publish","type":"page","link":"https:\/\/www.christeyns.com\/pt-pt\/industria\/tratamento-textil-profissional\/","title":{"rendered":"Tratamento T\u00eaxtil Profissional"},"content":{"rendered":"<div class=\"wpb-content-wrapper\"><p>[vc_row full_width=&#8221;stretch_row_content_no_spaces&#8221;][vc_column]\n            <div class=\"full-width sm-p-0 banner-content__image mb-6\">\n                <div class=\"banner banner__image banner-curve__white \">\n\n                    <div class=\"banner__image-wrapper\" >\n                        <picture class=\"banner-image\" >\n                            <source srcset=\"https:\/\/www.christeyns.com\/wp-content\/uploads\/2020\/05\/christeyns-academy-blue.jpg\" media=\"(min-width: 1110px)\">\n                            <source srcset=\"https:\/\/www.christeyns.com\/wp-content\/uploads\/2020\/05\/christeyns-academy-blue-1024x187.jpg\" media=\"(min-width: 321px) and (max-width: 1109px)\">\n                            <img decoding=\"async\" class=\"rellax\" src=\"https:\/\/www.christeyns.com\/wp-content\/uploads\/2020\/05\/christeyns-academy-blue-300x55.jpg\" alt=\"textil csre background\" \/>\n                        <\/picture>\n                    <\/div>\n\n                    <div class=\"banner-content-wrapper d-flex flex-column\" >\n\n                                                    <div class=\"rownomargin mb-3 mb-xl-0\"><div class=\"col-22 offset-1\"><nav class=\"breadcrumb-trail breadcrumb-trail--small\" aria-label=\"Breadcrumb\" ><span><span><a href=\"https:\/\/www.christeyns.com\/pt-pt\/\">Home<\/a><\/span><\/span><\/nav><\/div><\/div>\n                        \n\n                        <div class=\"banner-content banner-content__small  col-24 col-md-16 col-lg-16 col-xl-14 text-center pt-0\">\n                            <h1 class=\"text-white text-uppercase\">Tratamento t\u00eaxtil profissional<\/h1>                        <\/div>\n                    <\/div>\n\n                    <div class=\"circle_cta-wrapper\">\n                        <div class=\"circle_cta background-blue d-flex justify-content-center align-items-center\" >\n                            <img decoding=\"async\" src=\"https:\/\/www.christeyns.com\/wp-content\/uploads\/2020\/01\/icon-laundry.png\" alt=\"laundry\"  class=\"img-fluid\"  loading=\"lazy\" >                        <\/div>\n                    <\/div>\n\n                <\/div>\n            <\/div>\n\n        [\/vc_column][\/vc_row][vc_row full_width=&#8221;stretch_row_content_no_spaces&#8221;][vc_column]\n        <div class=\"content-block full-width  background-white\" >\n            <div class=\"rownomargin\">\n                <div class=\"col-24 col-lg-14 offset-lg-5 col-xl-10 offset-xl-7 text-center mb-6 sm-p-0 text-wrap-balance\">\n                    \n                                        <div class=\"text-center  content-block\" ><p>Solu\u00e7\u00f5es de tratamento t\u00eaxtil profissional orientadas para o seu neg\u00f3cio de lavandaria. <\/p>\n<\/div>\n\n                    \n                    \n\n                <\/div>\n            <\/div>\n        <\/div>\n\n                    <div class=\"full-width\">\n                <div class=\"four-block mb-default\">\n                    <div class=\"rownomargin justify-content-center\">\n\n                        \n                            <div class=\"col-24 col-md-8 text-center four-block-col\" >\n                                <div class=\"four-block-background\" ><img decoding=\"async\" src=\"https:\/\/www.christeyns.com\/wp-content\/uploads\/2021\/04\/Industrial-Laundries-Overview.jpg\" alt=\"Industrial Laundries\" loading=\"lazy\" ><\/div>\n                                <div class=\"four-block-content \">\n                                    <div class=\"four-block-body \">\n                                                                                <h2 class=\"four-block-title text-white bold text-uppercase\">Lavandarias industriais<\/h2>\n                                        <div class=\"four-block-introduction\">Otimiza\u00e7\u00e3o de processos de limpeza industrial.<\/div>\n                                                                                    <div><a href=\"https:\/\/www.christeyns.com\/pt-pt\/industria\/tratamento-textil-profissional\/lavandarias-profissionais\/\" class=\"four-block-url btn btn-outline-white\" >Lavandarias industriais<\/a><\/div>\n                                                                            <\/div>\n                                <\/div>\n                            <\/div>\n\n                        \n                            <div class=\"col-24 col-md-8 text-center four-block-col\" >\n                                <div class=\"four-block-background\" ><img decoding=\"async\" src=\"https:\/\/www.christeyns.com\/wp-content\/uploads\/2021\/04\/on-premise-laundry-Overview-1.jpg\" alt=\"On Premise Laundry\" loading=\"lazy\" ><\/div>\n                                <div class=\"four-block-content \">\n                                    <div class=\"four-block-body \">\n                                                                                <h2 class=\"four-block-title text-white bold text-uppercase\">Lavandarias Internas<\/h2>\n                                        <div class=\"four-block-introduction\">Simplificando os processos internos de lavandaria.<\/div>\n                                                                                    <div><a href=\"https:\/\/www.christeyns.com\/pt-pt\/industria\/tratamento-textil-profissional\/lavandarias-internas\/\" class=\"four-block-url btn btn-outline-white\" >Lavandarias Internas<\/a><\/div>\n                                                                            <\/div>\n                                <\/div>\n                            <\/div>\n\n                        \n                            <div class=\"col-24 col-md-8 text-center four-block-col\" >\n                                <div class=\"four-block-background\" ><img decoding=\"async\" src=\"https:\/\/www.christeyns.com\/wp-content\/uploads\/2021\/04\/dry-wet-cleaning-Overview.jpg\" alt=\"Dry & Wet Cleaning\" loading=\"lazy\" ><\/div>\n                                <div class=\"four-block-content \">\n                                    <div class=\"four-block-body \">\n                                                                                <h2 class=\"four-block-title text-white bold text-uppercase\">Estabelecimentos de limpeza a seco e a molhado<\/h2>\n                                        <div class=\"four-block-introduction\">Tratamento cuidadoso para tecidos delicados<\/div>\n                                                                                    <div><a href=\"https:\/\/www.christeyns.com\/pt-pt\/industria\/tratamento-textil-profissional\/limpeza-a-seco-e-molhado\/\" class=\"four-block-url btn btn-outline-white\" >Estabelecimentos de limpeza a seco e a molhado<\/a><\/div>\n                                                                            <\/div>\n                                <\/div>\n                            <\/div>\n\n                        \n                    <\/div>\n                <\/div>\n            <\/div>\n\n                    <div class=\"full-width   mb-6 \" >\n                \n            <div class=\"rownomargin\" >\n                <div class=\"col-24 col-md-22 offset-md-1 sm-py-0\" >\n                    <div class=\"rownomargin align-items-center news-header\">\n                        <div class=\"sm-p-0 col-md-18 news-title-wrapper \">\n                            <h3 class=\"text-blue text-uppercase sub-title\">Artigos sobre tratamento t\u00eaxtil<\/h3>\n                        <\/div>\n\n                                                    <div class=\"csm-p-0 ol-md-6 text-right \">\n                                <span class=\"link__view-all\"><a href=\"\/pt-pt\/novidades\/?keyword=&category_id=435\" class=\"text-blue\" >Visualizar todos os artigos<\/a><\/span>\n                            <\/div>\n                                            <\/div>\n\n                    <div class=\"rownomargin mb-0 news-block news-block__blue\">\n                                                    <div class=\"col-lg-6 col-md-12 sm-p-0\">\n                                <article class=\"card\">\n                                    <a href=\"https:\/\/www.christeyns.com\/pt-pt\/article\/10-anos-cool-chemistry\/\" aria-label=\"Ler mais 10 anos Cool Chemistry!\" class=\"card-link-image\" >\n                                                                                    <img decoding=\"async\" src=\"https:\/\/www.christeyns.com\/wp-content\/uploads\/2023\/10\/Copy-of-REVESION-of-CC-Anniversary-1024x1024.jpg\" class=\"card-img-top\" alt=\"\" loading=\"lazy\">\n                                                                            <\/a>\n                                    <div class=\"card-body\">\n                                        <h4 class=\"card-title\"><a href=\"https:\/\/www.christeyns.com\/pt-pt\/article\/10-anos-cool-chemistry\/\" >10 anos Cool Chemistry!<\/a><\/h4>\n                                        <p class=\"card-text mb-3\">Temos o prazer de anunciar um marco significativo na nossa jornada de inova\u00e7\u00e3o - o 10\u00ba anivers\u00e1rio da Cool Chemistry!&hellip;<\/p>\n                                        <div class=\"mt-auto\" >\n                                            <a href=\"https:\/\/www.christeyns.com\/pt-pt\/article\/10-anos-cool-chemistry\/\" class=\"btn btn-outline-blue\" aria-label=\"Ler mais 10 anos Cool Chemistry!\" >Ler mais<\/a>\n                                        <\/div>\n                                    <\/div>\n                                <\/article>\n                            <\/div>\n                                                    <div class=\"col-lg-6 col-md-12 sm-p-0\">\n                                <article class=\"card\">\n                                    <a href=\"https:\/\/www.christeyns.com\/pt-pt\/article\/como-tratar-lencois-infestados-por-percevejos\/\" aria-label=\"Ler mais Como tratar len\u00e7\u00f3is infestados por percevejos?\" class=\"card-link-image\" >\n                                                                                    <img decoding=\"async\" src=\"https:\/\/www.christeyns.com\/wp-content\/uploads\/2023\/10\/bed-bugs_shutterstock_1031701825-1024x683.jpg\" class=\"card-img-top\" alt=\"\" loading=\"lazy\">\n                                                                            <\/a>\n                                    <div class=\"card-body\">\n                                        <h4 class=\"card-title\"><a href=\"https:\/\/www.christeyns.com\/pt-pt\/article\/como-tratar-lencois-infestados-por-percevejos\/\" >Como tratar len\u00e7\u00f3is infestados por percevejos?<\/a><\/h4>\n                                        <p class=\"card-text mb-3\">Os percevejos de cama s\u00e3o pequenos insetos castanhos-vermelhos bem conhecidos por infestar camas e alimentarem-se de seres humanos enquanto dormem.&hellip;<\/p>\n                                        <div class=\"mt-auto\" >\n                                            <a href=\"https:\/\/www.christeyns.com\/pt-pt\/article\/como-tratar-lencois-infestados-por-percevejos\/\" class=\"btn btn-outline-blue\" aria-label=\"Ler mais Como tratar len\u00e7\u00f3is infestados por percevejos?\" >Ler mais<\/a>\n                                        <\/div>\n                                    <\/div>\n                                <\/article>\n                            <\/div>\n                                                    <div class=\"col-lg-6 col-md-12 sm-p-0\">\n                                <article class=\"card\">\n                                    <a href=\"https:\/\/www.christeyns.com\/pt-pt\/article\/diga-adeus-as-nodoas-de-polyquaternium-com-smart-shield\/\" aria-label=\"Ler mais Diga adeus \u00e0s n\u00f3doas de poliquaternium com Smart Shield\" class=\"card-link-image\" >\n                                                                                    <img decoding=\"async\" src=\"https:\/\/www.christeyns.com\/wp-content\/uploads\/2023\/05\/Smart-Shield_Final-crop-1024x535.jpg\" class=\"card-img-top\" alt=\"\" loading=\"lazy\">\n                                                                            <\/a>\n                                    <div class=\"card-body\">\n                                        <h4 class=\"card-title\"><a href=\"https:\/\/www.christeyns.com\/pt-pt\/article\/diga-adeus-as-nodoas-de-polyquaternium-com-smart-shield\/\" >Diga adeus \u00e0s n\u00f3doas de poliquaternium com Smart Shield<\/a><\/h4>\n                                        <p class=\"card-text mb-3\">A nossa equipa de I&amp;D desenvolveu o Smart Shield, um aditivo l\u00edquido especial que previne a forma\u00e7\u00e3o de manchas escuras&hellip;<\/p>\n                                        <div class=\"mt-auto\" >\n                                            <a href=\"https:\/\/www.christeyns.com\/pt-pt\/article\/diga-adeus-as-nodoas-de-polyquaternium-com-smart-shield\/\" class=\"btn btn-outline-blue\" aria-label=\"Ler mais Diga adeus \u00e0s n\u00f3doas de poliquaternium com Smart Shield\" >Ler mais<\/a>\n                                        <\/div>\n                                    <\/div>\n                                <\/article>\n                            <\/div>\n                                                    <div class=\"col-lg-6 col-md-12 sm-p-0\">\n                                <article class=\"card\">\n                                    <a href=\"https:\/\/www.christeyns.com\/pt-pt\/article\/diminua-sua-conta-energia-com-heat-x-energo\/\" aria-label=\"Ler mais Diminua a sua conta de energia com Heat-X Energo\" class=\"card-link-image\" >\n                                                                                    <img decoding=\"async\" src=\"https:\/\/www.christeyns.com\/wp-content\/uploads\/2023\/02\/HeatX_Energo_2022_news-article_1100x311px_EN_SB-2-1024x711.jpg\" class=\"card-img-top\" alt=\"\" loading=\"lazy\">\n                                                                            <\/a>\n                                    <div class=\"card-body\">\n                                        <h4 class=\"card-title\"><a href=\"https:\/\/www.christeyns.com\/pt-pt\/article\/diminua-sua-conta-energia-com-heat-x-energo\/\" >Diminua a sua conta de energia com Heat-X Energo<\/a><\/h4>\n                                        <p class=\"card-text mb-3\">Para as lavandarias comerciais, a recupera\u00e7\u00e3o de calor desperdi\u00e7ado representa uma excelente oportunidade para aumentar a efic\u00e1cia, poupar nos custos&hellip;<\/p>\n                                        <div class=\"mt-auto\" >\n                                            <a href=\"https:\/\/www.christeyns.com\/pt-pt\/article\/diminua-sua-conta-energia-com-heat-x-energo\/\" class=\"btn btn-outline-blue\" aria-label=\"Ler mais Diminua a sua conta de energia com Heat-X Energo\" >Ler mais<\/a>\n                                        <\/div>\n                                    <\/div>\n                                <\/article>\n                            <\/div>\n                                            <\/div>\n                <\/div>\n            <\/div>\n\n                    <\/div>\n\n        \n        <div class=\"full-width\">\n            <div class=\"rownomargin mb-default\">\n                <div class=\"col-24 col-sm-20 offset-sm-2 col-lg-16 offset-lg-4 sm-p-0\">\n                    <div class=\"gradient-text font-default text-center\">Passionate About Laundry<\/div>\n                <\/div>\n            <\/div>\n        <\/div>\n\n        [\/vc_column][\/vc_row]<\/p>\n<\/div>","protected":false},"excerpt":{"rendered":"<p>[vc_row full_width=&#8221;stretch_row_content_no_spaces&#8221;][vc_column][\/vc_column][\/vc_row][vc_row full_width=&#8221;stretch_row_content_no_spaces&#8221;][vc_column][\/vc_column][\/vc_row]<\/p>\n","protected":false},"author":1,"featured_media":0,"parent":472,"menu_order":777,"comment_status":"closed","ping_status":"closed","template":"","meta":{"_acf_changed":false,"content-type":"","footnotes":""},"class_list":["post-500","page","type-page","status-publish","hentry"],"acf":[],"yoast_head":"<!-- This site is optimized with the Yoast SEO plugin v26.9 - https:\/\/yoast.com\/product\/yoast-seo-wordpress\/ -->\n<title>A Christeyns preocupa-se com os seus t\u00eaxteis<\/title>\n<meta name=\"description\" content=\"Solu\u00e7\u00f5es de tratamento t\u00eaxtil profissional e limpeza em lavandarias industriais, lavandarias locais e estabelecimentos de limpeza a seco e a molhado.\" \/>\n<meta name=\"robots\" content=\"index, follow, max-snippet:-1, max-image-preview:large, max-video-preview:-1\" \/>\n<link rel=\"canonical\" href=\"https:\/\/www.christeyns.com\/pt-pt\/industria\/tratamento-textil-profissional\/\" \/>\n<meta property=\"og:locale\" content=\"pt_PT\" \/>\n<meta property=\"og:type\" content=\"article\" \/>\n<meta property=\"og:title\" content=\"A Christeyns preocupa-se com os seus t\u00eaxteis\" \/>\n<meta property=\"og:description\" content=\"Solu\u00e7\u00f5es de tratamento t\u00eaxtil profissional e limpeza em lavandarias industriais, lavandarias locais e estabelecimentos de limpeza a seco e a molhado.\" \/>\n<meta property=\"og:url\" content=\"https:\/\/www.christeyns.com\/pt-pt\/industria\/tratamento-textil-profissional\/\" \/>\n<meta property=\"og:site_name\" content=\"Christeyns\" \/>\n<meta property=\"article:modified_time\" content=\"2021-05-11T13:57:07+00:00\" \/>\n<meta property=\"og:image\" content=\"https:\/\/www.christeyns.com\/wp-content\/uploads\/2018\/10\/christeyns-logo-shot.jpg\" \/>\n\t<meta property=\"og:image:width\" content=\"842\" \/>\n\t<meta property=\"og:image:height\" content=\"560\" \/>\n\t<meta property=\"og:image:type\" content=\"image\/jpeg\" \/>\n<meta name=\"twitter:card\" content=\"summary_large_image\" \/>\n<meta name=\"twitter:label1\" content=\"Tempo estimado de leitura\" \/>\n\t<meta name=\"twitter:data1\" content=\"1 minuto\" \/>\n<script type=\"application\/ld+json\" class=\"yoast-schema-graph\">{\"@context\":\"https:\/\/schema.org\",\"@graph\":[{\"@type\":\"WebPage\",\"@id\":\"https:\/\/www.christeyns.com\/pt-pt\/industria\/tratamento-textil-profissional\/\",\"url\":\"https:\/\/www.christeyns.com\/pt-pt\/industria\/tratamento-textil-profissional\/\",\"name\":\"A Christeyns preocupa-se com os seus t\u00eaxteis\",\"isPartOf\":{\"@id\":\"https:\/\/www.christeyns.com\/pt-pt\/#website\"},\"datePublished\":\"2019-12-18T12:09:01+00:00\",\"dateModified\":\"2021-05-11T13:57:07+00:00\",\"description\":\"Solu\u00e7\u00f5es de tratamento t\u00eaxtil profissional e limpeza em lavandarias industriais, lavandarias locais e estabelecimentos de limpeza a seco e a molhado.\",\"breadcrumb\":{\"@id\":\"https:\/\/www.christeyns.com\/pt-pt\/industria\/tratamento-textil-profissional\/#breadcrumb\"},\"inLanguage\":\"pt-PT\",\"potentialAction\":[{\"@type\":\"ReadAction\",\"target\":[\"https:\/\/www.christeyns.com\/pt-pt\/industria\/tratamento-textil-profissional\/\"]}]},{\"@type\":\"BreadcrumbList\",\"@id\":\"https:\/\/www.christeyns.com\/pt-pt\/industria\/tratamento-textil-profissional\/#breadcrumb\",\"itemListElement\":[{\"@type\":\"ListItem\",\"position\":1,\"name\":\"Home\",\"item\":\"https:\/\/www.christeyns.com\/pt-pt\/\"},{\"@type\":\"ListItem\",\"position\":2,\"name\":\"Ind\u00fastria\",\"item\":\"https:\/\/www.christeyns.com\/pt-pt\/industria\/\"},{\"@type\":\"ListItem\",\"position\":3,\"name\":\"Tratamento T\u00eaxtil Profissional\"}]},{\"@type\":\"WebSite\",\"@id\":\"https:\/\/www.christeyns.com\/pt-pt\/#website\",\"url\":\"https:\/\/www.christeyns.com\/pt-pt\/\",\"name\":\"Christeyns\",\"description\":\"Christeyns - Striving for a cleaner future\",\"publisher\":{\"@id\":\"https:\/\/www.christeyns.com\/pt-pt\/#organization\"},\"inLanguage\":\"pt-PT\"},{\"@type\":\"Organization\",\"@id\":\"https:\/\/www.christeyns.com\/pt-pt\/#organization\",\"name\":\"Christeyns\",\"url\":\"https:\/\/www.christeyns.com\/pt-pt\/\",\"logo\":{\"@type\":\"ImageObject\",\"inLanguage\":\"pt-PT\",\"@id\":\"https:\/\/www.christeyns.com\/pt-pt\/#\/schema\/logo\/image\/\",\"url\":\"https:\/\/www.christeyns.com\/wp-content\/uploads\/2021\/06\/logo.png\",\"contentUrl\":\"https:\/\/www.christeyns.com\/wp-content\/uploads\/2021\/06\/logo.png\",\"width\":262,\"height\":40,\"caption\":\"Christeyns\"},\"image\":{\"@id\":\"https:\/\/www.christeyns.com\/pt-pt\/#\/schema\/logo\/image\/\"},\"sameAs\":[\"https:\/\/www.linkedin.com\/company\/christeyns\",\"https:\/\/www.youtube.com\/c\/christeynshq\"]}]}<\/script>\n<!-- \/ Yoast SEO plugin. -->","yoast_head_json":{"title":"A Christeyns preocupa-se com os seus t\u00eaxteis","description":"Solu\u00e7\u00f5es de tratamento t\u00eaxtil profissional e limpeza em lavandarias industriais, lavandarias locais e estabelecimentos de limpeza a seco e a molhado.","robots":{"index":"index","follow":"follow","max-snippet":"max-snippet:-1","max-image-preview":"max-image-preview:large","max-video-preview":"max-video-preview:-1"},"canonical":"https:\/\/www.christeyns.com\/pt-pt\/industria\/tratamento-textil-profissional\/","og_locale":"pt_PT","og_type":"article","og_title":"A Christeyns preocupa-se com os seus t\u00eaxteis","og_description":"Solu\u00e7\u00f5es de tratamento t\u00eaxtil profissional e limpeza em lavandarias industriais, lavandarias locais e estabelecimentos de limpeza a seco e a molhado.","og_url":"https:\/\/www.christeyns.com\/pt-pt\/industria\/tratamento-textil-profissional\/","og_site_name":"Christeyns","article_modified_time":"2021-05-11T13:57:07+00:00","og_image":[{"width":842,"height":560,"url":"https:\/\/www.christeyns.com\/wp-content\/uploads\/2018\/10\/christeyns-logo-shot.jpg","type":"image\/jpeg"}],"twitter_card":"summary_large_image","twitter_misc":{"Tempo estimado de leitura":"1 minuto"},"schema":{"@context":"https:\/\/schema.org","@graph":[{"@type":"WebPage","@id":"https:\/\/www.christeyns.com\/pt-pt\/industria\/tratamento-textil-profissional\/","url":"https:\/\/www.christeyns.com\/pt-pt\/industria\/tratamento-textil-profissional\/","name":"A Christeyns preocupa-se com os seus t\u00eaxteis","isPartOf":{"@id":"https:\/\/www.christeyns.com\/pt-pt\/#website"},"datePublished":"2019-12-18T12:09:01+00:00","dateModified":"2021-05-11T13:57:07+00:00","description":"Solu\u00e7\u00f5es de tratamento t\u00eaxtil profissional e limpeza em lavandarias industriais, lavandarias locais e estabelecimentos de limpeza a seco e a molhado.","breadcrumb":{"@id":"https:\/\/www.christeyns.com\/pt-pt\/industria\/tratamento-textil-profissional\/#breadcrumb"},"inLanguage":"pt-PT","potentialAction":[{"@type":"ReadAction","target":["https:\/\/www.christeyns.com\/pt-pt\/industria\/tratamento-textil-profissional\/"]}]},{"@type":"BreadcrumbList","@id":"https:\/\/www.christeyns.com\/pt-pt\/industria\/tratamento-textil-profissional\/#breadcrumb","itemListElement":[{"@type":"ListItem","position":1,"name":"Home","item":"https:\/\/www.christeyns.com\/pt-pt\/"},{"@type":"ListItem","position":2,"name":"Ind\u00fastria","item":"https:\/\/www.christeyns.com\/pt-pt\/industria\/"},{"@type":"ListItem","position":3,"name":"Tratamento T\u00eaxtil Profissional"}]},{"@type":"WebSite","@id":"https:\/\/www.christeyns.com\/pt-pt\/#website","url":"https:\/\/www.christeyns.com\/pt-pt\/","name":"Christeyns","description":"Christeyns - Striving for a cleaner future","publisher":{"@id":"https:\/\/www.christeyns.com\/pt-pt\/#organization"},"inLanguage":"pt-PT"},{"@type":"Organization","@id":"https:\/\/www.christeyns.com\/pt-pt\/#organization","name":"Christeyns","url":"https:\/\/www.christeyns.com\/pt-pt\/","logo":{"@type":"ImageObject","inLanguage":"pt-PT","@id":"https:\/\/www.christeyns.com\/pt-pt\/#\/schema\/logo\/image\/","url":"https:\/\/www.christeyns.com\/wp-content\/uploads\/2021\/06\/logo.png","contentUrl":"https:\/\/www.christeyns.com\/wp-content\/uploads\/2021\/06\/logo.png","width":262,"height":40,"caption":"Christeyns"},"image":{"@id":"https:\/\/www.christeyns.com\/pt-pt\/#\/schema\/logo\/image\/"},"sameAs":["https:\/\/www.linkedin.com\/company\/christeyns","https:\/\/www.youtube.com\/c\/christeynshq"]}]}},"_links":{"self":[{"href":"https:\/\/www.christeyns.com\/pt-pt\/wp-json\/wp\/v2\/pages\/500","targetHints":{"allow":["GET"]}}],"collection":[{"href":"https:\/\/www.christeyns.com\/pt-pt\/wp-json\/wp\/v2\/pages"}],"about":[{"href":"https:\/\/www.christeyns.com\/pt-pt\/wp-json\/wp\/v2\/types\/page"}],"author":[{"embeddable":true,"href":"https:\/\/www.christeyns.com\/pt-pt\/wp-json\/wp\/v2\/users\/1"}],"replies":[{"embeddable":true,"href":"https:\/\/www.christeyns.com\/pt-pt\/wp-json\/wp\/v2\/comments?post=500"}],"version-history":[{"count":9,"href":"https:\/\/www.christeyns.com\/pt-pt\/wp-json\/wp\/v2\/pages\/500\/revisions"}],"predecessor-version":[{"id":26413,"href":"https:\/\/www.christeyns.com\/pt-pt\/wp-json\/wp\/v2\/pages\/500\/revisions\/26413"}],"up":[{"embeddable":true,"href":"https:\/\/www.christeyns.com\/pt-pt\/wp-json\/wp\/v2\/pages\/472"}],"wp:attachment":[{"href":"https:\/\/www.christeyns.com\/pt-pt\/wp-json\/wp\/v2\/media?parent=500"}],"curies":[{"name":"wp","href":"https:\/\/api.w.org\/{rel}","templated":true}]}}