{"id":472,"date":"2019-12-18T12:00:18","date_gmt":"2019-12-18T12:00:18","guid":{"rendered":"http:\/\/www.christeyns.com\/?page_id=472"},"modified":"2026-04-08T10:29:53","modified_gmt":"2026-04-08T10:29:53","slug":"industria","status":"publish","type":"page","link":"https:\/\/www.christeyns.com\/pt-pt\/industria\/","title":{"rendered":"Ind\u00fastria"},"content":{"rendered":"<div class=\"wpb-content-wrapper\"><p>[vc_row full_width=&#8221;stretch_row_content_no_spaces&#8221;][vc_column]\n            <div class=\"full-width sm-p-0\">\n                <div class=\"banner  banner__small banner-curve__white mb-6\">\n                    <picture class=\"banner-image\" >\n                        <source srcset=\"https:\/\/www.christeyns.com\/wp-content\/uploads\/2020\/01\/hero-background.jpg\" media=\"(min-width: 1110px)\">\n                        <source srcset=\"https:\/\/www.christeyns.com\/wp-content\/uploads\/2020\/01\/hero-background-1024x299.jpg\" media=\"(min-width: 321px) and (max-width: 1109px)\">\n                        <img decoding=\"async\" class=\"rellax\" src=\"https:\/\/www.christeyns.com\/wp-content\/uploads\/2020\/01\/hero-background-300x88.jpg\" alt=\"background of the image\" \/>\n                    <\/picture>\n\n                    <div class=\"banner-content-wrapper\" >\n                                                    <div class=\"rownomargin\"><div class=\"col-22 offset-1\"><nav class=\"breadcrumb-trail breadcrumb-trail--small\" aria-label=\"Breadcrumb\" ><span><span><a href=\"https:\/\/www.christeyns.com\/pt-pt\/\">Home<\/a><\/span><\/span><\/nav><\/div><\/div>\n                        \n                        <div class=\"banner-content col-24 col-md-16 col-lg-16 col-xl-12 text-center\">\n                                                            <h1 class=\"text-white text-uppercase\">As nossas ind\u00fastrias<\/h1>\n                            \n                            \n                        <\/div>\n                    <\/div>\n                <\/div>\n            <\/div>\n\n        [\/vc_column][\/vc_row][vc_row full_width=&#8221;stretch_row_content_no_spaces&#8221;][vc_column]\n        <div class=\"content-block full-width  background-white\" >\n            <div class=\"rownomargin\">\n                <div class=\"col-24 col-lg-14 offset-lg-5 col-xl-10 offset-xl-7 text-center mb-6 sm-p-0 text-wrap-balance\">\n                                            <h2 class=\"headingtwo text-blue text-uppercase bold text-center mb-4 heading__top-border-center\" >O seu parceiro de higiene<\/h2>\n                    \n                                        <div class=\"text-center  content-block\" ><p>O nosso portef\u00f3lio inclui produtos qu\u00edmicos premium, equipamentos fi\u00e1veis e um servi\u00e7o flex\u00edvel e personalizado em quatro setores da ind\u00fastria.<\/p>\n<\/div>\n\n                    \n                    \n\n                <\/div>\n            <\/div>\n        <\/div>\n\n        [\/vc_column][\/vc_row][vc_row full_width=&#8221;stretch_row_content_no_spaces&#8221;][vc_column]            <div class=\"full-width\">\n                <div class=\"four-block mb-default\">\n                    <div class=\"rownomargin justify-content-center\">\n\n                        \n                            <div class=\"col-24 col-md-12 col-lg-6 text-center four-block-col\" >\n                                <div class=\"four-block-background\" ><img decoding=\"async\" src=\"https:\/\/www.christeyns.com\/wp-content\/uploads\/2021\/02\/industry-1.jpg\" alt=\"industry\" loading=\"lazy\" ><\/div>\n                                <div class=\"four-block-content \">\n                                    <div class=\"four-block-body \">\n                                                                                    <div class=\"four-block-image\" >\n                                                <img decoding=\"async\" src=\"https:\/\/www.christeyns.com\/wp-content\/uploads\/2020\/01\/icon-laundry.png\" alt=\"Tratamento T\u00eaxtil Profissional\" loading=\"lazy\" >\n                                            <\/div>\n                                                                                <h2 class=\"four-block-title text-white bold text-uppercase\">Tratamento T\u00eaxtil Profissional<\/h2>\n                                        <div class=\"four-block-introduction\">Detergentes, desinfetantes e equipamentos altamente eficientes para lavandarias profissionais, lavandarias locais e estabelecimentos de limpeza a seco e molhado.<\/div>\n                                                                                    <div><a href=\"https:\/\/www.christeyns.com\/pt-pt\/industria\/tratamento-textil-profissional\/\" class=\"four-block-url btn btn-outline-white\" >Tratamento T\u00eaxtil Profissional<\/a><\/div>\n                                                                            <\/div>\n                                <\/div>\n                            <\/div>\n\n                        \n                            <div class=\"col-24 col-md-12 col-lg-6 text-center four-block-col\" >\n                                <div class=\"four-block-background\" ><img decoding=\"async\" src=\"https:\/\/www.christeyns.com\/wp-content\/uploads\/2021\/02\/industry-2.jpg\" alt=\"passion\" loading=\"lazy\" ><\/div>\n                                <div class=\"four-block-content \">\n                                    <div class=\"four-block-body \">\n                                                                                    <div class=\"four-block-image\" >\n                                                <img decoding=\"async\" src=\"https:\/\/www.christeyns.com\/wp-content\/uploads\/2020\/01\/icon-food-processing.png\" alt=\"Processamento Alimentar e Retalho\" loading=\"lazy\" >\n                                            <\/div>\n                                                                                <h2 class=\"four-block-title text-white bold text-uppercase\">Processamento Alimentar e Retalho<\/h2>\n                                        <div class=\"four-block-introduction\">Excelentes solu\u00e7\u00f5es de higiene para uma limpeza e desinfe\u00e7\u00e3o seguras de instala\u00e7\u00f5es de alimentos e bebidas e empresas de retalho alimentar.<\/div>\n                                                                                    <div><a href=\"https:\/\/www.christeyns.com\/pt-pt\/industria\/processamento-alimentar-e-retalho\/\" class=\"four-block-url btn btn-outline-white\" >Processamento Alimentar e Retalho<\/a><\/div>\n                                                                            <\/div>\n                                <\/div>\n                            <\/div>\n\n                        \n                            <div class=\"col-24 col-md-12 col-lg-6 text-center four-block-col\" >\n                                <div class=\"four-block-background\" ><img decoding=\"async\" src=\"https:\/\/www.christeyns.com\/wp-content\/uploads\/2021\/02\/industry-3.jpg\" alt=\"industry\" loading=\"lazy\" ><\/div>\n                                <div class=\"four-block-content \">\n                                    <div class=\"four-block-body \">\n                                                                                    <div class=\"four-block-image\" >\n                                                <img decoding=\"async\" src=\"https:\/\/www.christeyns.com\/wp-content\/uploads\/2020\/01\/icon-professional-cleaning.png\" alt=\"Higiene Profissional\" loading=\"lazy\" >\n                                            <\/div>\n                                                                                <h2 class=\"four-block-title text-white bold text-uppercase\">Higiene Profissional<\/h2>\n                                        <div class=\"four-block-introduction\">Produtos de higiene profissional para a limpeza de cozinhas, pavimentos, salas, superf\u00edcies, roupa e m\u00e3os em edif\u00edcios e instala\u00e7\u00f5es.<\/div>\n                                                                                    <div><a href=\"https:\/\/www.christeyns.com\/pt-pt\/industria\/limpeza-profissional\/\" class=\"four-block-url btn btn-outline-white\" >Higiene Profissional<\/a><\/div>\n                                                                            <\/div>\n                                <\/div>\n                            <\/div>\n\n                        \n                            <div class=\"col-24 col-md-12 col-lg-6 text-center four-block-col\" >\n                                <div class=\"four-block-background\" ><img decoding=\"async\" src=\"https:\/\/www.christeyns.com\/wp-content\/uploads\/2021\/02\/industry-4.jpg\" alt=\"industry\" loading=\"lazy\" ><\/div>\n                                <div class=\"four-block-content \">\n                                    <div class=\"four-block-body \">\n                                                                                    <div class=\"four-block-image\" >\n                                                <img decoding=\"async\" src=\"https:\/\/www.christeyns.com\/wp-content\/uploads\/2020\/01\/icon-life-science.png\" alt=\"Ind\u00fastrias Farmac\u00eautica \/ Cosm\u00e9tica &amp; Higiene Hospitalar\" loading=\"lazy\" >\n                                            <\/div>\n                                                                                <h2 class=\"four-block-title text-white bold text-uppercase\">Ind\u00fastrias Farmac\u00eautica \/ Cosm\u00e9tica &amp; Higiene Hospitalar<\/h2>\n                                        <div class=\"four-block-introduction\">Solu\u00e7\u00f5es de higiene a n\u00edvel global para as ind\u00fastrias m\u00e9dica, farmac\u00eautica e cosm\u00e9tica.<\/div>\n                                                                                    <div><a href=\"https:\/\/www.christeyns.com\/pt-pt\/industria\/cuidados-medicos-e-life-sciences\/\" class=\"four-block-url btn btn-outline-white\" >Ind\u00fastrias Farmac\u00eautica \/ Cosm\u00e9tica &amp; Higiene Hospitalar<\/a><\/div>\n                                                                            <\/div>\n                                <\/div>\n                            <\/div>\n\n                        \n                    <\/div>\n                <\/div>\n            <\/div>\n\n        [\/vc_column][\/vc_row][vc_row][vc_column]\n        <div class=\"full-width\">\n            <div class=\"rownomargin mb-default\">\n                <div class=\"col-24 col-sm-20 offset-sm-2 col-lg-16 offset-lg-4 sm-p-0\">\n                    <div class=\"gradient-text font-default text-center\">As necessidades e as expectativas variam de acordo com a empresa e com o pa\u00eds. \u00c9 por esta raz\u00e3o que convertemos a nossa experi\u00eancia a n\u00edvel global em medidas locais.<\/div>\n                <\/div>\n            <\/div>\n        <\/div>\n\n        [\/vc_column][\/vc_row]<\/p>\n<\/div>","protected":false},"excerpt":{"rendered":"<p>[vc_row full_width=&#8221;stretch_row_content_no_spaces&#8221;][vc_column][\/vc_column][\/vc_row][vc_row full_width=&#8221;stretch_row_content_no_spaces&#8221;][vc_column][\/vc_column][\/vc_row][vc_row full_width=&#8221;stretch_row_content_no_spaces&#8221;][vc_column][\/vc_column][\/vc_row][vc_row][vc_column][\/vc_column][\/vc_row]<\/p>\n","protected":false},"author":1,"featured_media":0,"parent":0,"menu_order":790,"comment_status":"closed","ping_status":"closed","template":"","meta":{"_acf_changed":false,"content-type":"","footnotes":""},"class_list":["post-472","page","type-page","status-publish","hentry"],"acf":[],"yoast_head":"<!-- This site is optimized with the Yoast SEO plugin v26.9 - https:\/\/yoast.com\/product\/yoast-seo-wordpress\/ -->\n<title>Christeyns | produtos qu\u00edmicos premium e equipamentos fi\u00e1veis ao seu servi\u00e7o<\/title>\n<meta name=\"description\" content=\"A Christeyns fornece solu\u00e7\u00f5es de higiene para as ind\u00fastrias de lavandaria, alimentos, higiene profissional e Ind\u00fastrias Farmac\u00eautica, Cosm\u00e9tica e Higiene Hospitalar. Encontre a solu\u00e7\u00e3o certa para a sua empresa.\" \/>\n<meta name=\"robots\" content=\"index, follow, max-snippet:-1, max-image-preview:large, max-video-preview:-1\" \/>\n<link rel=\"canonical\" href=\"https:\/\/www.christeyns.com\/pt-pt\/industria\/\" \/>\n<meta property=\"og:locale\" content=\"pt_PT\" \/>\n<meta property=\"og:type\" content=\"article\" \/>\n<meta property=\"og:title\" content=\"Christeyns | produtos qu\u00edmicos premium e equipamentos fi\u00e1veis ao seu servi\u00e7o\" \/>\n<meta property=\"og:description\" content=\"A Christeyns fornece solu\u00e7\u00f5es de higiene para as ind\u00fastrias de lavandaria, alimentos, higiene profissional e Ind\u00fastrias Farmac\u00eautica, Cosm\u00e9tica e Higiene Hospitalar. Encontre a solu\u00e7\u00e3o certa para a sua empresa.\" \/>\n<meta property=\"og:url\" content=\"https:\/\/www.christeyns.com\/pt-pt\/industria\/\" \/>\n<meta property=\"og:site_name\" content=\"Christeyns\" \/>\n<meta property=\"article:modified_time\" content=\"2026-04-08T10:29:53+00:00\" \/>\n<meta property=\"og:image\" content=\"https:\/\/www.christeyns.com\/wp-content\/uploads\/2018\/10\/christeyns-logo-shot.jpg\" \/>\n\t<meta property=\"og:image:width\" content=\"842\" \/>\n\t<meta property=\"og:image:height\" content=\"560\" \/>\n\t<meta property=\"og:image:type\" content=\"image\/jpeg\" \/>\n<meta name=\"twitter:card\" content=\"summary_large_image\" \/>\n<meta name=\"twitter:label1\" content=\"Tempo estimado de leitura\" \/>\n\t<meta name=\"twitter:data1\" content=\"3 minutos\" \/>\n<script type=\"application\/ld+json\" class=\"yoast-schema-graph\">{\"@context\":\"https:\/\/schema.org\",\"@graph\":[{\"@type\":\"WebPage\",\"@id\":\"https:\/\/www.christeyns.com\/pt-pt\/industria\/\",\"url\":\"https:\/\/www.christeyns.com\/pt-pt\/industria\/\",\"name\":\"Christeyns | produtos qu\u00edmicos premium e equipamentos fi\u00e1veis ao seu servi\u00e7o\",\"isPartOf\":{\"@id\":\"https:\/\/www.christeyns.com\/pt-pt\/#website\"},\"datePublished\":\"2019-12-18T12:00:18+00:00\",\"dateModified\":\"2026-04-08T10:29:53+00:00\",\"description\":\"A Christeyns fornece solu\u00e7\u00f5es de higiene para as ind\u00fastrias de lavandaria, alimentos, higiene profissional e Ind\u00fastrias Farmac\u00eautica, Cosm\u00e9tica e Higiene Hospitalar. Encontre a solu\u00e7\u00e3o certa para a sua empresa.\",\"breadcrumb\":{\"@id\":\"https:\/\/www.christeyns.com\/pt-pt\/industria\/#breadcrumb\"},\"inLanguage\":\"pt-PT\",\"potentialAction\":[{\"@type\":\"ReadAction\",\"target\":[\"https:\/\/www.christeyns.com\/pt-pt\/industria\/\"]}]},{\"@type\":\"BreadcrumbList\",\"@id\":\"https:\/\/www.christeyns.com\/pt-pt\/industria\/#breadcrumb\",\"itemListElement\":[{\"@type\":\"ListItem\",\"position\":1,\"name\":\"Home\",\"item\":\"https:\/\/www.christeyns.com\/pt-pt\/\"},{\"@type\":\"ListItem\",\"position\":2,\"name\":\"Ind\u00fastria\"}]},{\"@type\":\"WebSite\",\"@id\":\"https:\/\/www.christeyns.com\/pt-pt\/#website\",\"url\":\"https:\/\/www.christeyns.com\/pt-pt\/\",\"name\":\"Christeyns\",\"description\":\"Christeyns - Striving for a cleaner future\",\"publisher\":{\"@id\":\"https:\/\/www.christeyns.com\/pt-pt\/#organization\"},\"inLanguage\":\"pt-PT\"},{\"@type\":\"Organization\",\"@id\":\"https:\/\/www.christeyns.com\/pt-pt\/#organization\",\"name\":\"Christeyns\",\"url\":\"https:\/\/www.christeyns.com\/pt-pt\/\",\"logo\":{\"@type\":\"ImageObject\",\"inLanguage\":\"pt-PT\",\"@id\":\"https:\/\/www.christeyns.com\/pt-pt\/#\/schema\/logo\/image\/\",\"url\":\"https:\/\/www.christeyns.com\/wp-content\/uploads\/2021\/06\/logo.png\",\"contentUrl\":\"https:\/\/www.christeyns.com\/wp-content\/uploads\/2021\/06\/logo.png\",\"width\":262,\"height\":40,\"caption\":\"Christeyns\"},\"image\":{\"@id\":\"https:\/\/www.christeyns.com\/pt-pt\/#\/schema\/logo\/image\/\"},\"sameAs\":[\"https:\/\/www.linkedin.com\/company\/christeyns\",\"https:\/\/www.youtube.com\/c\/christeynshq\"]}]}<\/script>\n<!-- \/ Yoast SEO plugin. -->","yoast_head_json":{"title":"Christeyns | produtos qu\u00edmicos premium e equipamentos fi\u00e1veis ao seu servi\u00e7o","description":"A Christeyns fornece solu\u00e7\u00f5es de higiene para as ind\u00fastrias de lavandaria, alimentos, higiene profissional e Ind\u00fastrias Farmac\u00eautica, Cosm\u00e9tica e Higiene Hospitalar. Encontre a solu\u00e7\u00e3o certa para a sua empresa.","robots":{"index":"index","follow":"follow","max-snippet":"max-snippet:-1","max-image-preview":"max-image-preview:large","max-video-preview":"max-video-preview:-1"},"canonical":"https:\/\/www.christeyns.com\/pt-pt\/industria\/","og_locale":"pt_PT","og_type":"article","og_title":"Christeyns | produtos qu\u00edmicos premium e equipamentos fi\u00e1veis ao seu servi\u00e7o","og_description":"A Christeyns fornece solu\u00e7\u00f5es de higiene para as ind\u00fastrias de lavandaria, alimentos, higiene profissional e Ind\u00fastrias Farmac\u00eautica, Cosm\u00e9tica e Higiene Hospitalar. Encontre a solu\u00e7\u00e3o certa para a sua empresa.","og_url":"https:\/\/www.christeyns.com\/pt-pt\/industria\/","og_site_name":"Christeyns","article_modified_time":"2026-04-08T10:29:53+00:00","og_image":[{"width":842,"height":560,"url":"https:\/\/www.christeyns.com\/wp-content\/uploads\/2018\/10\/christeyns-logo-shot.jpg","type":"image\/jpeg"}],"twitter_card":"summary_large_image","twitter_misc":{"Tempo estimado de leitura":"3 minutos"},"schema":{"@context":"https:\/\/schema.org","@graph":[{"@type":"WebPage","@id":"https:\/\/www.christeyns.com\/pt-pt\/industria\/","url":"https:\/\/www.christeyns.com\/pt-pt\/industria\/","name":"Christeyns | produtos qu\u00edmicos premium e equipamentos fi\u00e1veis ao seu servi\u00e7o","isPartOf":{"@id":"https:\/\/www.christeyns.com\/pt-pt\/#website"},"datePublished":"2019-12-18T12:00:18+00:00","dateModified":"2026-04-08T10:29:53+00:00","description":"A Christeyns fornece solu\u00e7\u00f5es de higiene para as ind\u00fastrias de lavandaria, alimentos, higiene profissional e Ind\u00fastrias Farmac\u00eautica, Cosm\u00e9tica e Higiene Hospitalar. Encontre a solu\u00e7\u00e3o certa para a sua empresa.","breadcrumb":{"@id":"https:\/\/www.christeyns.com\/pt-pt\/industria\/#breadcrumb"},"inLanguage":"pt-PT","potentialAction":[{"@type":"ReadAction","target":["https:\/\/www.christeyns.com\/pt-pt\/industria\/"]}]},{"@type":"BreadcrumbList","@id":"https:\/\/www.christeyns.com\/pt-pt\/industria\/#breadcrumb","itemListElement":[{"@type":"ListItem","position":1,"name":"Home","item":"https:\/\/www.christeyns.com\/pt-pt\/"},{"@type":"ListItem","position":2,"name":"Ind\u00fastria"}]},{"@type":"WebSite","@id":"https:\/\/www.christeyns.com\/pt-pt\/#website","url":"https:\/\/www.christeyns.com\/pt-pt\/","name":"Christeyns","description":"Christeyns - Striving for a cleaner future","publisher":{"@id":"https:\/\/www.christeyns.com\/pt-pt\/#organization"},"inLanguage":"pt-PT"},{"@type":"Organization","@id":"https:\/\/www.christeyns.com\/pt-pt\/#organization","name":"Christeyns","url":"https:\/\/www.christeyns.com\/pt-pt\/","logo":{"@type":"ImageObject","inLanguage":"pt-PT","@id":"https:\/\/www.christeyns.com\/pt-pt\/#\/schema\/logo\/image\/","url":"https:\/\/www.christeyns.com\/wp-content\/uploads\/2021\/06\/logo.png","contentUrl":"https:\/\/www.christeyns.com\/wp-content\/uploads\/2021\/06\/logo.png","width":262,"height":40,"caption":"Christeyns"},"image":{"@id":"https:\/\/www.christeyns.com\/pt-pt\/#\/schema\/logo\/image\/"},"sameAs":["https:\/\/www.linkedin.com\/company\/christeyns","https:\/\/www.youtube.com\/c\/christeynshq"]}]}},"_links":{"self":[{"href":"https:\/\/www.christeyns.com\/pt-pt\/wp-json\/wp\/v2\/pages\/472","targetHints":{"allow":["GET"]}}],"collection":[{"href":"https:\/\/www.christeyns.com\/pt-pt\/wp-json\/wp\/v2\/pages"}],"about":[{"href":"https:\/\/www.christeyns.com\/pt-pt\/wp-json\/wp\/v2\/types\/page"}],"author":[{"embeddable":true,"href":"https:\/\/www.christeyns.com\/pt-pt\/wp-json\/wp\/v2\/users\/1"}],"replies":[{"embeddable":true,"href":"https:\/\/www.christeyns.com\/pt-pt\/wp-json\/wp\/v2\/comments?post=472"}],"version-history":[{"count":16,"href":"https:\/\/www.christeyns.com\/pt-pt\/wp-json\/wp\/v2\/pages\/472\/revisions"}],"predecessor-version":[{"id":164795,"href":"https:\/\/www.christeyns.com\/pt-pt\/wp-json\/wp\/v2\/pages\/472\/revisions\/164795"}],"wp:attachment":[{"href":"https:\/\/www.christeyns.com\/pt-pt\/wp-json\/wp\/v2\/media?parent=472"}],"curies":[{"name":"wp","href":"https:\/\/api.w.org\/{rel}","templated":true}]}}