{"id":152170,"date":"2025-10-08T10:32:27","date_gmt":"2025-10-08T10:32:27","guid":{"rendered":"https:\/\/www.christeyns.com\/?page_id=152170"},"modified":"2026-02-04T13:26:45","modified_gmt":"2026-02-04T13:26:45","slug":"porque-e-que-o-scope-3-e-tao-importante","status":"publish","type":"page","link":"https:\/\/www.christeyns.com\/pt-pt\/porque-e-que-o-scope-3-e-tao-importante\/","title":{"rendered":"Porque \u00e9 que o Scope 3 \u00e9 t\u00e3o importante?"},"content":{"rendered":"<div class=\"wpb-content-wrapper\"><p>[vc_row][vc_column]\n        <div class=\"page-block background-white\">\n            <div class=\"container mt-none mb-none\" >\n                <div class=\"rownomargin\">\n                    <div class=\"col-24 col-lg-22 offset-lg-1 text-left\">\n                        \n                                                <div class=\"page-block__content  inner-page-block__content\" ><h1><span class=\"text-large\"><span class=\"text-green\">Porque \u00e9 que o Scope <\/span><span class=\"text-green\">3 \u00e9 t\u00e3o importante<\/span><span class=\"text-green\">?<\/span><\/span><\/h1>\n<p>&nbsp;<\/p>\n<p>O scope 3 \u00e9 crucial porque representa, a maior fatia da pegada carb\u00f3nica total de uma empresa. \u00c9 considerado por muitos especialistas como o componente mais desafiante.<\/p>\n<h2>O que inclui o Scope 3?<\/h2>\n<p>Todas as emiss\u00f5es indiretas, emiss\u00f5es geradas pelas opera\u00e7\u00f5es da empresa, mas provenientes de fontes sob propriedades ou controle de outras organiza\u00e7\u00f5es.<\/p>\n<ul>\n<li>Emiss\u00f5es de atividades na cadeia de valor<\/li>\n<li>Emiss\u00f5es de ativos arrendados, investimentos e franquias<\/li>\n<\/ul>\n<p><strong>(GHG Protocol, s.d.)<\/strong><\/p>\n<h2>Quais s\u00e3o os principais benef\u00edcios da avalia\u00e7\u00e3o das emiss\u00f5es do Scope 3?<\/h2>\n<p>1\u00ba Compreender o impacto e os riscos na cadeia de valor<\/p>\n<ul>\n<li>Identificar os principais focos de emiss\u00e3o na cadeia de fornecimento<\/li>\n<li>Avaliar recursos relacionados com o uso de energia<\/li>\n<\/ul>\n<p>2\u00ba Promover efici\u00eancia e redu\u00e7\u00e3o de custos<\/p>\n<ul>\n<li>Detetar oportunidades de efici\u00eancia energ\u00e9tica e de redu\u00e7\u00e3o de custos<\/li>\n<li>Melhorar o desempenho ambiental dos produtos e processos<\/li>\n<\/ul>\n<p>3\u00ba Envolver e fortalecer as partes interessadas<\/p>\n<ul>\n<li>Colaborar com fornecedores para impulsionar pr\u00e1ticas sustent\u00e1veis<\/li>\n<li>Envolver os colaboradores na sensibiliza\u00e7\u00e3o na redu\u00e7\u00e3o das emiss\u00f5es<\/li>\n<\/ul>\n<p><strong>(Carbon Trust, s.d.)<\/strong><\/p>\n<h2>Quais as estrat\u00e9gias para reduzir as emiss\u00f5es do Scope 3?<\/h2>\n<ul>\n<li>Analisar e compreender os riscos e oportunidades associados \u00e0s emiss\u00f5es geradas ao longo da cadeia de valor<\/li>\n<li>Detetar e explorar possibilidades de diminui\u00e7\u00e3o das emiss\u00f5es de gases com efeito de estufa (GEE)<\/li>\n<li>Estabelecer objetivos claros de redu\u00e7\u00e3o e monitoriza\u00e7\u00e3o<\/li>\n<li>Incentivar a participa\u00e7\u00e3o e colabora\u00e7\u00e3o dos parceiros da cadeia de fornecimento na redu\u00e7\u00e3o e gest\u00e3o das emiss\u00f5es<\/li>\n<li>Refor\u00e7ar a credibilidade e a imagem da empresa atrav\u00e9s de uma comunica\u00e7\u00e3o transparente e de relat\u00f3rios p\u00fablicos sobre desempenho ambiental<\/li>\n<\/ul>\n<p><strong>(GHG Protocol, s.d.)<\/strong><\/p>\n<p><img loading=\"lazy\" decoding=\"async\" class=\"wp-image-151281 aligncenter\" src=\"https:\/\/www.christeyns.com\/wp-content\/uploads\/2025\/09\/LI_3-1024x1024.jpg\" alt=\"2_Porque e que o Scope 3 e tao importante?\" width=\"413\" height=\"413\" srcset=\"https:\/\/www.christeyns.com\/wp-content\/uploads\/2025\/09\/LI_3-1024x1024.jpg 1024w, https:\/\/www.christeyns.com\/wp-content\/uploads\/2025\/09\/LI_3-300x300.jpg 300w, https:\/\/www.christeyns.com\/wp-content\/uploads\/2025\/09\/LI_3-150x150.jpg 150w, https:\/\/www.christeyns.com\/wp-content\/uploads\/2025\/09\/LI_3-768x768.jpg 768w, https:\/\/www.christeyns.com\/wp-content\/uploads\/2025\/09\/LI_3-260x260.jpg 260w, https:\/\/www.christeyns.com\/wp-content\/uploads\/2025\/09\/LI_3-450x450.jpg 450w, https:\/\/www.christeyns.com\/wp-content\/uploads\/2025\/09\/LI_3-750x750.jpg 750w, https:\/\/www.christeyns.com\/wp-content\/uploads\/2025\/09\/LI_3-540x540.jpg 540w, https:\/\/www.christeyns.com\/wp-content\/uploads\/2025\/09\/LI_3-960x960.jpg 960w, https:\/\/www.christeyns.com\/wp-content\/uploads\/2025\/09\/LI_3.jpg 1080w\" sizes=\"(max-width: 413px) 100vw, 413px\" \/><\/p>\n<p><strong>Refer\u00eancias<\/strong><\/p>\n<p>GHG Protocol. Scope 3 Frequently Asked Questions \u2013 Why is accounting for Scope 3 emissions important? .Dispon\u00edvel em: <a href=\"https:\/\/ghgprotocol.org\/scope-3-frequently-asked-questions-0#question%20ten\">https:\/\/ghgprotocol.org\/scope-3-frequently-asked-questions-0#question%20ten<\/a>. Acesso em: 08 outubro 2025.<\/p>\n<p>Carbon Trust. What are Scope 3 emissions and why do they matter? .Dispon\u00edvel em: <a href=\"https:\/\/www.carbontrust.com\/en-eu\/our-work-and-impact\/guides-reports-and-tools\/what-are-scope-3-emissions-and-why-do-they-matter\">https:\/\/www.carbontrust.com\/en-eu\/our-work-and-impact\/guides-reports-and-tools\/what-are-scope-3-emissions-and-why-do-they-matter<\/a>. Acesso em: 08 de outubro de 2025.<\/p>\n<\/div>\n\n                                            <\/div>\n                <\/div>\n            <\/div>\n        <\/div>\n\n        [\/vc_column][\/vc_row]<\/p>\n<\/div>","protected":false},"excerpt":{"rendered":"<p>[vc_row][vc_column][\/vc_column][\/vc_row]<\/p>\n","protected":false},"author":41,"featured_media":151281,"parent":0,"menu_order":0,"comment_status":"closed","ping_status":"closed","template":"","meta":{"_acf_changed":false,"content-type":"","footnotes":""},"class_list":["post-152170","page","type-page","status-publish","hentry"],"acf":[],"yoast_head":"<!-- This site is optimized with the Yoast SEO plugin v26.9 - https:\/\/yoast.com\/product\/yoast-seo-wordpress\/ -->\n<title>Porque \u00e9 que o Scope 3 \u00e9 t\u00e3o importante? | Christeyns<\/title>\n<meta name=\"description\" content=\"O scope 3 \u00e9 crucial porque representa, a maior fatia da pegada carb\u00f3nica total de uma empresa. \u00c9 considerado por muitos especialistas como o componente mais desafiante.\" \/>\n<meta name=\"robots\" content=\"index, follow, max-snippet:-1, max-image-preview:large, max-video-preview:-1\" \/>\n<link rel=\"canonical\" href=\"https:\/\/www.christeyns.com\/pt-pt\/porque-e-que-o-scope-3-e-tao-importante\/\" \/>\n<meta property=\"og:locale\" content=\"pt_PT\" \/>\n<meta property=\"og:type\" content=\"article\" \/>\n<meta property=\"og:title\" content=\"Porque \u00e9 que o Scope 3 \u00e9 t\u00e3o importante? | Christeyns\" \/>\n<meta property=\"og:description\" content=\"O scope 3 \u00e9 crucial porque representa, a maior fatia da pegada carb\u00f3nica total de uma empresa. \u00c9 considerado por muitos especialistas como o componente mais desafiante.\" \/>\n<meta property=\"og:url\" content=\"https:\/\/www.christeyns.com\/pt-pt\/porque-e-que-o-scope-3-e-tao-importante\/\" \/>\n<meta property=\"og:site_name\" content=\"Christeyns\" \/>\n<meta property=\"article:modified_time\" content=\"2026-02-04T13:26:45+00:00\" \/>\n<meta property=\"og:image\" content=\"https:\/\/www.christeyns.com\/wp-content\/uploads\/2025\/09\/LI_3.jpg\" \/>\n\t<meta property=\"og:image:width\" content=\"1080\" \/>\n\t<meta property=\"og:image:height\" content=\"1080\" \/>\n\t<meta property=\"og:image:type\" content=\"image\/jpeg\" \/>\n<meta name=\"twitter:card\" content=\"summary_large_image\" \/>\n<meta name=\"twitter:label1\" content=\"Tempo estimado de leitura\" \/>\n\t<meta name=\"twitter:data1\" content=\"2 minutos\" \/>\n<script type=\"application\/ld+json\" class=\"yoast-schema-graph\">{\"@context\":\"https:\/\/schema.org\",\"@graph\":[{\"@type\":\"WebPage\",\"@id\":\"https:\/\/www.christeyns.com\/pt-pt\/porque-e-que-o-scope-3-e-tao-importante\/\",\"url\":\"https:\/\/www.christeyns.com\/pt-pt\/porque-e-que-o-scope-3-e-tao-importante\/\",\"name\":\"Porque \u00e9 que o Scope 3 \u00e9 t\u00e3o importante? | Christeyns\",\"isPartOf\":{\"@id\":\"https:\/\/www.christeyns.com\/pt-pt\/#website\"},\"primaryImageOfPage\":{\"@id\":\"https:\/\/www.christeyns.com\/pt-pt\/porque-e-que-o-scope-3-e-tao-importante\/#primaryimage\"},\"image\":{\"@id\":\"https:\/\/www.christeyns.com\/pt-pt\/porque-e-que-o-scope-3-e-tao-importante\/#primaryimage\"},\"thumbnailUrl\":\"https:\/\/www.christeyns.com\/wp-content\/uploads\/2025\/09\/LI_3.jpg\",\"datePublished\":\"2025-10-08T10:32:27+00:00\",\"dateModified\":\"2026-02-04T13:26:45+00:00\",\"description\":\"O scope 3 \u00e9 crucial porque representa, a maior fatia da pegada carb\u00f3nica total de uma empresa. \u00c9 considerado por muitos especialistas como o componente mais desafiante.\",\"breadcrumb\":{\"@id\":\"https:\/\/www.christeyns.com\/pt-pt\/porque-e-que-o-scope-3-e-tao-importante\/#breadcrumb\"},\"inLanguage\":\"pt-PT\",\"potentialAction\":[{\"@type\":\"ReadAction\",\"target\":[\"https:\/\/www.christeyns.com\/pt-pt\/porque-e-que-o-scope-3-e-tao-importante\/\"]}]},{\"@type\":\"ImageObject\",\"inLanguage\":\"pt-PT\",\"@id\":\"https:\/\/www.christeyns.com\/pt-pt\/porque-e-que-o-scope-3-e-tao-importante\/#primaryimage\",\"url\":\"https:\/\/www.christeyns.com\/wp-content\/uploads\/2025\/09\/LI_3.jpg\",\"contentUrl\":\"https:\/\/www.christeyns.com\/wp-content\/uploads\/2025\/09\/LI_3.jpg\",\"width\":1080,\"height\":1080,\"caption\":\"2_Porque e que o Scope 3 e tao importante?\"},{\"@type\":\"BreadcrumbList\",\"@id\":\"https:\/\/www.christeyns.com\/pt-pt\/porque-e-que-o-scope-3-e-tao-importante\/#breadcrumb\",\"itemListElement\":[{\"@type\":\"ListItem\",\"position\":1,\"name\":\"Home\",\"item\":\"https:\/\/www.christeyns.com\/pt-pt\/\"},{\"@type\":\"ListItem\",\"position\":2,\"name\":\"Porque \u00e9 que o Scope 3 \u00e9 t\u00e3o importante?\"}]},{\"@type\":\"WebSite\",\"@id\":\"https:\/\/www.christeyns.com\/pt-pt\/#website\",\"url\":\"https:\/\/www.christeyns.com\/pt-pt\/\",\"name\":\"Christeyns\",\"description\":\"Christeyns - Striving for a cleaner future\",\"publisher\":{\"@id\":\"https:\/\/www.christeyns.com\/pt-pt\/#organization\"},\"inLanguage\":\"pt-PT\"},{\"@type\":\"Organization\",\"@id\":\"https:\/\/www.christeyns.com\/pt-pt\/#organization\",\"name\":\"Christeyns\",\"url\":\"https:\/\/www.christeyns.com\/pt-pt\/\",\"logo\":{\"@type\":\"ImageObject\",\"inLanguage\":\"pt-PT\",\"@id\":\"https:\/\/www.christeyns.com\/pt-pt\/#\/schema\/logo\/image\/\",\"url\":\"https:\/\/www.christeyns.com\/wp-content\/uploads\/2021\/06\/logo.png\",\"contentUrl\":\"https:\/\/www.christeyns.com\/wp-content\/uploads\/2021\/06\/logo.png\",\"width\":262,\"height\":40,\"caption\":\"Christeyns\"},\"image\":{\"@id\":\"https:\/\/www.christeyns.com\/pt-pt\/#\/schema\/logo\/image\/\"},\"sameAs\":[\"https:\/\/www.linkedin.com\/company\/christeyns\",\"https:\/\/www.youtube.com\/c\/christeynshq\"]}]}<\/script>\n<!-- \/ Yoast SEO plugin. -->","yoast_head_json":{"title":"Porque \u00e9 que o Scope 3 \u00e9 t\u00e3o importante? | Christeyns","description":"O scope 3 \u00e9 crucial porque representa, a maior fatia da pegada carb\u00f3nica total de uma empresa. \u00c9 considerado por muitos especialistas como o componente mais desafiante.","robots":{"index":"index","follow":"follow","max-snippet":"max-snippet:-1","max-image-preview":"max-image-preview:large","max-video-preview":"max-video-preview:-1"},"canonical":"https:\/\/www.christeyns.com\/pt-pt\/porque-e-que-o-scope-3-e-tao-importante\/","og_locale":"pt_PT","og_type":"article","og_title":"Porque \u00e9 que o Scope 3 \u00e9 t\u00e3o importante? | Christeyns","og_description":"O scope 3 \u00e9 crucial porque representa, a maior fatia da pegada carb\u00f3nica total de uma empresa. \u00c9 considerado por muitos especialistas como o componente mais desafiante.","og_url":"https:\/\/www.christeyns.com\/pt-pt\/porque-e-que-o-scope-3-e-tao-importante\/","og_site_name":"Christeyns","article_modified_time":"2026-02-04T13:26:45+00:00","og_image":[{"width":1080,"height":1080,"url":"https:\/\/www.christeyns.com\/wp-content\/uploads\/2025\/09\/LI_3.jpg","type":"image\/jpeg"}],"twitter_card":"summary_large_image","twitter_misc":{"Tempo estimado de leitura":"2 minutos"},"schema":{"@context":"https:\/\/schema.org","@graph":[{"@type":"WebPage","@id":"https:\/\/www.christeyns.com\/pt-pt\/porque-e-que-o-scope-3-e-tao-importante\/","url":"https:\/\/www.christeyns.com\/pt-pt\/porque-e-que-o-scope-3-e-tao-importante\/","name":"Porque \u00e9 que o Scope 3 \u00e9 t\u00e3o importante? | Christeyns","isPartOf":{"@id":"https:\/\/www.christeyns.com\/pt-pt\/#website"},"primaryImageOfPage":{"@id":"https:\/\/www.christeyns.com\/pt-pt\/porque-e-que-o-scope-3-e-tao-importante\/#primaryimage"},"image":{"@id":"https:\/\/www.christeyns.com\/pt-pt\/porque-e-que-o-scope-3-e-tao-importante\/#primaryimage"},"thumbnailUrl":"https:\/\/www.christeyns.com\/wp-content\/uploads\/2025\/09\/LI_3.jpg","datePublished":"2025-10-08T10:32:27+00:00","dateModified":"2026-02-04T13:26:45+00:00","description":"O scope 3 \u00e9 crucial porque representa, a maior fatia da pegada carb\u00f3nica total de uma empresa. \u00c9 considerado por muitos especialistas como o componente mais desafiante.","breadcrumb":{"@id":"https:\/\/www.christeyns.com\/pt-pt\/porque-e-que-o-scope-3-e-tao-importante\/#breadcrumb"},"inLanguage":"pt-PT","potentialAction":[{"@type":"ReadAction","target":["https:\/\/www.christeyns.com\/pt-pt\/porque-e-que-o-scope-3-e-tao-importante\/"]}]},{"@type":"ImageObject","inLanguage":"pt-PT","@id":"https:\/\/www.christeyns.com\/pt-pt\/porque-e-que-o-scope-3-e-tao-importante\/#primaryimage","url":"https:\/\/www.christeyns.com\/wp-content\/uploads\/2025\/09\/LI_3.jpg","contentUrl":"https:\/\/www.christeyns.com\/wp-content\/uploads\/2025\/09\/LI_3.jpg","width":1080,"height":1080,"caption":"2_Porque e que o Scope 3 e tao importante?"},{"@type":"BreadcrumbList","@id":"https:\/\/www.christeyns.com\/pt-pt\/porque-e-que-o-scope-3-e-tao-importante\/#breadcrumb","itemListElement":[{"@type":"ListItem","position":1,"name":"Home","item":"https:\/\/www.christeyns.com\/pt-pt\/"},{"@type":"ListItem","position":2,"name":"Porque \u00e9 que o Scope 3 \u00e9 t\u00e3o importante?"}]},{"@type":"WebSite","@id":"https:\/\/www.christeyns.com\/pt-pt\/#website","url":"https:\/\/www.christeyns.com\/pt-pt\/","name":"Christeyns","description":"Christeyns - Striving for a cleaner future","publisher":{"@id":"https:\/\/www.christeyns.com\/pt-pt\/#organization"},"inLanguage":"pt-PT"},{"@type":"Organization","@id":"https:\/\/www.christeyns.com\/pt-pt\/#organization","name":"Christeyns","url":"https:\/\/www.christeyns.com\/pt-pt\/","logo":{"@type":"ImageObject","inLanguage":"pt-PT","@id":"https:\/\/www.christeyns.com\/pt-pt\/#\/schema\/logo\/image\/","url":"https:\/\/www.christeyns.com\/wp-content\/uploads\/2021\/06\/logo.png","contentUrl":"https:\/\/www.christeyns.com\/wp-content\/uploads\/2021\/06\/logo.png","width":262,"height":40,"caption":"Christeyns"},"image":{"@id":"https:\/\/www.christeyns.com\/pt-pt\/#\/schema\/logo\/image\/"},"sameAs":["https:\/\/www.linkedin.com\/company\/christeyns","https:\/\/www.youtube.com\/c\/christeynshq"]}]}},"_links":{"self":[{"href":"https:\/\/www.christeyns.com\/pt-pt\/wp-json\/wp\/v2\/pages\/152170","targetHints":{"allow":["GET"]}}],"collection":[{"href":"https:\/\/www.christeyns.com\/pt-pt\/wp-json\/wp\/v2\/pages"}],"about":[{"href":"https:\/\/www.christeyns.com\/pt-pt\/wp-json\/wp\/v2\/types\/page"}],"author":[{"embeddable":true,"href":"https:\/\/www.christeyns.com\/pt-pt\/wp-json\/wp\/v2\/users\/41"}],"replies":[{"embeddable":true,"href":"https:\/\/www.christeyns.com\/pt-pt\/wp-json\/wp\/v2\/comments?post=152170"}],"version-history":[{"count":15,"href":"https:\/\/www.christeyns.com\/pt-pt\/wp-json\/wp\/v2\/pages\/152170\/revisions"}],"predecessor-version":[{"id":159784,"href":"https:\/\/www.christeyns.com\/pt-pt\/wp-json\/wp\/v2\/pages\/152170\/revisions\/159784"}],"wp:featuredmedia":[{"embeddable":true,"href":"https:\/\/www.christeyns.com\/pt-pt\/wp-json\/wp\/v2\/media\/151281"}],"wp:attachment":[{"href":"https:\/\/www.christeyns.com\/pt-pt\/wp-json\/wp\/v2\/media?parent=152170"}],"curies":[{"name":"wp","href":"https:\/\/api.w.org\/{rel}","templated":true}]}}