{"id":151887,"date":"2025-09-29T12:37:37","date_gmt":"2025-09-29T12:37:37","guid":{"rendered":"https:\/\/www.christeyns.com\/?page_id=151887"},"modified":"2025-10-08T11:32:07","modified_gmt":"2025-10-08T11:32:07","slug":"vamos-reduzir-as-emissoes-e-contribuir-para-um-planeta-mais-verde","status":"publish","type":"page","link":"https:\/\/www.christeyns.com\/pt-pt\/vamos-reduzir-as-emissoes-e-contribuir-para-um-planeta-mais-verde\/","title":{"rendered":"Vamos reduzir as emiss\u00f5es e contribuir para um planeta mais verde?"},"content":{"rendered":"<div class=\"wpb-content-wrapper\"><p>[vc_row][vc_column]\n        <div class=\"page-block background-white\">\n            <div class=\"container mt-none mb-none\" >\n                <div class=\"rownomargin\">\n                    <div class=\"col-24 col-lg-22 offset-lg-1 text-left\">\n                        \n                                                <div class=\"page-block__content  inner-page-block__content\" ><p>&nbsp;<\/p>\n<h1><span class=\"text-large text-green\">Vamos reduzir as emiss\u00f5es e contribuir para um planeta mais verde?<\/span><\/h1>\n<p>&nbsp;<\/p>\n<p>Ao plantarmos \u00e1rvores e reduzirmos o impacto log\u00edstico diminuindo as emiss\u00f5es de CO2, contribu\u00edmos ativamente para a redu\u00e7\u00e3o do impacto ambiental da nossa atividade. Quanto maior a compra, menor a emiss\u00e3o de CO2 na entrega, em oposi\u00e7\u00e3o a compras pequenas e fragmentadas.<\/p>\n<p>Por cada tonelada de produto adquirido por encomenda a Christeyns compromete-se a plantar uma \u00e1rvore. Encontre mais informa\u00e7\u00f5es sobre o projeto&nbsp;<a href=\"https:\/\/www.christeyns.com\/pt-pt\/e-importante-para-nos\/clean-to-green\/\">aqui<\/a>.<\/p>\n<p>&nbsp;<\/p>\n<h2>Como podemos analisar estes fatores?<\/h2>\n<p>O GHG Protocol (Greenhouse Gas Protocol) \u00e9 a principal norma internacional para a contabiliza\u00e7\u00e3o e gest\u00e3o das emiss\u00f5es de gases com efeito de estufa (GEE).&nbsp;\u00c9 adotado por entidades p\u00fablicas e privadas.<\/p>\n<p>O GHG Protocol (Greenhouse Gas Protocol) \u00e9 a principal norma internacional para a contabiliza\u00e7\u00e3o e gest\u00e3o das emiss\u00f5es de gases com efeito de estufa (GEE). Descubra mais sobre este conceito&nbsp;<a href=\"https:\/\/www.christeyns.com\/pt-pt\/vamos-devolver-o-verde-a-portugal\/\">aqui<\/a>.<\/p>\n<p>&nbsp;<\/p>\n<h2>O que \u00e9 Scope?<\/h2>\n<p>Para permitir definir fontes de emiss\u00f5es diretas e indiretas, melhorar a transpar\u00eancia e fornecer informa\u00e7\u00f5es uteis para as diferentes organiza\u00e7\u00f5es, foram definidos 3 \u201cScope\u201d (Scope 1, Scope 2 e Scope 3) s\u00e3o determinados para fins de contabiliza\u00e7\u00e3o e relat\u00f3rios de GEE. Os Scope 1 e Scope 2 s\u00e3o definidos para garantir que duas ou mais empresas n\u00e3o contabilizem emiss\u00f5es no mesmo Scope.<\/p>\n<p><strong>Scope 1<\/strong>: Emiss\u00f5es diretas de GEE<\/p>\n<p>As emiss\u00f5es diretas de GEE sucedem desde fontes recursos pertencentes ou geridos pela empresa, por exemplo, os ve\u00edculos.<\/p>\n<p><strong>Scope 2<\/strong>: Emiss\u00f5es indiretas de GEE da eletricidade<\/p>\n<p>Incluem todas as emiss\u00f5es de gases com efeito de estufa geradas durante a produ\u00e7\u00e3o da eletricidade comprada e utilizada pela empresa. Considera-se como eletricidade adquirida aquela que \u00e9 comprada ou, de outra forma, incorporada dentro dos limites organizacionais da empresa.<\/p>\n<p><strong>Scope 3<\/strong>: Outras emiss\u00f5es indiretas de GEE<\/p>\n<p>O Scope 3 corresponde a uma categoria facultativa de reporte que abrange todas as restantes emiss\u00f5es indiretas. Essas emiss\u00f5es resultam das atividades da empresa, mas t\u00eam origem em fontes que n\u00e3o est\u00e3o sob sua posse ou gest\u00e3o direta.<\/p>\n<p><strong>(Greenhouse Gas Protocol (2004))<\/strong><\/p>\n<p>&nbsp;<\/p>\n<p>Confira dados adicionais sobre cada Scope no gr\u00e1fico abaixo:<\/p>\n<p>&nbsp;<\/p>\n<p><img loading=\"lazy\" decoding=\"async\" class=\"wp-image-151842 aligncenter\" src=\"https:\/\/www.christeyns.com\/wp-content\/uploads\/2025\/09\/LI_carrossel_2-1024x1024.jpg\" sizes=\"(max-width: 446px) 100vw, 446px\" srcset=\"https:\/\/www.christeyns.com\/wp-content\/uploads\/2025\/09\/LI_carrossel_2-1024x1024.jpg 1024w, https:\/\/www.christeyns.com\/wp-content\/uploads\/2025\/09\/LI_carrossel_2-300x300.jpg 300w, https:\/\/www.christeyns.com\/wp-content\/uploads\/2025\/09\/LI_carrossel_2-150x150.jpg 150w, https:\/\/www.christeyns.com\/wp-content\/uploads\/2025\/09\/LI_carrossel_2-768x768.jpg 768w, https:\/\/www.christeyns.com\/wp-content\/uploads\/2025\/09\/LI_carrossel_2-260x260.jpg 260w, https:\/\/www.christeyns.com\/wp-content\/uploads\/2025\/09\/LI_carrossel_2-450x450.jpg 450w, https:\/\/www.christeyns.com\/wp-content\/uploads\/2025\/09\/LI_carrossel_2-750x750.jpg 750w, https:\/\/www.christeyns.com\/wp-content\/uploads\/2025\/09\/LI_carrossel_2-540x540.jpg 540w, https:\/\/www.christeyns.com\/wp-content\/uploads\/2025\/09\/LI_carrossel_2-960x960.jpg 960w, https:\/\/www.christeyns.com\/wp-content\/uploads\/2025\/09\/LI_carrossel_2-1170x1170.jpg 1170w, https:\/\/www.christeyns.com\/wp-content\/uploads\/2025\/09\/LI_carrossel_2.jpg 1200w\" alt=\"1_O que sao emissoes do Scope 3?\" width=\"446\" height=\"446\"><\/p>\n<p>&nbsp;<\/p>\n<p><strong>Refer\u00eancias<\/strong><\/p>\n<p>World Resources Institute, &amp; World Business Council for Sustainable Development. (2004). The Greenhouse Gas Protocol: A corporate accounting and reporting standard (revised edition). World Resources Institute. https:\/\/ghgprotocol.org\/sites\/default\/files\/standards\/ghg-protocol-revised.pdf<\/p>\n<p>&nbsp;<\/p>\n<\/div>\n\n                                            <\/div>\n                <\/div>\n            <\/div>\n        <\/div>\n\n        [\/vc_column][\/vc_row]<\/p>\n<\/div>","protected":false},"excerpt":{"rendered":"<p>[vc_row][vc_column][\/vc_column][\/vc_row]<\/p>\n","protected":false},"author":41,"featured_media":0,"parent":0,"menu_order":0,"comment_status":"closed","ping_status":"closed","template":"","meta":{"_acf_changed":false,"content-type":"","footnotes":""},"class_list":["post-151887","page","type-page","status-publish","hentry"],"acf":[],"yoast_head":"<!-- This site is optimized with the Yoast SEO plugin v26.9 - https:\/\/yoast.com\/product\/yoast-seo-wordpress\/ -->\n<title>Vamos reduzir as emiss\u00f5es e contribuir para um planeta mais verde? | Christeyns<\/title>\n<meta name=\"robots\" content=\"index, follow, max-snippet:-1, max-image-preview:large, max-video-preview:-1\" \/>\n<link rel=\"canonical\" href=\"https:\/\/www.christeyns.com\/pt-pt\/vamos-reduzir-as-emissoes-e-contribuir-para-um-planeta-mais-verde\/\" \/>\n<meta property=\"og:locale\" content=\"pt_PT\" \/>\n<meta property=\"og:type\" content=\"article\" \/>\n<meta property=\"og:title\" content=\"Vamos reduzir as emiss\u00f5es e contribuir para um planeta mais verde? | Christeyns\" \/>\n<meta property=\"og:description\" content=\"[vc_row][vc_column][\/vc_column][\/vc_row]\" \/>\n<meta property=\"og:url\" content=\"https:\/\/www.christeyns.com\/pt-pt\/vamos-reduzir-as-emissoes-e-contribuir-para-um-planeta-mais-verde\/\" \/>\n<meta property=\"og:site_name\" content=\"Christeyns\" \/>\n<meta property=\"article:modified_time\" content=\"2025-10-08T11:32:07+00:00\" \/>\n<meta property=\"og:image\" content=\"https:\/\/www.christeyns.com\/wp-content\/uploads\/2025\/09\/LI_carrossel_2.jpg\" \/>\n\t<meta property=\"og:image:width\" content=\"1200\" \/>\n\t<meta property=\"og:image:height\" content=\"1200\" \/>\n\t<meta property=\"og:image:type\" content=\"image\/jpeg\" \/>\n<meta name=\"twitter:card\" content=\"summary_large_image\" \/>\n<meta name=\"twitter:label1\" content=\"Tempo estimado de leitura\" \/>\n\t<meta name=\"twitter:data1\" content=\"2 minutos\" \/>\n<script type=\"application\/ld+json\" class=\"yoast-schema-graph\">{\"@context\":\"https:\/\/schema.org\",\"@graph\":[{\"@type\":\"WebPage\",\"@id\":\"https:\/\/www.christeyns.com\/pt-pt\/vamos-reduzir-as-emissoes-e-contribuir-para-um-planeta-mais-verde\/\",\"url\":\"https:\/\/www.christeyns.com\/pt-pt\/vamos-reduzir-as-emissoes-e-contribuir-para-um-planeta-mais-verde\/\",\"name\":\"Vamos reduzir as emiss\u00f5es e contribuir para um planeta mais verde? | Christeyns\",\"isPartOf\":{\"@id\":\"https:\/\/www.christeyns.com\/pt-pt\/#website\"},\"primaryImageOfPage\":{\"@id\":\"https:\/\/www.christeyns.com\/pt-pt\/vamos-reduzir-as-emissoes-e-contribuir-para-um-planeta-mais-verde\/#primaryimage\"},\"image\":{\"@id\":\"https:\/\/www.christeyns.com\/pt-pt\/vamos-reduzir-as-emissoes-e-contribuir-para-um-planeta-mais-verde\/#primaryimage\"},\"thumbnailUrl\":\"https:\/\/www.christeyns.com\/wp-content\/uploads\/2025\/09\/LI_carrossel_2-1024x1024.jpg\",\"datePublished\":\"2025-09-29T12:37:37+00:00\",\"dateModified\":\"2025-10-08T11:32:07+00:00\",\"breadcrumb\":{\"@id\":\"https:\/\/www.christeyns.com\/pt-pt\/vamos-reduzir-as-emissoes-e-contribuir-para-um-planeta-mais-verde\/#breadcrumb\"},\"inLanguage\":\"pt-PT\",\"potentialAction\":[{\"@type\":\"ReadAction\",\"target\":[\"https:\/\/www.christeyns.com\/pt-pt\/vamos-reduzir-as-emissoes-e-contribuir-para-um-planeta-mais-verde\/\"]}]},{\"@type\":\"ImageObject\",\"inLanguage\":\"pt-PT\",\"@id\":\"https:\/\/www.christeyns.com\/pt-pt\/vamos-reduzir-as-emissoes-e-contribuir-para-um-planeta-mais-verde\/#primaryimage\",\"url\":\"https:\/\/www.christeyns.com\/wp-content\/uploads\/2025\/09\/LI_carrossel_2-1024x1024.jpg\",\"contentUrl\":\"https:\/\/www.christeyns.com\/wp-content\/uploads\/2025\/09\/LI_carrossel_2-1024x1024.jpg\"},{\"@type\":\"BreadcrumbList\",\"@id\":\"https:\/\/www.christeyns.com\/pt-pt\/vamos-reduzir-as-emissoes-e-contribuir-para-um-planeta-mais-verde\/#breadcrumb\",\"itemListElement\":[{\"@type\":\"ListItem\",\"position\":1,\"name\":\"Home\",\"item\":\"https:\/\/www.christeyns.com\/pt-pt\/\"},{\"@type\":\"ListItem\",\"position\":2,\"name\":\"Vamos reduzir as emiss\u00f5es e contribuir para um planeta mais verde?\"}]},{\"@type\":\"WebSite\",\"@id\":\"https:\/\/www.christeyns.com\/pt-pt\/#website\",\"url\":\"https:\/\/www.christeyns.com\/pt-pt\/\",\"name\":\"Christeyns\",\"description\":\"Christeyns - Striving for a cleaner future\",\"publisher\":{\"@id\":\"https:\/\/www.christeyns.com\/pt-pt\/#organization\"},\"inLanguage\":\"pt-PT\"},{\"@type\":\"Organization\",\"@id\":\"https:\/\/www.christeyns.com\/pt-pt\/#organization\",\"name\":\"Christeyns\",\"url\":\"https:\/\/www.christeyns.com\/pt-pt\/\",\"logo\":{\"@type\":\"ImageObject\",\"inLanguage\":\"pt-PT\",\"@id\":\"https:\/\/www.christeyns.com\/pt-pt\/#\/schema\/logo\/image\/\",\"url\":\"https:\/\/www.christeyns.com\/wp-content\/uploads\/2021\/06\/logo.png\",\"contentUrl\":\"https:\/\/www.christeyns.com\/wp-content\/uploads\/2021\/06\/logo.png\",\"width\":262,\"height\":40,\"caption\":\"Christeyns\"},\"image\":{\"@id\":\"https:\/\/www.christeyns.com\/pt-pt\/#\/schema\/logo\/image\/\"},\"sameAs\":[\"https:\/\/www.linkedin.com\/company\/christeyns\",\"https:\/\/www.youtube.com\/c\/christeynshq\"]}]}<\/script>\n<!-- \/ Yoast SEO plugin. -->","yoast_head_json":{"title":"Vamos reduzir as emiss\u00f5es e contribuir para um planeta mais verde? | Christeyns","robots":{"index":"index","follow":"follow","max-snippet":"max-snippet:-1","max-image-preview":"max-image-preview:large","max-video-preview":"max-video-preview:-1"},"canonical":"https:\/\/www.christeyns.com\/pt-pt\/vamos-reduzir-as-emissoes-e-contribuir-para-um-planeta-mais-verde\/","og_locale":"pt_PT","og_type":"article","og_title":"Vamos reduzir as emiss\u00f5es e contribuir para um planeta mais verde? | Christeyns","og_description":"[vc_row][vc_column][\/vc_column][\/vc_row]","og_url":"https:\/\/www.christeyns.com\/pt-pt\/vamos-reduzir-as-emissoes-e-contribuir-para-um-planeta-mais-verde\/","og_site_name":"Christeyns","article_modified_time":"2025-10-08T11:32:07+00:00","og_image":[{"width":1200,"height":1200,"url":"https:\/\/www.christeyns.com\/wp-content\/uploads\/2025\/09\/LI_carrossel_2.jpg","type":"image\/jpeg"}],"twitter_card":"summary_large_image","twitter_misc":{"Tempo estimado de leitura":"2 minutos"},"schema":{"@context":"https:\/\/schema.org","@graph":[{"@type":"WebPage","@id":"https:\/\/www.christeyns.com\/pt-pt\/vamos-reduzir-as-emissoes-e-contribuir-para-um-planeta-mais-verde\/","url":"https:\/\/www.christeyns.com\/pt-pt\/vamos-reduzir-as-emissoes-e-contribuir-para-um-planeta-mais-verde\/","name":"Vamos reduzir as emiss\u00f5es e contribuir para um planeta mais verde? | Christeyns","isPartOf":{"@id":"https:\/\/www.christeyns.com\/pt-pt\/#website"},"primaryImageOfPage":{"@id":"https:\/\/www.christeyns.com\/pt-pt\/vamos-reduzir-as-emissoes-e-contribuir-para-um-planeta-mais-verde\/#primaryimage"},"image":{"@id":"https:\/\/www.christeyns.com\/pt-pt\/vamos-reduzir-as-emissoes-e-contribuir-para-um-planeta-mais-verde\/#primaryimage"},"thumbnailUrl":"https:\/\/www.christeyns.com\/wp-content\/uploads\/2025\/09\/LI_carrossel_2-1024x1024.jpg","datePublished":"2025-09-29T12:37:37+00:00","dateModified":"2025-10-08T11:32:07+00:00","breadcrumb":{"@id":"https:\/\/www.christeyns.com\/pt-pt\/vamos-reduzir-as-emissoes-e-contribuir-para-um-planeta-mais-verde\/#breadcrumb"},"inLanguage":"pt-PT","potentialAction":[{"@type":"ReadAction","target":["https:\/\/www.christeyns.com\/pt-pt\/vamos-reduzir-as-emissoes-e-contribuir-para-um-planeta-mais-verde\/"]}]},{"@type":"ImageObject","inLanguage":"pt-PT","@id":"https:\/\/www.christeyns.com\/pt-pt\/vamos-reduzir-as-emissoes-e-contribuir-para-um-planeta-mais-verde\/#primaryimage","url":"https:\/\/www.christeyns.com\/wp-content\/uploads\/2025\/09\/LI_carrossel_2-1024x1024.jpg","contentUrl":"https:\/\/www.christeyns.com\/wp-content\/uploads\/2025\/09\/LI_carrossel_2-1024x1024.jpg"},{"@type":"BreadcrumbList","@id":"https:\/\/www.christeyns.com\/pt-pt\/vamos-reduzir-as-emissoes-e-contribuir-para-um-planeta-mais-verde\/#breadcrumb","itemListElement":[{"@type":"ListItem","position":1,"name":"Home","item":"https:\/\/www.christeyns.com\/pt-pt\/"},{"@type":"ListItem","position":2,"name":"Vamos reduzir as emiss\u00f5es e contribuir para um planeta mais verde?"}]},{"@type":"WebSite","@id":"https:\/\/www.christeyns.com\/pt-pt\/#website","url":"https:\/\/www.christeyns.com\/pt-pt\/","name":"Christeyns","description":"Christeyns - Striving for a cleaner future","publisher":{"@id":"https:\/\/www.christeyns.com\/pt-pt\/#organization"},"inLanguage":"pt-PT"},{"@type":"Organization","@id":"https:\/\/www.christeyns.com\/pt-pt\/#organization","name":"Christeyns","url":"https:\/\/www.christeyns.com\/pt-pt\/","logo":{"@type":"ImageObject","inLanguage":"pt-PT","@id":"https:\/\/www.christeyns.com\/pt-pt\/#\/schema\/logo\/image\/","url":"https:\/\/www.christeyns.com\/wp-content\/uploads\/2021\/06\/logo.png","contentUrl":"https:\/\/www.christeyns.com\/wp-content\/uploads\/2021\/06\/logo.png","width":262,"height":40,"caption":"Christeyns"},"image":{"@id":"https:\/\/www.christeyns.com\/pt-pt\/#\/schema\/logo\/image\/"},"sameAs":["https:\/\/www.linkedin.com\/company\/christeyns","https:\/\/www.youtube.com\/c\/christeynshq"]}]}},"_links":{"self":[{"href":"https:\/\/www.christeyns.com\/pt-pt\/wp-json\/wp\/v2\/pages\/151887","targetHints":{"allow":["GET"]}}],"collection":[{"href":"https:\/\/www.christeyns.com\/pt-pt\/wp-json\/wp\/v2\/pages"}],"about":[{"href":"https:\/\/www.christeyns.com\/pt-pt\/wp-json\/wp\/v2\/types\/page"}],"author":[{"embeddable":true,"href":"https:\/\/www.christeyns.com\/pt-pt\/wp-json\/wp\/v2\/users\/41"}],"replies":[{"embeddable":true,"href":"https:\/\/www.christeyns.com\/pt-pt\/wp-json\/wp\/v2\/comments?post=151887"}],"version-history":[{"count":13,"href":"https:\/\/www.christeyns.com\/pt-pt\/wp-json\/wp\/v2\/pages\/151887\/revisions"}],"predecessor-version":[{"id":152257,"href":"https:\/\/www.christeyns.com\/pt-pt\/wp-json\/wp\/v2\/pages\/151887\/revisions\/152257"}],"wp:attachment":[{"href":"https:\/\/www.christeyns.com\/pt-pt\/wp-json\/wp\/v2\/media?parent=151887"}],"curies":[{"name":"wp","href":"https:\/\/api.w.org\/{rel}","templated":true}]}}