{"id":151353,"date":"2025-09-23T07:56:27","date_gmt":"2025-09-23T07:56:27","guid":{"rendered":"https:\/\/www.christeyns.com\/?page_id=151353"},"modified":"2026-02-04T14:45:32","modified_gmt":"2026-02-04T14:45:32","slug":"vamos-devolver-o-verde-a-portugal","status":"publish","type":"page","link":"https:\/\/www.christeyns.com\/pt-pt\/vamos-devolver-o-verde-a-portugal\/","title":{"rendered":"Vamos devolver o verde a Portugal?"},"content":{"rendered":"<div class=\"wpb-content-wrapper\"><p>[vc_row][vc_column]\n        <div class=\"content-block full-width  background-white\" >\n            <div class=\"rownomargin\">\n                <div class=\"col-24 col-lg-16 offset-lg-4 text-center mb-6 sm-p-0 text-wrap-balance\">\n                    \n                                        <div class=\"text-center  content-block\" ><h1><span class=\"text-green text-large\">Vamos devolver o verde a Portugal?<\/span><\/h1>\n<p>&nbsp;<\/p>\n<p>Portugal enfrenta como nunca os impactos das altera\u00e7\u00f5es clim\u00e1ticas, o que tem resultado em v\u00e1rios efeitos, dos quais os mais vis\u00edveis s\u00e3o as secas devastadoras e o flagelo dos inc\u00eandios florestais. Plantar \u00e1rvores, por isso, mais do que simb\u00f3lico: \u00e9 regenerar, \u00e9 proteger e criar um futuro sustent\u00e1vel.<\/p>\n<h2>O que s\u00e3o GHG Protocol?<\/h2>\n<p>O GHG Protocol (Greenhouse Gas Protocol) \u00e9 a principal norma internacional para a contabiliza\u00e7\u00e3o e gest\u00e3o das emiss\u00f5es de gases com efeito de estufa (GEE). <span style=\"letter-spacing: 0.1px;\">\u00c9 adotado por entidades p\u00fablicas e privadas.<\/span><\/p>\n<p>A sua miss\u00e3o \u00e9 definir normas cred\u00edveis, acess\u00edveis e amplamente utilizadas para a medi\u00e7\u00e3o e relat\u00f3rio <span data-teams=\"true\"> de emiss\u00f5es<\/span>, promovendo a ado\u00e7\u00e3o global de pr\u00e1ticas consistentes e fi\u00e1veis. A vis\u00e3o do protocolo \u00e9 que todas as entidades, p\u00fablicas e privadas, contabilizem as suas emiss\u00f5es de GEE, acelerando a sua redu\u00e7\u00e3o em linha com os limites de aquecimento global. (Greenhouse Gas Protocol (2004)).<\/p>\n<p>O GHG Protocol considera seis gases de efeito de estufa no c\u00e1lculo das emiss\u00f5es:<\/p>\n<ul>\n<li>Di\u00f3xido de carbono (CO\u2082)<\/li>\n<li>Metano (CH\u2084)<\/li>\n<li>\u00d3xido nitroso (N\u2082O)<\/li>\n<li>Hidrofluorocarbonetos (HFCs)<\/li>\n<li>Perfluorocarbonetos (PFCs)<\/li>\n<li>Hexafluoreto de enxofre (SF\u2086)<\/li>\n<\/ul>\n<p><strong>(Greenhouse Gas Protocol (2004))<\/strong><\/p>\n<p>Para diferenciar emiss\u00f5es diretas e indiretas, e tornar os relat\u00f3rios \u00fateis a diferentes tipos de organiza\u00e7\u00f5es, o protocolo define tr\u00eas categorias (Scopes):<\/p>\n<ul>\n<li>SCOPE 1: Emiss\u00f5es diretas de GEE<\/li>\n<li>SCOPE 2: Emiss\u00f5es indiretas de GEE de eletricidade<\/li>\n<li>SCOPE 3: Outras emiss\u00f5es indiretas de GEE<\/li>\n<\/ul>\n<p><strong>(Greenhouse Gas Protocol (2004))<\/strong><\/p>\n<h2>O que \u00e9 o projeto Clean to Green?<\/h2>\n<p>O projeto Clean to Green \u00e9 mais um passo decisivo no nosso caminho para a neutralidade carb\u00f3nica, \u00e9 um compromisso firme que assumimos para 2030.<\/p>\n<p>Com esta a\u00e7\u00e3o, estamos a construir, em conjunto, um futuro mais verde.<\/p>\n<ul>\n<li>Absor\u00e7\u00e3o de CO\u2082 e combate \u00e0s altera\u00e7\u00f5es clim\u00e1ticas<\/li>\n<li>Preserva\u00e7\u00e3o da biodiversidade<\/li>\n<li>Apoio \u00e0 neutralidade carb\u00f3nica da Christeyns e redu\u00e7\u00e3o das emiss\u00f5es Scope 3 dos nossos clientes<\/li>\n<li>Cadeias de abastecimento mais sustent\u00e1veis<\/li>\n<\/ul>\n<p>&nbsp;<\/p>\n<p><img loading=\"lazy\" decoding=\"async\" class=\"wp-image-151575 aligncenter\" src=\"https:\/\/www.christeyns.com\/wp-content\/uploads\/2025\/09\/LI_carrossel_1-1024x1024.jpg\" alt=\"Devolver o verde a Portugal\" width=\"448\" height=\"448\" srcset=\"https:\/\/www.christeyns.com\/wp-content\/uploads\/2025\/09\/LI_carrossel_1-1024x1024.jpg 1024w, https:\/\/www.christeyns.com\/wp-content\/uploads\/2025\/09\/LI_carrossel_1-300x300.jpg 300w, https:\/\/www.christeyns.com\/wp-content\/uploads\/2025\/09\/LI_carrossel_1-150x150.jpg 150w, https:\/\/www.christeyns.com\/wp-content\/uploads\/2025\/09\/LI_carrossel_1-768x768.jpg 768w, https:\/\/www.christeyns.com\/wp-content\/uploads\/2025\/09\/LI_carrossel_1-260x260.jpg 260w, https:\/\/www.christeyns.com\/wp-content\/uploads\/2025\/09\/LI_carrossel_1-450x450.jpg 450w, https:\/\/www.christeyns.com\/wp-content\/uploads\/2025\/09\/LI_carrossel_1-750x750.jpg 750w, https:\/\/www.christeyns.com\/wp-content\/uploads\/2025\/09\/LI_carrossel_1-540x540.jpg 540w, https:\/\/www.christeyns.com\/wp-content\/uploads\/2025\/09\/LI_carrossel_1-960x960.jpg 960w, https:\/\/www.christeyns.com\/wp-content\/uploads\/2025\/09\/LI_carrossel_1-1170x1170.jpg 1170w, https:\/\/www.christeyns.com\/wp-content\/uploads\/2025\/09\/LI_carrossel_1.jpg 1200w\" sizes=\"(max-width: 448px) 100vw, 448px\" \/><\/p>\n<p>&nbsp;<\/p>\n<p><a href=\"https:\/\/www.christeyns.com\/wp-content\/uploads\/2025\/09\/CleantoGreen_Infografia.pdf\"><strong>Descarregue o nosso Infogr\u00e1fico<\/strong><\/a><\/p>\n<\/div>\n\n                    \n                    \n\n                <\/div>\n            <\/div>\n        <\/div>\n\n        [\/vc_column][\/vc_row]<\/p>\n<\/div>","protected":false},"excerpt":{"rendered":"<p>[vc_row][vc_column][\/vc_column][\/vc_row]<\/p>\n","protected":false},"author":41,"featured_media":151177,"parent":0,"menu_order":0,"comment_status":"closed","ping_status":"closed","template":"","meta":{"_acf_changed":false,"content-type":"","footnotes":""},"class_list":["post-151353","page","type-page","status-publish","hentry"],"acf":[],"yoast_head":"<!-- This site is optimized with the Yoast SEO plugin v26.9 - https:\/\/yoast.com\/product\/yoast-seo-wordpress\/ -->\n<title>Vamos devolver o verde a Portugal? | Christeyns<\/title>\n<meta name=\"robots\" content=\"index, nofollow, max-snippet:-1, max-image-preview:large, max-video-preview:-1\" \/>\n<link rel=\"canonical\" href=\"https:\/\/www.christeyns.com\/pt-pt\/vamos-devolver-o-verde-a-portugal\/\" \/>\n<meta property=\"og:locale\" content=\"pt_PT\" \/>\n<meta property=\"og:type\" content=\"article\" \/>\n<meta property=\"og:title\" content=\"Vamos devolver o verde a Portugal? | Christeyns\" \/>\n<meta property=\"og:description\" content=\"[vc_row][vc_column][\/vc_column][\/vc_row]\" \/>\n<meta property=\"og:url\" content=\"https:\/\/www.christeyns.com\/pt-pt\/vamos-devolver-o-verde-a-portugal\/\" \/>\n<meta property=\"og:site_name\" content=\"Christeyns\" \/>\n<meta property=\"article:modified_time\" content=\"2026-02-04T14:45:32+00:00\" \/>\n<meta property=\"og:image\" content=\"https:\/\/www.christeyns.com\/wp-content\/uploads\/2025\/09\/LI_1-1-1.jpg\" \/>\n\t<meta property=\"og:image:width\" content=\"800\" \/>\n\t<meta property=\"og:image:height\" content=\"800\" \/>\n\t<meta property=\"og:image:type\" content=\"image\/jpeg\" \/>\n<meta name=\"twitter:card\" content=\"summary_large_image\" \/>\n<meta name=\"twitter:label1\" content=\"Tempo estimado de leitura\" \/>\n\t<meta name=\"twitter:data1\" content=\"2 minutos\" \/>\n<script type=\"application\/ld+json\" class=\"yoast-schema-graph\">{\"@context\":\"https:\/\/schema.org\",\"@graph\":[{\"@type\":\"WebPage\",\"@id\":\"https:\/\/www.christeyns.com\/pt-pt\/vamos-devolver-o-verde-a-portugal\/\",\"url\":\"https:\/\/www.christeyns.com\/pt-pt\/vamos-devolver-o-verde-a-portugal\/\",\"name\":\"Vamos devolver o verde a Portugal? | Christeyns\",\"isPartOf\":{\"@id\":\"https:\/\/www.christeyns.com\/pt-pt\/#website\"},\"primaryImageOfPage\":{\"@id\":\"https:\/\/www.christeyns.com\/pt-pt\/vamos-devolver-o-verde-a-portugal\/#primaryimage\"},\"image\":{\"@id\":\"https:\/\/www.christeyns.com\/pt-pt\/vamos-devolver-o-verde-a-portugal\/#primaryimage\"},\"thumbnailUrl\":\"https:\/\/www.christeyns.com\/wp-content\/uploads\/2025\/09\/LI_1-1-1.jpg\",\"datePublished\":\"2025-09-23T07:56:27+00:00\",\"dateModified\":\"2026-02-04T14:45:32+00:00\",\"breadcrumb\":{\"@id\":\"https:\/\/www.christeyns.com\/pt-pt\/vamos-devolver-o-verde-a-portugal\/#breadcrumb\"},\"inLanguage\":\"pt-PT\",\"potentialAction\":[{\"@type\":\"ReadAction\",\"target\":[\"https:\/\/www.christeyns.com\/pt-pt\/vamos-devolver-o-verde-a-portugal\/\"]}]},{\"@type\":\"ImageObject\",\"inLanguage\":\"pt-PT\",\"@id\":\"https:\/\/www.christeyns.com\/pt-pt\/vamos-devolver-o-verde-a-portugal\/#primaryimage\",\"url\":\"https:\/\/www.christeyns.com\/wp-content\/uploads\/2025\/09\/LI_1-1-1.jpg\",\"contentUrl\":\"https:\/\/www.christeyns.com\/wp-content\/uploads\/2025\/09\/LI_1-1-1.jpg\",\"width\":800,\"height\":800,\"caption\":\"Devolver o verde a Portugal - Image 1\"},{\"@type\":\"BreadcrumbList\",\"@id\":\"https:\/\/www.christeyns.com\/pt-pt\/vamos-devolver-o-verde-a-portugal\/#breadcrumb\",\"itemListElement\":[{\"@type\":\"ListItem\",\"position\":1,\"name\":\"Home\",\"item\":\"https:\/\/www.christeyns.com\/pt-pt\/\"},{\"@type\":\"ListItem\",\"position\":2,\"name\":\"Vamos devolver o verde a Portugal?\"}]},{\"@type\":\"WebSite\",\"@id\":\"https:\/\/www.christeyns.com\/pt-pt\/#website\",\"url\":\"https:\/\/www.christeyns.com\/pt-pt\/\",\"name\":\"Christeyns\",\"description\":\"Christeyns - Striving for a cleaner future\",\"publisher\":{\"@id\":\"https:\/\/www.christeyns.com\/pt-pt\/#organization\"},\"inLanguage\":\"pt-PT\"},{\"@type\":\"Organization\",\"@id\":\"https:\/\/www.christeyns.com\/pt-pt\/#organization\",\"name\":\"Christeyns\",\"url\":\"https:\/\/www.christeyns.com\/pt-pt\/\",\"logo\":{\"@type\":\"ImageObject\",\"inLanguage\":\"pt-PT\",\"@id\":\"https:\/\/www.christeyns.com\/pt-pt\/#\/schema\/logo\/image\/\",\"url\":\"https:\/\/www.christeyns.com\/wp-content\/uploads\/2021\/06\/logo.png\",\"contentUrl\":\"https:\/\/www.christeyns.com\/wp-content\/uploads\/2021\/06\/logo.png\",\"width\":262,\"height\":40,\"caption\":\"Christeyns\"},\"image\":{\"@id\":\"https:\/\/www.christeyns.com\/pt-pt\/#\/schema\/logo\/image\/\"},\"sameAs\":[\"https:\/\/www.linkedin.com\/company\/christeyns\",\"https:\/\/www.youtube.com\/c\/christeynshq\"]}]}<\/script>\n<!-- \/ Yoast SEO plugin. -->","yoast_head_json":{"title":"Vamos devolver o verde a Portugal? | Christeyns","robots":{"index":"index","follow":"nofollow","max-snippet":"max-snippet:-1","max-image-preview":"max-image-preview:large","max-video-preview":"max-video-preview:-1"},"canonical":"https:\/\/www.christeyns.com\/pt-pt\/vamos-devolver-o-verde-a-portugal\/","og_locale":"pt_PT","og_type":"article","og_title":"Vamos devolver o verde a Portugal? | Christeyns","og_description":"[vc_row][vc_column][\/vc_column][\/vc_row]","og_url":"https:\/\/www.christeyns.com\/pt-pt\/vamos-devolver-o-verde-a-portugal\/","og_site_name":"Christeyns","article_modified_time":"2026-02-04T14:45:32+00:00","og_image":[{"width":800,"height":800,"url":"https:\/\/www.christeyns.com\/wp-content\/uploads\/2025\/09\/LI_1-1-1.jpg","type":"image\/jpeg"}],"twitter_card":"summary_large_image","twitter_misc":{"Tempo estimado de leitura":"2 minutos"},"schema":{"@context":"https:\/\/schema.org","@graph":[{"@type":"WebPage","@id":"https:\/\/www.christeyns.com\/pt-pt\/vamos-devolver-o-verde-a-portugal\/","url":"https:\/\/www.christeyns.com\/pt-pt\/vamos-devolver-o-verde-a-portugal\/","name":"Vamos devolver o verde a Portugal? | Christeyns","isPartOf":{"@id":"https:\/\/www.christeyns.com\/pt-pt\/#website"},"primaryImageOfPage":{"@id":"https:\/\/www.christeyns.com\/pt-pt\/vamos-devolver-o-verde-a-portugal\/#primaryimage"},"image":{"@id":"https:\/\/www.christeyns.com\/pt-pt\/vamos-devolver-o-verde-a-portugal\/#primaryimage"},"thumbnailUrl":"https:\/\/www.christeyns.com\/wp-content\/uploads\/2025\/09\/LI_1-1-1.jpg","datePublished":"2025-09-23T07:56:27+00:00","dateModified":"2026-02-04T14:45:32+00:00","breadcrumb":{"@id":"https:\/\/www.christeyns.com\/pt-pt\/vamos-devolver-o-verde-a-portugal\/#breadcrumb"},"inLanguage":"pt-PT","potentialAction":[{"@type":"ReadAction","target":["https:\/\/www.christeyns.com\/pt-pt\/vamos-devolver-o-verde-a-portugal\/"]}]},{"@type":"ImageObject","inLanguage":"pt-PT","@id":"https:\/\/www.christeyns.com\/pt-pt\/vamos-devolver-o-verde-a-portugal\/#primaryimage","url":"https:\/\/www.christeyns.com\/wp-content\/uploads\/2025\/09\/LI_1-1-1.jpg","contentUrl":"https:\/\/www.christeyns.com\/wp-content\/uploads\/2025\/09\/LI_1-1-1.jpg","width":800,"height":800,"caption":"Devolver o verde a Portugal - Image 1"},{"@type":"BreadcrumbList","@id":"https:\/\/www.christeyns.com\/pt-pt\/vamos-devolver-o-verde-a-portugal\/#breadcrumb","itemListElement":[{"@type":"ListItem","position":1,"name":"Home","item":"https:\/\/www.christeyns.com\/pt-pt\/"},{"@type":"ListItem","position":2,"name":"Vamos devolver o verde a Portugal?"}]},{"@type":"WebSite","@id":"https:\/\/www.christeyns.com\/pt-pt\/#website","url":"https:\/\/www.christeyns.com\/pt-pt\/","name":"Christeyns","description":"Christeyns - Striving for a cleaner future","publisher":{"@id":"https:\/\/www.christeyns.com\/pt-pt\/#organization"},"inLanguage":"pt-PT"},{"@type":"Organization","@id":"https:\/\/www.christeyns.com\/pt-pt\/#organization","name":"Christeyns","url":"https:\/\/www.christeyns.com\/pt-pt\/","logo":{"@type":"ImageObject","inLanguage":"pt-PT","@id":"https:\/\/www.christeyns.com\/pt-pt\/#\/schema\/logo\/image\/","url":"https:\/\/www.christeyns.com\/wp-content\/uploads\/2021\/06\/logo.png","contentUrl":"https:\/\/www.christeyns.com\/wp-content\/uploads\/2021\/06\/logo.png","width":262,"height":40,"caption":"Christeyns"},"image":{"@id":"https:\/\/www.christeyns.com\/pt-pt\/#\/schema\/logo\/image\/"},"sameAs":["https:\/\/www.linkedin.com\/company\/christeyns","https:\/\/www.youtube.com\/c\/christeynshq"]}]}},"_links":{"self":[{"href":"https:\/\/www.christeyns.com\/pt-pt\/wp-json\/wp\/v2\/pages\/151353","targetHints":{"allow":["GET"]}}],"collection":[{"href":"https:\/\/www.christeyns.com\/pt-pt\/wp-json\/wp\/v2\/pages"}],"about":[{"href":"https:\/\/www.christeyns.com\/pt-pt\/wp-json\/wp\/v2\/types\/page"}],"author":[{"embeddable":true,"href":"https:\/\/www.christeyns.com\/pt-pt\/wp-json\/wp\/v2\/users\/41"}],"replies":[{"embeddable":true,"href":"https:\/\/www.christeyns.com\/pt-pt\/wp-json\/wp\/v2\/comments?post=151353"}],"version-history":[{"count":25,"href":"https:\/\/www.christeyns.com\/pt-pt\/wp-json\/wp\/v2\/pages\/151353\/revisions"}],"predecessor-version":[{"id":159883,"href":"https:\/\/www.christeyns.com\/pt-pt\/wp-json\/wp\/v2\/pages\/151353\/revisions\/159883"}],"wp:featuredmedia":[{"embeddable":true,"href":"https:\/\/www.christeyns.com\/pt-pt\/wp-json\/wp\/v2\/media\/151177"}],"wp:attachment":[{"href":"https:\/\/www.christeyns.com\/pt-pt\/wp-json\/wp\/v2\/media?parent=151353"}],"curies":[{"name":"wp","href":"https:\/\/api.w.org\/{rel}","templated":true}]}}