{"id":62673,"date":"2019-12-06T13:35:40","date_gmt":"2019-12-06T13:35:40","guid":{"rendered":"https:\/\/www.christeyns.com\/professional-textile-care\/"},"modified":"2024-01-09T08:53:52","modified_gmt":"2024-01-09T08:53:52","slug":"profesjonelle-tekstilpleielosninger","status":"publish","type":"page","link":"https:\/\/www.christeyns.com\/no-no\/vare-industrier\/profesjonelle-tekstilpleielosninger\/","title":{"rendered":"Profesjonelle tekstilpleiel\u00f8sninger"},"content":{"rendered":"<div class=\"wpb-content-wrapper\"><p>[vc_row full_width=&raquo;stretch_row_content_no_spaces&raquo;][vc_column]\n            <div class=\"full-width sm-p-0 banner-content__image mb-6\">\n                <div class=\"banner banner__image banner-curve__white \">\n\n                    <div class=\"banner__image-wrapper\" >\n                        <picture class=\"banner-image\" >\n                            <source srcset=\"https:\/\/www.christeyns.com\/wp-content\/uploads\/2020\/05\/christeyns-academy-blue.jpg\" media=\"(min-width: 1110px)\">\n                            <source srcset=\"https:\/\/www.christeyns.com\/wp-content\/uploads\/2020\/05\/christeyns-academy-blue-1024x187.jpg\" media=\"(min-width: 321px) and (max-width: 1109px)\">\n                            <img decoding=\"async\" class=\"rellax\" src=\"https:\/\/www.christeyns.com\/wp-content\/uploads\/2020\/05\/christeyns-academy-blue-300x55.jpg\" alt=\"textil csre background\" \/>\n                        <\/picture>\n                    <\/div>\n\n                    <div class=\"banner-content-wrapper d-flex flex-column\" >\n\n                                                    <div class=\"rownomargin mb-3 mb-xl-0\"><div class=\"col-22 offset-1\"><nav class=\"breadcrumb-trail breadcrumb-trail--small\" aria-label=\"Breadcrumb\" ><span><span><a href=\"https:\/\/www.christeyns.com\/no-no\/\">Hjem<\/a><\/span><\/span><\/nav><\/div><\/div>\n                        \n\n                        <div class=\"banner-content banner-content__small  col-24 col-md-16 col-lg-16 col-xl-14 text-center pt-0\">\n                            <h1 class=\"text-white text-uppercase\">Profesjonelle tekstilpleiel\u00f8sninger<\/h1>                        <\/div>\n                    <\/div>\n\n                    <div class=\"circle_cta-wrapper\">\n                        <div class=\"circle_cta background-blue d-flex justify-content-center align-items-center\" >\n                            <img decoding=\"async\" src=\"https:\/\/www.christeyns.com\/wp-content\/uploads\/2020\/01\/icon-laundry.png\" alt=\"laundry\"  class=\"img-fluid\"  loading=\"lazy\" >                        <\/div>\n                    <\/div>\n\n                <\/div>\n            <\/div>\n\n        [\/vc_column][\/vc_row][vc_row full_width=&raquo;stretch_row_content_no_spaces&raquo;][vc_column]\n        <div class=\"content-block full-width  background-white\" >\n            <div class=\"rownomargin\">\n                <div class=\"col-24 col-lg-14 offset-lg-5 col-xl-10 offset-xl-7 text-center mb-6 sm-p-0 text-wrap-balance\">\n                    \n                                        <div class=\"text-center  content-block\" ><p>Profesjonelle tekstilpleiel\u00f8sninger for din vaskerivirksomhet.<\/p>\n<\/div>\n\n                    \n                    \n\n                <\/div>\n            <\/div>\n        <\/div>\n\n                    <div class=\"full-width\">\n                <div class=\"four-block mb-default\">\n                    <div class=\"rownomargin justify-content-center\">\n\n                        \n                            <div class=\"col-24 col-md-8 text-center four-block-col\" >\n                                <div class=\"four-block-background\" ><img decoding=\"async\" src=\"https:\/\/www.christeyns.com\/wp-content\/uploads\/2021\/04\/Industrial-Laundries-Overview.jpg\" alt=\"Industrial Laundries\" loading=\"lazy\" ><\/div>\n                                <div class=\"four-block-content \">\n                                    <div class=\"four-block-body \">\n                                                                                <h2 class=\"four-block-title text-white bold text-uppercase\">INDUSTRIELLE VASKERIER<\/h2>\n                                        <div class=\"four-block-introduction\">Optimalisering av industrielle vaskeprosesser<\/div>\n                                                                                    <div><a href=\"\/no-no\/vare-industrier\/profesjonelle-tekstilpleielosninger\/industrielle-vaskerier\/\" class=\"four-block-url btn btn-outline-white\" >INDUSTRIELLE VASKERIER<\/a><\/div>\n                                                                            <\/div>\n                                <\/div>\n                            <\/div>\n\n                        \n                            <div class=\"col-24 col-md-8 text-center four-block-col\" >\n                                <div class=\"four-block-background\" ><img decoding=\"async\" src=\"https:\/\/www.christeyns.com\/wp-content\/uploads\/2021\/04\/on-premise-laundry-Overview-1.jpg\" alt=\"On Premise Laundry\" loading=\"lazy\" ><\/div>\n                                <div class=\"four-block-content \">\n                                    <div class=\"four-block-body \">\n                                                                                <h2 class=\"four-block-title text-white bold text-uppercase\">Lokale Vaskerier<\/h2>\n                                        <div class=\"four-block-introduction\">Tilrettelegging for interne vaskeprosesser<\/div>\n                                                                                    <div><a href=\"https:\/\/www.christeyns.com\/no-no\/vare-industrier\/profesjonelle-tekstilpleielosninger\/lokale-vaskerier\/\" class=\"four-block-url btn btn-outline-white\" >Lokale Vaskerier<\/a><\/div>\n                                                                            <\/div>\n                                <\/div>\n                            <\/div>\n\n                        \n                            <div class=\"col-24 col-md-8 text-center four-block-col\" >\n                                <div class=\"four-block-background\" ><img decoding=\"async\" src=\"https:\/\/www.christeyns.com\/wp-content\/uploads\/2021\/04\/dry-wet-cleaning-Overview.jpg\" alt=\"Dry & Wet Cleaning\" loading=\"lazy\" ><\/div>\n                                <div class=\"four-block-content \">\n                                    <div class=\"four-block-body \">\n                                                                                <h2 class=\"four-block-title text-white bold text-uppercase\">T\u00d8RR- OG V\u00c5TRENGJ\u00d8RING<\/h2>\n                                        <div class=\"four-block-introduction\">Sk\u00e5nsom pleie av delikate tekstiler<\/div>\n                                                                                    <div><a href=\"\/no-no\/vare-industrier\/profesjonelle-tekstilpleielosninger\/torr-og-vatrengjoring\/\" class=\"four-block-url btn btn-outline-white\" >T\u00d8RR- OG V\u00c5TRENGJ\u00d8RING<\/a><\/div>\n                                                                            <\/div>\n                                <\/div>\n                            <\/div>\n\n                        \n                    <\/div>\n                <\/div>\n            <\/div>\n\n                    <div class=\"full-width   mb-6 \" >\n                \n            <div class=\"rownomargin\" >\n                <div class=\"col-24 col-md-22 offset-md-1 sm-py-0\" >\n                    <div class=\"rownomargin align-items-center news-header\">\n                        <div class=\"sm-p-0 col-md-18 news-title-wrapper \">\n                            <h3 class=\"text-blue text-uppercase sub-title\">ARTIKLER FOR TEKSTILPLEIE<\/h3>\n                        <\/div>\n\n                                                    <div class=\"csm-p-0 ol-md-6 text-right \">\n                                <span class=\"link__view-all\"><a href=\"https:\/\/www.christeyns.com\/no-no\/nyheter\/\" class=\"text-blue\" >Se alle artikler<\/a><\/span>\n                            <\/div>\n                                            <\/div>\n\n                    <div class=\"rownomargin mb-0 news-block news-block__blue\">\n                                                    <div class=\"col-lg-6 col-md-12 sm-p-0\">\n                                <article class=\"card\">\n                                    <a href=\"https:\/\/www.christeyns.com\/no-no\/article\/christeyns-2024-csr-report\/\" aria-label=\"Read more about Our 2024 CSR report has just been released\" class=\"card-link-image\" >\n                                                                                    <img decoding=\"async\" src=\"https:\/\/www.christeyns.com\/wp-content\/uploads\/2025\/06\/CSR_Report_600x400px_2025_EN.jpg\" class=\"card-img-top\" alt=\"\" loading=\"lazy\">\n                                                                            <\/a>\n                                    <div class=\"card-body\">\n                                        <h4 class=\"card-title\"><a href=\"https:\/\/www.christeyns.com\/no-no\/article\/christeyns-2024-csr-report\/\" >Our 2024 CSR report has just been released<\/a><\/h4>\n                                        <p class=\"card-text mb-3\">We are happy to announce the publication of our 2024 CSR Report! Although it is not our first report, we&hellip;<\/p>\n                                        <div class=\"mt-auto\" >\n                                            <a href=\"https:\/\/www.christeyns.com\/no-no\/article\/christeyns-2024-csr-report\/\" class=\"btn btn-outline-blue\" aria-label=\"Read more about Our 2024 CSR report has just been released\" >Read more<\/a>\n                                        <\/div>\n                                    <\/div>\n                                <\/article>\n                            <\/div>\n                                                    <div class=\"col-lg-6 col-md-12 sm-p-0\">\n                                <article class=\"card\">\n                                    <a href=\"https:\/\/www.christeyns.com\/no-no\/article\/christeyns-awarded-ecovadis-medal\/\" aria-label=\"Read more about Christeyns vinner EcoVadis-s\u00f8lvmedalje for 2024\" class=\"card-link-image\" >\n                                                                                    <img decoding=\"async\" src=\"https:\/\/www.christeyns.com\/wp-content\/uploads\/2024\/07\/Ecovadis-Silver-Medal-2024-Blog-Post-1024x838.jpg\" class=\"card-img-top\" alt=\"\" loading=\"lazy\">\n                                                                            <\/a>\n                                    <div class=\"card-body\">\n                                        <h4 class=\"card-title\"><a href=\"https:\/\/www.christeyns.com\/no-no\/article\/christeyns-awarded-ecovadis-medal\/\" >Christeyns vinner EcoVadis-s\u00f8lvmedalje for 2024<\/a><\/h4>\n                                        <p class=\"card-text mb-3\">Vi er glade for \u00e5 kunngj\u00f8re at Christeyns NV nok en gang har blitt tildelt EcoVadis s\u00f8lvmedalje for 2024. Denne&hellip;<\/p>\n                                        <div class=\"mt-auto\" >\n                                            <a href=\"https:\/\/www.christeyns.com\/no-no\/article\/christeyns-awarded-ecovadis-medal\/\" class=\"btn btn-outline-blue\" aria-label=\"Read more about Christeyns vinner EcoVadis-s\u00f8lvmedalje for 2024\" >Read more<\/a>\n                                        <\/div>\n                                    <\/div>\n                                <\/article>\n                            <\/div>\n                                                    <div class=\"col-lg-6 col-md-12 sm-p-0\">\n                                <article class=\"card\">\n                                    <a href=\"https:\/\/www.christeyns.com\/no-no\/article\/how-to-treat-linen-infested-with-bed-bugs\/\" aria-label=\"Read more about How to treat linen infested with bed bugs?\" class=\"card-link-image\" >\n                                                                                    <img decoding=\"async\" src=\"https:\/\/www.christeyns.com\/wp-content\/uploads\/2021\/06\/bed_bugs.jpeg\" class=\"card-img-top\" alt=\"\" loading=\"lazy\">\n                                                                            <\/a>\n                                    <div class=\"card-body\">\n                                        <h4 class=\"card-title\"><a href=\"https:\/\/www.christeyns.com\/no-no\/article\/how-to-treat-linen-infested-with-bed-bugs\/\" >How to treat linen infested with bed bugs?<\/a><\/h4>\n                                        <p class=\"card-text mb-3\">Bed bugs are small, brownish-red bugs well-known for infesting beds and feeding on humans while they sleep. Bed bugs exclusively&hellip;<\/p>\n                                        <div class=\"mt-auto\" >\n                                            <a href=\"https:\/\/www.christeyns.com\/no-no\/article\/how-to-treat-linen-infested-with-bed-bugs\/\" class=\"btn btn-outline-blue\" aria-label=\"Read more about How to treat linen infested with bed bugs?\" >Read more<\/a>\n                                        <\/div>\n                                    <\/div>\n                                <\/article>\n                            <\/div>\n                                                    <div class=\"col-lg-6 col-md-12 sm-p-0\">\n                                <article class=\"card\">\n                                    <a href=\"https:\/\/www.christeyns.com\/no-no\/article\/official-opening-of-new-lab\/\" aria-label=\"Read more about Official opening of new state-of-the-art R&D laboratory\" class=\"card-link-image\" >\n                                                                                    <img decoding=\"async\" src=\"https:\/\/www.christeyns.com\/wp-content\/uploads\/2023\/10\/Photo-STYN.be-25_websize-1024x682.jpg\" class=\"card-img-top\" alt=\"\" loading=\"lazy\">\n                                                                            <\/a>\n                                    <div class=\"card-body\">\n                                        <h4 class=\"card-title\"><a href=\"https:\/\/www.christeyns.com\/no-no\/article\/official-opening-of-new-lab\/\" >Official opening of new state-of-the-art R&D laboratory<\/a><\/h4>\n                                        <p class=\"card-text mb-3\">On Friday 6 October, we celebrated the official opening of our new R&amp;D laboratory at the Christeyns headquarters in Ghent&hellip;<\/p>\n                                        <div class=\"mt-auto\" >\n                                            <a href=\"https:\/\/www.christeyns.com\/no-no\/article\/official-opening-of-new-lab\/\" class=\"btn btn-outline-blue\" aria-label=\"Read more about Official opening of new state-of-the-art R&D laboratory\" >Read more<\/a>\n                                        <\/div>\n                                    <\/div>\n                                <\/article>\n                            <\/div>\n                                            <\/div>\n                <\/div>\n            <\/div>\n\n                    <\/div>\n\n        \n        <div class=\"full-width\">\n            <div class=\"rownomargin mb-default\">\n                <div class=\"col-24 col-sm-20 offset-sm-2 col-lg-16 offset-lg-4 sm-p-0\">\n                    <div class=\"gradient-text font-default text-center\">Passionate About Laundry<\/div>\n                <\/div>\n            <\/div>\n        <\/div>\n\n        [\/vc_column][\/vc_row]<\/p>\n<\/div>","protected":false},"excerpt":{"rendered":"<p>[vc_row full_width=&raquo;stretch_row_content_no_spaces&raquo;][vc_column][\/vc_column][\/vc_row][vc_row full_width=&raquo;stretch_row_content_no_spaces&raquo;][vc_column][\/vc_column][\/vc_row]<\/p>\n","protected":false},"author":1,"featured_media":0,"parent":63068,"menu_order":777,"comment_status":"closed","ping_status":"closed","template":"","meta":{"_acf_changed":false,"content-type":"","footnotes":""},"class_list":["post-62673","page","type-page","status-publish","hentry"],"acf":[],"yoast_head":"<!-- This site is optimized with the Yoast SEO plugin v26.9 - https:\/\/yoast.com\/product\/yoast-seo-wordpress\/ -->\n<title>Christeyns Cares For Your Textiles<\/title>\n<meta name=\"description\" content=\"Professional textile care and washing solutions for industrial laundries, on-premise laundries and dry and wet cleaning shops.\" \/>\n<meta name=\"robots\" content=\"index, follow, max-snippet:-1, max-image-preview:large, max-video-preview:-1\" \/>\n<link rel=\"canonical\" href=\"https:\/\/www.christeyns.com\/no-no\/vare-industrier\/profesjonelle-tekstilpleielosninger\/\" \/>\n<meta property=\"og:locale\" content=\"nb_NO\" \/>\n<meta property=\"og:type\" content=\"article\" \/>\n<meta property=\"og:title\" content=\"Christeyns Cares For Your Textiles\" \/>\n<meta property=\"og:description\" content=\"Professional textile care and washing solutions for industrial laundries, on-premise laundries and dry and wet cleaning shops.\" \/>\n<meta property=\"og:url\" content=\"https:\/\/www.christeyns.com\/no-no\/vare-industrier\/profesjonelle-tekstilpleielosninger\/\" \/>\n<meta property=\"og:site_name\" content=\"Christeyns\" \/>\n<meta property=\"article:modified_time\" content=\"2024-01-09T08:53:52+00:00\" \/>\n<meta property=\"og:image\" content=\"https:\/\/www.christeyns.com\/wp-content\/uploads\/2018\/10\/christeyns-logo-shot.jpg\" \/>\n\t<meta property=\"og:image:width\" content=\"842\" \/>\n\t<meta property=\"og:image:height\" content=\"560\" \/>\n\t<meta property=\"og:image:type\" content=\"image\/jpeg\" \/>\n<meta name=\"twitter:card\" content=\"summary_large_image\" \/>\n<meta name=\"twitter:label1\" content=\"Ansl. lesetid\" \/>\n\t<meta name=\"twitter:data1\" content=\"1 minutt\" \/>\n<script type=\"application\/ld+json\" class=\"yoast-schema-graph\">{\"@context\":\"https:\/\/schema.org\",\"@graph\":[{\"@type\":\"WebPage\",\"@id\":\"https:\/\/www.christeyns.com\/no-no\/vare-industrier\/profesjonelle-tekstilpleielosninger\/\",\"url\":\"https:\/\/www.christeyns.com\/no-no\/vare-industrier\/profesjonelle-tekstilpleielosninger\/\",\"name\":\"Christeyns Cares For Your Textiles\",\"isPartOf\":{\"@id\":\"https:\/\/www.christeyns.com\/no-no\/#website\"},\"datePublished\":\"2019-12-06T13:35:40+00:00\",\"dateModified\":\"2024-01-09T08:53:52+00:00\",\"description\":\"Professional textile care and washing solutions for industrial laundries, on-premise laundries and dry and wet cleaning shops.\",\"breadcrumb\":{\"@id\":\"https:\/\/www.christeyns.com\/no-no\/vare-industrier\/profesjonelle-tekstilpleielosninger\/#breadcrumb\"},\"inLanguage\":\"nb-NO\",\"potentialAction\":[{\"@type\":\"ReadAction\",\"target\":[\"https:\/\/www.christeyns.com\/no-no\/vare-industrier\/profesjonelle-tekstilpleielosninger\/\"]}]},{\"@type\":\"BreadcrumbList\",\"@id\":\"https:\/\/www.christeyns.com\/no-no\/vare-industrier\/profesjonelle-tekstilpleielosninger\/#breadcrumb\",\"itemListElement\":[{\"@type\":\"ListItem\",\"position\":1,\"name\":\"Hjem\",\"item\":\"https:\/\/www.christeyns.com\/no-no\/\"},{\"@type\":\"ListItem\",\"position\":2,\"name\":\"V\u00e5re Industrier\",\"item\":\"https:\/\/www.christeyns.com\/no-no\/vare-industrier\/\"},{\"@type\":\"ListItem\",\"position\":3,\"name\":\"Profesjonelle tekstilpleiel\u00f8sninger\"}]},{\"@type\":\"WebSite\",\"@id\":\"https:\/\/www.christeyns.com\/no-no\/#website\",\"url\":\"https:\/\/www.christeyns.com\/no-no\/\",\"name\":\"Christeyns\",\"description\":\"Christeyns - Striving for a cleaner future\",\"publisher\":{\"@id\":\"https:\/\/www.christeyns.com\/no-no\/#organization\"},\"inLanguage\":\"nb-NO\"},{\"@type\":\"Organization\",\"@id\":\"https:\/\/www.christeyns.com\/no-no\/#organization\",\"name\":\"Christeyns\",\"url\":\"https:\/\/www.christeyns.com\/no-no\/\",\"logo\":{\"@type\":\"ImageObject\",\"inLanguage\":\"nb-NO\",\"@id\":\"https:\/\/www.christeyns.com\/no-no\/#\/schema\/logo\/image\/\",\"url\":\"https:\/\/www.christeyns.com\/wp-content\/uploads\/2021\/06\/logo.png\",\"contentUrl\":\"https:\/\/www.christeyns.com\/wp-content\/uploads\/2021\/06\/logo.png\",\"width\":262,\"height\":40,\"caption\":\"Christeyns\"},\"image\":{\"@id\":\"https:\/\/www.christeyns.com\/no-no\/#\/schema\/logo\/image\/\"},\"sameAs\":[\"https:\/\/www.linkedin.com\/company\/christeyns\",\"https:\/\/www.youtube.com\/c\/christeynshq\"]}]}<\/script>\n<!-- \/ Yoast SEO plugin. -->","yoast_head_json":{"title":"Christeyns Cares For Your Textiles","description":"Professional textile care and washing solutions for industrial laundries, on-premise laundries and dry and wet cleaning shops.","robots":{"index":"index","follow":"follow","max-snippet":"max-snippet:-1","max-image-preview":"max-image-preview:large","max-video-preview":"max-video-preview:-1"},"canonical":"https:\/\/www.christeyns.com\/no-no\/vare-industrier\/profesjonelle-tekstilpleielosninger\/","og_locale":"nb_NO","og_type":"article","og_title":"Christeyns Cares For Your Textiles","og_description":"Professional textile care and washing solutions for industrial laundries, on-premise laundries and dry and wet cleaning shops.","og_url":"https:\/\/www.christeyns.com\/no-no\/vare-industrier\/profesjonelle-tekstilpleielosninger\/","og_site_name":"Christeyns","article_modified_time":"2024-01-09T08:53:52+00:00","og_image":[{"width":842,"height":560,"url":"https:\/\/www.christeyns.com\/wp-content\/uploads\/2018\/10\/christeyns-logo-shot.jpg","type":"image\/jpeg"}],"twitter_card":"summary_large_image","twitter_misc":{"Ansl. lesetid":"1 minutt"},"schema":{"@context":"https:\/\/schema.org","@graph":[{"@type":"WebPage","@id":"https:\/\/www.christeyns.com\/no-no\/vare-industrier\/profesjonelle-tekstilpleielosninger\/","url":"https:\/\/www.christeyns.com\/no-no\/vare-industrier\/profesjonelle-tekstilpleielosninger\/","name":"Christeyns Cares For Your Textiles","isPartOf":{"@id":"https:\/\/www.christeyns.com\/no-no\/#website"},"datePublished":"2019-12-06T13:35:40+00:00","dateModified":"2024-01-09T08:53:52+00:00","description":"Professional textile care and washing solutions for industrial laundries, on-premise laundries and dry and wet cleaning shops.","breadcrumb":{"@id":"https:\/\/www.christeyns.com\/no-no\/vare-industrier\/profesjonelle-tekstilpleielosninger\/#breadcrumb"},"inLanguage":"nb-NO","potentialAction":[{"@type":"ReadAction","target":["https:\/\/www.christeyns.com\/no-no\/vare-industrier\/profesjonelle-tekstilpleielosninger\/"]}]},{"@type":"BreadcrumbList","@id":"https:\/\/www.christeyns.com\/no-no\/vare-industrier\/profesjonelle-tekstilpleielosninger\/#breadcrumb","itemListElement":[{"@type":"ListItem","position":1,"name":"Hjem","item":"https:\/\/www.christeyns.com\/no-no\/"},{"@type":"ListItem","position":2,"name":"V\u00e5re Industrier","item":"https:\/\/www.christeyns.com\/no-no\/vare-industrier\/"},{"@type":"ListItem","position":3,"name":"Profesjonelle tekstilpleiel\u00f8sninger"}]},{"@type":"WebSite","@id":"https:\/\/www.christeyns.com\/no-no\/#website","url":"https:\/\/www.christeyns.com\/no-no\/","name":"Christeyns","description":"Christeyns - Striving for a cleaner future","publisher":{"@id":"https:\/\/www.christeyns.com\/no-no\/#organization"},"inLanguage":"nb-NO"},{"@type":"Organization","@id":"https:\/\/www.christeyns.com\/no-no\/#organization","name":"Christeyns","url":"https:\/\/www.christeyns.com\/no-no\/","logo":{"@type":"ImageObject","inLanguage":"nb-NO","@id":"https:\/\/www.christeyns.com\/no-no\/#\/schema\/logo\/image\/","url":"https:\/\/www.christeyns.com\/wp-content\/uploads\/2021\/06\/logo.png","contentUrl":"https:\/\/www.christeyns.com\/wp-content\/uploads\/2021\/06\/logo.png","width":262,"height":40,"caption":"Christeyns"},"image":{"@id":"https:\/\/www.christeyns.com\/no-no\/#\/schema\/logo\/image\/"},"sameAs":["https:\/\/www.linkedin.com\/company\/christeyns","https:\/\/www.youtube.com\/c\/christeynshq"]}]}},"_links":{"self":[{"href":"https:\/\/www.christeyns.com\/no-no\/wp-json\/wp\/v2\/pages\/62673","targetHints":{"allow":["GET"]}}],"collection":[{"href":"https:\/\/www.christeyns.com\/no-no\/wp-json\/wp\/v2\/pages"}],"about":[{"href":"https:\/\/www.christeyns.com\/no-no\/wp-json\/wp\/v2\/types\/page"}],"author":[{"embeddable":true,"href":"https:\/\/www.christeyns.com\/no-no\/wp-json\/wp\/v2\/users\/1"}],"replies":[{"embeddable":true,"href":"https:\/\/www.christeyns.com\/no-no\/wp-json\/wp\/v2\/comments?post=62673"}],"version-history":[{"count":8,"href":"https:\/\/www.christeyns.com\/no-no\/wp-json\/wp\/v2\/pages\/62673\/revisions"}],"predecessor-version":[{"id":70455,"href":"https:\/\/www.christeyns.com\/no-no\/wp-json\/wp\/v2\/pages\/62673\/revisions\/70455"}],"up":[{"embeddable":true,"href":"https:\/\/www.christeyns.com\/no-no\/wp-json\/wp\/v2\/pages\/63068"}],"wp:attachment":[{"href":"https:\/\/www.christeyns.com\/no-no\/wp-json\/wp\/v2\/media?parent=62673"}],"curies":[{"name":"wp","href":"https:\/\/api.w.org\/{rel}","templated":true}]}}