{"id":110012,"date":"2019-12-18T13:38:29","date_gmt":"2019-12-18T13:38:29","guid":{"rendered":"https:\/\/www.christeyns.com\/secteurs-dactivites\/industrie-agroalimentaire-vente-au-detail\/"},"modified":"2024-04-25T13:21:33","modified_gmt":"2024-04-25T13:21:33","slug":"industrie-agroalimentaire-vente-au-detail","status":"publish","type":"page","link":"https:\/\/www.christeyns.com\/ma-fr\/secteurs-dactivites\/industrie-agroalimentaire-vente-au-detail\/","title":{"rendered":"Industrie agroalimentaire &#038; vente au d\u00e9tail"},"content":{"rendered":"<div class=\"wpb-content-wrapper\"><p>[vc_row full_width=&#8221;stretch_row_content_no_spaces&#8221;][vc_column]\n            <div class=\"full-width sm-p-0 banner-content__image mb-6\">\n                <div class=\"banner banner__image banner-curve__white \">\n\n                    <div class=\"banner__image-wrapper\" >\n                        <picture class=\"banner-image\" >\n                            <source srcset=\"https:\/\/www.christeyns.com\/wp-content\/uploads\/2020\/05\/christeyns-academy-light-blue.jpg\" media=\"(min-width: 1110px)\">\n                            <source srcset=\"https:\/\/www.christeyns.com\/wp-content\/uploads\/2020\/05\/christeyns-academy-light-blue-1024x187.jpg\" media=\"(min-width: 321px) and (max-width: 1109px)\">\n                            <img decoding=\"async\" class=\"rellax\" src=\"https:\/\/www.christeyns.com\/wp-content\/uploads\/2020\/05\/christeyns-academy-light-blue-300x55.jpg\" alt=\"christeyns-academy-light-blue\" \/>\n                        <\/picture>\n                    <\/div>\n\n                    <div class=\"banner-content-wrapper d-flex flex-column\" >\n\n                                                    <div class=\"rownomargin mb-3 mb-xl-0\"><div class=\"col-22 offset-1\"><nav class=\"breadcrumb-trail breadcrumb-trail--small\" aria-label=\"Breadcrumb\" ><span><span><a href=\"https:\/\/www.christeyns.com\/ma-fr\/\">Home<\/a><\/span><\/span><\/nav><\/div><\/div>\n                        \n\n                        <div class=\"banner-content banner-content__small  col-24 col-md-16 col-lg-16 col-xl-14 text-center pt-0\">\n                            <h1 class=\"text-white text-uppercase\">Industrie agroalimentaire et vente au d\u00e9tail<\/h1>                        <\/div>\n                    <\/div>\n\n                    <div class=\"circle_cta-wrapper\">\n                        <div class=\"circle_cta background-light-blue d-flex justify-content-center align-items-center\" >\n                            <img decoding=\"async\" src=\"https:\/\/www.christeyns.com\/wp-content\/uploads\/2020\/01\/icon-food-processing.png\" alt=\"milk bottle and steak\"  class=\"img-fluid\"  loading=\"lazy\" >                        <\/div>\n                    <\/div>\n\n                <\/div>\n            <\/div>\n\n        [\/vc_column][\/vc_row][vc_row full_width=&#8221;stretch_row_content_no_spaces&#8221;][vc_column]\n        <div class=\"content-block full-width  background-white\" >\n            <div class=\"rownomargin\">\n                <div class=\"col-24 col-lg-14 offset-lg-5 col-xl-10 offset-xl-7 text-center mb-6 sm-p-0 text-wrap-balance\">\n                    \n                                        <div class=\"text-center  content-block\" ><p>Solutions d&#8217;hygi\u00e8ne alimentaire s\u00fbres pour votre entreprise alimentaire. <\/p>\n<\/div>\n\n                    \n                    \n\n                <\/div>\n            <\/div>\n        <\/div>\n\n        [\/vc_column][\/vc_row][vc_row full_width=&#8221;stretch_row_content_no_spaces&#8221;][vc_column]            <div class=\"full-width\">\n                <div class=\"four-block \">\n                    <div class=\"rownomargin justify-content-center\">\n\n                        \n                            <div class=\"col-24 col-md-8 text-center four-block-col\" >\n                                <div class=\"four-block-background\" ><img decoding=\"async\" src=\"https:\/\/www.christeyns.com\/wp-content\/uploads\/2020\/08\/dairy-1024x446.jpg\" alt=\"Dairy\" loading=\"lazy\" ><\/div>\n                                <div class=\"four-block-content \">\n                                    <div class=\"four-block-body \">\n                                                                                <h2 class=\"four-block-title text-white bold text-uppercase\">Produits laitiers<\/h2>\n                                        <div class=\"four-block-introduction\">Des solutions de nettoyage haut de gamme pour les processus critiques dans l'industrie des produits laitiers.<\/div>\n                                                                                    <div><a href=\"https:\/\/www.christeyns.com\/ma-fr\/secteurs-dactivites\/industrie-agroalimentaire-vente-au-detail\/produits-laitiers\/\" class=\"four-block-url btn btn-outline-white\" >Produits laitiers<\/a><\/div>\n                                                                            <\/div>\n                                <\/div>\n                            <\/div>\n\n                        \n                            <div class=\"col-24 col-md-8 text-center four-block-col\" >\n                                <div class=\"four-block-background\" ><img decoding=\"async\" src=\"https:\/\/www.christeyns.com\/wp-content\/uploads\/2021\/04\/meat-industry-banner-1024x446.jpg\" alt=\"meat-industry-banner\" loading=\"lazy\" ><\/div>\n                                <div class=\"four-block-content \">\n                                    <div class=\"four-block-body \">\n                                                                                <h2 class=\"four-block-title text-white bold text-uppercase\">Viande et poisson<\/h2>\n                                        <div class=\"four-block-introduction\">Des solutions d'hygi\u00e8ne sur mesure pour les entreprises de transformation de la viande et du poisson.<\/div>\n                                                                                    <div><a href=\"https:\/\/www.christeyns.com\/ma-fr\/secteurs-dactivites\/industrie-agroalimentaire-vente-au-detail\/viande-et-poisson\/\" class=\"four-block-url btn btn-outline-white\" >Viande et poisson<\/a><\/div>\n                                                                            <\/div>\n                                <\/div>\n                            <\/div>\n\n                        \n                            <div class=\"col-24 col-md-8 text-center four-block-col\" >\n                                <div class=\"four-block-background\" ><img decoding=\"async\" src=\"https:\/\/www.christeyns.com\/wp-content\/uploads\/2020\/09\/brewery.jpg\" alt=\"brewery\" loading=\"lazy\" ><\/div>\n                                <div class=\"four-block-content \">\n                                    <div class=\"four-block-body \">\n                                                                                <h2 class=\"four-block-title text-white bold text-uppercase\">Boissons et brasserie<\/h2>\n                                        <div class=\"four-block-introduction\">Solutions de nettoyage et de d\u00e9sinfection pour les processus de production dans l'industrie des boissons et de la brasserie.<\/div>\n                                                                                    <div><a href=\"https:\/\/www.christeyns.com\/ma-fr\/secteurs-dactivites\/industrie-agroalimentaire-vente-au-detail\/boissons-et-brasserie\/\" class=\"four-block-url btn btn-outline-white\" >Boissons et brasserie<\/a><\/div>\n                                                                            <\/div>\n                                <\/div>\n                            <\/div>\n\n                        \n                    <\/div>\n                <\/div>\n            <\/div>\n\n                    <div class=\"full-width\">\n                <div class=\"four-block mb-default\">\n                    <div class=\"rownomargin justify-content-center\">\n\n                        \n                            <div class=\"col-24 col-md-8 text-center four-block-col\" >\n                                <div class=\"four-block-background\" ><img decoding=\"async\" src=\"https:\/\/www.christeyns.com\/wp-content\/uploads\/2020\/08\/bakery-1024x446.jpg\" alt=\"Bakery\" loading=\"lazy\" ><\/div>\n                                <div class=\"four-block-content \">\n                                    <div class=\"four-block-body \">\n                                                                                <h2 class=\"four-block-title text-white bold text-uppercase\">Boulangerie et p\u00e2tisserie<\/h2>\n                                        <div class=\"four-block-introduction\">Des solutions de nettoyage et de d\u00e9sinfection s\u00fbres pour les entreprises de boulangerie et de p\u00e2tisserie.<\/div>\n                                                                                    <div><a href=\"https:\/\/www.christeyns.com\/ma-fr\/secteurs-dactivites\/industrie-agroalimentaire-vente-au-detail\/boulangerie-et-patisserie\/\" class=\"four-block-url btn btn-outline-white\" >Boulangerie et p\u00e2tisserie<\/a><\/div>\n                                                                            <\/div>\n                                <\/div>\n                            <\/div>\n\n                        \n                            <div class=\"col-24 col-md-8 text-center four-block-col\" >\n                                <div class=\"four-block-background\" ><img decoding=\"async\" src=\"https:\/\/www.christeyns.com\/wp-content\/uploads\/2021\/04\/processed-food-industry-banner-1024x446.jpg\" alt=\"Processed Food\" loading=\"lazy\" ><\/div>\n                                <div class=\"four-block-content \">\n                                    <div class=\"four-block-body \">\n                                                                                <h2 class=\"four-block-title text-white bold text-uppercase\">Aliments transform\u00e9s, fruits &amp; l\u00e9gumes<\/h2>\n                                        <div class=\"four-block-introduction\">Des d\u00e9tergents et d\u00e9sinfectants fiables pour les usines de transformation d'aliments et la production d\u2019aliments pour animaux de compagnie.<\/div>\n                                                                                    <div><a href=\"https:\/\/www.christeyns.com\/ma-fr\/secteurs-dactivites\/industrie-agroalimentaire-vente-au-detail\/aliments-transformes\/\" class=\"four-block-url btn btn-outline-white\" >Aliments transform\u00e9s, fruits &amp; l\u00e9gumes<\/a><\/div>\n                                                                            <\/div>\n                                <\/div>\n                            <\/div>\n\n                        \n                            <div class=\"col-24 col-md-8 text-center four-block-col\" >\n                                <div class=\"four-block-background\" ><img decoding=\"async\" src=\"https:\/\/www.christeyns.com\/wp-content\/uploads\/2020\/08\/retail-1024x446.jpg\" alt=\"Food Retail\" loading=\"lazy\" ><\/div>\n                                <div class=\"four-block-content \">\n                                    <div class=\"four-block-body \">\n                                                                                <h2 class=\"four-block-title text-white bold text-uppercase\">Commerce de d\u00e9tail alimentaire<\/h2>\n                                        <div class=\"four-block-introduction\">Solutions de nettoyage et de d\u00e9sinfection pour une hygi\u00e8ne et une s\u00e9curit\u00e9 garanties dans le commerce de d\u00e9tail alimentaire.<\/div>\n                                                                                    <div><a href=\"https:\/\/www.christeyns.com\/ma-fr\/secteurs-dactivites\/industrie-agroalimentaire-vente-au-detail\/commerce-de-detail-alimentaire\/\" class=\"four-block-url btn btn-outline-white\" >Commerce de d\u00e9tail alimentaire<\/a><\/div>\n                                                                            <\/div>\n                                <\/div>\n                            <\/div>\n\n                        \n                    <\/div>\n                <\/div>\n            <\/div>\n\n        [\/vc_column][\/vc_row][vc_row full_width=&#8221;stretch_row_content_no_spaces&#8221;][vc_column]            <div class=\"full-width   mb-6 \" >\n                            <\/div>\n\n        \n        <div class=\"full-width\">\n            <div class=\"rownomargin mb-default\">\n                <div class=\"col-24 col-sm-20 offset-sm-2 col-lg-16 offset-lg-4 sm-p-0\">\n                    <div class=\"gradient-text font-default text-center\">Avec nous, vous \u00eates en s\u00e9curit\u00e9<\/div>\n                <\/div>\n            <\/div>\n        <\/div>\n\n        [\/vc_column][\/vc_row]<\/p>\n<\/div>","protected":false},"excerpt":{"rendered":"<p>[vc_row full_width=&#8221;stretch_row_content_no_spaces&#8221;][vc_column][\/vc_column][\/vc_row][vc_row full_width=&#8221;stretch_row_content_no_spaces&#8221;][vc_column][\/vc_column][\/vc_row][vc_row full_width=&#8221;stretch_row_content_no_spaces&#8221;][vc_column][\/vc_column][\/vc_row][vc_row full_width=&#8221;stretch_row_content_no_spaces&#8221;][vc_column][\/vc_column][\/vc_row]<\/p>\n","protected":false},"author":1,"featured_media":0,"parent":109913,"menu_order":741,"comment_status":"closed","ping_status":"closed","template":"","meta":{"_acf_changed":false,"content-type":"","footnotes":""},"class_list":["post-110012","page","type-page","status-publish","hentry"],"acf":[],"yoast_head":"<!-- This site is optimized with the Yoast SEO plugin v26.9 - https:\/\/yoast.com\/product\/yoast-seo-wordpress\/ -->\n<title>Avec nous, vous \u00eates en s\u00e9curit\u00e9<\/title>\n<meta name=\"description\" content=\"Des solutions d&#039;hygi\u00e8ne haut de gamme pour le nettoyage et la d\u00e9sinfection en toute s\u00e9curit\u00e9 des unit\u00e9s de transformation d&#039;aliments et de boissons, ainsi que le commerce de d\u00e9tail alimentaire.\" \/>\n<meta name=\"robots\" content=\"index, follow, max-snippet:-1, max-image-preview:large, max-video-preview:-1\" \/>\n<link rel=\"canonical\" href=\"https:\/\/www.christeyns.com\/ma-fr\/secteurs-dactivites\/industrie-agroalimentaire-vente-au-detail\/\" \/>\n<meta property=\"og:locale\" content=\"fr_FR\" \/>\n<meta property=\"og:type\" content=\"article\" \/>\n<meta property=\"og:title\" content=\"Avec nous, vous \u00eates en s\u00e9curit\u00e9\" \/>\n<meta property=\"og:description\" content=\"Des solutions d&#039;hygi\u00e8ne haut de gamme pour le nettoyage et la d\u00e9sinfection en toute s\u00e9curit\u00e9 des unit\u00e9s de transformation d&#039;aliments et de boissons, ainsi que le commerce de d\u00e9tail alimentaire.\" \/>\n<meta property=\"og:url\" content=\"https:\/\/www.christeyns.com\/ma-fr\/secteurs-dactivites\/industrie-agroalimentaire-vente-au-detail\/\" \/>\n<meta property=\"og:site_name\" content=\"Christeyns\" \/>\n<meta property=\"article:modified_time\" content=\"2024-04-25T13:21:33+00:00\" \/>\n<meta property=\"og:image\" content=\"https:\/\/www.christeyns.com\/wp-content\/uploads\/2018\/10\/christeyns-logo-shot.jpg\" \/>\n\t<meta property=\"og:image:width\" content=\"842\" \/>\n\t<meta property=\"og:image:height\" content=\"560\" \/>\n\t<meta property=\"og:image:type\" content=\"image\/jpeg\" \/>\n<meta name=\"twitter:card\" content=\"summary_large_image\" \/>\n<meta name=\"twitter:label1\" content=\"Est. reading time\" \/>\n\t<meta name=\"twitter:data1\" content=\"1 minute\" \/>\n<script type=\"application\/ld+json\" class=\"yoast-schema-graph\">{\"@context\":\"https:\/\/schema.org\",\"@graph\":[{\"@type\":\"WebPage\",\"@id\":\"https:\/\/www.christeyns.com\/ma-fr\/secteurs-dactivites\/industrie-agroalimentaire-vente-au-detail\/\",\"url\":\"https:\/\/www.christeyns.com\/ma-fr\/secteurs-dactivites\/industrie-agroalimentaire-vente-au-detail\/\",\"name\":\"Avec nous, vous \u00eates en s\u00e9curit\u00e9\",\"isPartOf\":{\"@id\":\"https:\/\/www.christeyns.com\/ma-fr\/#website\"},\"datePublished\":\"2019-12-18T13:38:29+00:00\",\"dateModified\":\"2024-04-25T13:21:33+00:00\",\"description\":\"Des solutions d'hygi\u00e8ne haut de gamme pour le nettoyage et la d\u00e9sinfection en toute s\u00e9curit\u00e9 des unit\u00e9s de transformation d'aliments et de boissons, ainsi que le commerce de d\u00e9tail alimentaire.\",\"breadcrumb\":{\"@id\":\"https:\/\/www.christeyns.com\/ma-fr\/secteurs-dactivites\/industrie-agroalimentaire-vente-au-detail\/#breadcrumb\"},\"inLanguage\":\"fr-MA\",\"potentialAction\":[{\"@type\":\"ReadAction\",\"target\":[\"https:\/\/www.christeyns.com\/ma-fr\/secteurs-dactivites\/industrie-agroalimentaire-vente-au-detail\/\"]}]},{\"@type\":\"BreadcrumbList\",\"@id\":\"https:\/\/www.christeyns.com\/ma-fr\/secteurs-dactivites\/industrie-agroalimentaire-vente-au-detail\/#breadcrumb\",\"itemListElement\":[{\"@type\":\"ListItem\",\"position\":1,\"name\":\"Home\",\"item\":\"https:\/\/www.christeyns.com\/ma-fr\/\"},{\"@type\":\"ListItem\",\"position\":2,\"name\":\"Secteurs d&#8217;activit\u00e9s\",\"item\":\"https:\/\/www.christeyns.com\/ma-fr\/secteurs-dactivites\/\"},{\"@type\":\"ListItem\",\"position\":3,\"name\":\"Industrie agroalimentaire &#038; vente au d\u00e9tail\"}]},{\"@type\":\"WebSite\",\"@id\":\"https:\/\/www.christeyns.com\/ma-fr\/#website\",\"url\":\"https:\/\/www.christeyns.com\/ma-fr\/\",\"name\":\"Christeyns\",\"description\":\"Christeyns - Striving for a cleaner future\",\"publisher\":{\"@id\":\"https:\/\/www.christeyns.com\/ma-fr\/#organization\"},\"inLanguage\":\"fr-MA\"},{\"@type\":\"Organization\",\"@id\":\"https:\/\/www.christeyns.com\/ma-fr\/#organization\",\"name\":\"Christeyns\",\"url\":\"https:\/\/www.christeyns.com\/ma-fr\/\",\"logo\":{\"@type\":\"ImageObject\",\"inLanguage\":\"fr-MA\",\"@id\":\"https:\/\/www.christeyns.com\/ma-fr\/#\/schema\/logo\/image\/\",\"url\":\"https:\/\/www.christeyns.com\/wp-content\/uploads\/2021\/06\/logo.png\",\"contentUrl\":\"https:\/\/www.christeyns.com\/wp-content\/uploads\/2021\/06\/logo.png\",\"width\":262,\"height\":40,\"caption\":\"Christeyns\"},\"image\":{\"@id\":\"https:\/\/www.christeyns.com\/ma-fr\/#\/schema\/logo\/image\/\"},\"sameAs\":[\"https:\/\/www.linkedin.com\/company\/christeyns\",\"https:\/\/www.youtube.com\/c\/christeynshq\"]}]}<\/script>\n<!-- \/ Yoast SEO plugin. -->","yoast_head_json":{"title":"Avec nous, vous \u00eates en s\u00e9curit\u00e9","description":"Des solutions d'hygi\u00e8ne haut de gamme pour le nettoyage et la d\u00e9sinfection en toute s\u00e9curit\u00e9 des unit\u00e9s de transformation d'aliments et de boissons, ainsi que le commerce de d\u00e9tail alimentaire.","robots":{"index":"index","follow":"follow","max-snippet":"max-snippet:-1","max-image-preview":"max-image-preview:large","max-video-preview":"max-video-preview:-1"},"canonical":"https:\/\/www.christeyns.com\/ma-fr\/secteurs-dactivites\/industrie-agroalimentaire-vente-au-detail\/","og_locale":"fr_FR","og_type":"article","og_title":"Avec nous, vous \u00eates en s\u00e9curit\u00e9","og_description":"Des solutions d'hygi\u00e8ne haut de gamme pour le nettoyage et la d\u00e9sinfection en toute s\u00e9curit\u00e9 des unit\u00e9s de transformation d'aliments et de boissons, ainsi que le commerce de d\u00e9tail alimentaire.","og_url":"https:\/\/www.christeyns.com\/ma-fr\/secteurs-dactivites\/industrie-agroalimentaire-vente-au-detail\/","og_site_name":"Christeyns","article_modified_time":"2024-04-25T13:21:33+00:00","og_image":[{"width":842,"height":560,"url":"https:\/\/www.christeyns.com\/wp-content\/uploads\/2018\/10\/christeyns-logo-shot.jpg","type":"image\/jpeg"}],"twitter_card":"summary_large_image","twitter_misc":{"Est. reading time":"1 minute"},"schema":{"@context":"https:\/\/schema.org","@graph":[{"@type":"WebPage","@id":"https:\/\/www.christeyns.com\/ma-fr\/secteurs-dactivites\/industrie-agroalimentaire-vente-au-detail\/","url":"https:\/\/www.christeyns.com\/ma-fr\/secteurs-dactivites\/industrie-agroalimentaire-vente-au-detail\/","name":"Avec nous, vous \u00eates en s\u00e9curit\u00e9","isPartOf":{"@id":"https:\/\/www.christeyns.com\/ma-fr\/#website"},"datePublished":"2019-12-18T13:38:29+00:00","dateModified":"2024-04-25T13:21:33+00:00","description":"Des solutions d'hygi\u00e8ne haut de gamme pour le nettoyage et la d\u00e9sinfection en toute s\u00e9curit\u00e9 des unit\u00e9s de transformation d'aliments et de boissons, ainsi que le commerce de d\u00e9tail alimentaire.","breadcrumb":{"@id":"https:\/\/www.christeyns.com\/ma-fr\/secteurs-dactivites\/industrie-agroalimentaire-vente-au-detail\/#breadcrumb"},"inLanguage":"fr-MA","potentialAction":[{"@type":"ReadAction","target":["https:\/\/www.christeyns.com\/ma-fr\/secteurs-dactivites\/industrie-agroalimentaire-vente-au-detail\/"]}]},{"@type":"BreadcrumbList","@id":"https:\/\/www.christeyns.com\/ma-fr\/secteurs-dactivites\/industrie-agroalimentaire-vente-au-detail\/#breadcrumb","itemListElement":[{"@type":"ListItem","position":1,"name":"Home","item":"https:\/\/www.christeyns.com\/ma-fr\/"},{"@type":"ListItem","position":2,"name":"Secteurs d&#8217;activit\u00e9s","item":"https:\/\/www.christeyns.com\/ma-fr\/secteurs-dactivites\/"},{"@type":"ListItem","position":3,"name":"Industrie agroalimentaire &#038; vente au d\u00e9tail"}]},{"@type":"WebSite","@id":"https:\/\/www.christeyns.com\/ma-fr\/#website","url":"https:\/\/www.christeyns.com\/ma-fr\/","name":"Christeyns","description":"Christeyns - Striving for a cleaner future","publisher":{"@id":"https:\/\/www.christeyns.com\/ma-fr\/#organization"},"inLanguage":"fr-MA"},{"@type":"Organization","@id":"https:\/\/www.christeyns.com\/ma-fr\/#organization","name":"Christeyns","url":"https:\/\/www.christeyns.com\/ma-fr\/","logo":{"@type":"ImageObject","inLanguage":"fr-MA","@id":"https:\/\/www.christeyns.com\/ma-fr\/#\/schema\/logo\/image\/","url":"https:\/\/www.christeyns.com\/wp-content\/uploads\/2021\/06\/logo.png","contentUrl":"https:\/\/www.christeyns.com\/wp-content\/uploads\/2021\/06\/logo.png","width":262,"height":40,"caption":"Christeyns"},"image":{"@id":"https:\/\/www.christeyns.com\/ma-fr\/#\/schema\/logo\/image\/"},"sameAs":["https:\/\/www.linkedin.com\/company\/christeyns","https:\/\/www.youtube.com\/c\/christeynshq"]}]}},"_links":{"self":[{"href":"https:\/\/www.christeyns.com\/ma-fr\/wp-json\/wp\/v2\/pages\/110012","targetHints":{"allow":["GET"]}}],"collection":[{"href":"https:\/\/www.christeyns.com\/ma-fr\/wp-json\/wp\/v2\/pages"}],"about":[{"href":"https:\/\/www.christeyns.com\/ma-fr\/wp-json\/wp\/v2\/types\/page"}],"author":[{"embeddable":true,"href":"https:\/\/www.christeyns.com\/ma-fr\/wp-json\/wp\/v2\/users\/1"}],"replies":[{"embeddable":true,"href":"https:\/\/www.christeyns.com\/ma-fr\/wp-json\/wp\/v2\/comments?post=110012"}],"version-history":[{"count":1,"href":"https:\/\/www.christeyns.com\/ma-fr\/wp-json\/wp\/v2\/pages\/110012\/revisions"}],"predecessor-version":[{"id":110014,"href":"https:\/\/www.christeyns.com\/ma-fr\/wp-json\/wp\/v2\/pages\/110012\/revisions\/110014"}],"up":[{"embeddable":true,"href":"https:\/\/www.christeyns.com\/ma-fr\/wp-json\/wp\/v2\/pages\/109913"}],"wp:attachment":[{"href":"https:\/\/www.christeyns.com\/ma-fr\/wp-json\/wp\/v2\/media?parent=110012"}],"curies":[{"name":"wp","href":"https:\/\/api.w.org\/{rel}","templated":true}]}}