{"id":109949,"date":"2019-12-18T14:07:22","date_gmt":"2019-12-18T14:07:22","guid":{"rendered":"https:\/\/www.christeyns.com\/secteurs-dactivites\/nettoyage-professionnel\/"},"modified":"2025-07-28T10:42:16","modified_gmt":"2025-07-28T10:42:16","slug":"nettoyage-professionnel","status":"publish","type":"page","link":"https:\/\/www.christeyns.com\/ma-fr\/secteurs-dactivites\/nettoyage-professionnel\/","title":{"rendered":"Nettoyage professionnel"},"content":{"rendered":"<div class=\"wpb-content-wrapper\"><p>[vc_row full_width=&#8221;stretch_row_content_no_spaces&#8221;][vc_column]\n            <div class=\"full-width sm-p-0 banner-content__image mb-6\">\n                <div class=\"banner banner__image banner-curve__white \">\n\n                    <div class=\"banner__image-wrapper\" >\n                        <picture class=\"banner-image\" >\n                            <source srcset=\"https:\/\/www.christeyns.com\/wp-content\/uploads\/2020\/05\/christeyns-academy-green.jpg\" media=\"(min-width: 1110px)\">\n                            <source srcset=\"https:\/\/www.christeyns.com\/wp-content\/uploads\/2020\/05\/christeyns-academy-green-1024x187.jpg\" media=\"(min-width: 321px) and (max-width: 1109px)\">\n                            <img decoding=\"async\" class=\"rellax\" src=\"https:\/\/www.christeyns.com\/wp-content\/uploads\/2020\/05\/christeyns-academy-green-300x55.jpg\" alt=\"christeyns-academy-green\" \/>\n                        <\/picture>\n                    <\/div>\n\n                    <div class=\"banner-content-wrapper d-flex flex-column\" >\n\n                                                    <div class=\"rownomargin mb-3 mb-xl-0\"><div class=\"col-22 offset-1\"><nav class=\"breadcrumb-trail breadcrumb-trail--small\" aria-label=\"Breadcrumb\" ><span><span><a href=\"https:\/\/www.christeyns.com\/ma-fr\/\">Home<\/a><\/span><\/span><\/nav><\/div><\/div>\n                        \n\n                        <div class=\"banner-content banner-content__small  col-24 col-md-16 col-lg-16 col-xl-14 text-center pt-0\">\n                                                    <\/div>\n                    <\/div>\n\n                    <div class=\"circle_cta-wrapper\">\n                        <div class=\"circle_cta background-green d-flex justify-content-center align-items-center\" >\n                            <img decoding=\"async\" src=\"https:\/\/www.christeyns.com\/wp-content\/uploads\/2020\/01\/icon-professional-cleaning.png\" alt=\"icon-professional-cleaning\"  class=\"img-fluid\"  loading=\"lazy\" >                        <\/div>\n                    <\/div>\n\n                <\/div>\n            <\/div>\n\n        [\/vc_column][\/vc_row][vc_row full_width=&#8221;stretch_row_content_no_spaces&#8221;][vc_column]\n        <div class=\"content-block full-width  background-white\" >\n            <div class=\"rownomargin\">\n                <div class=\"col-24 col-lg-14 offset-lg-5 col-xl-10 offset-xl-7 text-center mb-6 sm-p-0 text-wrap-balance\">\n                                            <h1 class=\"headingtwo text-blue text-uppercase bold text-center mb-4 heading__top-border-center\" >Nettoyage Professionnel<\/h1>\n                    \n                                        <div class=\"text-center  content-block\" ><p>Solutions d&#8217;hygi\u00e8ne professionnelles pour diverses industries et applications.<\/p>\n<\/div>\n\n                    \n                    \n\n                <\/div>\n            <\/div>\n        <\/div>\n\n        [\/vc_column][\/vc_row][vc_row full_width=&#8221;stretch_row_content_no_spaces&#8221;][vc_column]            <div class=\"full-width\">\n                <div class=\"four-block \">\n                    <div class=\"rownomargin justify-content-center\">\n\n                        \n                            <div class=\"col-24 col-md-8 text-center four-block-col\" >\n                                <div class=\"four-block-background\" ><img decoding=\"async\" src=\"https:\/\/www.christeyns.com\/wp-content\/uploads\/2021\/02\/christeyns-catering.jpg\" alt=\"Christeyns Catering\" loading=\"lazy\" ><\/div>\n                                <div class=\"four-block-content \">\n                                    <div class=\"four-block-body \">\n                                                                                <h2 class=\"four-block-title text-white bold text-uppercase\">Restaurants et traiteurs<\/h2>\n                                        <div class=\"four-block-introduction\">Des cuisines, mains et textiles impeccablement propres pour manipuler les aliments en toute s\u00e9curit\u00e9.<\/div>\n                                                                                    <div><a href=\"https:\/\/www.christeyns.com\/ma-fr\/secteurs-dactivites\/nettoyage-professionnel\/restaurants-et-traiteurs\/\" class=\"four-block-url btn btn-outline-white\" >Restaurants et traiteurs<\/a><\/div>\n                                                                            <\/div>\n                                <\/div>\n                            <\/div>\n\n                        \n                            <div class=\"col-24 col-md-8 text-center four-block-col\" >\n                                <div class=\"four-block-background\" ><img decoding=\"async\" src=\"https:\/\/www.christeyns.com\/wp-content\/uploads\/2021\/06\/christeyns-professional-cleaning-block.jpg\" alt=\"christeyns-professional-cleaning-block\" loading=\"lazy\" ><\/div>\n                                <div class=\"four-block-content \">\n                                    <div class=\"four-block-body \">\n                                                                                <h2 class=\"four-block-title text-white bold text-uppercase\">H\u00f4tels &amp; Spas<\/h2>\n                                        <div class=\"four-block-introduction\">Des solutions de nettoyage s\u00fbres et professionnelles, conformes aux normes d'hygi\u00e8ne les plus strictes pour les milieux h\u00f4teliers.<\/div>\n                                                                                    <div><a href=\"https:\/\/www.christeyns.com\/ma-fr\/secteurs-dactivites\/nettoyage-professionnel\/hotel-et-spa\/\" class=\"four-block-url btn btn-outline-white\" >H\u00f4tels &amp; Spas<\/a><\/div>\n                                                                            <\/div>\n                                <\/div>\n                            <\/div>\n\n                        \n                            <div class=\"col-24 col-md-8 text-center four-block-col\" >\n                                <div class=\"four-block-background\" ><img decoding=\"async\" src=\"https:\/\/www.christeyns.com\/wp-content\/uploads\/2021\/02\/christeyns-healthcare-1-1024x428.jpg\" alt=\"christeyns-healthcare\" loading=\"lazy\" ><\/div>\n                                <div class=\"four-block-content \">\n                                    <div class=\"four-block-body \">\n                                                                                <h2 class=\"four-block-title text-white bold text-uppercase\">Maisons De Retraite &amp; Secteur Des Soins<\/h2>\n                                        <div class=\"four-block-introduction\">Des environnements s\u00fbrs et propres pour les meilleurs soins.<\/div>\n                                                                                    <div><a href=\"https:\/\/www.christeyns.com\/ma-fr\/secteurs-dactivites\/nettoyage-professionnel\/secteurs-des-soins\/\" class=\"four-block-url btn btn-outline-white\" >Maisons De Retraite &amp; Secteur Des Soins<\/a><\/div>\n                                                                            <\/div>\n                                <\/div>\n                            <\/div>\n\n                        \n                    <\/div>\n                <\/div>\n            <\/div>\n\n                    <div class=\"full-width\">\n                <div class=\"four-block mb-default\">\n                    <div class=\"rownomargin justify-content-center\">\n\n                        \n                            <div class=\"col-24 col-md-12 col-lg-6 text-center four-block-col\" >\n                                <div class=\"four-block-background\" ><img decoding=\"async\" src=\"https:\/\/www.christeyns.com\/wp-content\/uploads\/2021\/01\/Building-facilities-1.jpg\" alt=\"Building and Facilities\" loading=\"lazy\" ><\/div>\n                                <div class=\"four-block-content \">\n                                    <div class=\"four-block-body \">\n                                                                                <h2 class=\"four-block-title text-white bold text-uppercase\">B\u00e2timents, \u00c9coles & Infrastructures<\/h2>\n                                        <div class=\"four-block-introduction\">Des d\u00e9tergents et d\u00e9sinfectants efficaces pour les routines de nettoyage professionnel.<\/div>\n                                                                                    <div><a href=\"https:\/\/www.christeyns.com\/ma-fr\/secteurs-dactivites\/nettoyage-professionnel\/constructions-et-infrastructures\/\" class=\"four-block-url btn btn-outline-white\" >B\u00e2timents, \u00c9coles & Infrastructures<\/a><\/div>\n                                                                            <\/div>\n                                <\/div>\n                            <\/div>\n\n                        \n                            <div class=\"col-24 col-md-12 col-lg-6 text-center four-block-col\" >\n                                <div class=\"four-block-background\" ><img decoding=\"async\" src=\"https:\/\/www.christeyns.com\/wp-content\/uploads\/2021\/01\/Automotive-1.jpg\" alt=\"Automotive Industry\" loading=\"lazy\" ><\/div>\n                                <div class=\"four-block-content \">\n                                    <div class=\"four-block-body \">\n                                                                                <h2 class=\"four-block-title text-white bold text-uppercase\">Automobile<\/h2>\n                                        <div class=\"four-block-introduction\">Des produits de nettoyage professionnels pour les car- et truck-washes, ainsi que l'avant-cour et l'aire commerciale des stations-service.<\/div>\n                                                                                    <div><a href=\"https:\/\/www.christeyns.com\/ma-fr\/secteurs-dactivites\/nettoyage-professionnel\/automobile\/\" class=\"four-block-url btn btn-outline-white\" >Automobile<\/a><\/div>\n                                                                            <\/div>\n                                <\/div>\n                            <\/div>\n\n                        \n                            <div class=\"col-24 col-md-12 col-lg-6 text-center four-block-col\" >\n                                <div class=\"four-block-background\" ><img decoding=\"async\" src=\"https:\/\/www.christeyns.com\/wp-content\/uploads\/2021\/01\/Cleaning-contractors.jpg\" alt=\"Cleaning Contractors\" loading=\"lazy\" ><\/div>\n                                <div class=\"four-block-content \">\n                                    <div class=\"four-block-body \">\n                                                                                <h2 class=\"four-block-title text-white bold text-uppercase\">Entreprises de nettoyage<\/h2>\n                                        <div class=\"four-block-introduction\">Des d\u00e9tergents et d\u00e9sinfectants efficaces pour un nettoyage s\u00fbr, facile et respectueux de l'environnement.<\/div>\n                                                                                    <div><a href=\"https:\/\/www.christeyns.com\/ma-fr\/secteurs-dactivites\/nettoyage-professionnel\/entrepreneur-en-nettoyage\/\" class=\"four-block-url btn btn-outline-white\" >Entreprises de nettoyage<\/a><\/div>\n                                                                            <\/div>\n                                <\/div>\n                            <\/div>\n\n                        \n                            <div class=\"col-24 col-md-12 col-lg-6 text-center four-block-col\" >\n                                <div class=\"four-block-background\" ><img decoding=\"async\" src=\"https:\/\/www.christeyns.com\/wp-content\/uploads\/2025\/04\/front-image-marine-woman.jpg\" alt=\"marine\" loading=\"lazy\" ><\/div>\n                                <div class=\"four-block-content \">\n                                    <div class=\"four-block-body \">\n                                                                                <h2 class=\"four-block-title text-white bold text-uppercase\">Industrie maritime<\/h2>\n                                        <div class=\"four-block-introduction\">Des solutions d'hygi\u00e8ne efficaces et durables pour des textiles, cuisines et installations \u00e0 bord impeccables.<\/div>\n                                                                                    <div><a href=\"https:\/\/www.christeyns.com\/ma-fr\/secteurs-dactivites\/nettoyage-professionnel\/industrie-maritime\/\" class=\"four-block-url btn btn-outline-white\" >Industrie maritime<\/a><\/div>\n                                                                            <\/div>\n                                <\/div>\n                            <\/div>\n\n                        \n                    <\/div>\n                <\/div>\n            <\/div>\n\n        [\/vc_column][\/vc_row][vc_row full_width=&#8221;stretch_row_content_no_spaces&#8221;][vc_column]            <div class=\"full-width   mb-6 \" >\n                            <\/div>\n\n        \n        <div class=\"full-width\">\n            <div class=\"rownomargin mb-default\">\n                <div class=\"col-24 col-sm-20 offset-sm-2 col-lg-16 offset-lg-4 sm-p-0\">\n                    <div class=\"gradient-text font-default text-center\">PENSEZ S\u00c9CURIT\u00c9, NETTOYEZ EN MODE \u00c9COLOGIQUE<\/div>\n                <\/div>\n            <\/div>\n        <\/div>\n\n        [\/vc_column][\/vc_row]<\/p>\n<\/div>","protected":false},"excerpt":{"rendered":"<p>[vc_row full_width=&#8221;stretch_row_content_no_spaces&#8221;][vc_column][\/vc_column][\/vc_row][vc_row full_width=&#8221;stretch_row_content_no_spaces&#8221;][vc_column][\/vc_column][\/vc_row][vc_row full_width=&#8221;stretch_row_content_no_spaces&#8221;][vc_column][\/vc_column][\/vc_row][vc_row full_width=&#8221;stretch_row_content_no_spaces&#8221;][vc_column][\/vc_column][\/vc_row]<\/p>\n","protected":false},"author":1,"featured_media":0,"parent":109913,"menu_order":656,"comment_status":"closed","ping_status":"closed","template":"","meta":{"_acf_changed":false,"content-type":"","footnotes":""},"class_list":["post-109949","page","type-page","status-publish","hentry"],"acf":[],"yoast_head":"<!-- This site is optimized with the Yoast SEO plugin v26.9 - https:\/\/yoast.com\/product\/yoast-seo-wordpress\/ -->\n<title>Le nettoyage \u00e9cologique, s\u00fbr et facile<\/title>\n<meta name=\"description\" content=\"D\u00e9tergents et d\u00e9sinfectants pour le nettoyage professionnel des cuisines, les sols, les surfaces, les tissus et les mains.\" \/>\n<meta name=\"robots\" content=\"index, follow, max-snippet:-1, max-image-preview:large, max-video-preview:-1\" \/>\n<link rel=\"canonical\" href=\"https:\/\/www.christeyns.com\/ma-fr\/secteurs-dactivites\/nettoyage-professionnel\/\" \/>\n<meta property=\"og:locale\" content=\"fr_FR\" \/>\n<meta property=\"og:type\" content=\"article\" \/>\n<meta property=\"og:title\" content=\"Le nettoyage \u00e9cologique, s\u00fbr et facile\" \/>\n<meta property=\"og:description\" content=\"D\u00e9tergents et d\u00e9sinfectants pour le nettoyage professionnel des cuisines, les sols, les surfaces, les tissus et les mains.\" \/>\n<meta property=\"og:url\" content=\"https:\/\/www.christeyns.com\/ma-fr\/secteurs-dactivites\/nettoyage-professionnel\/\" \/>\n<meta property=\"og:site_name\" content=\"Christeyns\" \/>\n<meta property=\"article:modified_time\" content=\"2025-07-28T10:42:16+00:00\" \/>\n<meta property=\"og:image\" content=\"https:\/\/www.christeyns.com\/wp-content\/uploads\/2018\/10\/christeyns-logo-shot.jpg\" \/>\n\t<meta property=\"og:image:width\" content=\"842\" \/>\n\t<meta property=\"og:image:height\" content=\"560\" \/>\n\t<meta property=\"og:image:type\" content=\"image\/jpeg\" \/>\n<meta name=\"twitter:card\" content=\"summary_large_image\" \/>\n<meta name=\"twitter:label1\" content=\"Est. reading time\" \/>\n\t<meta name=\"twitter:data1\" content=\"1 minute\" \/>\n<script type=\"application\/ld+json\" class=\"yoast-schema-graph\">{\"@context\":\"https:\/\/schema.org\",\"@graph\":[{\"@type\":\"WebPage\",\"@id\":\"https:\/\/www.christeyns.com\/ma-fr\/secteurs-dactivites\/nettoyage-professionnel\/\",\"url\":\"https:\/\/www.christeyns.com\/ma-fr\/secteurs-dactivites\/nettoyage-professionnel\/\",\"name\":\"Le nettoyage \u00e9cologique, s\u00fbr et facile\",\"isPartOf\":{\"@id\":\"https:\/\/www.christeyns.com\/ma-fr\/#website\"},\"datePublished\":\"2019-12-18T14:07:22+00:00\",\"dateModified\":\"2025-07-28T10:42:16+00:00\",\"description\":\"D\u00e9tergents et d\u00e9sinfectants pour le nettoyage professionnel des cuisines, les sols, les surfaces, les tissus et les mains.\",\"breadcrumb\":{\"@id\":\"https:\/\/www.christeyns.com\/ma-fr\/secteurs-dactivites\/nettoyage-professionnel\/#breadcrumb\"},\"inLanguage\":\"fr-MA\",\"potentialAction\":[{\"@type\":\"ReadAction\",\"target\":[\"https:\/\/www.christeyns.com\/ma-fr\/secteurs-dactivites\/nettoyage-professionnel\/\"]}]},{\"@type\":\"BreadcrumbList\",\"@id\":\"https:\/\/www.christeyns.com\/ma-fr\/secteurs-dactivites\/nettoyage-professionnel\/#breadcrumb\",\"itemListElement\":[{\"@type\":\"ListItem\",\"position\":1,\"name\":\"Home\",\"item\":\"https:\/\/www.christeyns.com\/ma-fr\/\"},{\"@type\":\"ListItem\",\"position\":2,\"name\":\"Secteurs d&#8217;activit\u00e9s\",\"item\":\"https:\/\/www.christeyns.com\/ma-fr\/secteurs-dactivites\/\"},{\"@type\":\"ListItem\",\"position\":3,\"name\":\"Nettoyage professionnel\"}]},{\"@type\":\"WebSite\",\"@id\":\"https:\/\/www.christeyns.com\/ma-fr\/#website\",\"url\":\"https:\/\/www.christeyns.com\/ma-fr\/\",\"name\":\"Christeyns\",\"description\":\"Christeyns - Striving for a cleaner future\",\"publisher\":{\"@id\":\"https:\/\/www.christeyns.com\/ma-fr\/#organization\"},\"inLanguage\":\"fr-MA\"},{\"@type\":\"Organization\",\"@id\":\"https:\/\/www.christeyns.com\/ma-fr\/#organization\",\"name\":\"Christeyns\",\"url\":\"https:\/\/www.christeyns.com\/ma-fr\/\",\"logo\":{\"@type\":\"ImageObject\",\"inLanguage\":\"fr-MA\",\"@id\":\"https:\/\/www.christeyns.com\/ma-fr\/#\/schema\/logo\/image\/\",\"url\":\"https:\/\/www.christeyns.com\/wp-content\/uploads\/2021\/06\/logo.png\",\"contentUrl\":\"https:\/\/www.christeyns.com\/wp-content\/uploads\/2021\/06\/logo.png\",\"width\":262,\"height\":40,\"caption\":\"Christeyns\"},\"image\":{\"@id\":\"https:\/\/www.christeyns.com\/ma-fr\/#\/schema\/logo\/image\/\"},\"sameAs\":[\"https:\/\/www.linkedin.com\/company\/christeyns\",\"https:\/\/www.youtube.com\/c\/christeynshq\"]}]}<\/script>\n<!-- \/ Yoast SEO plugin. -->","yoast_head_json":{"title":"Le nettoyage \u00e9cologique, s\u00fbr et facile","description":"D\u00e9tergents et d\u00e9sinfectants pour le nettoyage professionnel des cuisines, les sols, les surfaces, les tissus et les mains.","robots":{"index":"index","follow":"follow","max-snippet":"max-snippet:-1","max-image-preview":"max-image-preview:large","max-video-preview":"max-video-preview:-1"},"canonical":"https:\/\/www.christeyns.com\/ma-fr\/secteurs-dactivites\/nettoyage-professionnel\/","og_locale":"fr_FR","og_type":"article","og_title":"Le nettoyage \u00e9cologique, s\u00fbr et facile","og_description":"D\u00e9tergents et d\u00e9sinfectants pour le nettoyage professionnel des cuisines, les sols, les surfaces, les tissus et les mains.","og_url":"https:\/\/www.christeyns.com\/ma-fr\/secteurs-dactivites\/nettoyage-professionnel\/","og_site_name":"Christeyns","article_modified_time":"2025-07-28T10:42:16+00:00","og_image":[{"width":842,"height":560,"url":"https:\/\/www.christeyns.com\/wp-content\/uploads\/2018\/10\/christeyns-logo-shot.jpg","type":"image\/jpeg"}],"twitter_card":"summary_large_image","twitter_misc":{"Est. reading time":"1 minute"},"schema":{"@context":"https:\/\/schema.org","@graph":[{"@type":"WebPage","@id":"https:\/\/www.christeyns.com\/ma-fr\/secteurs-dactivites\/nettoyage-professionnel\/","url":"https:\/\/www.christeyns.com\/ma-fr\/secteurs-dactivites\/nettoyage-professionnel\/","name":"Le nettoyage \u00e9cologique, s\u00fbr et facile","isPartOf":{"@id":"https:\/\/www.christeyns.com\/ma-fr\/#website"},"datePublished":"2019-12-18T14:07:22+00:00","dateModified":"2025-07-28T10:42:16+00:00","description":"D\u00e9tergents et d\u00e9sinfectants pour le nettoyage professionnel des cuisines, les sols, les surfaces, les tissus et les mains.","breadcrumb":{"@id":"https:\/\/www.christeyns.com\/ma-fr\/secteurs-dactivites\/nettoyage-professionnel\/#breadcrumb"},"inLanguage":"fr-MA","potentialAction":[{"@type":"ReadAction","target":["https:\/\/www.christeyns.com\/ma-fr\/secteurs-dactivites\/nettoyage-professionnel\/"]}]},{"@type":"BreadcrumbList","@id":"https:\/\/www.christeyns.com\/ma-fr\/secteurs-dactivites\/nettoyage-professionnel\/#breadcrumb","itemListElement":[{"@type":"ListItem","position":1,"name":"Home","item":"https:\/\/www.christeyns.com\/ma-fr\/"},{"@type":"ListItem","position":2,"name":"Secteurs d&#8217;activit\u00e9s","item":"https:\/\/www.christeyns.com\/ma-fr\/secteurs-dactivites\/"},{"@type":"ListItem","position":3,"name":"Nettoyage professionnel"}]},{"@type":"WebSite","@id":"https:\/\/www.christeyns.com\/ma-fr\/#website","url":"https:\/\/www.christeyns.com\/ma-fr\/","name":"Christeyns","description":"Christeyns - Striving for a cleaner future","publisher":{"@id":"https:\/\/www.christeyns.com\/ma-fr\/#organization"},"inLanguage":"fr-MA"},{"@type":"Organization","@id":"https:\/\/www.christeyns.com\/ma-fr\/#organization","name":"Christeyns","url":"https:\/\/www.christeyns.com\/ma-fr\/","logo":{"@type":"ImageObject","inLanguage":"fr-MA","@id":"https:\/\/www.christeyns.com\/ma-fr\/#\/schema\/logo\/image\/","url":"https:\/\/www.christeyns.com\/wp-content\/uploads\/2021\/06\/logo.png","contentUrl":"https:\/\/www.christeyns.com\/wp-content\/uploads\/2021\/06\/logo.png","width":262,"height":40,"caption":"Christeyns"},"image":{"@id":"https:\/\/www.christeyns.com\/ma-fr\/#\/schema\/logo\/image\/"},"sameAs":["https:\/\/www.linkedin.com\/company\/christeyns","https:\/\/www.youtube.com\/c\/christeynshq"]}]}},"_links":{"self":[{"href":"https:\/\/www.christeyns.com\/ma-fr\/wp-json\/wp\/v2\/pages\/109949","targetHints":{"allow":["GET"]}}],"collection":[{"href":"https:\/\/www.christeyns.com\/ma-fr\/wp-json\/wp\/v2\/pages"}],"about":[{"href":"https:\/\/www.christeyns.com\/ma-fr\/wp-json\/wp\/v2\/types\/page"}],"author":[{"embeddable":true,"href":"https:\/\/www.christeyns.com\/ma-fr\/wp-json\/wp\/v2\/users\/1"}],"replies":[{"embeddable":true,"href":"https:\/\/www.christeyns.com\/ma-fr\/wp-json\/wp\/v2\/comments?post=109949"}],"version-history":[{"count":2,"href":"https:\/\/www.christeyns.com\/ma-fr\/wp-json\/wp\/v2\/pages\/109949\/revisions"}],"predecessor-version":[{"id":148063,"href":"https:\/\/www.christeyns.com\/ma-fr\/wp-json\/wp\/v2\/pages\/109949\/revisions\/148063"}],"up":[{"embeddable":true,"href":"https:\/\/www.christeyns.com\/ma-fr\/wp-json\/wp\/v2\/pages\/109913"}],"wp:attachment":[{"href":"https:\/\/www.christeyns.com\/ma-fr\/wp-json\/wp\/v2\/media?parent=109949"}],"curies":[{"name":"wp","href":"https:\/\/api.w.org\/{rel}","templated":true}]}}