{"id":109926,"date":"2019-12-18T14:44:56","date_gmt":"2019-12-18T14:44:56","guid":{"rendered":"https:\/\/www.christeyns.com\/secteurs-dactivites\/medical-care-life-sciences\/"},"modified":"2024-04-25T13:12:12","modified_gmt":"2024-04-25T13:12:12","slug":"medical-care-life-sciences","status":"publish","type":"page","link":"https:\/\/www.christeyns.com\/ma-fr\/secteurs-dactivites\/medical-care-life-sciences\/","title":{"rendered":"Medical Care &#038; Life Sciences"},"content":{"rendered":"<div class=\"wpb-content-wrapper\"><p>[vc_row full_width=&#8221;stretch_row_content_no_spaces&#8221;][vc_column]\n            <div class=\"full-width sm-p-0 banner-content__image mb-6\">\n                <div class=\"banner banner__image banner-curve__white \">\n\n                    <div class=\"banner__image-wrapper\" >\n                        <picture class=\"banner-image\" >\n                            <source srcset=\"https:\/\/www.christeyns.com\/wp-content\/uploads\/2020\/05\/christeyns-academy-purple.jpg\" media=\"(min-width: 1110px)\">\n                            <source srcset=\"https:\/\/www.christeyns.com\/wp-content\/uploads\/2020\/05\/christeyns-academy-purple-1024x187.jpg\" media=\"(min-width: 321px) and (max-width: 1109px)\">\n                            <img decoding=\"async\" class=\"rellax\" src=\"https:\/\/www.christeyns.com\/wp-content\/uploads\/2020\/05\/christeyns-academy-purple-300x55.jpg\" alt=\"christeyns-academy-purple\" \/>\n                        <\/picture>\n                    <\/div>\n\n                    <div class=\"banner-content-wrapper d-flex flex-column\" >\n\n                                                    <div class=\"rownomargin mb-3 mb-xl-0\"><div class=\"col-22 offset-1\"><nav class=\"breadcrumb-trail breadcrumb-trail--small\" aria-label=\"Breadcrumb\" ><span><span><a href=\"https:\/\/www.christeyns.com\/ma-fr\/\">Home<\/a><\/span><\/span><\/nav><\/div><\/div>\n                        \n\n                        <div class=\"banner-content banner-content__small  col-24 col-md-16 col-lg-16 col-xl-14 text-center pt-0\">\n                            <h1 class=\"text-white text-uppercase\">Medical Care &amp; Life Sciences<\/h1>                        <\/div>\n                    <\/div>\n\n                    <div class=\"circle_cta-wrapper\">\n                        <div class=\"circle_cta background-purple d-flex justify-content-center align-items-center\" >\n                            <img decoding=\"async\" src=\"https:\/\/www.christeyns.com\/wp-content\/uploads\/2020\/01\/icon-life-science.png\" alt=\"icon - Medical Care & Life Sciences\"  class=\"img-fluid\"  loading=\"lazy\" >                        <\/div>\n                    <\/div>\n\n                <\/div>\n            <\/div>\n\n        [\/vc_column][\/vc_row][vc_row full_width=&#8221;stretch_row_content_no_spaces&#8221;][vc_column]\n        <div class=\"content-block full-width  background-white\" >\n            <div class=\"rownomargin\">\n                <div class=\"col-24 col-lg-14 offset-lg-5 col-xl-10 offset-xl-7 text-center mb-6 sm-p-0 text-wrap-balance\">\n                    \n                                        <div class=\"text-center  content-block\" ><p>Des solutions d&#8217;hygi\u00e8ne globales pour le secteur m\u00e9dical, les industries pharmaceutique et cosm\u00e9tique, ainsi que le secteur du support \u00e0 la recherche.<\/p>\n<\/div>\n\n                    \n                    \n\n                <\/div>\n            <\/div>\n        <\/div>\n\n        [\/vc_column][\/vc_row][vc_row full_width=&#8221;stretch_row_content_no_spaces&#8221;][vc_column]            <div class=\"full-width\">\n                <div class=\"four-block mb-default\">\n                    <div class=\"rownomargin justify-content-center\">\n\n                        \n                            <div class=\"col-24 col-md-12 text-center four-block-col\" >\n                                <div class=\"four-block-background\" ><img decoding=\"async\" src=\"https:\/\/www.christeyns.com\/wp-content\/uploads\/2020\/12\/christeyns-medical-care-1024x446.jpg\" alt=\"Medical Care\" loading=\"lazy\" ><\/div>\n                                <div class=\"four-block-content \">\n                                    <div class=\"four-block-body \">\n                                                                                <h2 class=\"four-block-title text-white bold text-uppercase\">Medical Care<\/h2>\n                                        <div class=\"four-block-introduction\">Pr\u00e9vention et lutte contre les infections associ\u00e9es aux soins (IAS) dans le secteur m\u00e9dical.<\/div>\n                                                                                    <div><a href=\"https:\/\/www.christeyns.com\/ma-fr\/secteurs-dactivites\/medical-care-life-sciences\/medical-care\/\" class=\"four-block-url btn btn-outline-white\" >Medical Care<\/a><\/div>\n                                                                            <\/div>\n                                <\/div>\n                            <\/div>\n\n                        \n                            <div class=\"col-24 col-md-12 text-center four-block-col\" >\n                                <div class=\"four-block-background\" ><img decoding=\"async\" src=\"https:\/\/www.christeyns.com\/wp-content\/uploads\/2020\/10\/life-sciences-1024x446.jpg\" alt=\"life sciences\" loading=\"lazy\" ><\/div>\n                                <div class=\"four-block-content \">\n                                    <div class=\"four-block-body \">\n                                                                                <h2 class=\"four-block-title text-white bold text-uppercase\">Life Sciences<\/h2>\n                                        <div class=\"four-block-introduction\">Solutions d'hygi\u00e8ne pour les environnements st\u00e9riles ou non-st\u00e9riles dans l'industrie pharmaceutique et cosm\u00e9tique, ainsi que dans le secteur du support \u00e0 la recherche.<\/div>\n                                                                                    <div><a href=\"https:\/\/www.christeyns.com\/ma-fr\/secteurs-dactivites\/medical-care-life-sciences\/life-sciences\/\" class=\"four-block-url btn btn-outline-white\" >Life Sciences<\/a><\/div>\n                                                                            <\/div>\n                                <\/div>\n                            <\/div>\n\n                        \n                    <\/div>\n                <\/div>\n            <\/div>\n\n        [\/vc_column][\/vc_row][vc_row full_width=&#8221;stretch_row_content_no_spaces&#8221;][vc_column]            <div class=\"full-width   mb-6 \" >\n                            <\/div>\n\n        \n        <div class=\"full-width\">\n            <div class=\"rownomargin mb-default\">\n                <div class=\"col-24 col-sm-20 offset-sm-2 col-lg-16 offset-lg-4 sm-p-0\">\n                    <div class=\"gradient-text font-default text-center\">FEEL SAFE WITH US<\/div>\n                <\/div>\n            <\/div>\n        <\/div>\n\n        [\/vc_column][\/vc_row]<\/p>\n<\/div>","protected":false},"excerpt":{"rendered":"<p>[vc_row full_width=&#8221;stretch_row_content_no_spaces&#8221;][vc_column][\/vc_column][\/vc_row][vc_row full_width=&#8221;stretch_row_content_no_spaces&#8221;][vc_column][\/vc_column][\/vc_row][vc_row full_width=&#8221;stretch_row_content_no_spaces&#8221;][vc_column][\/vc_column][\/vc_row][vc_row full_width=&#8221;stretch_row_content_no_spaces&#8221;][vc_column][\/vc_column][\/vc_row]<\/p>\n","protected":false},"author":1,"featured_media":0,"parent":109913,"menu_order":575,"comment_status":"closed","ping_status":"closed","template":"","meta":{"_acf_changed":false,"content-type":"","footnotes":""},"class_list":["post-109926","page","type-page","status-publish","hentry"],"acf":[],"yoast_head":"<!-- This site is optimized with the Yoast SEO plugin v26.9 - https:\/\/yoast.com\/product\/yoast-seo-wordpress\/ -->\n<title>Christeyns est pr\u00e9sent, partout o\u00f9 l\u2019hygi\u00e8ne est une priorit\u00e9.<\/title>\n<meta name=\"description\" content=\"Des solutions d&#039;hygi\u00e8ne globales pour le secteur m\u00e9dical, les industries pharmaceutique et cosm\u00e9tique, ainsi que le secteur du support \u00e0 la recherche.\" \/>\n<meta name=\"robots\" content=\"index, follow, max-snippet:-1, max-image-preview:large, max-video-preview:-1\" \/>\n<link rel=\"canonical\" href=\"https:\/\/www.christeyns.com\/ma-fr\/secteurs-dactivites\/medical-care-life-sciences\/\" \/>\n<meta property=\"og:locale\" content=\"fr_FR\" \/>\n<meta property=\"og:type\" content=\"article\" \/>\n<meta property=\"og:title\" content=\"Christeyns est pr\u00e9sent, partout o\u00f9 l\u2019hygi\u00e8ne est une priorit\u00e9.\" \/>\n<meta property=\"og:description\" content=\"Des solutions d&#039;hygi\u00e8ne globales pour le secteur m\u00e9dical, les industries pharmaceutique et cosm\u00e9tique, ainsi que le secteur du support \u00e0 la recherche.\" \/>\n<meta property=\"og:url\" content=\"https:\/\/www.christeyns.com\/ma-fr\/secteurs-dactivites\/medical-care-life-sciences\/\" \/>\n<meta property=\"og:site_name\" content=\"Christeyns\" \/>\n<meta property=\"article:modified_time\" content=\"2024-04-25T13:12:12+00:00\" \/>\n<meta property=\"og:image\" content=\"https:\/\/www.christeyns.com\/wp-content\/uploads\/2018\/10\/christeyns-logo-shot.jpg\" \/>\n\t<meta property=\"og:image:width\" content=\"842\" \/>\n\t<meta property=\"og:image:height\" content=\"560\" \/>\n\t<meta property=\"og:image:type\" content=\"image\/jpeg\" \/>\n<meta name=\"twitter:card\" content=\"summary_large_image\" \/>\n<meta name=\"twitter:label1\" content=\"Est. reading time\" \/>\n\t<meta name=\"twitter:data1\" content=\"1 minute\" \/>\n<script type=\"application\/ld+json\" class=\"yoast-schema-graph\">{\"@context\":\"https:\/\/schema.org\",\"@graph\":[{\"@type\":\"WebPage\",\"@id\":\"https:\/\/www.christeyns.com\/ma-fr\/secteurs-dactivites\/medical-care-life-sciences\/\",\"url\":\"https:\/\/www.christeyns.com\/ma-fr\/secteurs-dactivites\/medical-care-life-sciences\/\",\"name\":\"Christeyns est pr\u00e9sent, partout o\u00f9 l\u2019hygi\u00e8ne est une priorit\u00e9.\",\"isPartOf\":{\"@id\":\"https:\/\/www.christeyns.com\/ma-fr\/#website\"},\"datePublished\":\"2019-12-18T14:44:56+00:00\",\"dateModified\":\"2024-04-25T13:12:12+00:00\",\"description\":\"Des solutions d'hygi\u00e8ne globales pour le secteur m\u00e9dical, les industries pharmaceutique et cosm\u00e9tique, ainsi que le secteur du support \u00e0 la recherche.\",\"breadcrumb\":{\"@id\":\"https:\/\/www.christeyns.com\/ma-fr\/secteurs-dactivites\/medical-care-life-sciences\/#breadcrumb\"},\"inLanguage\":\"fr-MA\",\"potentialAction\":[{\"@type\":\"ReadAction\",\"target\":[\"https:\/\/www.christeyns.com\/ma-fr\/secteurs-dactivites\/medical-care-life-sciences\/\"]}]},{\"@type\":\"BreadcrumbList\",\"@id\":\"https:\/\/www.christeyns.com\/ma-fr\/secteurs-dactivites\/medical-care-life-sciences\/#breadcrumb\",\"itemListElement\":[{\"@type\":\"ListItem\",\"position\":1,\"name\":\"Home\",\"item\":\"https:\/\/www.christeyns.com\/ma-fr\/\"},{\"@type\":\"ListItem\",\"position\":2,\"name\":\"Secteurs d&#8217;activit\u00e9s\",\"item\":\"https:\/\/www.christeyns.com\/ma-fr\/secteurs-dactivites\/\"},{\"@type\":\"ListItem\",\"position\":3,\"name\":\"Medical Care &#038; Life Sciences\"}]},{\"@type\":\"WebSite\",\"@id\":\"https:\/\/www.christeyns.com\/ma-fr\/#website\",\"url\":\"https:\/\/www.christeyns.com\/ma-fr\/\",\"name\":\"Christeyns\",\"description\":\"Christeyns - Striving for a cleaner future\",\"publisher\":{\"@id\":\"https:\/\/www.christeyns.com\/ma-fr\/#organization\"},\"inLanguage\":\"fr-MA\"},{\"@type\":\"Organization\",\"@id\":\"https:\/\/www.christeyns.com\/ma-fr\/#organization\",\"name\":\"Christeyns\",\"url\":\"https:\/\/www.christeyns.com\/ma-fr\/\",\"logo\":{\"@type\":\"ImageObject\",\"inLanguage\":\"fr-MA\",\"@id\":\"https:\/\/www.christeyns.com\/ma-fr\/#\/schema\/logo\/image\/\",\"url\":\"https:\/\/www.christeyns.com\/wp-content\/uploads\/2021\/06\/logo.png\",\"contentUrl\":\"https:\/\/www.christeyns.com\/wp-content\/uploads\/2021\/06\/logo.png\",\"width\":262,\"height\":40,\"caption\":\"Christeyns\"},\"image\":{\"@id\":\"https:\/\/www.christeyns.com\/ma-fr\/#\/schema\/logo\/image\/\"},\"sameAs\":[\"https:\/\/www.linkedin.com\/company\/christeyns\",\"https:\/\/www.youtube.com\/c\/christeynshq\"]}]}<\/script>\n<!-- \/ Yoast SEO plugin. -->","yoast_head_json":{"title":"Christeyns est pr\u00e9sent, partout o\u00f9 l\u2019hygi\u00e8ne est une priorit\u00e9.","description":"Des solutions d'hygi\u00e8ne globales pour le secteur m\u00e9dical, les industries pharmaceutique et cosm\u00e9tique, ainsi que le secteur du support \u00e0 la recherche.","robots":{"index":"index","follow":"follow","max-snippet":"max-snippet:-1","max-image-preview":"max-image-preview:large","max-video-preview":"max-video-preview:-1"},"canonical":"https:\/\/www.christeyns.com\/ma-fr\/secteurs-dactivites\/medical-care-life-sciences\/","og_locale":"fr_FR","og_type":"article","og_title":"Christeyns est pr\u00e9sent, partout o\u00f9 l\u2019hygi\u00e8ne est une priorit\u00e9.","og_description":"Des solutions d'hygi\u00e8ne globales pour le secteur m\u00e9dical, les industries pharmaceutique et cosm\u00e9tique, ainsi que le secteur du support \u00e0 la recherche.","og_url":"https:\/\/www.christeyns.com\/ma-fr\/secteurs-dactivites\/medical-care-life-sciences\/","og_site_name":"Christeyns","article_modified_time":"2024-04-25T13:12:12+00:00","og_image":[{"width":842,"height":560,"url":"https:\/\/www.christeyns.com\/wp-content\/uploads\/2018\/10\/christeyns-logo-shot.jpg","type":"image\/jpeg"}],"twitter_card":"summary_large_image","twitter_misc":{"Est. reading time":"1 minute"},"schema":{"@context":"https:\/\/schema.org","@graph":[{"@type":"WebPage","@id":"https:\/\/www.christeyns.com\/ma-fr\/secteurs-dactivites\/medical-care-life-sciences\/","url":"https:\/\/www.christeyns.com\/ma-fr\/secteurs-dactivites\/medical-care-life-sciences\/","name":"Christeyns est pr\u00e9sent, partout o\u00f9 l\u2019hygi\u00e8ne est une priorit\u00e9.","isPartOf":{"@id":"https:\/\/www.christeyns.com\/ma-fr\/#website"},"datePublished":"2019-12-18T14:44:56+00:00","dateModified":"2024-04-25T13:12:12+00:00","description":"Des solutions d'hygi\u00e8ne globales pour le secteur m\u00e9dical, les industries pharmaceutique et cosm\u00e9tique, ainsi que le secteur du support \u00e0 la recherche.","breadcrumb":{"@id":"https:\/\/www.christeyns.com\/ma-fr\/secteurs-dactivites\/medical-care-life-sciences\/#breadcrumb"},"inLanguage":"fr-MA","potentialAction":[{"@type":"ReadAction","target":["https:\/\/www.christeyns.com\/ma-fr\/secteurs-dactivites\/medical-care-life-sciences\/"]}]},{"@type":"BreadcrumbList","@id":"https:\/\/www.christeyns.com\/ma-fr\/secteurs-dactivites\/medical-care-life-sciences\/#breadcrumb","itemListElement":[{"@type":"ListItem","position":1,"name":"Home","item":"https:\/\/www.christeyns.com\/ma-fr\/"},{"@type":"ListItem","position":2,"name":"Secteurs d&#8217;activit\u00e9s","item":"https:\/\/www.christeyns.com\/ma-fr\/secteurs-dactivites\/"},{"@type":"ListItem","position":3,"name":"Medical Care &#038; Life Sciences"}]},{"@type":"WebSite","@id":"https:\/\/www.christeyns.com\/ma-fr\/#website","url":"https:\/\/www.christeyns.com\/ma-fr\/","name":"Christeyns","description":"Christeyns - Striving for a cleaner future","publisher":{"@id":"https:\/\/www.christeyns.com\/ma-fr\/#organization"},"inLanguage":"fr-MA"},{"@type":"Organization","@id":"https:\/\/www.christeyns.com\/ma-fr\/#organization","name":"Christeyns","url":"https:\/\/www.christeyns.com\/ma-fr\/","logo":{"@type":"ImageObject","inLanguage":"fr-MA","@id":"https:\/\/www.christeyns.com\/ma-fr\/#\/schema\/logo\/image\/","url":"https:\/\/www.christeyns.com\/wp-content\/uploads\/2021\/06\/logo.png","contentUrl":"https:\/\/www.christeyns.com\/wp-content\/uploads\/2021\/06\/logo.png","width":262,"height":40,"caption":"Christeyns"},"image":{"@id":"https:\/\/www.christeyns.com\/ma-fr\/#\/schema\/logo\/image\/"},"sameAs":["https:\/\/www.linkedin.com\/company\/christeyns","https:\/\/www.youtube.com\/c\/christeynshq"]}]}},"_links":{"self":[{"href":"https:\/\/www.christeyns.com\/ma-fr\/wp-json\/wp\/v2\/pages\/109926","targetHints":{"allow":["GET"]}}],"collection":[{"href":"https:\/\/www.christeyns.com\/ma-fr\/wp-json\/wp\/v2\/pages"}],"about":[{"href":"https:\/\/www.christeyns.com\/ma-fr\/wp-json\/wp\/v2\/types\/page"}],"author":[{"embeddable":true,"href":"https:\/\/www.christeyns.com\/ma-fr\/wp-json\/wp\/v2\/users\/1"}],"replies":[{"embeddable":true,"href":"https:\/\/www.christeyns.com\/ma-fr\/wp-json\/wp\/v2\/comments?post=109926"}],"version-history":[{"count":1,"href":"https:\/\/www.christeyns.com\/ma-fr\/wp-json\/wp\/v2\/pages\/109926\/revisions"}],"predecessor-version":[{"id":109927,"href":"https:\/\/www.christeyns.com\/ma-fr\/wp-json\/wp\/v2\/pages\/109926\/revisions\/109927"}],"up":[{"embeddable":true,"href":"https:\/\/www.christeyns.com\/ma-fr\/wp-json\/wp\/v2\/pages\/109913"}],"wp:attachment":[{"href":"https:\/\/www.christeyns.com\/ma-fr\/wp-json\/wp\/v2\/media?parent=109926"}],"curies":[{"name":"wp","href":"https:\/\/api.w.org\/{rel}","templated":true}]}}