{"id":109913,"date":"2019-12-18T12:03:33","date_gmt":"2019-12-18T12:03:33","guid":{"rendered":"https:\/\/www.christeyns.com\/secteurs-dactivites\/"},"modified":"2024-04-25T13:11:36","modified_gmt":"2024-04-25T13:11:36","slug":"secteurs-dactivites","status":"publish","type":"page","link":"https:\/\/www.christeyns.com\/ma-fr\/secteurs-dactivites\/","title":{"rendered":"Secteurs d&#8217;activit\u00e9s"},"content":{"rendered":"<div class=\"wpb-content-wrapper\"><p>[vc_row full_width=&#8221;stretch_row_content_no_spaces&#8221;][vc_column]\n            <div class=\"full-width sm-p-0\">\n                <div class=\"banner  banner__small banner-curve__white mb-6\">\n                    <picture class=\"banner-image\" >\n                        <source srcset=\"https:\/\/www.christeyns.com\/wp-content\/uploads\/2020\/01\/hero-background.jpg\" media=\"(min-width: 1110px)\">\n                        <source srcset=\"https:\/\/www.christeyns.com\/wp-content\/uploads\/2020\/01\/hero-background-1024x299.jpg\" media=\"(min-width: 321px) and (max-width: 1109px)\">\n                        <img decoding=\"async\" class=\"rellax\" src=\"https:\/\/www.christeyns.com\/wp-content\/uploads\/2020\/01\/hero-background-300x88.jpg\" alt=\"background of the image\" \/>\n                    <\/picture>\n\n                    <div class=\"banner-content-wrapper\" >\n                                                    <div class=\"rownomargin\"><div class=\"col-22 offset-1\"><nav class=\"breadcrumb-trail breadcrumb-trail--small\" aria-label=\"Breadcrumb\" ><span><span><a href=\"https:\/\/www.christeyns.com\/ma-fr\/\">Home<\/a><\/span><\/span><\/nav><\/div><\/div>\n                        \n                        <div class=\"banner-content col-24 col-md-16 col-lg-16 col-xl-12 text-center\">\n                                                            <h1 class=\"text-white text-uppercase\">Nos secteurs d'activit\u00e9s<\/h1>\n                            \n                            \n                        <\/div>\n                    <\/div>\n                <\/div>\n            <\/div>\n\n        [\/vc_column][\/vc_row][vc_row full_width=&#8221;stretch_row_content_no_spaces&#8221;][vc_column]\n        <div class=\"content-block full-width  background-white\" >\n            <div class=\"rownomargin\">\n                <div class=\"col-24 col-lg-14 offset-lg-5 col-xl-10 offset-xl-7 text-center mb-6 sm-p-0 text-wrap-balance\">\n                                            <h2 class=\"headingtwo text-blue text-uppercase bold text-center mb-4 heading__top-border-center\" >Votre partenaire pour l'hygi\u00e8ne<\/h2>\n                    \n                                        <div class=\"text-center  content-block\" ><p>Notre portfolio inclut des produits chimiques de premi\u00e8re qualit\u00e9, des \u00e9quipements fiables ainsi qu&#8217;un service flexible et personnalis\u00e9 dans quatre secteurs d&#8217;activit\u00e9.<\/p>\n<\/div>\n\n                    \n                    \n\n                <\/div>\n            <\/div>\n        <\/div>\n\n        [\/vc_column][\/vc_row][vc_row full_width=&#8221;stretch_row_content_no_spaces&#8221;][vc_column]            <div class=\"full-width\">\n                <div class=\"four-block mb-default\">\n                    <div class=\"rownomargin justify-content-center\">\n\n                        \n                            <div class=\"col-24 col-md-12 col-lg-6 text-center four-block-col\" >\n                                <div class=\"four-block-background\" ><img decoding=\"async\" src=\"https:\/\/www.christeyns.com\/wp-content\/uploads\/2021\/02\/industry-1.jpg\" alt=\"industry\" loading=\"lazy\" ><\/div>\n                                <div class=\"four-block-content \">\n                                    <div class=\"four-block-body \">\n                                                                                    <div class=\"four-block-image\" >\n                                                <img decoding=\"async\" src=\"https:\/\/www.christeyns.com\/wp-content\/uploads\/2020\/01\/icon-laundry.png\" alt=\"Entretien professionnel des textiles\" loading=\"lazy\" >\n                                            <\/div>\n                                                                                <h2 class=\"four-block-title text-white bold text-uppercase\">Entretien professionnel des textiles<\/h2>\n                                        <div class=\"four-block-introduction\">D\u00e9tergents, d\u00e9sinfectants et \u00e9quipements hautes performances pour les blanchisseries industrielles, les blanchisseries sur site, le nettoyage \u00e0 sec et l\u2019aquanettoyage.<\/div>\n                                                                                    <div><a href=\"https:\/\/www.christeyns.com\/ma-fr\/secteurs-dactivites\/entretien-professionnel-des-textiles\/\" class=\"four-block-url btn btn-outline-white\" >Entretien professionnel des textiles<\/a><\/div>\n                                                                            <\/div>\n                                <\/div>\n                            <\/div>\n\n                        \n                            <div class=\"col-24 col-md-12 col-lg-6 text-center four-block-col\" >\n                                <div class=\"four-block-background\" ><img decoding=\"async\" src=\"https:\/\/www.christeyns.com\/wp-content\/uploads\/2021\/02\/industry-2.jpg\" alt=\"passion\" loading=\"lazy\" ><\/div>\n                                <div class=\"four-block-content \">\n                                    <div class=\"four-block-body \">\n                                                                                    <div class=\"four-block-image\" >\n                                                <img decoding=\"async\" src=\"https:\/\/www.christeyns.com\/wp-content\/uploads\/2020\/01\/icon-food-processing.png\" alt=\"Industrie agroalimentaire &amp; vente au d\u00e9tail\" loading=\"lazy\" >\n                                            <\/div>\n                                                                                <h2 class=\"four-block-title text-white bold text-uppercase\">Industrie agroalimentaire &amp; vente au d\u00e9tail<\/h2>\n                                        <div class=\"four-block-introduction\">Des solutions d'hygi\u00e8ne haut de gamme pour le nettoyage et la d\u00e9sinfection en toute s\u00e9curit\u00e9 des unit\u00e9s de transformation d'aliments et de boissons, ainsi que le commerce de d\u00e9tail alimentaire.<\/div>\n                                                                                    <div><a href=\"https:\/\/www.christeyns.com\/ma-fr\/secteurs-dactivites\/industrie-agroalimentaire-vente-au-detail\/\" class=\"four-block-url btn btn-outline-white\" >Industrie agroalimentaire &amp; vente au d\u00e9tail<\/a><\/div>\n                                                                            <\/div>\n                                <\/div>\n                            <\/div>\n\n                        \n                            <div class=\"col-24 col-md-12 col-lg-6 text-center four-block-col\" >\n                                <div class=\"four-block-background\" ><img decoding=\"async\" src=\"https:\/\/www.christeyns.com\/wp-content\/uploads\/2021\/02\/industry-3.jpg\" alt=\"industry\" loading=\"lazy\" ><\/div>\n                                <div class=\"four-block-content \">\n                                    <div class=\"four-block-body \">\n                                                                                    <div class=\"four-block-image\" >\n                                                <img decoding=\"async\" src=\"https:\/\/www.christeyns.com\/wp-content\/uploads\/2020\/01\/icon-professional-cleaning.png\" alt=\"Nettoyage professionnel\" loading=\"lazy\" >\n                                            <\/div>\n                                                                                <h2 class=\"four-block-title text-white bold text-uppercase\">Nettoyage professionnel<\/h2>\n                                        <div class=\"four-block-introduction\">Des produits d'hygi\u00e8ne professionnels pour le nettoyage des cuisines, sols, locaux, surfaces, tissus et mains dans les b\u00e2timents et institutions.<\/div>\n                                                                                    <div><a href=\"https:\/\/www.christeyns.com\/ma-fr\/secteurs-dactivites\/nettoyage-professionnel\/\" class=\"four-block-url btn btn-outline-white\" >Nettoyage professionnel<\/a><\/div>\n                                                                            <\/div>\n                                <\/div>\n                            <\/div>\n\n                        \n                            <div class=\"col-24 col-md-12 col-lg-6 text-center four-block-col\" >\n                                <div class=\"four-block-background\" ><img decoding=\"async\" src=\"https:\/\/www.christeyns.com\/wp-content\/uploads\/2021\/02\/industry-4.jpg\" alt=\"industry\" loading=\"lazy\" ><\/div>\n                                <div class=\"four-block-content \">\n                                    <div class=\"four-block-body \">\n                                                                                    <div class=\"four-block-image\" >\n                                                <img decoding=\"async\" src=\"https:\/\/www.christeyns.com\/wp-content\/uploads\/2020\/01\/icon-life-science.png\" alt=\"Medical Care &amp; Life Sciences \" loading=\"lazy\" >\n                                            <\/div>\n                                                                                <h2 class=\"four-block-title text-white bold text-uppercase\">Medical Care &amp; Life Sciences <\/h2>\n                                        <div class=\"four-block-introduction\">Des solutions d'hygi\u00e8ne globales pour l'industrie m\u00e9dicale, pharmaceutique et cosm\u00e9tique.<\/div>\n                                                                                    <div><a href=\"https:\/\/www.christeyns.com\/ma-fr\/secteurs-dactivites\/medical-care-life-sciences\/\" class=\"four-block-url btn btn-outline-white\" >Medical Care &amp; Life Sciences <\/a><\/div>\n                                                                            <\/div>\n                                <\/div>\n                            <\/div>\n\n                        \n                    <\/div>\n                <\/div>\n            <\/div>\n\n        [\/vc_column][\/vc_row][vc_row][vc_column]\n        <div class=\"full-width\">\n            <div class=\"rownomargin mb-default\">\n                <div class=\"col-24 col-sm-20 offset-sm-2 col-lg-16 offset-lg-4 sm-p-0\">\n                    <div class=\"gradient-text font-default text-center\">Les besoins et attentes varient d'une entreprise \u00e0 l'autre et d'un pays \u00e0 l'autre. Voil\u00e0 pourquoi nous convertissons notre exp\u00e9rience mondiale en actions locales.<\/div>\n                <\/div>\n            <\/div>\n        <\/div>\n\n        [\/vc_column][\/vc_row]<\/p>\n<\/div>","protected":false},"excerpt":{"rendered":"<p>[vc_row full_width=&#8221;stretch_row_content_no_spaces&#8221;][vc_column][\/vc_column][\/vc_row][vc_row full_width=&#8221;stretch_row_content_no_spaces&#8221;][vc_column][\/vc_column][\/vc_row][vc_row full_width=&#8221;stretch_row_content_no_spaces&#8221;][vc_column][\/vc_column][\/vc_row][vc_row][vc_column][\/vc_column][\/vc_row]<\/p>\n","protected":false},"author":1,"featured_media":0,"parent":0,"menu_order":790,"comment_status":"closed","ping_status":"closed","template":"","meta":{"_acf_changed":false,"content-type":"","footnotes":""},"class_list":["post-109913","page","type-page","status-publish","hentry"],"acf":[],"yoast_head":"<!-- This site is optimized with the Yoast SEO plugin v26.9 - https:\/\/yoast.com\/product\/yoast-seo-wordpress\/ -->\n<title>Christeyns | des substances chimiques de premi\u00e8re qualit\u00e9 et des \u00e9quipements fiables \u00e0 votre service<\/title>\n<meta name=\"description\" content=\"Christeyns propose des solutions d&#039;hygi\u00e8ne pour les industries de l&#039;entretien textile, des aliments, du nettoyage professionnel et des life sciences.\" \/>\n<meta name=\"robots\" content=\"index, follow, max-snippet:-1, max-image-preview:large, max-video-preview:-1\" \/>\n<link rel=\"canonical\" href=\"https:\/\/www.christeyns.com\/ma-fr\/secteurs-dactivites\/\" \/>\n<meta property=\"og:locale\" content=\"fr_FR\" \/>\n<meta property=\"og:type\" content=\"article\" \/>\n<meta property=\"og:title\" content=\"Christeyns | des substances chimiques de premi\u00e8re qualit\u00e9 et des \u00e9quipements fiables \u00e0 votre service\" \/>\n<meta property=\"og:description\" content=\"Christeyns propose des solutions d&#039;hygi\u00e8ne pour les industries de l&#039;entretien textile, des aliments, du nettoyage professionnel et des life sciences.\" \/>\n<meta property=\"og:url\" content=\"https:\/\/www.christeyns.com\/ma-fr\/secteurs-dactivites\/\" \/>\n<meta property=\"og:site_name\" content=\"Christeyns\" \/>\n<meta property=\"article:modified_time\" content=\"2024-04-25T13:11:36+00:00\" \/>\n<meta property=\"og:image\" content=\"https:\/\/www.christeyns.com\/wp-content\/uploads\/2018\/10\/christeyns-logo-shot.jpg\" \/>\n\t<meta property=\"og:image:width\" content=\"842\" \/>\n\t<meta property=\"og:image:height\" content=\"560\" \/>\n\t<meta property=\"og:image:type\" content=\"image\/jpeg\" \/>\n<meta name=\"twitter:card\" content=\"summary_large_image\" \/>\n<meta name=\"twitter:label1\" content=\"Est. reading time\" \/>\n\t<meta name=\"twitter:data1\" content=\"1 minute\" \/>\n<script type=\"application\/ld+json\" class=\"yoast-schema-graph\">{\"@context\":\"https:\/\/schema.org\",\"@graph\":[{\"@type\":\"WebPage\",\"@id\":\"https:\/\/www.christeyns.com\/ma-fr\/secteurs-dactivites\/\",\"url\":\"https:\/\/www.christeyns.com\/ma-fr\/secteurs-dactivites\/\",\"name\":\"Christeyns | des substances chimiques de premi\u00e8re qualit\u00e9 et des \u00e9quipements fiables \u00e0 votre service\",\"isPartOf\":{\"@id\":\"https:\/\/www.christeyns.com\/ma-fr\/#website\"},\"datePublished\":\"2019-12-18T12:03:33+00:00\",\"dateModified\":\"2024-04-25T13:11:36+00:00\",\"description\":\"Christeyns propose des solutions d'hygi\u00e8ne pour les industries de l'entretien textile, des aliments, du nettoyage professionnel et des life sciences.\",\"breadcrumb\":{\"@id\":\"https:\/\/www.christeyns.com\/ma-fr\/secteurs-dactivites\/#breadcrumb\"},\"inLanguage\":\"fr-MA\",\"potentialAction\":[{\"@type\":\"ReadAction\",\"target\":[\"https:\/\/www.christeyns.com\/ma-fr\/secteurs-dactivites\/\"]}]},{\"@type\":\"BreadcrumbList\",\"@id\":\"https:\/\/www.christeyns.com\/ma-fr\/secteurs-dactivites\/#breadcrumb\",\"itemListElement\":[{\"@type\":\"ListItem\",\"position\":1,\"name\":\"Home\",\"item\":\"https:\/\/www.christeyns.com\/ma-fr\/\"},{\"@type\":\"ListItem\",\"position\":2,\"name\":\"Secteurs d&#8217;activit\u00e9s\"}]},{\"@type\":\"WebSite\",\"@id\":\"https:\/\/www.christeyns.com\/ma-fr\/#website\",\"url\":\"https:\/\/www.christeyns.com\/ma-fr\/\",\"name\":\"Christeyns\",\"description\":\"Christeyns - Striving for a cleaner future\",\"publisher\":{\"@id\":\"https:\/\/www.christeyns.com\/ma-fr\/#organization\"},\"inLanguage\":\"fr-MA\"},{\"@type\":\"Organization\",\"@id\":\"https:\/\/www.christeyns.com\/ma-fr\/#organization\",\"name\":\"Christeyns\",\"url\":\"https:\/\/www.christeyns.com\/ma-fr\/\",\"logo\":{\"@type\":\"ImageObject\",\"inLanguage\":\"fr-MA\",\"@id\":\"https:\/\/www.christeyns.com\/ma-fr\/#\/schema\/logo\/image\/\",\"url\":\"https:\/\/www.christeyns.com\/wp-content\/uploads\/2021\/06\/logo.png\",\"contentUrl\":\"https:\/\/www.christeyns.com\/wp-content\/uploads\/2021\/06\/logo.png\",\"width\":262,\"height\":40,\"caption\":\"Christeyns\"},\"image\":{\"@id\":\"https:\/\/www.christeyns.com\/ma-fr\/#\/schema\/logo\/image\/\"},\"sameAs\":[\"https:\/\/www.linkedin.com\/company\/christeyns\",\"https:\/\/www.youtube.com\/c\/christeynshq\"]}]}<\/script>\n<!-- \/ Yoast SEO plugin. -->","yoast_head_json":{"title":"Christeyns | des substances chimiques de premi\u00e8re qualit\u00e9 et des \u00e9quipements fiables \u00e0 votre service","description":"Christeyns propose des solutions d'hygi\u00e8ne pour les industries de l'entretien textile, des aliments, du nettoyage professionnel et des life sciences.","robots":{"index":"index","follow":"follow","max-snippet":"max-snippet:-1","max-image-preview":"max-image-preview:large","max-video-preview":"max-video-preview:-1"},"canonical":"https:\/\/www.christeyns.com\/ma-fr\/secteurs-dactivites\/","og_locale":"fr_FR","og_type":"article","og_title":"Christeyns | des substances chimiques de premi\u00e8re qualit\u00e9 et des \u00e9quipements fiables \u00e0 votre service","og_description":"Christeyns propose des solutions d'hygi\u00e8ne pour les industries de l'entretien textile, des aliments, du nettoyage professionnel et des life sciences.","og_url":"https:\/\/www.christeyns.com\/ma-fr\/secteurs-dactivites\/","og_site_name":"Christeyns","article_modified_time":"2024-04-25T13:11:36+00:00","og_image":[{"width":842,"height":560,"url":"https:\/\/www.christeyns.com\/wp-content\/uploads\/2018\/10\/christeyns-logo-shot.jpg","type":"image\/jpeg"}],"twitter_card":"summary_large_image","twitter_misc":{"Est. reading time":"1 minute"},"schema":{"@context":"https:\/\/schema.org","@graph":[{"@type":"WebPage","@id":"https:\/\/www.christeyns.com\/ma-fr\/secteurs-dactivites\/","url":"https:\/\/www.christeyns.com\/ma-fr\/secteurs-dactivites\/","name":"Christeyns | des substances chimiques de premi\u00e8re qualit\u00e9 et des \u00e9quipements fiables \u00e0 votre service","isPartOf":{"@id":"https:\/\/www.christeyns.com\/ma-fr\/#website"},"datePublished":"2019-12-18T12:03:33+00:00","dateModified":"2024-04-25T13:11:36+00:00","description":"Christeyns propose des solutions d'hygi\u00e8ne pour les industries de l'entretien textile, des aliments, du nettoyage professionnel et des life sciences.","breadcrumb":{"@id":"https:\/\/www.christeyns.com\/ma-fr\/secteurs-dactivites\/#breadcrumb"},"inLanguage":"fr-MA","potentialAction":[{"@type":"ReadAction","target":["https:\/\/www.christeyns.com\/ma-fr\/secteurs-dactivites\/"]}]},{"@type":"BreadcrumbList","@id":"https:\/\/www.christeyns.com\/ma-fr\/secteurs-dactivites\/#breadcrumb","itemListElement":[{"@type":"ListItem","position":1,"name":"Home","item":"https:\/\/www.christeyns.com\/ma-fr\/"},{"@type":"ListItem","position":2,"name":"Secteurs d&#8217;activit\u00e9s"}]},{"@type":"WebSite","@id":"https:\/\/www.christeyns.com\/ma-fr\/#website","url":"https:\/\/www.christeyns.com\/ma-fr\/","name":"Christeyns","description":"Christeyns - Striving for a cleaner future","publisher":{"@id":"https:\/\/www.christeyns.com\/ma-fr\/#organization"},"inLanguage":"fr-MA"},{"@type":"Organization","@id":"https:\/\/www.christeyns.com\/ma-fr\/#organization","name":"Christeyns","url":"https:\/\/www.christeyns.com\/ma-fr\/","logo":{"@type":"ImageObject","inLanguage":"fr-MA","@id":"https:\/\/www.christeyns.com\/ma-fr\/#\/schema\/logo\/image\/","url":"https:\/\/www.christeyns.com\/wp-content\/uploads\/2021\/06\/logo.png","contentUrl":"https:\/\/www.christeyns.com\/wp-content\/uploads\/2021\/06\/logo.png","width":262,"height":40,"caption":"Christeyns"},"image":{"@id":"https:\/\/www.christeyns.com\/ma-fr\/#\/schema\/logo\/image\/"},"sameAs":["https:\/\/www.linkedin.com\/company\/christeyns","https:\/\/www.youtube.com\/c\/christeynshq"]}]}},"_links":{"self":[{"href":"https:\/\/www.christeyns.com\/ma-fr\/wp-json\/wp\/v2\/pages\/109913","targetHints":{"allow":["GET"]}}],"collection":[{"href":"https:\/\/www.christeyns.com\/ma-fr\/wp-json\/wp\/v2\/pages"}],"about":[{"href":"https:\/\/www.christeyns.com\/ma-fr\/wp-json\/wp\/v2\/types\/page"}],"author":[{"embeddable":true,"href":"https:\/\/www.christeyns.com\/ma-fr\/wp-json\/wp\/v2\/users\/1"}],"replies":[{"embeddable":true,"href":"https:\/\/www.christeyns.com\/ma-fr\/wp-json\/wp\/v2\/comments?post=109913"}],"version-history":[{"count":1,"href":"https:\/\/www.christeyns.com\/ma-fr\/wp-json\/wp\/v2\/pages\/109913\/revisions"}],"predecessor-version":[{"id":109917,"href":"https:\/\/www.christeyns.com\/ma-fr\/wp-json\/wp\/v2\/pages\/109913\/revisions\/109917"}],"wp:attachment":[{"href":"https:\/\/www.christeyns.com\/ma-fr\/wp-json\/wp\/v2\/media?parent=109913"}],"curies":[{"name":"wp","href":"https:\/\/api.w.org\/{rel}","templated":true}]}}