{"id":28196,"date":"2021-05-27T13:40:24","date_gmt":"2021-05-27T13:40:24","guid":{"rendered":"https:\/\/www.christeyns.com\/certificates\/"},"modified":"2021-06-02T13:53:10","modified_gmt":"2021-06-02T13:53:10","slug":"certificats","status":"publish","type":"page","link":"https:\/\/www.christeyns.com\/fr-fr\/certificats\/","title":{"rendered":"Certificats"},"content":{"rendered":"<div class=\"wpb-content-wrapper\"><p>[vc_row][vc_column]\n            <div class=\"full-width sm-p-0\">\n                <div class=\"banner  banner__small banner-curve__white mb-6\">\n                    <picture class=\"banner-image\" >\n                        <source srcset=\"https:\/\/www.christeyns.com\/wp-content\/uploads\/2020\/01\/hero-background.jpg\" media=\"(min-width: 1110px)\">\n                        <source srcset=\"https:\/\/www.christeyns.com\/wp-content\/uploads\/2020\/01\/hero-background-1024x299.jpg\" media=\"(min-width: 321px) and (max-width: 1109px)\">\n                        <img decoding=\"async\" class=\"rellax\" src=\"https:\/\/www.christeyns.com\/wp-content\/uploads\/2020\/01\/hero-background-300x88.jpg\" alt=\"background of the image\" \/>\n                    <\/picture>\n\n                    <div class=\"banner-content-wrapper\" >\n                                                    <div class=\"rownomargin\"><div class=\"col-22 offset-1\"><nav class=\"breadcrumb-trail breadcrumb-trail--small\" aria-label=\"Breadcrumb\" ><span><span><a href=\"https:\/\/www.christeyns.com\/fr-fr\/\">Home<\/a><\/span><\/span><\/nav><\/div><\/div>\n                        \n                        <div class=\"banner-content col-24 col-md-16 col-lg-16 col-xl-12 text-center\">\n                                                            <h1 class=\"text-white text-uppercase\">Certificats<\/h1>\n                            \n                            \n                        <\/div>\n                    <\/div>\n                <\/div>\n            <\/div>\n\n        [\/vc_column][\/vc_row][vc_row][vc_column]\n            \n\n            <div class=\"full-width\">\n\n                \n\n\n                                <div class=\"mb-default col-24 col-lg-22 offset-lg-1\" id=\"news-articles-layout-wrapper\" >\n                                    <div class=\"row d-flex flex-lg-row\"  >\n                                        <div class=\"col-24 sm-p-0\" >\n                                            <div class=\"row vc_row\" id=\"product-layout\">\n\n                                                                                                \n                                                                                                                <div class=\"col-24 col-md-8 col-xl-6 products-panel\">\n                                                                <div class=\"products-panel__wrapper\">\n                                                                    <div class=\"products-panel__image\">\n                                                                                                                                                    <img decoding=\"async\" src=\"https:\/\/www.christeyns.com\/wp-content\/uploads\/2024\/09\/medal-ecovadis-2025-150x150.png\" alt=\"M\u00e9daille d&rsquo;argent EcoVadis 2025\">\n                                                                                                                                            <\/div>\n                                                                    <h2 class=\"products-panel__title\">M\u00e9daille d&rsquo;argent EcoVadis 2025<\/h2>\n                                                                    <div class=\"products-panel__excerpt\"><p style=\"text-align: center;\">Nous sommes fiers d&rsquo;annoncer que nous avons \u00e0 nouveau re\u00e7u la m\u00e9daille EcoVadis. En 2025, nous sommes class\u00e9s parmi les 15% d\u2019entreprises les plus performantes de notre march\u00e9.<\/p>\n<p style=\"text-align: center;\">EcoVadis est une plateforme en ligne reposant sur des donn\u00e9es probantes qui permet aux entreprises d&rsquo;\u00e9valuer leurs performances en mati\u00e8re de d\u00e9veloppement durable et celles de leurs fournisseurs.<\/p>\n<\/div>\n                                                                                                                                                                                                                            <div class=\"products-panel__download\" >\n                                                                                <a href=\"https:\/\/www.christeyns.com\/wp-content\/uploads\/2024\/09\/medal-ecovadis-2025.png\" target=\"_blank\" class=\"btn btn-solid-blue mb-2\" >Download Certificate<\/a>\n                                                                            <\/div>\n\n                                                                                                                                    <\/div>\n                                                            <\/div>\n\n                                                                                                                <div class=\"col-24 col-md-8 col-xl-6 products-panel\">\n                                                                <div class=\"products-panel__wrapper\">\n                                                                    <div class=\"products-panel__image\">\n                                                                                                                                                    <img decoding=\"async\" src=\"https:\/\/www.christeyns.com\/wp-content\/uploads\/2023\/05\/WZ210511_Christeyns_14001-150x150.jpg\" alt=\"ISO 14001\">\n                                                                                                                                            <\/div>\n                                                                    <h2 class=\"products-panel__title\">ISO 14001<\/h2>\n                                                                    <div class=\"products-panel__excerpt\"><p>La norme ISO 14001\u202fs\u2019adresse aux entreprises qui souhaitent s\u2019engager dans la responsabilit\u00e9 environnementale. Elle leur permet d\u2019\u00e9valuer leur syst\u00e8me de management environnemental.<\/p>\n<\/div>\n                                                                                                                                                                                                                            <div class=\"products-panel__download\" >\n                                                                                <a href=\"https:\/\/www.christeyns.com\/wp-content\/uploads\/2023\/05\/CHRISTEYNS-France-SAS-Certificat-ISO-14001-FR-2024_2027-V4.pdf\" target=\"_blank\" class=\"btn btn-solid-blue mb-2\" >Download Certificate<\/a>\n                                                                            <\/div>\n\n                                                                                                                                    <\/div>\n                                                            <\/div>\n\n                                                                                                                <div class=\"col-24 col-md-8 col-xl-6 products-panel\">\n                                                                <div class=\"products-panel__wrapper\">\n                                                                    <div class=\"products-panel__image\">\n                                                                                                                                                    <img decoding=\"async\" src=\"https:\/\/www.christeyns.com\/wp-content\/uploads\/2023\/05\/WZ210511_Christeyns_9001-150x150.jpg\" alt=\"ISO 9001\">\n                                                                                                                                            <\/div>\n                                                                    <h2 class=\"products-panel__title\">ISO 9001<\/h2>\n                                                                    <div class=\"products-panel__excerpt\"><p>La norme\u00a0ISO 9001\u00a0est la r\u00e8glementation qui d\u00e9finit la totalit\u00e9 des exigences \u00e0 respecter pour avoir un processus de management de qualit\u00e9.<\/p>\n<\/div>\n                                                                                                                                                                                                                            <div class=\"products-panel__download\" >\n                                                                                <a href=\"https:\/\/www.christeyns.com\/wp-content\/uploads\/2023\/05\/CHRISTEYNS-France-SAS-Certificat-ISO-9001-FR-2024_2027-V4.pdf\" target=\"_blank\" class=\"btn btn-solid-blue mb-2\" >Download Certificate<\/a>\n                                                                            <\/div>\n\n                                                                                                                                    <\/div>\n                                                            <\/div>\n\n                                                                                                                <div class=\"col-24 col-md-8 col-xl-6 products-panel\">\n                                                                <div class=\"products-panel__wrapper\">\n                                                                    <div class=\"products-panel__image\">\n                                                                                                                                                    <img decoding=\"async\" src=\"https:\/\/www.christeyns.com\/wp-content\/uploads\/2023\/05\/WZ210511_Christeyns_45001-150x150.jpg\" alt=\"ISO 45001\">\n                                                                                                                                            <\/div>\n                                                                    <h2 class=\"products-panel__title\">ISO 45001<\/h2>\n                                                                    <div class=\"products-panel__excerpt\"><p>La norme ISO 45001 est une norme internationale sur la sant\u00e9 et la s\u00e9curit\u00e9 au travail (SST), qui d\u00e9finit les exigences \u00e0 respecter pour mettre en place un syst\u00e8me de management efficace afin d&rsquo;am\u00e9liorer la s\u00e9curit\u00e9 de leurs employ\u00e9s, de r\u00e9duire les risques sur le lieu de travail et de cr\u00e9er des conditions de travail meilleures et plus s\u00fbres.<\/p>\n<\/div>\n                                                                                                                                                                                                                            <div class=\"products-panel__download\" >\n                                                                                <a href=\"https:\/\/www.christeyns.com\/wp-content\/uploads\/2023\/05\/CHRISTEYNS-France-SAS-Certificat-ISO-45001-FR-2024_2027-V4.pdf\" target=\"_blank\" class=\"btn btn-solid-blue mb-2\" >Download Certificate<\/a>\n                                                                            <\/div>\n\n                                                                                                                                    <\/div>\n                                                            <\/div>\n\n                                                                                                            <nav class=\"pagination-wrapper mt-4 col-24\" >\n                                                                                                                    <\/nav>\n                                                    \n                                            <\/div>\n                                        <\/div>\n                                    <\/div>\n                                <\/div>\n\n                            \n\n            <\/div>\n\n        [\/vc_column][\/vc_row]<\/p>\n<\/div>","protected":false},"excerpt":{"rendered":"<p>[vc_row][vc_column][\/vc_column][\/vc_row][vc_row][vc_column][\/vc_column][\/vc_row]<\/p>\n","protected":false},"author":1,"featured_media":0,"parent":0,"menu_order":128,"comment_status":"closed","ping_status":"closed","template":"","meta":{"_acf_changed":false,"content-type":"","footnotes":""},"class_list":["post-28196","page","type-page","status-publish","hentry"],"acf":[],"yoast_head":"<!-- This site is optimized with the Yoast SEO plugin v26.9 - https:\/\/yoast.com\/product\/yoast-seo-wordpress\/ -->\n<title>Certificats | Christeyns<\/title>\n<meta name=\"robots\" content=\"index, follow, max-snippet:-1, max-image-preview:large, max-video-preview:-1\" \/>\n<link rel=\"canonical\" href=\"https:\/\/www.christeyns.com\/fr-fr\/certificats\/\" \/>\n<meta property=\"og:locale\" content=\"fr_FR\" \/>\n<meta property=\"og:type\" content=\"article\" \/>\n<meta property=\"og:title\" content=\"Certificats | Christeyns\" \/>\n<meta property=\"og:description\" content=\"[vc_row][vc_column][\/vc_column][\/vc_row][vc_row][vc_column][\/vc_column][\/vc_row]\" \/>\n<meta property=\"og:url\" content=\"https:\/\/www.christeyns.com\/fr-fr\/certificats\/\" \/>\n<meta property=\"og:site_name\" content=\"Christeyns\" \/>\n<meta property=\"article:modified_time\" content=\"2021-06-02T13:53:10+00:00\" \/>\n<meta property=\"og:image\" content=\"https:\/\/www.christeyns.com\/wp-content\/uploads\/2018\/10\/christeyns-logo-shot.jpg\" \/>\n\t<meta property=\"og:image:width\" content=\"842\" \/>\n\t<meta property=\"og:image:height\" content=\"560\" \/>\n\t<meta property=\"og:image:type\" content=\"image\/jpeg\" \/>\n<meta name=\"twitter:card\" content=\"summary_large_image\" \/>\n<meta name=\"twitter:label1\" content=\"Dur\u00e9e de lecture estim\u00e9e\" \/>\n\t<meta name=\"twitter:data1\" content=\"1 minute\" \/>\n<script type=\"application\/ld+json\" class=\"yoast-schema-graph\">{\"@context\":\"https:\/\/schema.org\",\"@graph\":[{\"@type\":\"WebPage\",\"@id\":\"https:\/\/www.christeyns.com\/fr-fr\/certificats\/\",\"url\":\"https:\/\/www.christeyns.com\/fr-fr\/certificats\/\",\"name\":\"Certificats | Christeyns\",\"isPartOf\":{\"@id\":\"https:\/\/www.christeyns.com\/fr-fr\/#website\"},\"datePublished\":\"2021-05-27T13:40:24+00:00\",\"dateModified\":\"2021-06-02T13:53:10+00:00\",\"breadcrumb\":{\"@id\":\"https:\/\/www.christeyns.com\/fr-fr\/certificats\/#breadcrumb\"},\"inLanguage\":\"fr-FR\",\"potentialAction\":[{\"@type\":\"ReadAction\",\"target\":[\"https:\/\/www.christeyns.com\/fr-fr\/certificats\/\"]}]},{\"@type\":\"BreadcrumbList\",\"@id\":\"https:\/\/www.christeyns.com\/fr-fr\/certificats\/#breadcrumb\",\"itemListElement\":[{\"@type\":\"ListItem\",\"position\":1,\"name\":\"Home\",\"item\":\"https:\/\/www.christeyns.com\/fr-fr\/\"},{\"@type\":\"ListItem\",\"position\":2,\"name\":\"Certificats\"}]},{\"@type\":\"WebSite\",\"@id\":\"https:\/\/www.christeyns.com\/fr-fr\/#website\",\"url\":\"https:\/\/www.christeyns.com\/fr-fr\/\",\"name\":\"Christeyns\",\"description\":\"Christeyns - Striving for a cleaner future\",\"publisher\":{\"@id\":\"https:\/\/www.christeyns.com\/fr-fr\/#organization\"},\"inLanguage\":\"fr-FR\"},{\"@type\":\"Organization\",\"@id\":\"https:\/\/www.christeyns.com\/fr-fr\/#organization\",\"name\":\"Christeyns\",\"url\":\"https:\/\/www.christeyns.com\/fr-fr\/\",\"logo\":{\"@type\":\"ImageObject\",\"inLanguage\":\"fr-FR\",\"@id\":\"https:\/\/www.christeyns.com\/fr-fr\/#\/schema\/logo\/image\/\",\"url\":\"https:\/\/www.christeyns.com\/wp-content\/uploads\/2021\/06\/logo.png\",\"contentUrl\":\"https:\/\/www.christeyns.com\/wp-content\/uploads\/2021\/06\/logo.png\",\"width\":262,\"height\":40,\"caption\":\"Christeyns\"},\"image\":{\"@id\":\"https:\/\/www.christeyns.com\/fr-fr\/#\/schema\/logo\/image\/\"},\"sameAs\":[\"https:\/\/www.linkedin.com\/company\/christeyns\",\"https:\/\/www.youtube.com\/c\/christeynshq\"]}]}<\/script>\n<!-- \/ Yoast SEO plugin. -->","yoast_head_json":{"title":"Certificats | Christeyns","robots":{"index":"index","follow":"follow","max-snippet":"max-snippet:-1","max-image-preview":"max-image-preview:large","max-video-preview":"max-video-preview:-1"},"canonical":"https:\/\/www.christeyns.com\/fr-fr\/certificats\/","og_locale":"fr_FR","og_type":"article","og_title":"Certificats | Christeyns","og_description":"[vc_row][vc_column][\/vc_column][\/vc_row][vc_row][vc_column][\/vc_column][\/vc_row]","og_url":"https:\/\/www.christeyns.com\/fr-fr\/certificats\/","og_site_name":"Christeyns","article_modified_time":"2021-06-02T13:53:10+00:00","og_image":[{"width":842,"height":560,"url":"https:\/\/www.christeyns.com\/wp-content\/uploads\/2018\/10\/christeyns-logo-shot.jpg","type":"image\/jpeg"}],"twitter_card":"summary_large_image","twitter_misc":{"Dur\u00e9e de lecture estim\u00e9e":"1 minute"},"schema":{"@context":"https:\/\/schema.org","@graph":[{"@type":"WebPage","@id":"https:\/\/www.christeyns.com\/fr-fr\/certificats\/","url":"https:\/\/www.christeyns.com\/fr-fr\/certificats\/","name":"Certificats | Christeyns","isPartOf":{"@id":"https:\/\/www.christeyns.com\/fr-fr\/#website"},"datePublished":"2021-05-27T13:40:24+00:00","dateModified":"2021-06-02T13:53:10+00:00","breadcrumb":{"@id":"https:\/\/www.christeyns.com\/fr-fr\/certificats\/#breadcrumb"},"inLanguage":"fr-FR","potentialAction":[{"@type":"ReadAction","target":["https:\/\/www.christeyns.com\/fr-fr\/certificats\/"]}]},{"@type":"BreadcrumbList","@id":"https:\/\/www.christeyns.com\/fr-fr\/certificats\/#breadcrumb","itemListElement":[{"@type":"ListItem","position":1,"name":"Home","item":"https:\/\/www.christeyns.com\/fr-fr\/"},{"@type":"ListItem","position":2,"name":"Certificats"}]},{"@type":"WebSite","@id":"https:\/\/www.christeyns.com\/fr-fr\/#website","url":"https:\/\/www.christeyns.com\/fr-fr\/","name":"Christeyns","description":"Christeyns - Striving for a cleaner future","publisher":{"@id":"https:\/\/www.christeyns.com\/fr-fr\/#organization"},"inLanguage":"fr-FR"},{"@type":"Organization","@id":"https:\/\/www.christeyns.com\/fr-fr\/#organization","name":"Christeyns","url":"https:\/\/www.christeyns.com\/fr-fr\/","logo":{"@type":"ImageObject","inLanguage":"fr-FR","@id":"https:\/\/www.christeyns.com\/fr-fr\/#\/schema\/logo\/image\/","url":"https:\/\/www.christeyns.com\/wp-content\/uploads\/2021\/06\/logo.png","contentUrl":"https:\/\/www.christeyns.com\/wp-content\/uploads\/2021\/06\/logo.png","width":262,"height":40,"caption":"Christeyns"},"image":{"@id":"https:\/\/www.christeyns.com\/fr-fr\/#\/schema\/logo\/image\/"},"sameAs":["https:\/\/www.linkedin.com\/company\/christeyns","https:\/\/www.youtube.com\/c\/christeynshq"]}]}},"_links":{"self":[{"href":"https:\/\/www.christeyns.com\/fr-fr\/wp-json\/wp\/v2\/pages\/28196","targetHints":{"allow":["GET"]}}],"collection":[{"href":"https:\/\/www.christeyns.com\/fr-fr\/wp-json\/wp\/v2\/pages"}],"about":[{"href":"https:\/\/www.christeyns.com\/fr-fr\/wp-json\/wp\/v2\/types\/page"}],"author":[{"embeddable":true,"href":"https:\/\/www.christeyns.com\/fr-fr\/wp-json\/wp\/v2\/users\/1"}],"replies":[{"embeddable":true,"href":"https:\/\/www.christeyns.com\/fr-fr\/wp-json\/wp\/v2\/comments?post=28196"}],"version-history":[{"count":2,"href":"https:\/\/www.christeyns.com\/fr-fr\/wp-json\/wp\/v2\/pages\/28196\/revisions"}],"predecessor-version":[{"id":28215,"href":"https:\/\/www.christeyns.com\/fr-fr\/wp-json\/wp\/v2\/pages\/28196\/revisions\/28215"}],"wp:attachment":[{"href":"https:\/\/www.christeyns.com\/fr-fr\/wp-json\/wp\/v2\/media?parent=28196"}],"curies":[{"name":"wp","href":"https:\/\/api.w.org\/{rel}","templated":true}]}}