{"id":53455,"date":"2022-06-15T11:24:56","date_gmt":"2022-06-15T11:24:56","guid":{"rendered":"https:\/\/www.christeyns.com\/industries\/terveydenhoito-ja-biotieteet\/"},"modified":"2023-07-13T10:55:44","modified_gmt":"2023-07-13T10:55:44","slug":"terveydenhoito-ja-biotieteet","status":"publish","type":"page","link":"https:\/\/www.christeyns.com\/fi-fi\/toimialat\/terveydenhoito-ja-biotieteet\/","title":{"rendered":"Terveydenhoito ja biotieteet"},"content":{"rendered":"<div class=\"wpb-content-wrapper\"><p>[vc_row full_width=&#8221;stretch_row_content_no_spaces&#8221;][vc_column]\n            <div class=\"full-width sm-p-0 banner-content__image mb-6\">\n                <div class=\"banner banner__image banner-curve__white \">\n\n                    <div class=\"banner__image-wrapper\" >\n                        <picture class=\"banner-image\" >\n                            <source srcset=\"https:\/\/www.christeyns.com\/wp-content\/uploads\/2020\/05\/christeyns-academy-purple.jpg\" media=\"(min-width: 1110px)\">\n                            <source srcset=\"https:\/\/www.christeyns.com\/wp-content\/uploads\/2020\/05\/christeyns-academy-purple-1024x187.jpg\" media=\"(min-width: 321px) and (max-width: 1109px)\">\n                            <img decoding=\"async\" class=\"rellax\" src=\"https:\/\/www.christeyns.com\/wp-content\/uploads\/2020\/05\/christeyns-academy-purple-300x55.jpg\" alt=\"christeyns-academy-purple\" \/>\n                        <\/picture>\n                    <\/div>\n\n                    <div class=\"banner-content-wrapper d-flex flex-column\" >\n\n                                                    <div class=\"rownomargin mb-3 mb-xl-0\"><div class=\"col-22 offset-1\"><nav class=\"breadcrumb-trail breadcrumb-trail--small\" aria-label=\"Breadcrumb\" ><span><span><a href=\"https:\/\/www.christeyns.com\/fi-fi\/\">Home<\/a><\/span><\/span><\/nav><\/div><\/div>\n                        \n\n                        <div class=\"banner-content banner-content__small  col-24 col-md-16 col-lg-16 col-xl-14 text-center pt-0\">\n                            <h1 class=\"text-white text-uppercase\">Terveydenhoito ja biotieteet<\/h1>                        <\/div>\n                    <\/div>\n\n                    <div class=\"circle_cta-wrapper\">\n                        <div class=\"circle_cta background-purple d-flex justify-content-center align-items-center\" >\n                            <img decoding=\"async\" src=\"https:\/\/www.christeyns.com\/wp-content\/uploads\/2020\/01\/icon-life-science.png\" alt=\"icon - Medical Care & Life Sciences\"  class=\"img-fluid\"  loading=\"lazy\" >                        <\/div>\n                    <\/div>\n\n                <\/div>\n            <\/div>\n\n        [\/vc_column][\/vc_row][vc_row full_width=&#8221;stretch_row_content_no_spaces&#8221;][vc_column]\n        <div class=\"content-block full-width  background-white\" >\n            <div class=\"rownomargin\">\n                <div class=\"col-24 col-lg-14 offset-lg-5 col-xl-10 offset-xl-7 text-center mb-6 sm-p-0 text-wrap-balance\">\n                    \n                                        <div class=\"text-center  content-block\" ><p>Globaalit hygieniaratkaisut l\u00e4\u00e4ketieteen, l\u00e4\u00e4keteollisuuden, kosmetiikan ja perustutkimuksen aloille.<\/p>\n<\/div>\n\n                    \n                    \n\n                <\/div>\n            <\/div>\n        <\/div>\n\n        [\/vc_column][\/vc_row][vc_row full_width=&#8221;stretch_row_content_no_spaces&#8221;][vc_column]            <div class=\"full-width\">\n                <div class=\"four-block mb-default\">\n                    <div class=\"rownomargin justify-content-center\">\n\n                        \n                            <div class=\"col-24 col-md-12 text-center four-block-col\" >\n                                <div class=\"four-block-background\" ><img decoding=\"async\" src=\"https:\/\/www.christeyns.com\/wp-content\/uploads\/2020\/12\/christeyns-medical-care-1024x446.jpg\" alt=\"Medical Care\" loading=\"lazy\" ><\/div>\n                                <div class=\"four-block-content \">\n                                    <div class=\"four-block-body \">\n                                                                                <h2 class=\"four-block-title text-white bold text-uppercase\">TERVEYDENHUOLTO<\/h2>\n                                        <div class=\"four-block-introduction\">Terveydenhuoltoon liittyvien infektioiden ehk\u00e4isy ja torjunta l\u00e4\u00e4ketieteen alalla.<\/div>\n                                                                                    <div><a href=\"\/fi-fi\/toimialat\/terveydenhoito-ja-biotieteet\/terveydenhuolto\/\" class=\"four-block-url btn btn-outline-white\" >TERVEYDENHUOLTO<\/a><\/div>\n                                                                            <\/div>\n                                <\/div>\n                            <\/div>\n\n                        \n                            <div class=\"col-24 col-md-12 text-center four-block-col\" >\n                                <div class=\"four-block-background\" ><img decoding=\"async\" src=\"https:\/\/www.christeyns.com\/wp-content\/uploads\/2020\/10\/life-sciences-1024x446.jpg\" alt=\"life sciences\" loading=\"lazy\" ><\/div>\n                                <div class=\"four-block-content \">\n                                    <div class=\"four-block-body \">\n                                                                                <h2 class=\"four-block-title text-white bold text-uppercase\">BIOTIETEET<\/h2>\n                                        <div class=\"four-block-introduction\">Hygieniaratkaisut steriileihin ja ei-steriileihin ymp\u00e4rist\u00f6ihin l\u00e4\u00e4ke-, kosmetiikka- ja perustutkimuksessa.<\/div>\n                                                                                    <div><a href=\"\/fi-fi\/toimialat\/terveydenhoito-ja-biotieteet\/biotieteet\/\" class=\"four-block-url btn btn-outline-white\" >BIOTIETEET<\/a><\/div>\n                                                                            <\/div>\n                                <\/div>\n                            <\/div>\n\n                        \n                    <\/div>\n                <\/div>\n            <\/div>\n\n        [\/vc_column][\/vc_row][vc_row full_width=&#8221;stretch_row_content_no_spaces&#8221;][vc_column]            <div class=\"full-width   mb-6 \" >\n                \n            <div class=\"rownomargin\" >\n                <div class=\"col-24 col-md-22 offset-md-1 sm-py-0\" >\n                    <div class=\"rownomargin align-items-center news-header\">\n                        <div class=\"sm-p-0 col-md-18 news-title-wrapper \">\n                            <h3 class=\"text-blue text-uppercase sub-title\">TERVEYDENHUOLLON JA BIOTIETEEN ARTIKKELIT<\/h3>\n                        <\/div>\n\n                                                    <div class=\"csm-p-0 ol-md-6 text-right \">\n                                <span class=\"link__view-all\"><a href=\"https:\/\/www.christeyns.com\/fi-fi\/uutiset\/\" class=\"text-blue\" >N\u00e4yt\u00e4 kaikki artikkelit<\/a><\/span>\n                            <\/div>\n                                            <\/div>\n\n                    <div class=\"rownomargin mb-0 news-block news-block__blue\">\n                                                    <div class=\"col-lg-6 col-md-12 sm-p-0\">\n                                <article class=\"card\">\n                                    <a href=\"https:\/\/www.christeyns.com\/fi-fi\/article\/biofilmien-verkkoseminaari-on-taynna-katso-tallenne\/\" aria-label=\"Read more about Biofilmien verkkoseminaari on t\u00e4ynn\u00e4, katso tallenne\" class=\"card-link-image\" >\n                                                                                    <img decoding=\"async\" src=\"https:\/\/www.christeyns.com\/wp-content\/uploads\/2026\/02\/biofilm_shutterstock_369173630.jpg\" class=\"card-img-top\" alt=\"\" loading=\"lazy\">\n                                                                            <\/a>\n                                    <div class=\"card-body\">\n                                        <h4 class=\"card-title\"><a href=\"https:\/\/www.christeyns.com\/fi-fi\/article\/biofilmien-verkkoseminaari-on-taynna-katso-tallenne\/\" >Biofilmien verkkoseminaari on t\u00e4ynn\u00e4, katso tallenne<\/a><\/h4>\n                                        <p class=\"card-text mb-3\">Olimme eritt\u00e4in tyytyv\u00e4isi\u00e4 osallistujam\u00e4\u00e4r\u00e4\u00e4n \u00e4skett\u00e4in j\u00e4rjestetyss\u00e4 kansainv\u00e4lisess\u00e4 webinaarissamme \u201dEssential Hygiene: Managing &amp; Controlling Biofilms in the Food Industry\u201d (Perushygienia: biofilmin&hellip;<\/p>\n                                        <div class=\"mt-auto\" >\n                                            <a href=\"https:\/\/www.christeyns.com\/fi-fi\/article\/biofilmien-verkkoseminaari-on-taynna-katso-tallenne\/\" class=\"btn btn-outline-blue\" aria-label=\"Read more about Biofilmien verkkoseminaari on t\u00e4ynn\u00e4, katso tallenne\" >Lue lis\u00e4\u00e4<\/a>\n                                        <\/div>\n                                    <\/div>\n                                <\/article>\n                            <\/div>\n                                                    <div class=\"col-lg-6 col-md-12 sm-p-0\">\n                                <article class=\"card\">\n                                    <a href=\"https:\/\/www.christeyns.com\/fi-fi\/article\/managing-and-controlling-biofilms-in-the-food-industry-webinar\/\" aria-label=\"Read more about Biofilmien hallinta ja torjunta elintarviketeollisuudessa: Webinaari\" class=\"card-link-image\" >\n                                                                                    <img decoding=\"async\" src=\"https:\/\/www.christeyns.com\/wp-content\/uploads\/2026\/02\/biofilm_shutterstock_369173630.jpg\" class=\"card-img-top\" alt=\"\" loading=\"lazy\">\n                                                                            <\/a>\n                                    <div class=\"card-body\">\n                                        <h4 class=\"card-title\"><a href=\"https:\/\/www.christeyns.com\/fi-fi\/article\/managing-and-controlling-biofilms-in-the-food-industry-webinar\/\" >Biofilmien hallinta ja torjunta elintarviketeollisuudessa: Webinaari<\/a><\/h4>\n                                        <p class=\"card-text mb-3\">Webinaarin p\u00e4iv\u00e4m\u00e4\u00e4r\u00e4: torstai 26. helmikuuta Aika: 10:00\u201311:30 (CET) &nbsp; Biofilmit ovat yksi elintarviketeollisuuden ymp\u00e4rist\u00f6jen pysyvimmist\u00e4 riskeist\u00e4. Mutta miten ne muodostuvat,&hellip;<\/p>\n                                        <div class=\"mt-auto\" >\n                                            <a href=\"https:\/\/www.christeyns.com\/fi-fi\/article\/managing-and-controlling-biofilms-in-the-food-industry-webinar\/\" class=\"btn btn-outline-blue\" aria-label=\"Read more about Biofilmien hallinta ja torjunta elintarviketeollisuudessa: Webinaari\" >Lue lis\u00e4\u00e4<\/a>\n                                        <\/div>\n                                    <\/div>\n                                <\/article>\n                            <\/div>\n                                                    <div class=\"col-lg-6 col-md-12 sm-p-0\">\n                                <article class=\"card\">\n                                    <a href=\"https:\/\/www.christeyns.com\/fi-fi\/article\/loopix-listeria-edistynyt-havaitseminen-elintarviketurvallisuus\/\" aria-label=\"Read more about Elintarviketurvallisuuden vaatimusten kiristyminen: Norjan kalateollisuuden edistysaskeleet\" class=\"card-link-image\" >\n                                                                                    <img decoding=\"async\" src=\"https:\/\/www.christeyns.com\/wp-content\/uploads\/2025\/12\/fishing-industry-1024x770.jpeg\" class=\"card-img-top\" alt=\"\" loading=\"lazy\">\n                                                                            <\/a>\n                                    <div class=\"card-body\">\n                                        <h4 class=\"card-title\"><a href=\"https:\/\/www.christeyns.com\/fi-fi\/article\/loopix-listeria-edistynyt-havaitseminen-elintarviketurvallisuus\/\" >Elintarviketurvallisuuden vaatimusten kiristyminen: Norjan kalateollisuuden edistysaskeleet<\/a><\/h4>\n                                        <p class=\"card-text mb-3\">Kysynt\u00e4 tuoreille, valmiiksi valmistetuille aterioille, joihin ei ole lis\u00e4tty suolaa, sokeria tai keinotekoisia s\u00e4il\u00f6nt\u00e4aineita, jatkaa kasvuaan, mik\u00e4 lis\u00e4\u00e4 Listeria monocytogenes&hellip;<\/p>\n                                        <div class=\"mt-auto\" >\n                                            <a href=\"https:\/\/www.christeyns.com\/fi-fi\/article\/loopix-listeria-edistynyt-havaitseminen-elintarviketurvallisuus\/\" class=\"btn btn-outline-blue\" aria-label=\"Read more about Elintarviketurvallisuuden vaatimusten kiristyminen: Norjan kalateollisuuden edistysaskeleet\" >Lue lis\u00e4\u00e4<\/a>\n                                        <\/div>\n                                    <\/div>\n                                <\/article>\n                            <\/div>\n                                                    <div class=\"col-lg-6 col-md-12 sm-p-0\">\n                                <article class=\"card\">\n                                    <a href=\"https:\/\/www.christeyns.com\/fi-fi\/article\/christeyns-2024-csr-report\/\" aria-label=\"Read more about Our 2024 CSR report has just been released\" class=\"card-link-image\" >\n                                                                                    <img decoding=\"async\" src=\"https:\/\/www.christeyns.com\/wp-content\/uploads\/2025\/06\/CSR_Report_600x400px_2025_EN.jpg\" class=\"card-img-top\" alt=\"\" loading=\"lazy\">\n                                                                            <\/a>\n                                    <div class=\"card-body\">\n                                        <h4 class=\"card-title\"><a href=\"https:\/\/www.christeyns.com\/fi-fi\/article\/christeyns-2024-csr-report\/\" >Our 2024 CSR report has just been released<\/a><\/h4>\n                                        <p class=\"card-text mb-3\">We are happy to announce the publication of our 2024 CSR Report! Although it is not our first report, we&hellip;<\/p>\n                                        <div class=\"mt-auto\" >\n                                            <a href=\"https:\/\/www.christeyns.com\/fi-fi\/article\/christeyns-2024-csr-report\/\" class=\"btn btn-outline-blue\" aria-label=\"Read more about Our 2024 CSR report has just been released\" >Lue lis\u00e4\u00e4<\/a>\n                                        <\/div>\n                                    <\/div>\n                                <\/article>\n                            <\/div>\n                                            <\/div>\n                <\/div>\n            <\/div>\n\n                    <\/div>\n\n        \n        <div class=\"full-width\">\n            <div class=\"rownomargin mb-default\">\n                <div class=\"col-24 col-sm-20 offset-sm-2 col-lg-16 offset-lg-4 sm-p-0\">\n                    <div class=\"gradient-text font-default text-center\">Feel safe with us<\/div>\n                <\/div>\n            <\/div>\n        <\/div>\n\n        [\/vc_column][\/vc_row]<\/p>\n<\/div>","protected":false},"excerpt":{"rendered":"<p>[vc_row full_width=&#8221;stretch_row_content_no_spaces&#8221;][vc_column][\/vc_column][\/vc_row][vc_row full_width=&#8221;stretch_row_content_no_spaces&#8221;][vc_column][\/vc_column][\/vc_row][vc_row full_width=&#8221;stretch_row_content_no_spaces&#8221;][vc_column][\/vc_column][\/vc_row][vc_row full_width=&#8221;stretch_row_content_no_spaces&#8221;][vc_column][\/vc_column][\/vc_row]<\/p>\n","protected":false},"author":1,"featured_media":0,"parent":53163,"menu_order":575,"comment_status":"closed","ping_status":"closed","template":"","meta":{"_acf_changed":false,"content-type":"","footnotes":""},"class_list":["post-53455","page","type-page","status-publish","hentry"],"acf":[],"yoast_head":"<!-- This site is optimized with the Yoast SEO plugin v26.9 - https:\/\/yoast.com\/product\/yoast-seo-wordpress\/ -->\n<title>Kun hygienia on etusijalla, Christeyns on paikalla<\/title>\n<meta name=\"description\" content=\"Globaalit hygieniaratkaisut l\u00e4\u00e4ketieteen, l\u00e4\u00e4keteollisuuden, kosmetiikan ja perustutkimuksen aloille\" \/>\n<meta name=\"robots\" content=\"index, follow, max-snippet:-1, max-image-preview:large, max-video-preview:-1\" \/>\n<link rel=\"canonical\" href=\"https:\/\/www.christeyns.com\/fi-fi\/toimialat\/terveydenhoito-ja-biotieteet\/\" \/>\n<meta property=\"og:locale\" content=\"fi_FI\" \/>\n<meta property=\"og:type\" content=\"article\" \/>\n<meta property=\"og:title\" content=\"Kun hygienia on etusijalla, Christeyns on paikalla\" \/>\n<meta property=\"og:description\" content=\"Globaalit hygieniaratkaisut l\u00e4\u00e4ketieteen, l\u00e4\u00e4keteollisuuden, kosmetiikan ja perustutkimuksen aloille\" \/>\n<meta property=\"og:url\" content=\"https:\/\/www.christeyns.com\/fi-fi\/toimialat\/terveydenhoito-ja-biotieteet\/\" \/>\n<meta property=\"og:site_name\" content=\"Christeyns\" \/>\n<meta property=\"article:modified_time\" content=\"2023-07-13T10:55:44+00:00\" \/>\n<meta property=\"og:image\" content=\"https:\/\/www.christeyns.com\/wp-content\/uploads\/2018\/10\/christeyns-logo-shot.jpg\" \/>\n\t<meta property=\"og:image:width\" content=\"842\" \/>\n\t<meta property=\"og:image:height\" content=\"560\" \/>\n\t<meta property=\"og:image:type\" content=\"image\/jpeg\" \/>\n<meta name=\"twitter:card\" content=\"summary_large_image\" \/>\n<meta name=\"twitter:label1\" content=\"Arvioitu lukuaika\" \/>\n\t<meta name=\"twitter:data1\" content=\"1 minuutti\" \/>\n<script type=\"application\/ld+json\" class=\"yoast-schema-graph\">{\"@context\":\"https:\/\/schema.org\",\"@graph\":[{\"@type\":\"WebPage\",\"@id\":\"https:\/\/www.christeyns.com\/fi-fi\/toimialat\/terveydenhoito-ja-biotieteet\/\",\"url\":\"https:\/\/www.christeyns.com\/fi-fi\/toimialat\/terveydenhoito-ja-biotieteet\/\",\"name\":\"Kun hygienia on etusijalla, Christeyns on paikalla\",\"isPartOf\":{\"@id\":\"https:\/\/www.christeyns.com\/fi-fi\/#website\"},\"datePublished\":\"2022-06-15T11:24:56+00:00\",\"dateModified\":\"2023-07-13T10:55:44+00:00\",\"description\":\"Globaalit hygieniaratkaisut l\u00e4\u00e4ketieteen, l\u00e4\u00e4keteollisuuden, kosmetiikan ja perustutkimuksen aloille\",\"breadcrumb\":{\"@id\":\"https:\/\/www.christeyns.com\/fi-fi\/toimialat\/terveydenhoito-ja-biotieteet\/#breadcrumb\"},\"inLanguage\":\"fi\",\"potentialAction\":[{\"@type\":\"ReadAction\",\"target\":[\"https:\/\/www.christeyns.com\/fi-fi\/toimialat\/terveydenhoito-ja-biotieteet\/\"]}]},{\"@type\":\"BreadcrumbList\",\"@id\":\"https:\/\/www.christeyns.com\/fi-fi\/toimialat\/terveydenhoito-ja-biotieteet\/#breadcrumb\",\"itemListElement\":[{\"@type\":\"ListItem\",\"position\":1,\"name\":\"Home\",\"item\":\"https:\/\/www.christeyns.com\/fi-fi\/\"},{\"@type\":\"ListItem\",\"position\":2,\"name\":\"Toimialat\",\"item\":\"https:\/\/www.christeyns.com\/fi-fi\/toimialat\/\"},{\"@type\":\"ListItem\",\"position\":3,\"name\":\"Terveydenhoito ja biotieteet\"}]},{\"@type\":\"WebSite\",\"@id\":\"https:\/\/www.christeyns.com\/fi-fi\/#website\",\"url\":\"https:\/\/www.christeyns.com\/fi-fi\/\",\"name\":\"Christeyns\",\"description\":\"Christeyns - Striving for a cleaner future\",\"publisher\":{\"@id\":\"https:\/\/www.christeyns.com\/fi-fi\/#organization\"},\"inLanguage\":\"fi\"},{\"@type\":\"Organization\",\"@id\":\"https:\/\/www.christeyns.com\/fi-fi\/#organization\",\"name\":\"Christeyns\",\"url\":\"https:\/\/www.christeyns.com\/fi-fi\/\",\"logo\":{\"@type\":\"ImageObject\",\"inLanguage\":\"fi\",\"@id\":\"https:\/\/www.christeyns.com\/fi-fi\/#\/schema\/logo\/image\/\",\"url\":\"https:\/\/www.christeyns.com\/wp-content\/uploads\/2021\/06\/logo.png\",\"contentUrl\":\"https:\/\/www.christeyns.com\/wp-content\/uploads\/2021\/06\/logo.png\",\"width\":262,\"height\":40,\"caption\":\"Christeyns\"},\"image\":{\"@id\":\"https:\/\/www.christeyns.com\/fi-fi\/#\/schema\/logo\/image\/\"},\"sameAs\":[\"https:\/\/www.linkedin.com\/company\/christeyns\",\"https:\/\/www.youtube.com\/c\/christeynshq\"]}]}<\/script>\n<!-- \/ Yoast SEO plugin. -->","yoast_head_json":{"title":"Kun hygienia on etusijalla, Christeyns on paikalla","description":"Globaalit hygieniaratkaisut l\u00e4\u00e4ketieteen, l\u00e4\u00e4keteollisuuden, kosmetiikan ja perustutkimuksen aloille","robots":{"index":"index","follow":"follow","max-snippet":"max-snippet:-1","max-image-preview":"max-image-preview:large","max-video-preview":"max-video-preview:-1"},"canonical":"https:\/\/www.christeyns.com\/fi-fi\/toimialat\/terveydenhoito-ja-biotieteet\/","og_locale":"fi_FI","og_type":"article","og_title":"Kun hygienia on etusijalla, Christeyns on paikalla","og_description":"Globaalit hygieniaratkaisut l\u00e4\u00e4ketieteen, l\u00e4\u00e4keteollisuuden, kosmetiikan ja perustutkimuksen aloille","og_url":"https:\/\/www.christeyns.com\/fi-fi\/toimialat\/terveydenhoito-ja-biotieteet\/","og_site_name":"Christeyns","article_modified_time":"2023-07-13T10:55:44+00:00","og_image":[{"width":842,"height":560,"url":"https:\/\/www.christeyns.com\/wp-content\/uploads\/2018\/10\/christeyns-logo-shot.jpg","type":"image\/jpeg"}],"twitter_card":"summary_large_image","twitter_misc":{"Arvioitu lukuaika":"1 minuutti"},"schema":{"@context":"https:\/\/schema.org","@graph":[{"@type":"WebPage","@id":"https:\/\/www.christeyns.com\/fi-fi\/toimialat\/terveydenhoito-ja-biotieteet\/","url":"https:\/\/www.christeyns.com\/fi-fi\/toimialat\/terveydenhoito-ja-biotieteet\/","name":"Kun hygienia on etusijalla, Christeyns on paikalla","isPartOf":{"@id":"https:\/\/www.christeyns.com\/fi-fi\/#website"},"datePublished":"2022-06-15T11:24:56+00:00","dateModified":"2023-07-13T10:55:44+00:00","description":"Globaalit hygieniaratkaisut l\u00e4\u00e4ketieteen, l\u00e4\u00e4keteollisuuden, kosmetiikan ja perustutkimuksen aloille","breadcrumb":{"@id":"https:\/\/www.christeyns.com\/fi-fi\/toimialat\/terveydenhoito-ja-biotieteet\/#breadcrumb"},"inLanguage":"fi","potentialAction":[{"@type":"ReadAction","target":["https:\/\/www.christeyns.com\/fi-fi\/toimialat\/terveydenhoito-ja-biotieteet\/"]}]},{"@type":"BreadcrumbList","@id":"https:\/\/www.christeyns.com\/fi-fi\/toimialat\/terveydenhoito-ja-biotieteet\/#breadcrumb","itemListElement":[{"@type":"ListItem","position":1,"name":"Home","item":"https:\/\/www.christeyns.com\/fi-fi\/"},{"@type":"ListItem","position":2,"name":"Toimialat","item":"https:\/\/www.christeyns.com\/fi-fi\/toimialat\/"},{"@type":"ListItem","position":3,"name":"Terveydenhoito ja biotieteet"}]},{"@type":"WebSite","@id":"https:\/\/www.christeyns.com\/fi-fi\/#website","url":"https:\/\/www.christeyns.com\/fi-fi\/","name":"Christeyns","description":"Christeyns - Striving for a cleaner future","publisher":{"@id":"https:\/\/www.christeyns.com\/fi-fi\/#organization"},"inLanguage":"fi"},{"@type":"Organization","@id":"https:\/\/www.christeyns.com\/fi-fi\/#organization","name":"Christeyns","url":"https:\/\/www.christeyns.com\/fi-fi\/","logo":{"@type":"ImageObject","inLanguage":"fi","@id":"https:\/\/www.christeyns.com\/fi-fi\/#\/schema\/logo\/image\/","url":"https:\/\/www.christeyns.com\/wp-content\/uploads\/2021\/06\/logo.png","contentUrl":"https:\/\/www.christeyns.com\/wp-content\/uploads\/2021\/06\/logo.png","width":262,"height":40,"caption":"Christeyns"},"image":{"@id":"https:\/\/www.christeyns.com\/fi-fi\/#\/schema\/logo\/image\/"},"sameAs":["https:\/\/www.linkedin.com\/company\/christeyns","https:\/\/www.youtube.com\/c\/christeynshq"]}]}},"_links":{"self":[{"href":"https:\/\/www.christeyns.com\/fi-fi\/wp-json\/wp\/v2\/pages\/53455","targetHints":{"allow":["GET"]}}],"collection":[{"href":"https:\/\/www.christeyns.com\/fi-fi\/wp-json\/wp\/v2\/pages"}],"about":[{"href":"https:\/\/www.christeyns.com\/fi-fi\/wp-json\/wp\/v2\/types\/page"}],"author":[{"embeddable":true,"href":"https:\/\/www.christeyns.com\/fi-fi\/wp-json\/wp\/v2\/users\/1"}],"replies":[{"embeddable":true,"href":"https:\/\/www.christeyns.com\/fi-fi\/wp-json\/wp\/v2\/comments?post=53455"}],"version-history":[{"count":6,"href":"https:\/\/www.christeyns.com\/fi-fi\/wp-json\/wp\/v2\/pages\/53455\/revisions"}],"predecessor-version":[{"id":88392,"href":"https:\/\/www.christeyns.com\/fi-fi\/wp-json\/wp\/v2\/pages\/53455\/revisions\/88392"}],"up":[{"embeddable":true,"href":"https:\/\/www.christeyns.com\/fi-fi\/wp-json\/wp\/v2\/pages\/53163"}],"wp:attachment":[{"href":"https:\/\/www.christeyns.com\/fi-fi\/wp-json\/wp\/v2\/media?parent=53455"}],"curies":[{"name":"wp","href":"https:\/\/api.w.org\/{rel}","templated":true}]}}