{"id":165149,"date":"2026-03-27T11:38:09","date_gmt":"2026-03-27T11:38:09","guid":{"rendered":"https:\/\/www.christeyns.com\/security\/"},"modified":"2026-04-10T12:17:06","modified_gmt":"2026-04-10T12:17:06","slug":"tietoturva","status":"publish","type":"page","link":"https:\/\/www.christeyns.com\/fi-fi\/tietoturva\/","title":{"rendered":"Tietoturva"},"content":{"rendered":"<div class=\"wpb-content-wrapper\"><p>[vc_row full_width=&#8221;stretch_row_content_no_spaces&#8221;][vc_column]\n            <div class=\"full-width sm-p-0\">\n                <div class=\"banner  banner__small banner-curve__white mb-6\">\n                    <picture class=\"banner-image\" >\n                        <source srcset=\"https:\/\/www.christeyns.com\/wp-content\/uploads\/2020\/01\/hero-background.jpg\" media=\"(min-width: 1110px)\">\n                        <source srcset=\"https:\/\/www.christeyns.com\/wp-content\/uploads\/2020\/01\/hero-background-1024x299.jpg\" media=\"(min-width: 321px) and (max-width: 1109px)\">\n                        <img decoding=\"async\" class=\"rellax\" src=\"https:\/\/www.christeyns.com\/wp-content\/uploads\/2020\/01\/hero-background-300x88.jpg\" alt=\"background of the image\" \/>\n                    <\/picture>\n\n                    <div class=\"banner-content-wrapper\" >\n                                                    <div class=\"rownomargin\"><div class=\"col-22 offset-1\"><nav class=\"breadcrumb-trail breadcrumb-trail--small\" aria-label=\"Breadcrumb\" ><span><span><a href=\"https:\/\/www.christeyns.com\/fi-fi\/\">Home<\/a><\/span><\/span><\/nav><\/div><\/div>\n                        \n                        <div class=\"banner-content col-24 col-md-16 col-lg-16 col-xl-12 text-center\">\n                                                            <h1 class=\"text-white text-uppercase\">Tietoturva<\/h1>\n                            \n                            \n                        <\/div>\n                    <\/div>\n                <\/div>\n            <\/div>\n\n        [\/vc_column][\/vc_row][vc_row][vc_column]\n        <div class=\"page-block background-white\">\n            <div class=\"full-width mt-none mb-default\" >\n                <div class=\"rownomargin\">\n                    <div class=\"col-24 col-lg-22 offset-lg-1 text-left\">\n                        \n                                                <div class=\"page-block__content  inner-page-block__content\" ><h1 data-start=\"100\" data-end=\"141\" data-section-id=\"1jvw9rg\">Turvallisuus ja kyberuhkien ilmoittaminen<\/h1>\n<p>Christeynsilla j\u00e4rjestelmien, tietojen ja viestinn\u00e4n turvallisuus on ensisijaisen t\u00e4rke\u00e4\u00e4. Pyrimme jatkuvasti suojaamaan digitaalista infrastruktuuriamme ja varmistamaan asiakkaidemme, kumppaneidemme ja sidosryhmiemme luottamuksen.<\/p>\n<p>Osana t\u00e4t\u00e4 sitoumusta olemme perustaneet erityisen kanavan kyberturvallisuuspoikkeamien ilmoittamista varten.<\/p>\n<p data-start=\"143\" data-end=\"356\"><span style=\"letter-spacing: 0.1px;\">Jos havaitset tai ep\u00e4ilet toimintaa, joka saattaa vaarantaa j\u00e4rjestelmien tai k\u00e4ytt\u00e4jien turvallisuuden, ilmoita siit\u00e4 seuraavaan s\u00e4hk\u00f6postiosoitteeseen: <\/span><strong style=\"letter-spacing: 0.1px;\"><a class=\"decorated-link cursor-pointer\" href=\"mailto:security@christeyns.com\" rel=\"noopener\" data-start=\"618\" data-end=\"641\">security@christeyns.com<\/a><\/strong><\/p>\n<h2 data-start=\"645\" data-end=\"671\">Mist\u00e4 asioista voi ilmoittaa?<\/h2>\n<p>Ilmoita seuraavista asioista t\u00e4m\u00e4n kanavan kautta:<\/p>\n<ul>\n<li>Christeynsin nimiss\u00e4 l\u00e4hetetyt tietojenkalastelus\u00e4hk\u00f6postit<\/li>\n<li>Haittaohjelmat tai ep\u00e4ilytt\u00e4v\u00e4 sis\u00e4lt\u00f6 verkkosivuillamme tai verkkotunnuksissamme<\/li>\n<li>Turvallisuusaukot j\u00e4rjestelmiss\u00e4mme tai sovelluksissamme<\/li>\n<li>Christeyns -br\u00e4ndin v\u00e4\u00e4rink\u00e4ytt\u00f6<\/li>\n<\/ul>\n<h2 data-start=\"997\" data-end=\"1011\">T\u00e4rke\u00e4\u00e4<\/h2>\n<p>Tehokkaan k\u00e4sittelyn varmistamiseksi pyyd\u00e4mme k\u00e4ytt\u00e4m\u00e4\u00e4n t\u00e4t\u00e4 kanavaa ainoastaan kyberturvallisuuteen liittyviss\u00e4 tapauksissa. Yleisi\u00e4 tiedusteluja varten pyyd\u00e4mme k\u00e4ytt\u00e4m\u00e4\u00e4n verkkosivuillamme olevia tavanomaisia yhteydenottovaihtoehtoja.<\/p>\n<p>Kiit\u00e4mme yhteisty\u00f6st\u00e4si turvallisen digitaalisen ymp\u00e4rist\u00f6n yll\u00e4pit\u00e4misess\u00e4.<\/p>\n<\/div>\n\n                                            <\/div>\n                <\/div>\n            <\/div>\n        <\/div>\n\n        [\/vc_column][\/vc_row]<\/p>\n<\/div>","protected":false},"excerpt":{"rendered":"<p>[vc_row full_width=&#8221;stretch_row_content_no_spaces&#8221;][vc_column][\/vc_column][\/vc_row][vc_row][vc_column][\/vc_column][\/vc_row]<\/p>\n","protected":false},"author":41,"featured_media":0,"parent":0,"menu_order":0,"comment_status":"closed","ping_status":"closed","template":"","meta":{"_acf_changed":false,"content-type":"","footnotes":""},"class_list":["post-165149","page","type-page","status-publish","hentry"],"acf":[],"yoast_head":"<!-- This site is optimized with the Yoast SEO plugin v26.9 - https:\/\/yoast.com\/product\/yoast-seo-wordpress\/ -->\n<title>Tietoturva | Christeyns<\/title>\n<meta name=\"description\" content=\"Christeynsin tietoturva: ilmoita tietojenkalasteluyrityksist\u00e4, tietoturva-aukkoista tai ep\u00e4ilytt\u00e4v\u00e4st\u00e4 toiminnasta erityisen ilmoituskanavamme kautta.\" \/>\n<meta name=\"robots\" content=\"index, follow, max-snippet:-1, max-image-preview:large, max-video-preview:-1\" \/>\n<link rel=\"canonical\" href=\"https:\/\/www.christeyns.com\/fi-fi\/tietoturva\/\" \/>\n<meta property=\"og:locale\" content=\"fi_FI\" \/>\n<meta property=\"og:type\" content=\"article\" \/>\n<meta property=\"og:title\" content=\"Tietoturva | Christeyns\" \/>\n<meta property=\"og:description\" content=\"Christeynsin tietoturva: ilmoita tietojenkalasteluyrityksist\u00e4, tietoturva-aukkoista tai ep\u00e4ilytt\u00e4v\u00e4st\u00e4 toiminnasta erityisen ilmoituskanavamme kautta.\" \/>\n<meta property=\"og:url\" content=\"https:\/\/www.christeyns.com\/fi-fi\/tietoturva\/\" \/>\n<meta property=\"og:site_name\" content=\"Christeyns\" \/>\n<meta property=\"article:modified_time\" content=\"2026-04-10T12:17:06+00:00\" \/>\n<meta property=\"og:image\" content=\"https:\/\/www.christeyns.com\/wp-content\/uploads\/2018\/10\/christeyns-logo-shot.jpg\" \/>\n\t<meta property=\"og:image:width\" content=\"842\" \/>\n\t<meta property=\"og:image:height\" content=\"560\" \/>\n\t<meta property=\"og:image:type\" content=\"image\/jpeg\" \/>\n<meta name=\"twitter:card\" content=\"summary_large_image\" \/>\n<meta name=\"twitter:label1\" content=\"Arvioitu lukuaika\" \/>\n\t<meta name=\"twitter:data1\" content=\"1 minuutti\" \/>\n<script type=\"application\/ld+json\" class=\"yoast-schema-graph\">{\"@context\":\"https:\/\/schema.org\",\"@graph\":[{\"@type\":\"WebPage\",\"@id\":\"https:\/\/www.christeyns.com\/fi-fi\/tietoturva\/\",\"url\":\"https:\/\/www.christeyns.com\/fi-fi\/tietoturva\/\",\"name\":\"Tietoturva | Christeyns\",\"isPartOf\":{\"@id\":\"https:\/\/www.christeyns.com\/fi-fi\/#website\"},\"datePublished\":\"2026-03-27T11:38:09+00:00\",\"dateModified\":\"2026-04-10T12:17:06+00:00\",\"description\":\"Christeynsin tietoturva: ilmoita tietojenkalasteluyrityksist\u00e4, tietoturva-aukkoista tai ep\u00e4ilytt\u00e4v\u00e4st\u00e4 toiminnasta erityisen ilmoituskanavamme kautta.\",\"breadcrumb\":{\"@id\":\"https:\/\/www.christeyns.com\/fi-fi\/tietoturva\/#breadcrumb\"},\"inLanguage\":\"fi\",\"potentialAction\":[{\"@type\":\"ReadAction\",\"target\":[\"https:\/\/www.christeyns.com\/fi-fi\/tietoturva\/\"]}]},{\"@type\":\"BreadcrumbList\",\"@id\":\"https:\/\/www.christeyns.com\/fi-fi\/tietoturva\/#breadcrumb\",\"itemListElement\":[{\"@type\":\"ListItem\",\"position\":1,\"name\":\"Home\",\"item\":\"https:\/\/www.christeyns.com\/fi-fi\/\"},{\"@type\":\"ListItem\",\"position\":2,\"name\":\"Tietoturva\"}]},{\"@type\":\"WebSite\",\"@id\":\"https:\/\/www.christeyns.com\/fi-fi\/#website\",\"url\":\"https:\/\/www.christeyns.com\/fi-fi\/\",\"name\":\"Christeyns\",\"description\":\"Christeyns - Striving for a cleaner future\",\"publisher\":{\"@id\":\"https:\/\/www.christeyns.com\/fi-fi\/#organization\"},\"inLanguage\":\"fi\"},{\"@type\":\"Organization\",\"@id\":\"https:\/\/www.christeyns.com\/fi-fi\/#organization\",\"name\":\"Christeyns\",\"url\":\"https:\/\/www.christeyns.com\/fi-fi\/\",\"logo\":{\"@type\":\"ImageObject\",\"inLanguage\":\"fi\",\"@id\":\"https:\/\/www.christeyns.com\/fi-fi\/#\/schema\/logo\/image\/\",\"url\":\"https:\/\/www.christeyns.com\/wp-content\/uploads\/2021\/06\/logo.png\",\"contentUrl\":\"https:\/\/www.christeyns.com\/wp-content\/uploads\/2021\/06\/logo.png\",\"width\":262,\"height\":40,\"caption\":\"Christeyns\"},\"image\":{\"@id\":\"https:\/\/www.christeyns.com\/fi-fi\/#\/schema\/logo\/image\/\"},\"sameAs\":[\"https:\/\/www.linkedin.com\/company\/christeyns\",\"https:\/\/www.youtube.com\/c\/christeynshq\"]}]}<\/script>\n<!-- \/ Yoast SEO plugin. -->","yoast_head_json":{"title":"Tietoturva | Christeyns","description":"Christeynsin tietoturva: ilmoita tietojenkalasteluyrityksist\u00e4, tietoturva-aukkoista tai ep\u00e4ilytt\u00e4v\u00e4st\u00e4 toiminnasta erityisen ilmoituskanavamme kautta.","robots":{"index":"index","follow":"follow","max-snippet":"max-snippet:-1","max-image-preview":"max-image-preview:large","max-video-preview":"max-video-preview:-1"},"canonical":"https:\/\/www.christeyns.com\/fi-fi\/tietoturva\/","og_locale":"fi_FI","og_type":"article","og_title":"Tietoturva | Christeyns","og_description":"Christeynsin tietoturva: ilmoita tietojenkalasteluyrityksist\u00e4, tietoturva-aukkoista tai ep\u00e4ilytt\u00e4v\u00e4st\u00e4 toiminnasta erityisen ilmoituskanavamme kautta.","og_url":"https:\/\/www.christeyns.com\/fi-fi\/tietoturva\/","og_site_name":"Christeyns","article_modified_time":"2026-04-10T12:17:06+00:00","og_image":[{"width":842,"height":560,"url":"https:\/\/www.christeyns.com\/wp-content\/uploads\/2018\/10\/christeyns-logo-shot.jpg","type":"image\/jpeg"}],"twitter_card":"summary_large_image","twitter_misc":{"Arvioitu lukuaika":"1 minuutti"},"schema":{"@context":"https:\/\/schema.org","@graph":[{"@type":"WebPage","@id":"https:\/\/www.christeyns.com\/fi-fi\/tietoturva\/","url":"https:\/\/www.christeyns.com\/fi-fi\/tietoturva\/","name":"Tietoturva | Christeyns","isPartOf":{"@id":"https:\/\/www.christeyns.com\/fi-fi\/#website"},"datePublished":"2026-03-27T11:38:09+00:00","dateModified":"2026-04-10T12:17:06+00:00","description":"Christeynsin tietoturva: ilmoita tietojenkalasteluyrityksist\u00e4, tietoturva-aukkoista tai ep\u00e4ilytt\u00e4v\u00e4st\u00e4 toiminnasta erityisen ilmoituskanavamme kautta.","breadcrumb":{"@id":"https:\/\/www.christeyns.com\/fi-fi\/tietoturva\/#breadcrumb"},"inLanguage":"fi","potentialAction":[{"@type":"ReadAction","target":["https:\/\/www.christeyns.com\/fi-fi\/tietoturva\/"]}]},{"@type":"BreadcrumbList","@id":"https:\/\/www.christeyns.com\/fi-fi\/tietoturva\/#breadcrumb","itemListElement":[{"@type":"ListItem","position":1,"name":"Home","item":"https:\/\/www.christeyns.com\/fi-fi\/"},{"@type":"ListItem","position":2,"name":"Tietoturva"}]},{"@type":"WebSite","@id":"https:\/\/www.christeyns.com\/fi-fi\/#website","url":"https:\/\/www.christeyns.com\/fi-fi\/","name":"Christeyns","description":"Christeyns - Striving for a cleaner future","publisher":{"@id":"https:\/\/www.christeyns.com\/fi-fi\/#organization"},"inLanguage":"fi"},{"@type":"Organization","@id":"https:\/\/www.christeyns.com\/fi-fi\/#organization","name":"Christeyns","url":"https:\/\/www.christeyns.com\/fi-fi\/","logo":{"@type":"ImageObject","inLanguage":"fi","@id":"https:\/\/www.christeyns.com\/fi-fi\/#\/schema\/logo\/image\/","url":"https:\/\/www.christeyns.com\/wp-content\/uploads\/2021\/06\/logo.png","contentUrl":"https:\/\/www.christeyns.com\/wp-content\/uploads\/2021\/06\/logo.png","width":262,"height":40,"caption":"Christeyns"},"image":{"@id":"https:\/\/www.christeyns.com\/fi-fi\/#\/schema\/logo\/image\/"},"sameAs":["https:\/\/www.linkedin.com\/company\/christeyns","https:\/\/www.youtube.com\/c\/christeynshq"]}]}},"_links":{"self":[{"href":"https:\/\/www.christeyns.com\/fi-fi\/wp-json\/wp\/v2\/pages\/165149","targetHints":{"allow":["GET"]}}],"collection":[{"href":"https:\/\/www.christeyns.com\/fi-fi\/wp-json\/wp\/v2\/pages"}],"about":[{"href":"https:\/\/www.christeyns.com\/fi-fi\/wp-json\/wp\/v2\/types\/page"}],"author":[{"embeddable":true,"href":"https:\/\/www.christeyns.com\/fi-fi\/wp-json\/wp\/v2\/users\/41"}],"replies":[{"embeddable":true,"href":"https:\/\/www.christeyns.com\/fi-fi\/wp-json\/wp\/v2\/comments?post=165149"}],"version-history":[{"count":3,"href":"https:\/\/www.christeyns.com\/fi-fi\/wp-json\/wp\/v2\/pages\/165149\/revisions"}],"predecessor-version":[{"id":165152,"href":"https:\/\/www.christeyns.com\/fi-fi\/wp-json\/wp\/v2\/pages\/165149\/revisions\/165152"}],"wp:attachment":[{"href":"https:\/\/www.christeyns.com\/fi-fi\/wp-json\/wp\/v2\/media?parent=165149"}],"curies":[{"name":"wp","href":"https:\/\/api.w.org\/{rel}","templated":true}]}}