{"id":494,"date":"2019-12-18T12:07:58","date_gmt":"2019-12-18T12:07:58","guid":{"rendered":"http:\/\/www.christeyns.com\/?page_id=494"},"modified":"2025-08-25T08:17:22","modified_gmt":"2025-08-25T08:17:22","slug":"cuidado-profesional-de-textiles","status":"publish","type":"page","link":"https:\/\/www.christeyns.com\/es-es\/sectores\/cuidado-profesional-de-textiles\/","title":{"rendered":"Tratamiento Profesional de Textiles"},"content":{"rendered":"<div class=\"wpb-content-wrapper\"><p>[vc_row full_width=\u00bbstretch_row_content_no_spaces\u00bb][vc_column]\n            <div class=\"full-width sm-p-0 banner-content__image mb-6\">\n                <div class=\"banner banner__image banner-curve__white \">\n\n                    <div class=\"banner__image-wrapper\" >\n                        <picture class=\"banner-image\" >\n                            <source srcset=\"https:\/\/www.christeyns.com\/wp-content\/uploads\/2020\/05\/christeyns-academy-blue.jpg\" media=\"(min-width: 1110px)\">\n                            <source srcset=\"https:\/\/www.christeyns.com\/wp-content\/uploads\/2020\/05\/christeyns-academy-blue-1024x187.jpg\" media=\"(min-width: 321px) and (max-width: 1109px)\">\n                            <img decoding=\"async\" class=\"rellax\" src=\"https:\/\/www.christeyns.com\/wp-content\/uploads\/2020\/05\/christeyns-academy-blue-300x55.jpg\" alt=\"textil csre background\" \/>\n                        <\/picture>\n                    <\/div>\n\n                    <div class=\"banner-content-wrapper d-flex flex-column\" >\n\n                                                    <div class=\"rownomargin mb-3 mb-xl-0\"><div class=\"col-22 offset-1\"><nav class=\"breadcrumb-trail breadcrumb-trail--small\" aria-label=\"Breadcrumb\" ><span><span><a href=\"https:\/\/www.christeyns.com\/es-es\/\">Home<\/a><\/span><\/span><\/nav><\/div><\/div>\n                        \n\n                        <div class=\"banner-content banner-content__small  col-24 col-md-16 col-lg-16 col-xl-14 text-center pt-0\">\n                            <h1 class=\"text-white text-uppercase\">Tratamiento profesional de textiles<\/h1>                        <\/div>\n                    <\/div>\n\n                    <div class=\"circle_cta-wrapper\">\n                        <div class=\"circle_cta background-blue d-flex justify-content-center align-items-center\" >\n                            <img decoding=\"async\" src=\"https:\/\/www.christeyns.com\/wp-content\/uploads\/2020\/01\/icon-laundry.png\" alt=\"laundry\"  class=\"img-fluid\"  loading=\"lazy\" >                        <\/div>\n                    <\/div>\n\n                <\/div>\n            <\/div>\n\n        [\/vc_column][\/vc_row][vc_row full_width=\u00bbstretch_row_content_no_spaces\u00bb][vc_column]\n        <div class=\"content-block full-width  background-white\" >\n            <div class=\"rownomargin\">\n                <div class=\"col-24 col-lg-14 offset-lg-5 col-xl-10 offset-xl-7 text-center mb-6 sm-p-0 text-wrap-balance\">\n                    \n                                        <div class=\"text-center  content-block\" ><p>Soluciones de cuidado profesional de textiles para su negocio de lavander\u00eda.<\/p>\n<\/div>\n\n                    \n                    \n\n                <\/div>\n            <\/div>\n        <\/div>\n\n                    <div class=\"full-width\">\n                <div class=\"four-block mb-default\">\n                    <div class=\"rownomargin justify-content-center\">\n\n                        \n                            <div class=\"col-24 col-md-8 text-center four-block-col\" >\n                                <div class=\"four-block-background\" ><img decoding=\"async\" src=\"https:\/\/www.christeyns.com\/wp-content\/uploads\/2021\/04\/Industrial-Laundries-Overview.jpg\" alt=\"Industrial Laundries\" loading=\"lazy\" ><\/div>\n                                <div class=\"four-block-content \">\n                                    <div class=\"four-block-body \">\n                                                                                <h2 class=\"four-block-title text-white bold text-uppercase\">Lavander\u00edas industriales<\/h2>\n                                        <div class=\"four-block-introduction\">Optimizaci\u00f3n de los procesos de lavado industrial.<\/div>\n                                                                                    <div><a href=\"https:\/\/www.christeyns.com\/es-es\/sectores\/cuidado-profesional-de-textiles\/lavanderias-industriales\/\" class=\"four-block-url btn btn-outline-white\" >Lavander\u00edas industriales<\/a><\/div>\n                                                                            <\/div>\n                                <\/div>\n                            <\/div>\n\n                        \n                            <div class=\"col-24 col-md-8 text-center four-block-col\" >\n                                <div class=\"four-block-background\" ><img decoding=\"async\" src=\"https:\/\/www.christeyns.com\/wp-content\/uploads\/2021\/04\/on-premise-laundry-Overview-1.jpg\" alt=\"On Premise Laundry\" loading=\"lazy\" ><\/div>\n                                <div class=\"four-block-content \">\n                                    <div class=\"four-block-body \">\n                                                                                <h2 class=\"four-block-title text-white bold text-uppercase\">Lavander\u00edas internas<\/h2>\n                                        <div class=\"four-block-introduction\">Simplificaci\u00f3n de los procesos de las lavander\u00edas internas.<\/div>\n                                                                                    <div><a href=\"https:\/\/www.christeyns.com\/es-es\/sectores\/cuidado-profesional-de-textiles\/lavanderias-internas\/\" class=\"four-block-url btn btn-outline-white\" >Lavander\u00edas internas<\/a><\/div>\n                                                                            <\/div>\n                                <\/div>\n                            <\/div>\n\n                        \n                            <div class=\"col-24 col-md-8 text-center four-block-col\" >\n                                <div class=\"four-block-background\" ><img decoding=\"async\" src=\"https:\/\/www.christeyns.com\/wp-content\/uploads\/2021\/04\/dry-wet-cleaning-Overview.jpg\" alt=\"Dry & Wet Cleaning\" loading=\"lazy\" ><\/div>\n                                <div class=\"four-block-content \">\n                                    <div class=\"four-block-body \">\n                                                                                <h2 class=\"four-block-title text-white bold text-uppercase\">Establecimientos de limpieza en seco y en h\u00famedo<\/h2>\n                                        <div class=\"four-block-introduction\">Cuidado suave para textiles delicados<\/div>\n                                                                                    <div><a href=\"https:\/\/www.christeyns.com\/es-es\/sectores\/cuidado-profesional-de-textiles\/limpieza-en-seco-y-en-humedo\/\" class=\"four-block-url btn btn-outline-white\" >Establecimientos de limpieza en seco y en h\u00famedo<\/a><\/div>\n                                                                            <\/div>\n                                <\/div>\n                            <\/div>\n\n                        \n                    <\/div>\n                <\/div>\n            <\/div>\n\n                    <div class=\"full-width   mb-6 \" >\n                \n            <div class=\"rownomargin\" >\n                <div class=\"col-24 col-md-22 offset-md-1 sm-py-0\" >\n                    <div class=\"rownomargin align-items-center news-header\">\n                        <div class=\"sm-p-0 col-md-18 news-title-wrapper \">\n                            <h3 class=\"text-blue text-uppercase sub-title\">Art\u00edculos de cuidado de textiles<\/h3>\n                        <\/div>\n\n                                                    <div class=\"csm-p-0 ol-md-6 text-right \">\n                                <span class=\"link__view-all\"><a href=\"\/es-es\/noticias\/\" class=\"text-blue\" >Ver todos los art\u00edculos<\/a><\/span>\n                            <\/div>\n                                            <\/div>\n\n                    <div class=\"rownomargin mb-0 news-block news-block__blue\">\n                                                    <div class=\"col-lg-6 col-md-12 sm-p-0\">\n                                <article class=\"card\">\n                                    <a href=\"https:\/\/www.christeyns.com\/es-es\/article\/higiene-lavanderias-hospitalaria-cocinas\/\" aria-label=\"Leer m\u00e1s Christeyns presenta sus soluciones de higiene para lavander\u00edas hospitalarias y cocinas en el XXVI Congreso de Hosteler\u00eda Hospitalaria\" class=\"card-link-image\" >\n                                                                                    <img decoding=\"async\" src=\"https:\/\/www.christeyns.com\/wp-content\/uploads\/2025\/10\/Christeyns-CongresoHosteleria-HigieneHospitalaria-2025.jpg\" class=\"card-img-top\" alt=\"\" loading=\"lazy\">\n                                                                            <\/a>\n                                    <div class=\"card-body\">\n                                        <h4 class=\"card-title\"><a href=\"https:\/\/www.christeyns.com\/es-es\/article\/higiene-lavanderias-hospitalaria-cocinas\/\" >Christeyns presenta sus soluciones de higiene para lavander\u00edas hospitalarias y cocinas en el XXVI Congreso de Hosteler\u00eda Hospitalaria<\/a><\/h4>\n                                        <p class=\"card-text mb-3\">Por segundo a\u00f1o consecutivo, Christeyns estar\u00e1 presente en el XXVI Congreso Nacional de Hosteler\u00eda Hospitalaria que se celebra del 29&hellip;<\/p>\n                                        <div class=\"mt-auto\" >\n                                            <a href=\"https:\/\/www.christeyns.com\/es-es\/article\/higiene-lavanderias-hospitalaria-cocinas\/\" class=\"btn btn-outline-blue\" aria-label=\"Leer m\u00e1s Christeyns presenta sus soluciones de higiene para lavander\u00edas hospitalarias y cocinas en el XXVI Congreso de Hosteler\u00eda Hospitalaria\" >Leer m\u00e1s<\/a>\n                                        <\/div>\n                                    <\/div>\n                                <\/article>\n                            <\/div>\n                                                    <div class=\"col-lg-6 col-md-12 sm-p-0\">\n                                <article class=\"card\">\n                                    <a href=\"https:\/\/www.christeyns.com\/es-es\/article\/christeyns-triumphs-at-texcare-2024\/\" aria-label=\"Leer m\u00e1s Christeyns Triumphs at Texcare 2024\" class=\"card-link-image\" >\n                                                                                    <img decoding=\"async\" src=\"https:\/\/www.christeyns.com\/wp-content\/uploads\/2024\/11\/20241106_123219-1024x461.jpg\" class=\"card-img-top\" alt=\"\" loading=\"lazy\">\n                                                                            <\/a>\n                                    <div class=\"card-body\">\n                                        <h4 class=\"card-title\"><a href=\"https:\/\/www.christeyns.com\/es-es\/article\/christeyns-triumphs-at-texcare-2024\/\" >Christeyns Triumphs at Texcare 2024<\/a><\/h4>\n                                        <p class=\"card-text mb-3\">Los participantes y asistentes de Texcare 2024 dejaron la feria con una gran sonrisa en sus rostros. \u00a1La participaci\u00f3n de&hellip;<\/p>\n                                        <div class=\"mt-auto\" >\n                                            <a href=\"https:\/\/www.christeyns.com\/es-es\/article\/christeyns-triumphs-at-texcare-2024\/\" class=\"btn btn-outline-blue\" aria-label=\"Leer m\u00e1s Christeyns Triumphs at Texcare 2024\" >Leer m\u00e1s<\/a>\n                                        <\/div>\n                                    <\/div>\n                                <\/article>\n                            <\/div>\n                                                    <div class=\"col-lg-6 col-md-12 sm-p-0\">\n                                <article class=\"card\">\n                                    <a href=\"https:\/\/www.christeyns.com\/es-es\/article\/christeyns-presenta-sus-tecnologias-de-lavado-sostenible-en-el-congreso-de-hosteleria-hospitalaria-de-caceres\/\" aria-label=\"Leer m\u00e1s Christeyns presenta sus tecnolog\u00edas de lavado sostenible en el Congreso de Hosteler\u00eda Hospitalaria de C\u00e1ceres\" class=\"card-link-image\" >\n                                                                                    <img decoding=\"async\" src=\"https:\/\/www.christeyns.com\/wp-content\/uploads\/2024\/09\/not-Web-2.jpg\" class=\"card-img-top\" alt=\"\" loading=\"lazy\">\n                                                                            <\/a>\n                                    <div class=\"card-body\">\n                                        <h4 class=\"card-title\"><a href=\"https:\/\/www.christeyns.com\/es-es\/article\/christeyns-presenta-sus-tecnologias-de-lavado-sostenible-en-el-congreso-de-hosteleria-hospitalaria-de-caceres\/\" >Christeyns presenta sus tecnolog\u00edas de lavado sostenible en el Congreso de Hosteler\u00eda Hospitalaria de C\u00e1ceres<\/a><\/h4>\n                                        <p class=\"card-text mb-3\">Del 2 al 4 de octubre se celebra el XXV Congreso de Hosteler\u00eda Hospitalaria en C\u00e1ceres. Una cita profesional organizada&hellip;<\/p>\n                                        <div class=\"mt-auto\" >\n                                            <a href=\"https:\/\/www.christeyns.com\/es-es\/article\/christeyns-presenta-sus-tecnologias-de-lavado-sostenible-en-el-congreso-de-hosteleria-hospitalaria-de-caceres\/\" class=\"btn btn-outline-blue\" aria-label=\"Leer m\u00e1s Christeyns presenta sus tecnolog\u00edas de lavado sostenible en el Congreso de Hosteler\u00eda Hospitalaria de C\u00e1ceres\" >Leer m\u00e1s<\/a>\n                                        <\/div>\n                                    <\/div>\n                                <\/article>\n                            <\/div>\n                                                    <div class=\"col-lg-6 col-md-12 sm-p-0\">\n                                <article class=\"card\">\n                                    <a href=\"https:\/\/www.christeyns.com\/es-es\/article\/10-anos-de-cool-chemistry\/\" aria-label=\"Leer m\u00e1s \u00a110 a\u00f1os de Cool Chemistry!\" class=\"card-link-image\" >\n                                                                                    <img decoding=\"async\" src=\"https:\/\/www.christeyns.com\/wp-content\/uploads\/2023\/10\/Copy-of-REVESION-of-CC-Anniversary-1024x1024.jpg\" class=\"card-img-top\" alt=\"\" loading=\"lazy\">\n                                                                            <\/a>\n                                    <div class=\"card-body\">\n                                        <h4 class=\"card-title\"><a href=\"https:\/\/www.christeyns.com\/es-es\/article\/10-anos-de-cool-chemistry\/\" >\u00a110 a\u00f1os de Cool Chemistry!<\/a><\/h4>\n                                        <p class=\"card-text mb-3\">Nos complace anunciar un hito importante en nuestro camino hacia la innovaci\u00f3n: \u00a1el 10\u00ba aniversario de Cool Chemistry! Hace una&hellip;<\/p>\n                                        <div class=\"mt-auto\" >\n                                            <a href=\"https:\/\/www.christeyns.com\/es-es\/article\/10-anos-de-cool-chemistry\/\" class=\"btn btn-outline-blue\" aria-label=\"Leer m\u00e1s \u00a110 a\u00f1os de Cool Chemistry!\" >Leer m\u00e1s<\/a>\n                                        <\/div>\n                                    <\/div>\n                                <\/article>\n                            <\/div>\n                                            <\/div>\n                <\/div>\n            <\/div>\n\n                    <\/div>\n\n        \n        <div class=\"full-width\">\n            <div class=\"rownomargin mb-default\">\n                <div class=\"col-24 col-sm-20 offset-sm-2 col-lg-16 offset-lg-4 sm-p-0\">\n                    <div class=\"gradient-text font-default text-center\">PASI\u00d3N POR TEXTILES<\/div>\n                <\/div>\n            <\/div>\n        <\/div>\n\n        [\/vc_column][\/vc_row]<\/p>\n<\/div>","protected":false},"excerpt":{"rendered":"<p>[vc_row full_width=\u00bbstretch_row_content_no_spaces\u00bb][vc_column][\/vc_column][\/vc_row][vc_row full_width=\u00bbstretch_row_content_no_spaces\u00bb][vc_column][\/vc_column][\/vc_row]<\/p>\n","protected":false},"author":1,"featured_media":0,"parent":484,"menu_order":777,"comment_status":"closed","ping_status":"closed","template":"","meta":{"_acf_changed":false,"content-type":"","footnotes":""},"class_list":["post-494","page","type-page","status-publish","hentry"],"acf":[],"yoast_head":"<!-- This site is optimized with the Yoast SEO plugin v26.9 - https:\/\/yoast.com\/product\/yoast-seo-wordpress\/ -->\n<title>Christeyns cuida sus textiles<\/title>\n<meta name=\"description\" content=\"Cuidado profesional de textiles y soluciones de lavado para lavander\u00edas industriales, lavander\u00edas internas y establecimientos de limpieza en seco y en h\u00famedo.\" \/>\n<meta name=\"robots\" content=\"index, follow, max-snippet:-1, max-image-preview:large, max-video-preview:-1\" \/>\n<link rel=\"canonical\" href=\"https:\/\/www.christeyns.com\/es-es\/sectores\/cuidado-profesional-de-textiles\/\" \/>\n<meta property=\"og:locale\" content=\"es_ES\" \/>\n<meta property=\"og:type\" content=\"article\" \/>\n<meta property=\"og:title\" content=\"Christeyns cuida sus textiles\" \/>\n<meta property=\"og:description\" content=\"Cuidado profesional de textiles y soluciones de lavado para lavander\u00edas industriales, lavander\u00edas internas y establecimientos de limpieza en seco y en h\u00famedo.\" \/>\n<meta property=\"og:url\" content=\"https:\/\/www.christeyns.com\/es-es\/sectores\/cuidado-profesional-de-textiles\/\" \/>\n<meta property=\"og:site_name\" content=\"Christeyns\" \/>\n<meta property=\"article:modified_time\" content=\"2025-08-25T08:17:22+00:00\" \/>\n<meta property=\"og:image\" content=\"https:\/\/www.christeyns.com\/wp-content\/uploads\/2018\/10\/christeyns-logo-shot.jpg\" \/>\n\t<meta property=\"og:image:width\" content=\"842\" \/>\n\t<meta property=\"og:image:height\" content=\"560\" \/>\n\t<meta property=\"og:image:type\" content=\"image\/jpeg\" \/>\n<meta name=\"twitter:card\" content=\"summary_large_image\" \/>\n<meta name=\"twitter:label1\" content=\"Tiempo de lectura\" \/>\n\t<meta name=\"twitter:data1\" content=\"1 minuto\" \/>\n<script type=\"application\/ld+json\" class=\"yoast-schema-graph\">{\"@context\":\"https:\/\/schema.org\",\"@graph\":[{\"@type\":\"WebPage\",\"@id\":\"https:\/\/www.christeyns.com\/es-es\/sectores\/cuidado-profesional-de-textiles\/\",\"url\":\"https:\/\/www.christeyns.com\/es-es\/sectores\/cuidado-profesional-de-textiles\/\",\"name\":\"Christeyns cuida sus textiles\",\"isPartOf\":{\"@id\":\"https:\/\/www.christeyns.com\/es-es\/#website\"},\"datePublished\":\"2019-12-18T12:07:58+00:00\",\"dateModified\":\"2025-08-25T08:17:22+00:00\",\"description\":\"Cuidado profesional de textiles y soluciones de lavado para lavander\u00edas industriales, lavander\u00edas internas y establecimientos de limpieza en seco y en h\u00famedo.\",\"breadcrumb\":{\"@id\":\"https:\/\/www.christeyns.com\/es-es\/sectores\/cuidado-profesional-de-textiles\/#breadcrumb\"},\"inLanguage\":\"es\",\"potentialAction\":[{\"@type\":\"ReadAction\",\"target\":[\"https:\/\/www.christeyns.com\/es-es\/sectores\/cuidado-profesional-de-textiles\/\"]}]},{\"@type\":\"BreadcrumbList\",\"@id\":\"https:\/\/www.christeyns.com\/es-es\/sectores\/cuidado-profesional-de-textiles\/#breadcrumb\",\"itemListElement\":[{\"@type\":\"ListItem\",\"position\":1,\"name\":\"Home\",\"item\":\"https:\/\/www.christeyns.com\/es-es\/\"},{\"@type\":\"ListItem\",\"position\":2,\"name\":\"Sectores\",\"item\":\"https:\/\/www.christeyns.com\/es-es\/sectores\/\"},{\"@type\":\"ListItem\",\"position\":3,\"name\":\"Tratamiento Profesional de Textiles\"}]},{\"@type\":\"WebSite\",\"@id\":\"https:\/\/www.christeyns.com\/es-es\/#website\",\"url\":\"https:\/\/www.christeyns.com\/es-es\/\",\"name\":\"Christeyns\",\"description\":\"Christeyns - Striving for a cleaner future\",\"publisher\":{\"@id\":\"https:\/\/www.christeyns.com\/es-es\/#organization\"},\"inLanguage\":\"es\"},{\"@type\":\"Organization\",\"@id\":\"https:\/\/www.christeyns.com\/es-es\/#organization\",\"name\":\"Christeyns\",\"url\":\"https:\/\/www.christeyns.com\/es-es\/\",\"logo\":{\"@type\":\"ImageObject\",\"inLanguage\":\"es\",\"@id\":\"https:\/\/www.christeyns.com\/es-es\/#\/schema\/logo\/image\/\",\"url\":\"https:\/\/www.christeyns.com\/wp-content\/uploads\/2021\/06\/logo.png\",\"contentUrl\":\"https:\/\/www.christeyns.com\/wp-content\/uploads\/2021\/06\/logo.png\",\"width\":262,\"height\":40,\"caption\":\"Christeyns\"},\"image\":{\"@id\":\"https:\/\/www.christeyns.com\/es-es\/#\/schema\/logo\/image\/\"},\"sameAs\":[\"https:\/\/www.linkedin.com\/company\/christeyns\",\"https:\/\/www.youtube.com\/c\/christeynshq\"]}]}<\/script>\n<!-- \/ Yoast SEO plugin. -->","yoast_head_json":{"title":"Christeyns cuida sus textiles","description":"Cuidado profesional de textiles y soluciones de lavado para lavander\u00edas industriales, lavander\u00edas internas y establecimientos de limpieza en seco y en h\u00famedo.","robots":{"index":"index","follow":"follow","max-snippet":"max-snippet:-1","max-image-preview":"max-image-preview:large","max-video-preview":"max-video-preview:-1"},"canonical":"https:\/\/www.christeyns.com\/es-es\/sectores\/cuidado-profesional-de-textiles\/","og_locale":"es_ES","og_type":"article","og_title":"Christeyns cuida sus textiles","og_description":"Cuidado profesional de textiles y soluciones de lavado para lavander\u00edas industriales, lavander\u00edas internas y establecimientos de limpieza en seco y en h\u00famedo.","og_url":"https:\/\/www.christeyns.com\/es-es\/sectores\/cuidado-profesional-de-textiles\/","og_site_name":"Christeyns","article_modified_time":"2025-08-25T08:17:22+00:00","og_image":[{"width":842,"height":560,"url":"https:\/\/www.christeyns.com\/wp-content\/uploads\/2018\/10\/christeyns-logo-shot.jpg","type":"image\/jpeg"}],"twitter_card":"summary_large_image","twitter_misc":{"Tiempo de lectura":"1 minuto"},"schema":{"@context":"https:\/\/schema.org","@graph":[{"@type":"WebPage","@id":"https:\/\/www.christeyns.com\/es-es\/sectores\/cuidado-profesional-de-textiles\/","url":"https:\/\/www.christeyns.com\/es-es\/sectores\/cuidado-profesional-de-textiles\/","name":"Christeyns cuida sus textiles","isPartOf":{"@id":"https:\/\/www.christeyns.com\/es-es\/#website"},"datePublished":"2019-12-18T12:07:58+00:00","dateModified":"2025-08-25T08:17:22+00:00","description":"Cuidado profesional de textiles y soluciones de lavado para lavander\u00edas industriales, lavander\u00edas internas y establecimientos de limpieza en seco y en h\u00famedo.","breadcrumb":{"@id":"https:\/\/www.christeyns.com\/es-es\/sectores\/cuidado-profesional-de-textiles\/#breadcrumb"},"inLanguage":"es","potentialAction":[{"@type":"ReadAction","target":["https:\/\/www.christeyns.com\/es-es\/sectores\/cuidado-profesional-de-textiles\/"]}]},{"@type":"BreadcrumbList","@id":"https:\/\/www.christeyns.com\/es-es\/sectores\/cuidado-profesional-de-textiles\/#breadcrumb","itemListElement":[{"@type":"ListItem","position":1,"name":"Home","item":"https:\/\/www.christeyns.com\/es-es\/"},{"@type":"ListItem","position":2,"name":"Sectores","item":"https:\/\/www.christeyns.com\/es-es\/sectores\/"},{"@type":"ListItem","position":3,"name":"Tratamiento Profesional de Textiles"}]},{"@type":"WebSite","@id":"https:\/\/www.christeyns.com\/es-es\/#website","url":"https:\/\/www.christeyns.com\/es-es\/","name":"Christeyns","description":"Christeyns - Striving for a cleaner future","publisher":{"@id":"https:\/\/www.christeyns.com\/es-es\/#organization"},"inLanguage":"es"},{"@type":"Organization","@id":"https:\/\/www.christeyns.com\/es-es\/#organization","name":"Christeyns","url":"https:\/\/www.christeyns.com\/es-es\/","logo":{"@type":"ImageObject","inLanguage":"es","@id":"https:\/\/www.christeyns.com\/es-es\/#\/schema\/logo\/image\/","url":"https:\/\/www.christeyns.com\/wp-content\/uploads\/2021\/06\/logo.png","contentUrl":"https:\/\/www.christeyns.com\/wp-content\/uploads\/2021\/06\/logo.png","width":262,"height":40,"caption":"Christeyns"},"image":{"@id":"https:\/\/www.christeyns.com\/es-es\/#\/schema\/logo\/image\/"},"sameAs":["https:\/\/www.linkedin.com\/company\/christeyns","https:\/\/www.youtube.com\/c\/christeynshq"]}]}},"_links":{"self":[{"href":"https:\/\/www.christeyns.com\/es-es\/wp-json\/wp\/v2\/pages\/494","targetHints":{"allow":["GET"]}}],"collection":[{"href":"https:\/\/www.christeyns.com\/es-es\/wp-json\/wp\/v2\/pages"}],"about":[{"href":"https:\/\/www.christeyns.com\/es-es\/wp-json\/wp\/v2\/types\/page"}],"author":[{"embeddable":true,"href":"https:\/\/www.christeyns.com\/es-es\/wp-json\/wp\/v2\/users\/1"}],"replies":[{"embeddable":true,"href":"https:\/\/www.christeyns.com\/es-es\/wp-json\/wp\/v2\/comments?post=494"}],"version-history":[{"count":13,"href":"https:\/\/www.christeyns.com\/es-es\/wp-json\/wp\/v2\/pages\/494\/revisions"}],"predecessor-version":[{"id":149270,"href":"https:\/\/www.christeyns.com\/es-es\/wp-json\/wp\/v2\/pages\/494\/revisions\/149270"}],"up":[{"embeddable":true,"href":"https:\/\/www.christeyns.com\/es-es\/wp-json\/wp\/v2\/pages\/484"}],"wp:attachment":[{"href":"https:\/\/www.christeyns.com\/es-es\/wp-json\/wp\/v2\/media?parent=494"}],"curies":[{"name":"wp","href":"https:\/\/api.w.org\/{rel}","templated":true}]}}