{"id":484,"date":"2019-12-18T12:02:58","date_gmt":"2019-12-18T12:02:58","guid":{"rendered":"http:\/\/www.christeyns.com\/?page_id=484"},"modified":"2021-06-09T16:21:49","modified_gmt":"2021-06-09T16:21:49","slug":"sectores","status":"publish","type":"page","link":"https:\/\/www.christeyns.com\/es-es\/sectores\/","title":{"rendered":"Sectores"},"content":{"rendered":"<div class=\"wpb-content-wrapper\"><p>[vc_row full_width=\u00bbstretch_row_content_no_spaces\u00bb][vc_column]\n            <div class=\"full-width sm-p-0\">\n                <div class=\"banner  banner__small banner-curve__white mb-6\">\n                    <picture class=\"banner-image\" >\n                        <source srcset=\"https:\/\/www.christeyns.com\/wp-content\/uploads\/2020\/01\/hero-background.jpg\" media=\"(min-width: 1110px)\">\n                        <source srcset=\"https:\/\/www.christeyns.com\/wp-content\/uploads\/2020\/01\/hero-background-1024x299.jpg\" media=\"(min-width: 321px) and (max-width: 1109px)\">\n                        <img decoding=\"async\" class=\"rellax\" src=\"https:\/\/www.christeyns.com\/wp-content\/uploads\/2020\/01\/hero-background-300x88.jpg\" alt=\"background of the image\" \/>\n                    <\/picture>\n\n                    <div class=\"banner-content-wrapper\" >\n                                                    <div class=\"rownomargin\"><div class=\"col-22 offset-1\"><nav class=\"breadcrumb-trail breadcrumb-trail--small\" aria-label=\"Breadcrumb\" ><span><span><a href=\"https:\/\/www.christeyns.com\/es-es\/\">Home<\/a><\/span><\/span><\/nav><\/div><\/div>\n                        \n                        <div class=\"banner-content col-24 col-md-16 col-lg-16 col-xl-12 text-center\">\n                                                            <h1 class=\"text-white text-uppercase\">Nuestros Sectores<\/h1>\n                            \n                            \n                        <\/div>\n                    <\/div>\n                <\/div>\n            <\/div>\n\n        [\/vc_column][\/vc_row][vc_row full_width=\u00bbstretch_row_content_no_spaces\u00bb][vc_column]\n        <div class=\"content-block full-width  background-white\" >\n            <div class=\"rownomargin\">\n                <div class=\"col-24 col-lg-14 offset-lg-5 col-xl-10 offset-xl-7 text-center mb-6 sm-p-0 text-wrap-balance\">\n                                            <h2 class=\"headingtwo text-blue text-uppercase bold text-center mb-4 heading__top-border-center\" >Su socio en la higiene<\/h2>\n                    \n                                        <div class=\"text-center  content-block\" ><p>Nuestra cartera incluye productos qu\u00edmicos de primera calidad, equipos fiables y un servicio personalizado flexible en los cuatro sectores industriales.<\/p>\n<\/div>\n\n                    \n                    \n\n                <\/div>\n            <\/div>\n        <\/div>\n\n        [\/vc_column][\/vc_row][vc_row full_width=\u00bbstretch_row_content_no_spaces\u00bb][vc_column]            <div class=\"full-width\">\n                <div class=\"four-block mb-default\">\n                    <div class=\"rownomargin justify-content-center\">\n\n                        \n                            <div class=\"col-24 col-md-12 col-lg-6 text-center four-block-col\" >\n                                <div class=\"four-block-background\" ><img decoding=\"async\" src=\"https:\/\/www.christeyns.com\/wp-content\/uploads\/2021\/02\/industry-1.jpg\" alt=\"industry\" loading=\"lazy\" ><\/div>\n                                <div class=\"four-block-content \">\n                                    <div class=\"four-block-body \">\n                                                                                    <div class=\"four-block-image\" >\n                                                <img decoding=\"async\" src=\"https:\/\/www.christeyns.com\/wp-content\/uploads\/2020\/01\/icon-laundry.png\" alt=\"Cuidado profesional de textiles\" loading=\"lazy\" >\n                                            <\/div>\n                                                                                <h2 class=\"four-block-title text-white bold text-uppercase\">Cuidado profesional de textiles<\/h2>\n                                        <div class=\"four-block-introduction\">Detergentes, desinfectantes y equipos altamente eficiente para lavander\u00edas industriales, lavander\u00edas internas y establecimientos de limpieza en seco y en h\u00famedo.<\/div>\n                                                                                    <div><a href=\"https:\/\/www.christeyns.com\/es-es\/sectores\/cuidado-profesional-de-textiles\/\" class=\"four-block-url btn btn-outline-white\" >Cuidado profesional de textiles<\/a><\/div>\n                                                                            <\/div>\n                                <\/div>\n                            <\/div>\n\n                        \n                            <div class=\"col-24 col-md-12 col-lg-6 text-center four-block-col\" >\n                                <div class=\"four-block-background\" ><img decoding=\"async\" src=\"https:\/\/www.christeyns.com\/wp-content\/uploads\/2021\/02\/industry-2.jpg\" alt=\"industry\" loading=\"lazy\" ><\/div>\n                                <div class=\"four-block-content \">\n                                    <div class=\"four-block-body \">\n                                                                                    <div class=\"four-block-image\" >\n                                                <img decoding=\"async\" src=\"https:\/\/www.christeyns.com\/wp-content\/uploads\/2020\/01\/icon-food-processing.png\" alt=\"Industria y distribuci\u00f3n alimentaria\" loading=\"lazy\" >\n                                            <\/div>\n                                                                                <h2 class=\"four-block-title text-white bold text-uppercase\">Industria y distribuci\u00f3n alimentaria<\/h2>\n                                        <div class=\"four-block-introduction\">Excelentes soluciones de higiene para una limpieza y desinfecci\u00f3n seguras de las plantas de producci\u00f3n de alimentos y bebidas, as\u00ed como las empresas distribuidoras de alimentos.<\/div>\n                                                                                    <div><a href=\"https:\/\/www.christeyns.com\/es-es\/sectores\/industria-y-distribucion-alimentaria\/\" class=\"four-block-url btn btn-outline-white\" >Industria y distribuci\u00f3n alimentaria<\/a><\/div>\n                                                                            <\/div>\n                                <\/div>\n                            <\/div>\n\n                        \n                            <div class=\"col-24 col-md-12 col-lg-6 text-center four-block-col\" >\n                                <div class=\"four-block-background\" ><img decoding=\"async\" src=\"https:\/\/www.christeyns.com\/wp-content\/uploads\/2021\/02\/industry-3.jpg\" alt=\"industry\" loading=\"lazy\" ><\/div>\n                                <div class=\"four-block-content \">\n                                    <div class=\"four-block-body \">\n                                                                                    <div class=\"four-block-image\" >\n                                                <img decoding=\"async\" src=\"https:\/\/www.christeyns.com\/wp-content\/uploads\/2020\/01\/icon-professional-cleaning.png\" alt=\"Limpieza profesional\" loading=\"lazy\" >\n                                            <\/div>\n                                                                                <h2 class=\"four-block-title text-white bold text-uppercase\">Limpieza profesional<\/h2>\n                                        <div class=\"four-block-introduction\">Productos de higiene profesionales para la limpieza de cocinas, suelos, habitaciones, superficies, tejidos y de manos en edificios e instituciones.<\/div>\n                                                                                    <div><a href=\"https:\/\/www.christeyns.com\/es-es\/sectores\/limpieza-profesional\/\" class=\"four-block-url btn btn-outline-white\" >Limpieza profesional<\/a><\/div>\n                                                                            <\/div>\n                                <\/div>\n                            <\/div>\n\n                        \n                            <div class=\"col-24 col-md-12 col-lg-6 text-center four-block-col\" >\n                                <div class=\"four-block-background\" ><img decoding=\"async\" src=\"https:\/\/www.christeyns.com\/wp-content\/uploads\/2021\/02\/industry-4.jpg\" alt=\"industry\" loading=\"lazy\" ><\/div>\n                                <div class=\"four-block-content \">\n                                    <div class=\"four-block-body \">\n                                                                                    <div class=\"four-block-image\" >\n                                                <img decoding=\"async\" src=\"https:\/\/www.christeyns.com\/wp-content\/uploads\/2020\/01\/icon-life-science.png\" alt=\"Life Sciences\" loading=\"lazy\" >\n                                            <\/div>\n                                                                                <h2 class=\"four-block-title text-white bold text-uppercase\">Life Sciences<\/h2>\n                                        <div class=\"four-block-introduction\">Soluciones de higiene globales para la industria m\u00e9dica, farmac\u00e9utica y cosm\u00e9tica.<\/div>\n                                                                                    <div><a href=\"https:\/\/www.christeyns.com\/es-es\/sectores\/sanidad-life-sciences\/\" class=\"four-block-url btn btn-outline-white\" >Life Sciences<\/a><\/div>\n                                                                            <\/div>\n                                <\/div>\n                            <\/div>\n\n                        \n                    <\/div>\n                <\/div>\n            <\/div>\n\n        [\/vc_column][\/vc_row][vc_row][vc_column]\n        <div class=\"full-width\">\n            <div class=\"rownomargin mb-default\">\n                <div class=\"col-24 col-sm-20 offset-sm-2 col-lg-16 offset-lg-4 sm-p-0\">\n                    <div class=\"gradient-text font-default text-center\">Las necesidades y las expectativas var\u00edan en funci\u00f3n del negocio y del pa\u00eds. Por esta raz\u00f3n transformamos nuestra experiencia mundial en acciones locales.<\/div>\n                <\/div>\n            <\/div>\n        <\/div>\n\n        [\/vc_column][\/vc_row]<\/p>\n<\/div>","protected":false},"excerpt":{"rendered":"<p>[vc_row full_width=\u00bbstretch_row_content_no_spaces\u00bb][vc_column][\/vc_column][\/vc_row][vc_row full_width=\u00bbstretch_row_content_no_spaces\u00bb][vc_column][\/vc_column][\/vc_row][vc_row full_width=\u00bbstretch_row_content_no_spaces\u00bb][vc_column][\/vc_column][\/vc_row][vc_row][vc_column][\/vc_column][\/vc_row]<\/p>\n","protected":false},"author":1,"featured_media":0,"parent":0,"menu_order":790,"comment_status":"closed","ping_status":"closed","template":"","meta":{"_acf_changed":false,"content-type":"","footnotes":""},"class_list":["post-484","page","type-page","status-publish","hentry"],"acf":[],"yoast_head":"<!-- This site is optimized with the Yoast SEO plugin v26.9 - https:\/\/yoast.com\/product\/yoast-seo-wordpress\/ -->\n<title>Christeyns | productos qu\u00edmicos de primera calidad y equipos fiables a su servicio<\/title>\n<meta name=\"description\" content=\"Christeyns ofrece soluciones de higiene para los sectores de lavander\u00eda, alimentaci\u00f3n, limpieza profesional y Life Sciences. Encuentre la soluci\u00f3n adecuada para su negocio.\" \/>\n<meta name=\"robots\" content=\"index, follow, max-snippet:-1, max-image-preview:large, max-video-preview:-1\" \/>\n<link rel=\"canonical\" href=\"https:\/\/www.christeyns.com\/es-es\/sectores\/\" \/>\n<meta property=\"og:locale\" content=\"es_ES\" \/>\n<meta property=\"og:type\" content=\"article\" \/>\n<meta property=\"og:title\" content=\"Christeyns | productos qu\u00edmicos de primera calidad y equipos fiables a su servicio\" \/>\n<meta property=\"og:description\" content=\"Christeyns ofrece soluciones de higiene para los sectores de lavander\u00eda, alimentaci\u00f3n, limpieza profesional y Life Sciences. Encuentre la soluci\u00f3n adecuada para su negocio.\" \/>\n<meta property=\"og:url\" content=\"https:\/\/www.christeyns.com\/es-es\/sectores\/\" \/>\n<meta property=\"og:site_name\" content=\"Christeyns\" \/>\n<meta property=\"article:modified_time\" content=\"2021-06-09T16:21:49+00:00\" \/>\n<meta property=\"og:image\" content=\"https:\/\/www.christeyns.com\/wp-content\/uploads\/2018\/10\/christeyns-logo-shot.jpg\" \/>\n\t<meta property=\"og:image:width\" content=\"842\" \/>\n\t<meta property=\"og:image:height\" content=\"560\" \/>\n\t<meta property=\"og:image:type\" content=\"image\/jpeg\" \/>\n<meta name=\"twitter:card\" content=\"summary_large_image\" \/>\n<meta name=\"twitter:label1\" content=\"Tiempo de lectura\" \/>\n\t<meta name=\"twitter:data1\" content=\"2 minutos\" \/>\n<script type=\"application\/ld+json\" class=\"yoast-schema-graph\">{\"@context\":\"https:\/\/schema.org\",\"@graph\":[{\"@type\":\"WebPage\",\"@id\":\"https:\/\/www.christeyns.com\/es-es\/sectores\/\",\"url\":\"https:\/\/www.christeyns.com\/es-es\/sectores\/\",\"name\":\"Christeyns | productos qu\u00edmicos de primera calidad y equipos fiables a su servicio\",\"isPartOf\":{\"@id\":\"https:\/\/www.christeyns.com\/es-es\/#website\"},\"datePublished\":\"2019-12-18T12:02:58+00:00\",\"dateModified\":\"2021-06-09T16:21:49+00:00\",\"description\":\"Christeyns ofrece soluciones de higiene para los sectores de lavander\u00eda, alimentaci\u00f3n, limpieza profesional y Life Sciences. Encuentre la soluci\u00f3n adecuada para su negocio.\",\"breadcrumb\":{\"@id\":\"https:\/\/www.christeyns.com\/es-es\/sectores\/#breadcrumb\"},\"inLanguage\":\"es\",\"potentialAction\":[{\"@type\":\"ReadAction\",\"target\":[\"https:\/\/www.christeyns.com\/es-es\/sectores\/\"]}]},{\"@type\":\"BreadcrumbList\",\"@id\":\"https:\/\/www.christeyns.com\/es-es\/sectores\/#breadcrumb\",\"itemListElement\":[{\"@type\":\"ListItem\",\"position\":1,\"name\":\"Home\",\"item\":\"https:\/\/www.christeyns.com\/es-es\/\"},{\"@type\":\"ListItem\",\"position\":2,\"name\":\"Sectores\"}]},{\"@type\":\"WebSite\",\"@id\":\"https:\/\/www.christeyns.com\/es-es\/#website\",\"url\":\"https:\/\/www.christeyns.com\/es-es\/\",\"name\":\"Christeyns\",\"description\":\"Christeyns - Striving for a cleaner future\",\"publisher\":{\"@id\":\"https:\/\/www.christeyns.com\/es-es\/#organization\"},\"inLanguage\":\"es\"},{\"@type\":\"Organization\",\"@id\":\"https:\/\/www.christeyns.com\/es-es\/#organization\",\"name\":\"Christeyns\",\"url\":\"https:\/\/www.christeyns.com\/es-es\/\",\"logo\":{\"@type\":\"ImageObject\",\"inLanguage\":\"es\",\"@id\":\"https:\/\/www.christeyns.com\/es-es\/#\/schema\/logo\/image\/\",\"url\":\"https:\/\/www.christeyns.com\/wp-content\/uploads\/2021\/06\/logo.png\",\"contentUrl\":\"https:\/\/www.christeyns.com\/wp-content\/uploads\/2021\/06\/logo.png\",\"width\":262,\"height\":40,\"caption\":\"Christeyns\"},\"image\":{\"@id\":\"https:\/\/www.christeyns.com\/es-es\/#\/schema\/logo\/image\/\"},\"sameAs\":[\"https:\/\/www.linkedin.com\/company\/christeyns\",\"https:\/\/www.youtube.com\/c\/christeynshq\"]}]}<\/script>\n<!-- \/ Yoast SEO plugin. -->","yoast_head_json":{"title":"Christeyns | productos qu\u00edmicos de primera calidad y equipos fiables a su servicio","description":"Christeyns ofrece soluciones de higiene para los sectores de lavander\u00eda, alimentaci\u00f3n, limpieza profesional y Life Sciences. Encuentre la soluci\u00f3n adecuada para su negocio.","robots":{"index":"index","follow":"follow","max-snippet":"max-snippet:-1","max-image-preview":"max-image-preview:large","max-video-preview":"max-video-preview:-1"},"canonical":"https:\/\/www.christeyns.com\/es-es\/sectores\/","og_locale":"es_ES","og_type":"article","og_title":"Christeyns | productos qu\u00edmicos de primera calidad y equipos fiables a su servicio","og_description":"Christeyns ofrece soluciones de higiene para los sectores de lavander\u00eda, alimentaci\u00f3n, limpieza profesional y Life Sciences. Encuentre la soluci\u00f3n adecuada para su negocio.","og_url":"https:\/\/www.christeyns.com\/es-es\/sectores\/","og_site_name":"Christeyns","article_modified_time":"2021-06-09T16:21:49+00:00","og_image":[{"width":842,"height":560,"url":"https:\/\/www.christeyns.com\/wp-content\/uploads\/2018\/10\/christeyns-logo-shot.jpg","type":"image\/jpeg"}],"twitter_card":"summary_large_image","twitter_misc":{"Tiempo de lectura":"2 minutos"},"schema":{"@context":"https:\/\/schema.org","@graph":[{"@type":"WebPage","@id":"https:\/\/www.christeyns.com\/es-es\/sectores\/","url":"https:\/\/www.christeyns.com\/es-es\/sectores\/","name":"Christeyns | productos qu\u00edmicos de primera calidad y equipos fiables a su servicio","isPartOf":{"@id":"https:\/\/www.christeyns.com\/es-es\/#website"},"datePublished":"2019-12-18T12:02:58+00:00","dateModified":"2021-06-09T16:21:49+00:00","description":"Christeyns ofrece soluciones de higiene para los sectores de lavander\u00eda, alimentaci\u00f3n, limpieza profesional y Life Sciences. Encuentre la soluci\u00f3n adecuada para su negocio.","breadcrumb":{"@id":"https:\/\/www.christeyns.com\/es-es\/sectores\/#breadcrumb"},"inLanguage":"es","potentialAction":[{"@type":"ReadAction","target":["https:\/\/www.christeyns.com\/es-es\/sectores\/"]}]},{"@type":"BreadcrumbList","@id":"https:\/\/www.christeyns.com\/es-es\/sectores\/#breadcrumb","itemListElement":[{"@type":"ListItem","position":1,"name":"Home","item":"https:\/\/www.christeyns.com\/es-es\/"},{"@type":"ListItem","position":2,"name":"Sectores"}]},{"@type":"WebSite","@id":"https:\/\/www.christeyns.com\/es-es\/#website","url":"https:\/\/www.christeyns.com\/es-es\/","name":"Christeyns","description":"Christeyns - Striving for a cleaner future","publisher":{"@id":"https:\/\/www.christeyns.com\/es-es\/#organization"},"inLanguage":"es"},{"@type":"Organization","@id":"https:\/\/www.christeyns.com\/es-es\/#organization","name":"Christeyns","url":"https:\/\/www.christeyns.com\/es-es\/","logo":{"@type":"ImageObject","inLanguage":"es","@id":"https:\/\/www.christeyns.com\/es-es\/#\/schema\/logo\/image\/","url":"https:\/\/www.christeyns.com\/wp-content\/uploads\/2021\/06\/logo.png","contentUrl":"https:\/\/www.christeyns.com\/wp-content\/uploads\/2021\/06\/logo.png","width":262,"height":40,"caption":"Christeyns"},"image":{"@id":"https:\/\/www.christeyns.com\/es-es\/#\/schema\/logo\/image\/"},"sameAs":["https:\/\/www.linkedin.com\/company\/christeyns","https:\/\/www.youtube.com\/c\/christeynshq"]}]}},"_links":{"self":[{"href":"https:\/\/www.christeyns.com\/es-es\/wp-json\/wp\/v2\/pages\/484","targetHints":{"allow":["GET"]}}],"collection":[{"href":"https:\/\/www.christeyns.com\/es-es\/wp-json\/wp\/v2\/pages"}],"about":[{"href":"https:\/\/www.christeyns.com\/es-es\/wp-json\/wp\/v2\/types\/page"}],"author":[{"embeddable":true,"href":"https:\/\/www.christeyns.com\/es-es\/wp-json\/wp\/v2\/users\/1"}],"replies":[{"embeddable":true,"href":"https:\/\/www.christeyns.com\/es-es\/wp-json\/wp\/v2\/comments?post=484"}],"version-history":[{"count":8,"href":"https:\/\/www.christeyns.com\/es-es\/wp-json\/wp\/v2\/pages\/484\/revisions"}],"predecessor-version":[{"id":29918,"href":"https:\/\/www.christeyns.com\/es-es\/wp-json\/wp\/v2\/pages\/484\/revisions\/29918"}],"wp:attachment":[{"href":"https:\/\/www.christeyns.com\/es-es\/wp-json\/wp\/v2\/media?parent=484"}],"curies":[{"name":"wp","href":"https:\/\/api.w.org\/{rel}","templated":true}]}}