{"id":28201,"date":"2021-05-27T13:40:24","date_gmt":"2021-05-27T13:40:24","guid":{"rendered":"https:\/\/www.christeyns.com\/certificates\/"},"modified":"2022-12-22T12:34:09","modified_gmt":"2022-12-22T12:34:09","slug":"certificaciones","status":"publish","type":"page","link":"https:\/\/www.christeyns.com\/es-es\/certificaciones\/","title":{"rendered":"Certificaciones"},"content":{"rendered":"<div class=\"wpb-content-wrapper\"><p>[vc_row][vc_column]\n            <div class=\"full-width sm-p-0\">\n                <div class=\"banner  banner__small banner-curve__white mb-6\">\n                    <picture class=\"banner-image\" >\n                        <source srcset=\"https:\/\/www.christeyns.com\/wp-content\/uploads\/2020\/01\/hero-background.jpg\" media=\"(min-width: 1110px)\">\n                        <source srcset=\"https:\/\/www.christeyns.com\/wp-content\/uploads\/2020\/01\/hero-background-1024x299.jpg\" media=\"(min-width: 321px) and (max-width: 1109px)\">\n                        <img decoding=\"async\" class=\"rellax\" src=\"https:\/\/www.christeyns.com\/wp-content\/uploads\/2020\/01\/hero-background-300x88.jpg\" alt=\"background of the image\" \/>\n                    <\/picture>\n\n                    <div class=\"banner-content-wrapper\" >\n                                                    <div class=\"rownomargin\"><div class=\"col-22 offset-1\"><nav class=\"breadcrumb-trail breadcrumb-trail--small\" aria-label=\"Breadcrumb\" ><span><span><a href=\"https:\/\/www.christeyns.com\/es-es\/\">Home<\/a><\/span><\/span><\/nav><\/div><\/div>\n                        \n                        <div class=\"banner-content col-24 col-md-16 col-lg-16 col-xl-12 text-center\">\n                                                            <h1 class=\"text-white text-uppercase\">Certificaciones<\/h1>\n                            \n                            \n                        <\/div>\n                    <\/div>\n                <\/div>\n            <\/div>\n\n        [\/vc_column][\/vc_row][vc_row][vc_column]\n            \n\n            <div class=\"full-width\">\n\n                \n\n\n                                <div class=\"mb-default col-24 col-lg-22 offset-lg-1\" id=\"news-articles-layout-wrapper\" >\n                                    <div class=\"row d-flex flex-lg-row\"  >\n                                        <div class=\"col-24 sm-p-0\" >\n                                            <div class=\"row vc_row\" id=\"product-layout\">\n\n                                                                                                \n                                                                                                                <div class=\"col-24 col-md-8 col-xl-6 products-panel\">\n                                                                <div class=\"products-panel__wrapper\">\n                                                                    <div class=\"products-panel__image\">\n                                                                                                                                                    <img decoding=\"async\" src=\"https:\/\/www.christeyns.com\/wp-content\/uploads\/2025\/09\/ISO-50001-150x150.png\" alt=\"ISO 50001 CHRISTEYNS ESPA\u00d1A\">\n                                                                                                                                            <\/div>\n                                                                    <h2 class=\"products-panel__title\">ISO 50001 CHRISTEYNS ESPA\u00d1A<\/h2>\n                                                                    <div class=\"products-panel__excerpt\"><p>Consulta la certificaci\u00f3n del Sistema de eficiencia energ\u00e9tica (ISO 50001:2018) de CHRISTEYNS ESPA\u00d1A por EQA.<\/p>\n<p><a href=\"https:\/\/www.christeyns.com\/wp-content\/uploads\/2025\/09\/ISO-50001_2018-Christeyns-Espana-2025-07.pdf\">Ver certificado ISO 50001:2018<\/a><\/p>\n<\/div>\n                                                                                                                                    <\/div>\n                                                            <\/div>\n\n                                                                                                                <div class=\"col-24 col-md-8 col-xl-6 products-panel\">\n                                                                <div class=\"products-panel__wrapper\">\n                                                                    <div class=\"products-panel__image\">\n                                                                                                                                                    <img decoding=\"async\" src=\"https:\/\/www.christeyns.com\/wp-content\/uploads\/2021\/06\/ISO-9001-CHRISTEYNS-ES-2-150x150.png\" alt=\"ISO 9001 CHRISTEYNS ESPA\u00d1A\">\n                                                                                                                                            <\/div>\n                                                                    <h2 class=\"products-panel__title\">ISO 9001 CHRISTEYNS ESPA\u00d1A<\/h2>\n                                                                    <div class=\"products-panel__excerpt\"><p>Consulta la certificaci\u00f3n del Sistema de Calidad (ISO 9001:2015) de CHRISTEYNS ESPA\u00d1A por EQA.<\/p>\n<p><a href=\"https:\/\/www.christeyns.com\/wp-content\/uploads\/2024\/10\/ISO-9001-Christeyns-Espana-2026-03.pdf\" target=\"_blank\" rel=\"noopener\">Ver certificado ISO 9001:20<\/a><\/p>\n<\/div>\n                                                                                                                                    <\/div>\n                                                            <\/div>\n\n                                                                                                                <div class=\"col-24 col-md-8 col-xl-6 products-panel\">\n                                                                <div class=\"products-panel__wrapper\">\n                                                                    <div class=\"products-panel__image\">\n                                                                                                                                                    <img decoding=\"async\" src=\"https:\/\/www.christeyns.com\/wp-content\/uploads\/2021\/06\/ISO-14001-CHRISTEYNS-ES-150x150.png\" alt=\"ISO 14001 CHRISTEYNS ESPA\u00d1A\">\n                                                                                                                                            <\/div>\n                                                                    <h2 class=\"products-panel__title\">ISO 14001 CHRISTEYNS ESPA\u00d1A<\/h2>\n                                                                    <div class=\"products-panel__excerpt\"><p>UNE-EN ISO 14001:2015 Christeyns Espa\u00f1aConsulta la certificaci\u00f3n del Sistema de Gesti\u00f3n Ambiental (ISO 14001:2015) de CHRISTEYNS ESPA\u00d1A.<\/p>\n<p><a href=\"https:\/\/www.christeyns.com\/wp-content\/uploads\/2024\/10\/ISO-14001-Christeyns-Espana-2026-03.pdf\" target=\"_blank\" rel=\"noopener\">Ver certificado ISO 14001<\/a><\/p>\n<\/div>\n                                                                                                                                    <\/div>\n                                                            <\/div>\n\n                                                                                                                <div class=\"col-24 col-md-8 col-xl-6 products-panel\">\n                                                                <div class=\"products-panel__wrapper\">\n                                                                    <div class=\"products-panel__image\">\n                                                                                                                                                    <img decoding=\"async\" src=\"https:\/\/www.christeyns.com\/wp-content\/uploads\/2024\/09\/medal-ecovadis-2025-150x150.png\" alt=\"EcoVadis Medalla de plata 2025\">\n                                                                                                                                            <\/div>\n                                                                    <h2 class=\"products-panel__title\">EcoVadis Medalla de plata 2025<\/h2>\n                                                                    <div class=\"products-panel__excerpt\"><p style=\"text-align: center;\">Nos enorgullece anunciar que, una vez m\u00e1s, hemos sido galardonados con la medalla EcoVadis. EN 2025, nos situamos entre el 15% de las empresas mejor valoradas del sector.<\/p>\n<p style=\"text-align: center;\">EcoVadis es una plataforma online basado en evidencias que permite a las empresas evaluar el desempe\u00f1o en sostenibilidad, tanto propio como de sus proveedores.<\/p>\n<\/div>\n                                                                                                                                    <\/div>\n                                                            <\/div>\n\n                                                                                                                <div class=\"col-24 col-md-8 col-xl-6 products-panel\">\n                                                                <div class=\"products-panel__wrapper\">\n                                                                    <div class=\"products-panel__image\">\n                                                                                                                                                    <img decoding=\"async\" src=\"https:\/\/www.christeyns.com\/wp-content\/uploads\/2022\/11\/Politica-preventiva-CHRISTEYNS-2022-150x150.jpg\" alt=\"Pol\u00edtica preventiva y de seguridad\">\n                                                                                                                                            <\/div>\n                                                                    <h2 class=\"products-panel__title\">Pol\u00edtica preventiva y de seguridad<\/h2>\n                                                                    <div class=\"products-panel__excerpt\"><p>Consulta en este <a href=\"https:\/\/www.christeyns.com\/wp-content\/uploads\/2022\/11\/09_R-01-Politica-PRL_Seguridad-rev4.pdf\" target=\"_blank\" rel=\"noopener\">enlace<\/a> nuestra pol\u00edtica preventiva y de seguridad<\/p>\n<p>&nbsp;<\/p>\n<\/div>\n                                                                                                                                    <\/div>\n                                                            <\/div>\n\n                                                                                                                <div class=\"col-24 col-md-8 col-xl-6 products-panel\">\n                                                                <div class=\"products-panel__wrapper\">\n                                                                    <div class=\"products-panel__image\">\n                                                                                                                                                    <img decoding=\"async\" src=\"https:\/\/www.christeyns.com\/wp-content\/uploads\/2021\/06\/sello_fentempresa-150x150.jpg\" alt=\"Visado de Igualdad\">\n                                                                                                                                            <\/div>\n                                                                    <h2 class=\"products-panel__title\">Visado de Igualdad<\/h2>\n                                                                    <div class=\"products-panel__excerpt\"><p>Visado de igualdad expedido por la Generalitat Valenciana que reconoce a las empresas que destacan por su aplicaci\u00f3n de las pol\u00edticas de igualdad y conciliaci\u00f3n en su plantilla<\/p>\n<p><a href=\"https:\/\/www.christeyns.com\/wp-content\/uploads\/2021\/06\/2025_02_28-Diploma_142_24_firmado.pdf\">Ver el sello<\/a><\/p>\n<\/div>\n                                                                                                                                    <\/div>\n                                                            <\/div>\n\n                                                                                                                <div class=\"col-24 col-md-8 col-xl-6 products-panel\">\n                                                                <div class=\"products-panel__wrapper\">\n                                                                    <div class=\"products-panel__image\">\n                                                                                                                                                    <img decoding=\"async\" src=\"https:\/\/www.christeyns.com\/wp-content\/themes\/christeyns\/assets\/images\/default-plain-450.png\" alt=\"christeyns logo\">\n                                                                                                                                            <\/div>\n                                                                    <h2 class=\"products-panel__title\">Pol\u00edtica de Calidad, Medioambiente y Energ\u00eda<\/h2>\n                                                                    <div class=\"products-panel__excerpt\"><p>Desc\u00e1rgate nuestra pol\u00edtica de Calidad, Medioambiente y energ\u00eda<\/p>\n<p><a href=\"https:\/\/www.christeyns.com\/wp-content\/uploads\/2021\/06\/01_R-18_Politica_Calidad_y_MA_rev8.pdf\" target=\"_blank\" rel=\"noopener\">Pol\u00edtica de calidad, medioambiente y energ\u00eda<\/a><\/p>\n<\/div>\n                                                                                                                                    <\/div>\n                                                            <\/div>\n\n                                                                                                            <nav class=\"pagination-wrapper mt-4 col-24\" >\n                                                                                                                    <\/nav>\n                                                    \n                                            <\/div>\n                                        <\/div>\n                                    <\/div>\n                                <\/div>\n\n                            \n\n            <\/div>\n\n        [\/vc_column][\/vc_row]<\/p>\n<\/div>","protected":false},"excerpt":{"rendered":"<p>[vc_row][vc_column][\/vc_column][\/vc_row][vc_row][vc_column][\/vc_column][\/vc_row]<\/p>\n","protected":false},"author":1,"featured_media":0,"parent":0,"menu_order":128,"comment_status":"closed","ping_status":"closed","template":"","meta":{"_acf_changed":false,"content-type":"","footnotes":""},"class_list":["post-28201","page","type-page","status-publish","hentry"],"acf":[],"yoast_head":"<!-- This site is optimized with the Yoast SEO plugin v26.9 - https:\/\/yoast.com\/product\/yoast-seo-wordpress\/ -->\n<title>Certificaciones | Christeyns<\/title>\n<meta name=\"robots\" content=\"index, follow, max-snippet:-1, max-image-preview:large, max-video-preview:-1\" \/>\n<link rel=\"canonical\" href=\"https:\/\/www.christeyns.com\/es-es\/certificaciones\/\" \/>\n<meta property=\"og:locale\" content=\"es_ES\" \/>\n<meta property=\"og:type\" content=\"article\" \/>\n<meta property=\"og:title\" content=\"Certificaciones | Christeyns\" \/>\n<meta property=\"og:description\" content=\"[vc_row][vc_column][\/vc_column][\/vc_row][vc_row][vc_column][\/vc_column][\/vc_row]\" \/>\n<meta property=\"og:url\" content=\"https:\/\/www.christeyns.com\/es-es\/certificaciones\/\" \/>\n<meta property=\"og:site_name\" content=\"Christeyns\" \/>\n<meta property=\"article:modified_time\" content=\"2022-12-22T12:34:09+00:00\" \/>\n<meta property=\"og:image\" content=\"https:\/\/www.christeyns.com\/wp-content\/uploads\/2018\/10\/christeyns-logo-shot.jpg\" \/>\n\t<meta property=\"og:image:width\" content=\"842\" \/>\n\t<meta property=\"og:image:height\" content=\"560\" \/>\n\t<meta property=\"og:image:type\" content=\"image\/jpeg\" \/>\n<meta name=\"twitter:card\" content=\"summary_large_image\" \/>\n<meta name=\"twitter:label1\" content=\"Tiempo de lectura\" \/>\n\t<meta name=\"twitter:data1\" content=\"1 minuto\" \/>\n<script type=\"application\/ld+json\" class=\"yoast-schema-graph\">{\"@context\":\"https:\/\/schema.org\",\"@graph\":[{\"@type\":\"WebPage\",\"@id\":\"https:\/\/www.christeyns.com\/es-es\/certificaciones\/\",\"url\":\"https:\/\/www.christeyns.com\/es-es\/certificaciones\/\",\"name\":\"Certificaciones | Christeyns\",\"isPartOf\":{\"@id\":\"https:\/\/www.christeyns.com\/es-es\/#website\"},\"datePublished\":\"2021-05-27T13:40:24+00:00\",\"dateModified\":\"2022-12-22T12:34:09+00:00\",\"breadcrumb\":{\"@id\":\"https:\/\/www.christeyns.com\/es-es\/certificaciones\/#breadcrumb\"},\"inLanguage\":\"es\",\"potentialAction\":[{\"@type\":\"ReadAction\",\"target\":[\"https:\/\/www.christeyns.com\/es-es\/certificaciones\/\"]}]},{\"@type\":\"BreadcrumbList\",\"@id\":\"https:\/\/www.christeyns.com\/es-es\/certificaciones\/#breadcrumb\",\"itemListElement\":[{\"@type\":\"ListItem\",\"position\":1,\"name\":\"Home\",\"item\":\"https:\/\/www.christeyns.com\/es-es\/\"},{\"@type\":\"ListItem\",\"position\":2,\"name\":\"Certificaciones\"}]},{\"@type\":\"WebSite\",\"@id\":\"https:\/\/www.christeyns.com\/es-es\/#website\",\"url\":\"https:\/\/www.christeyns.com\/es-es\/\",\"name\":\"Christeyns\",\"description\":\"Christeyns - Striving for a cleaner future\",\"publisher\":{\"@id\":\"https:\/\/www.christeyns.com\/es-es\/#organization\"},\"inLanguage\":\"es\"},{\"@type\":\"Organization\",\"@id\":\"https:\/\/www.christeyns.com\/es-es\/#organization\",\"name\":\"Christeyns\",\"url\":\"https:\/\/www.christeyns.com\/es-es\/\",\"logo\":{\"@type\":\"ImageObject\",\"inLanguage\":\"es\",\"@id\":\"https:\/\/www.christeyns.com\/es-es\/#\/schema\/logo\/image\/\",\"url\":\"https:\/\/www.christeyns.com\/wp-content\/uploads\/2021\/06\/logo.png\",\"contentUrl\":\"https:\/\/www.christeyns.com\/wp-content\/uploads\/2021\/06\/logo.png\",\"width\":262,\"height\":40,\"caption\":\"Christeyns\"},\"image\":{\"@id\":\"https:\/\/www.christeyns.com\/es-es\/#\/schema\/logo\/image\/\"},\"sameAs\":[\"https:\/\/www.linkedin.com\/company\/christeyns\",\"https:\/\/www.youtube.com\/c\/christeynshq\"]}]}<\/script>\n<!-- \/ Yoast SEO plugin. -->","yoast_head_json":{"title":"Certificaciones | Christeyns","robots":{"index":"index","follow":"follow","max-snippet":"max-snippet:-1","max-image-preview":"max-image-preview:large","max-video-preview":"max-video-preview:-1"},"canonical":"https:\/\/www.christeyns.com\/es-es\/certificaciones\/","og_locale":"es_ES","og_type":"article","og_title":"Certificaciones | Christeyns","og_description":"[vc_row][vc_column][\/vc_column][\/vc_row][vc_row][vc_column][\/vc_column][\/vc_row]","og_url":"https:\/\/www.christeyns.com\/es-es\/certificaciones\/","og_site_name":"Christeyns","article_modified_time":"2022-12-22T12:34:09+00:00","og_image":[{"width":842,"height":560,"url":"https:\/\/www.christeyns.com\/wp-content\/uploads\/2018\/10\/christeyns-logo-shot.jpg","type":"image\/jpeg"}],"twitter_card":"summary_large_image","twitter_misc":{"Tiempo de lectura":"1 minuto"},"schema":{"@context":"https:\/\/schema.org","@graph":[{"@type":"WebPage","@id":"https:\/\/www.christeyns.com\/es-es\/certificaciones\/","url":"https:\/\/www.christeyns.com\/es-es\/certificaciones\/","name":"Certificaciones | Christeyns","isPartOf":{"@id":"https:\/\/www.christeyns.com\/es-es\/#website"},"datePublished":"2021-05-27T13:40:24+00:00","dateModified":"2022-12-22T12:34:09+00:00","breadcrumb":{"@id":"https:\/\/www.christeyns.com\/es-es\/certificaciones\/#breadcrumb"},"inLanguage":"es","potentialAction":[{"@type":"ReadAction","target":["https:\/\/www.christeyns.com\/es-es\/certificaciones\/"]}]},{"@type":"BreadcrumbList","@id":"https:\/\/www.christeyns.com\/es-es\/certificaciones\/#breadcrumb","itemListElement":[{"@type":"ListItem","position":1,"name":"Home","item":"https:\/\/www.christeyns.com\/es-es\/"},{"@type":"ListItem","position":2,"name":"Certificaciones"}]},{"@type":"WebSite","@id":"https:\/\/www.christeyns.com\/es-es\/#website","url":"https:\/\/www.christeyns.com\/es-es\/","name":"Christeyns","description":"Christeyns - Striving for a cleaner future","publisher":{"@id":"https:\/\/www.christeyns.com\/es-es\/#organization"},"inLanguage":"es"},{"@type":"Organization","@id":"https:\/\/www.christeyns.com\/es-es\/#organization","name":"Christeyns","url":"https:\/\/www.christeyns.com\/es-es\/","logo":{"@type":"ImageObject","inLanguage":"es","@id":"https:\/\/www.christeyns.com\/es-es\/#\/schema\/logo\/image\/","url":"https:\/\/www.christeyns.com\/wp-content\/uploads\/2021\/06\/logo.png","contentUrl":"https:\/\/www.christeyns.com\/wp-content\/uploads\/2021\/06\/logo.png","width":262,"height":40,"caption":"Christeyns"},"image":{"@id":"https:\/\/www.christeyns.com\/es-es\/#\/schema\/logo\/image\/"},"sameAs":["https:\/\/www.linkedin.com\/company\/christeyns","https:\/\/www.youtube.com\/c\/christeynshq"]}]}},"_links":{"self":[{"href":"https:\/\/www.christeyns.com\/es-es\/wp-json\/wp\/v2\/pages\/28201","targetHints":{"allow":["GET"]}}],"collection":[{"href":"https:\/\/www.christeyns.com\/es-es\/wp-json\/wp\/v2\/pages"}],"about":[{"href":"https:\/\/www.christeyns.com\/es-es\/wp-json\/wp\/v2\/types\/page"}],"author":[{"embeddable":true,"href":"https:\/\/www.christeyns.com\/es-es\/wp-json\/wp\/v2\/users\/1"}],"replies":[{"embeddable":true,"href":"https:\/\/www.christeyns.com\/es-es\/wp-json\/wp\/v2\/comments?post=28201"}],"version-history":[{"count":2,"href":"https:\/\/www.christeyns.com\/es-es\/wp-json\/wp\/v2\/pages\/28201\/revisions"}],"predecessor-version":[{"id":28220,"href":"https:\/\/www.christeyns.com\/es-es\/wp-json\/wp\/v2\/pages\/28201\/revisions\/28220"}],"wp:attachment":[{"href":"https:\/\/www.christeyns.com\/es-es\/wp-json\/wp\/v2\/media?parent=28201"}],"curies":[{"name":"wp","href":"https:\/\/api.w.org\/{rel}","templated":true}]}}