{"id":165139,"date":"2026-03-27T11:38:09","date_gmt":"2026-03-27T11:38:09","guid":{"rendered":"https:\/\/www.christeyns.com\/security\/"},"modified":"2026-04-10T11:12:51","modified_gmt":"2026-04-10T11:12:51","slug":"seguridad","status":"publish","type":"page","link":"https:\/\/www.christeyns.com\/es-es\/seguridad\/","title":{"rendered":"Seguridad"},"content":{"rendered":"<div class=\"wpb-content-wrapper\"><p>[vc_row full_width=\u00bbstretch_row_content_no_spaces\u00bb][vc_column]\n            <div class=\"full-width sm-p-0\">\n                <div class=\"banner  banner__small banner-curve__white mb-6\">\n                    <picture class=\"banner-image\" >\n                        <source srcset=\"https:\/\/www.christeyns.com\/wp-content\/uploads\/2020\/01\/hero-background.jpg\" media=\"(min-width: 1110px)\">\n                        <source srcset=\"https:\/\/www.christeyns.com\/wp-content\/uploads\/2020\/01\/hero-background-1024x299.jpg\" media=\"(min-width: 321px) and (max-width: 1109px)\">\n                        <img decoding=\"async\" class=\"rellax\" src=\"https:\/\/www.christeyns.com\/wp-content\/uploads\/2020\/01\/hero-background-300x88.jpg\" alt=\"background of the image\" \/>\n                    <\/picture>\n\n                    <div class=\"banner-content-wrapper\" >\n                                                    <div class=\"rownomargin\"><div class=\"col-22 offset-1\"><nav class=\"breadcrumb-trail breadcrumb-trail--small\" aria-label=\"Breadcrumb\" ><span><span><a href=\"https:\/\/www.christeyns.com\/es-es\/\">Home<\/a><\/span><\/span><\/nav><\/div><\/div>\n                        \n                        <div class=\"banner-content col-24 col-md-16 col-lg-16 col-xl-12 text-center\">\n                                                            <h1 class=\"text-white text-uppercase\">Seguridad <\/h1>\n                            \n                            \n                        <\/div>\n                    <\/div>\n                <\/div>\n            <\/div>\n\n        [\/vc_column][\/vc_row][vc_row][vc_column]\n        <div class=\"page-block background-white\">\n            <div class=\"full-width mt-none mb-default\" >\n                <div class=\"rownomargin\">\n                    <div class=\"col-24 col-lg-22 offset-lg-1 text-left\">\n                        \n                                                <div class=\"page-block__content  inner-page-block__content\" ><h1 data-start=\"100\" data-end=\"141\" data-section-id=\"1jvw9rg\">Notificaci\u00f3n de incidentes de seguridad y ciberseguridad<\/h1>\n<p data-start=\"143\" data-end=\"356\"><span style=\"letter-spacing: 0.1px;\">En Christeyns, la seguridad de nuestros sistemas, datos y comunicaciones es una prioridad absoluta. Trabajamos continuamente para proteger nuestra infraestructura digital y garantizar la confianza de nuestros clientes, socios y grupos de inter\u00e9s.<\/span><\/p>\n<p data-start=\"143\" data-end=\"356\"><span style=\"letter-spacing: 0.1px;\">Como parte de este compromiso, hemos establecido un canal espec\u00edfico para la notificaci\u00f3n de incidentes de ciberseguridad.<\/span><\/p>\n<p data-start=\"143\" data-end=\"356\"><span style=\"letter-spacing: 0.1px;\">Si detectas o sospechas de cualquier actividad que pueda comprometer la seguridad de nuestros sistemas o usuarios, por favor rep\u00f3rtala a trav\u00e9s de la siguiente direcci\u00f3n de correo electr\u00f3nico: <\/span><strong style=\"letter-spacing: 0.1px;\"><a class=\"decorated-link cursor-pointer\" href=\"mailto:security@christeyns.com\" rel=\"noopener\" data-start=\"618\" data-end=\"641\">security@christeyns.com<\/a><\/strong><\/p>\n<h2 data-start=\"645\" data-end=\"671\">\u00bfQu\u00e9 se puede reportar?<\/h2>\n<p data-start=\"785\" data-end=\"812\">Utiliza este canal para informar sobre:<\/p>\n<ul>\n<li data-start=\"785\" data-end=\"812\">Correos de phishing enviados en nombre de Christeyns<\/li>\n<li data-start=\"785\" data-end=\"812\">Malware o contenido sospechoso en nuestra web o dominios<\/li>\n<li data-start=\"785\" data-end=\"812\">Vulnerabilidades de seguridad en nuestros sistemas o aplicaciones<\/li>\n<li data-start=\"785\" data-end=\"812\">Uso fraudulento de la marca Christeyns<\/li>\n<\/ul>\n<h2 data-start=\"997\" data-end=\"1011\">Importante<\/h2>\n<p>Para garantizar una gesti\u00f3n eficiente, utiliza este canal \u00fanicamente para incidentes relacionados con la ciberseguridad. Para consultas generales, te rogamos que utilices las opciones de contacto habituales disponibles en nuestra p\u00e1gina web.<\/p>\n<p data-start=\"1012\" data-end=\"1196\">Agradecemos tu colaboraci\u00f3n para ayudarnos a mantener un entorno digital seguro.<\/p>\n<\/div>\n\n                                            <\/div>\n                <\/div>\n            <\/div>\n        <\/div>\n\n        [\/vc_column][\/vc_row]<\/p>\n<\/div>","protected":false},"excerpt":{"rendered":"<p>[vc_row full_width=\u00bbstretch_row_content_no_spaces\u00bb][vc_column][\/vc_column][\/vc_row][vc_row][vc_column][\/vc_column][\/vc_row]<\/p>\n","protected":false},"author":41,"featured_media":0,"parent":0,"menu_order":0,"comment_status":"closed","ping_status":"closed","template":"","meta":{"_acf_changed":false,"content-type":"","footnotes":""},"class_list":["post-165139","page","type-page","status-publish","hentry"],"acf":[],"yoast_head":"<!-- This site is optimized with the Yoast SEO plugin v26.9 - https:\/\/yoast.com\/product\/yoast-seo-wordpress\/ -->\n<title>Seguridad | Christeyns<\/title>\n<meta name=\"description\" content=\"Seguridad Christeyns: reporta phishing, vulnerabilidades de seguridad o actividad sospechosa a trav\u00e9s de nuestro canal espec\u00edfico de notificaci\u00f3n de incidentes.\" \/>\n<meta name=\"robots\" content=\"index, follow, max-snippet:-1, max-image-preview:large, max-video-preview:-1\" \/>\n<link rel=\"canonical\" href=\"https:\/\/www.christeyns.com\/es-es\/seguridad\/\" \/>\n<meta property=\"og:locale\" content=\"es_ES\" \/>\n<meta property=\"og:type\" content=\"article\" \/>\n<meta property=\"og:title\" content=\"Seguridad | Christeyns\" \/>\n<meta property=\"og:description\" content=\"Seguridad Christeyns: reporta phishing, vulnerabilidades de seguridad o actividad sospechosa a trav\u00e9s de nuestro canal espec\u00edfico de notificaci\u00f3n de incidentes.\" \/>\n<meta property=\"og:url\" content=\"https:\/\/www.christeyns.com\/es-es\/seguridad\/\" \/>\n<meta property=\"og:site_name\" content=\"Christeyns\" \/>\n<meta property=\"article:modified_time\" content=\"2026-04-10T11:12:51+00:00\" \/>\n<meta property=\"og:image\" content=\"https:\/\/www.christeyns.com\/wp-content\/uploads\/2018\/10\/christeyns-logo-shot.jpg\" \/>\n\t<meta property=\"og:image:width\" content=\"842\" \/>\n\t<meta property=\"og:image:height\" content=\"560\" \/>\n\t<meta property=\"og:image:type\" content=\"image\/jpeg\" \/>\n<meta name=\"twitter:card\" content=\"summary_large_image\" \/>\n<meta name=\"twitter:label1\" content=\"Tiempo de lectura\" \/>\n\t<meta name=\"twitter:data1\" content=\"2 minutos\" \/>\n<script type=\"application\/ld+json\" class=\"yoast-schema-graph\">{\"@context\":\"https:\/\/schema.org\",\"@graph\":[{\"@type\":\"WebPage\",\"@id\":\"https:\/\/www.christeyns.com\/es-es\/seguridad\/\",\"url\":\"https:\/\/www.christeyns.com\/es-es\/seguridad\/\",\"name\":\"Seguridad | Christeyns\",\"isPartOf\":{\"@id\":\"https:\/\/www.christeyns.com\/es-es\/#website\"},\"datePublished\":\"2026-03-27T11:38:09+00:00\",\"dateModified\":\"2026-04-10T11:12:51+00:00\",\"description\":\"Seguridad Christeyns: reporta phishing, vulnerabilidades de seguridad o actividad sospechosa a trav\u00e9s de nuestro canal espec\u00edfico de notificaci\u00f3n de incidentes.\",\"breadcrumb\":{\"@id\":\"https:\/\/www.christeyns.com\/es-es\/seguridad\/#breadcrumb\"},\"inLanguage\":\"es\",\"potentialAction\":[{\"@type\":\"ReadAction\",\"target\":[\"https:\/\/www.christeyns.com\/es-es\/seguridad\/\"]}]},{\"@type\":\"BreadcrumbList\",\"@id\":\"https:\/\/www.christeyns.com\/es-es\/seguridad\/#breadcrumb\",\"itemListElement\":[{\"@type\":\"ListItem\",\"position\":1,\"name\":\"Home\",\"item\":\"https:\/\/www.christeyns.com\/es-es\/\"},{\"@type\":\"ListItem\",\"position\":2,\"name\":\"Seguridad\"}]},{\"@type\":\"WebSite\",\"@id\":\"https:\/\/www.christeyns.com\/es-es\/#website\",\"url\":\"https:\/\/www.christeyns.com\/es-es\/\",\"name\":\"Christeyns\",\"description\":\"Christeyns - Striving for a cleaner future\",\"publisher\":{\"@id\":\"https:\/\/www.christeyns.com\/es-es\/#organization\"},\"inLanguage\":\"es\"},{\"@type\":\"Organization\",\"@id\":\"https:\/\/www.christeyns.com\/es-es\/#organization\",\"name\":\"Christeyns\",\"url\":\"https:\/\/www.christeyns.com\/es-es\/\",\"logo\":{\"@type\":\"ImageObject\",\"inLanguage\":\"es\",\"@id\":\"https:\/\/www.christeyns.com\/es-es\/#\/schema\/logo\/image\/\",\"url\":\"https:\/\/www.christeyns.com\/wp-content\/uploads\/2021\/06\/logo.png\",\"contentUrl\":\"https:\/\/www.christeyns.com\/wp-content\/uploads\/2021\/06\/logo.png\",\"width\":262,\"height\":40,\"caption\":\"Christeyns\"},\"image\":{\"@id\":\"https:\/\/www.christeyns.com\/es-es\/#\/schema\/logo\/image\/\"},\"sameAs\":[\"https:\/\/www.linkedin.com\/company\/christeyns\",\"https:\/\/www.youtube.com\/c\/christeynshq\"]}]}<\/script>\n<!-- \/ Yoast SEO plugin. -->","yoast_head_json":{"title":"Seguridad | Christeyns","description":"Seguridad Christeyns: reporta phishing, vulnerabilidades de seguridad o actividad sospechosa a trav\u00e9s de nuestro canal espec\u00edfico de notificaci\u00f3n de incidentes.","robots":{"index":"index","follow":"follow","max-snippet":"max-snippet:-1","max-image-preview":"max-image-preview:large","max-video-preview":"max-video-preview:-1"},"canonical":"https:\/\/www.christeyns.com\/es-es\/seguridad\/","og_locale":"es_ES","og_type":"article","og_title":"Seguridad | Christeyns","og_description":"Seguridad Christeyns: reporta phishing, vulnerabilidades de seguridad o actividad sospechosa a trav\u00e9s de nuestro canal espec\u00edfico de notificaci\u00f3n de incidentes.","og_url":"https:\/\/www.christeyns.com\/es-es\/seguridad\/","og_site_name":"Christeyns","article_modified_time":"2026-04-10T11:12:51+00:00","og_image":[{"width":842,"height":560,"url":"https:\/\/www.christeyns.com\/wp-content\/uploads\/2018\/10\/christeyns-logo-shot.jpg","type":"image\/jpeg"}],"twitter_card":"summary_large_image","twitter_misc":{"Tiempo de lectura":"2 minutos"},"schema":{"@context":"https:\/\/schema.org","@graph":[{"@type":"WebPage","@id":"https:\/\/www.christeyns.com\/es-es\/seguridad\/","url":"https:\/\/www.christeyns.com\/es-es\/seguridad\/","name":"Seguridad | Christeyns","isPartOf":{"@id":"https:\/\/www.christeyns.com\/es-es\/#website"},"datePublished":"2026-03-27T11:38:09+00:00","dateModified":"2026-04-10T11:12:51+00:00","description":"Seguridad Christeyns: reporta phishing, vulnerabilidades de seguridad o actividad sospechosa a trav\u00e9s de nuestro canal espec\u00edfico de notificaci\u00f3n de incidentes.","breadcrumb":{"@id":"https:\/\/www.christeyns.com\/es-es\/seguridad\/#breadcrumb"},"inLanguage":"es","potentialAction":[{"@type":"ReadAction","target":["https:\/\/www.christeyns.com\/es-es\/seguridad\/"]}]},{"@type":"BreadcrumbList","@id":"https:\/\/www.christeyns.com\/es-es\/seguridad\/#breadcrumb","itemListElement":[{"@type":"ListItem","position":1,"name":"Home","item":"https:\/\/www.christeyns.com\/es-es\/"},{"@type":"ListItem","position":2,"name":"Seguridad"}]},{"@type":"WebSite","@id":"https:\/\/www.christeyns.com\/es-es\/#website","url":"https:\/\/www.christeyns.com\/es-es\/","name":"Christeyns","description":"Christeyns - Striving for a cleaner future","publisher":{"@id":"https:\/\/www.christeyns.com\/es-es\/#organization"},"inLanguage":"es"},{"@type":"Organization","@id":"https:\/\/www.christeyns.com\/es-es\/#organization","name":"Christeyns","url":"https:\/\/www.christeyns.com\/es-es\/","logo":{"@type":"ImageObject","inLanguage":"es","@id":"https:\/\/www.christeyns.com\/es-es\/#\/schema\/logo\/image\/","url":"https:\/\/www.christeyns.com\/wp-content\/uploads\/2021\/06\/logo.png","contentUrl":"https:\/\/www.christeyns.com\/wp-content\/uploads\/2021\/06\/logo.png","width":262,"height":40,"caption":"Christeyns"},"image":{"@id":"https:\/\/www.christeyns.com\/es-es\/#\/schema\/logo\/image\/"},"sameAs":["https:\/\/www.linkedin.com\/company\/christeyns","https:\/\/www.youtube.com\/c\/christeynshq"]}]}},"_links":{"self":[{"href":"https:\/\/www.christeyns.com\/es-es\/wp-json\/wp\/v2\/pages\/165139","targetHints":{"allow":["GET"]}}],"collection":[{"href":"https:\/\/www.christeyns.com\/es-es\/wp-json\/wp\/v2\/pages"}],"about":[{"href":"https:\/\/www.christeyns.com\/es-es\/wp-json\/wp\/v2\/types\/page"}],"author":[{"embeddable":true,"href":"https:\/\/www.christeyns.com\/es-es\/wp-json\/wp\/v2\/users\/41"}],"replies":[{"embeddable":true,"href":"https:\/\/www.christeyns.com\/es-es\/wp-json\/wp\/v2\/comments?post=165139"}],"version-history":[{"count":3,"href":"https:\/\/www.christeyns.com\/es-es\/wp-json\/wp\/v2\/pages\/165139\/revisions"}],"predecessor-version":[{"id":165142,"href":"https:\/\/www.christeyns.com\/es-es\/wp-json\/wp\/v2\/pages\/165139\/revisions\/165142"}],"wp:attachment":[{"href":"https:\/\/www.christeyns.com\/es-es\/wp-json\/wp\/v2\/media?parent=165139"}],"curies":[{"name":"wp","href":"https:\/\/api.w.org\/{rel}","templated":true}]}}