{"id":701,"date":"2019-12-18T14:06:54","date_gmt":"2019-12-18T14:06:54","guid":{"rendered":"http:\/\/www.christeyns.com\/?page_id=701"},"modified":"2025-07-28T10:57:09","modified_gmt":"2025-07-28T10:57:09","slug":"professionelle-reinigung","status":"publish","type":"page","link":"https:\/\/www.christeyns.com\/de-de\/branchen\/professionelle-reinigung\/","title":{"rendered":"Professionelle Reinigung"},"content":{"rendered":"<div class=\"wpb-content-wrapper\"><p>[vc_row full_width=&#8220;stretch_row_content_no_spaces&#8220;][vc_column]\n            <div class=\"full-width sm-p-0 banner-content__image mb-6\">\n                <div class=\"banner banner__image banner-curve__white \">\n\n                    <div class=\"banner__image-wrapper\" >\n                        <picture class=\"banner-image\" >\n                            <source srcset=\"https:\/\/www.christeyns.com\/wp-content\/uploads\/2020\/05\/christeyns-academy-green.jpg\" media=\"(min-width: 1110px)\">\n                            <source srcset=\"https:\/\/www.christeyns.com\/wp-content\/uploads\/2020\/05\/christeyns-academy-green-1024x187.jpg\" media=\"(min-width: 321px) and (max-width: 1109px)\">\n                            <img decoding=\"async\" class=\"rellax\" src=\"https:\/\/www.christeyns.com\/wp-content\/uploads\/2020\/05\/christeyns-academy-green-300x55.jpg\" alt=\"christeyns-academy-green\" \/>\n                        <\/picture>\n                    <\/div>\n\n                    <div class=\"banner-content-wrapper d-flex flex-column\" >\n\n                                                    <div class=\"rownomargin mb-3 mb-xl-0\"><div class=\"col-22 offset-1\"><nav class=\"breadcrumb-trail breadcrumb-trail--small\" aria-label=\"Breadcrumb\" ><span><span><a href=\"https:\/\/www.christeyns.com\/de-de\/\">Home<\/a><\/span><\/span><\/nav><\/div><\/div>\n                        \n\n                        <div class=\"banner-content banner-content__small  col-24 col-md-16 col-lg-16 col-xl-14 text-center pt-0\">\n                                                    <\/div>\n                    <\/div>\n\n                    <div class=\"circle_cta-wrapper\">\n                        <div class=\"circle_cta background-green d-flex justify-content-center align-items-center\" >\n                            <img decoding=\"async\" src=\"https:\/\/www.christeyns.com\/wp-content\/uploads\/2020\/01\/icon-professional-cleaning.png\" alt=\"bottle\"  class=\"img-fluid\"  loading=\"lazy\" >                        <\/div>\n                    <\/div>\n\n                <\/div>\n            <\/div>\n\n        [\/vc_column][\/vc_row][vc_row full_width=&#8220;stretch_row_content_no_spaces&#8220;][vc_column]\n        <div class=\"content-block full-width  background-white\" >\n            <div class=\"rownomargin\">\n                <div class=\"col-24 col-lg-14 offset-lg-5 col-xl-10 offset-xl-7 text-center mb-6 sm-p-0 text-wrap-balance\">\n                                            <h1 class=\"headingtwo text-blue text-uppercase bold text-center mb-4 heading__top-border-center\" >Professionelle Reinigung<\/h1>\n                    \n                                        <div class=\"text-center  content-block\" ><p>Professionelle Hygienel\u00f6sungen f\u00fcr verschiedene Branchen und Anwendungen.<\/p>\n<\/div>\n\n                    \n                    \n\n                <\/div>\n            <\/div>\n        <\/div>\n\n        [\/vc_column][\/vc_row][vc_row full_width=&#8220;stretch_row_content_no_spaces&#8220;][vc_column]            <div class=\"full-width\">\n                <div class=\"four-block \">\n                    <div class=\"rownomargin justify-content-center\">\n\n                        \n                            <div class=\"col-24 col-md-8 text-center four-block-col\" >\n                                <div class=\"four-block-background\" ><img decoding=\"async\" src=\"https:\/\/www.christeyns.com\/wp-content\/uploads\/2021\/02\/christeyns-catering.jpg\" alt=\"Christeyns Catering\" loading=\"lazy\" ><\/div>\n                                <div class=\"four-block-content \">\n                                    <div class=\"four-block-body \">\n                                                                                <h2 class=\"four-block-title text-white bold text-uppercase\">Restaurant &amp; Catering<\/h2>\n                                        <div class=\"four-block-introduction\">Strahlend saubere K\u00fcchen, H\u00e4nde und Textilien f\u00fcr einen sicheren Umgang mit Lebensmitteln.<\/div>\n                                                                                    <div><a href=\"https:\/\/www.christeyns.com\/de-de\/branchen\/professionelle-reinigung\/restaurant-catering\/\" class=\"four-block-url btn btn-outline-white\" >Restaurant &amp; Catering<\/a><\/div>\n                                                                            <\/div>\n                                <\/div>\n                            <\/div>\n\n                        \n                            <div class=\"col-24 col-md-8 text-center four-block-col\" >\n                                <div class=\"four-block-background\" ><img decoding=\"async\" src=\"https:\/\/www.christeyns.com\/wp-content\/uploads\/2021\/06\/christeyns-professional-cleaning-block.jpg\" alt=\"christeyns-professional-cleaning-block\" loading=\"lazy\" ><\/div>\n                                <div class=\"four-block-content \">\n                                    <div class=\"four-block-body \">\n                                                                                <h2 class=\"four-block-title text-white bold text-uppercase\">Hotel &amp; Spa<\/h2>\n                                        <div class=\"four-block-introduction\">Professionelle und sichere Reinigungsl\u00f6sungen f\u00fcr h\u00f6chste Hygienestandards im Gastgewerbe.<\/div>\n                                                                                    <div><a href=\"https:\/\/www.christeyns.com\/de-de\/branchen\/professionelle-reinigung\/hotel-spa\/\" class=\"four-block-url btn btn-outline-white\" >Hotel &amp; Spa<\/a><\/div>\n                                                                            <\/div>\n                                <\/div>\n                            <\/div>\n\n                        \n                            <div class=\"col-24 col-md-8 text-center four-block-col\" >\n                                <div class=\"four-block-background\" ><img decoding=\"async\" src=\"https:\/\/www.christeyns.com\/wp-content\/uploads\/2021\/02\/healthcare-christeyns.jpg\" alt=\"Healthcare Christeyns\" loading=\"lazy\" ><\/div>\n                                <div class=\"four-block-content \">\n                                    <div class=\"four-block-body \">\n                                                                                <h2 class=\"four-block-title text-white bold text-uppercase\">Altenheime &amp; Pflegebranche<\/h2>\n                                        <div class=\"four-block-introduction\">Sichere und saubere Umgebungen f\u00fcr die beste Pflege.<\/div>\n                                                                                    <div><a href=\"https:\/\/www.christeyns.com\/de-de\/branchen\/professionelle-reinigung\/pflegesektor\/\" class=\"four-block-url btn btn-outline-white\" >Altenheime &amp; Pflegebranche<\/a><\/div>\n                                                                            <\/div>\n                                <\/div>\n                            <\/div>\n\n                        \n                    <\/div>\n                <\/div>\n            <\/div>\n\n                    <div class=\"full-width\">\n                <div class=\"four-block mb-default\">\n                    <div class=\"rownomargin justify-content-center\">\n\n                        \n                            <div class=\"col-24 col-md-12 col-lg-6 text-center four-block-col\" >\n                                <div class=\"four-block-background\" ><img decoding=\"async\" src=\"https:\/\/www.christeyns.com\/wp-content\/uploads\/2021\/01\/Building-facilities-1.jpg\" alt=\"Building and Facilities\" loading=\"lazy\" ><\/div>\n                                <div class=\"four-block-content \">\n                                    <div class=\"four-block-body \">\n                                                                                <h2 class=\"four-block-title text-white bold text-uppercase\">Geb\u00e4ude, Schulen & Einrichtungen<\/h2>\n                                        <div class=\"four-block-introduction\">Wirksame Reinigungs- und Desinfektionsmittel f\u00fcr professionelle Reinigungsroutinen in Geb\u00e4uden und Einrichtungen.<\/div>\n                                                                                    <div><a href=\"https:\/\/www.christeyns.com\/de-de\/branchen\/professionelle-reinigung\/gebaude-einrichtungen\/\" class=\"four-block-url btn btn-outline-white\" >Geb\u00e4ude, Schulen & Einrichtungen<\/a><\/div>\n                                                                            <\/div>\n                                <\/div>\n                            <\/div>\n\n                        \n                            <div class=\"col-24 col-md-12 col-lg-6 text-center four-block-col\" >\n                                <div class=\"four-block-background\" ><img decoding=\"async\" src=\"https:\/\/www.christeyns.com\/wp-content\/uploads\/2021\/01\/Automotive-1.jpg\" alt=\"Automotive Industry\" loading=\"lazy\" ><\/div>\n                                <div class=\"four-block-content \">\n                                    <div class=\"four-block-body \">\n                                                                                <h2 class=\"four-block-title text-white bold text-uppercase\">Automobilindustrie<\/h2>\n                                        <div class=\"four-block-introduction\">Professionelle Reinigungsmittel f\u00fcr Auto- und LKW-Waschanlagen, Vorpl\u00e4tze und Einzelhandelsgesch\u00e4fte in Tankstellen.<\/div>\n                                                                                    <div><a href=\"https:\/\/www.christeyns.com\/de-de\/branchen\/professionelle-reinigung\/automobilindustrie\/\" class=\"four-block-url btn btn-outline-white\" >Automobilindustrie<\/a><\/div>\n                                                                            <\/div>\n                                <\/div>\n                            <\/div>\n\n                        \n                            <div class=\"col-24 col-md-12 col-lg-6 text-center four-block-col\" >\n                                <div class=\"four-block-background\" ><img decoding=\"async\" src=\"https:\/\/www.christeyns.com\/wp-content\/uploads\/2021\/01\/Cleaning-contractors.jpg\" alt=\"Cleaning Contractors\" loading=\"lazy\" ><\/div>\n                                <div class=\"four-block-content \">\n                                    <div class=\"four-block-body \">\n                                                                                <h2 class=\"four-block-title text-white bold text-uppercase\">Reinigungsunternehmen<\/h2>\n                                        <div class=\"four-block-introduction\">Wirksame Reinigungs- und Desinfektionsmittel f\u00fcr gr\u00fcnes, sicheres und einfaches Reinigen.<\/div>\n                                                                                    <div><a href=\"https:\/\/www.christeyns.com\/de-de\/branchen\/professionelle-reinigung\/reinigungsunternehmen\/\" class=\"four-block-url btn btn-outline-white\" >Reinigungsunternehmen<\/a><\/div>\n                                                                            <\/div>\n                                <\/div>\n                            <\/div>\n\n                        \n                            <div class=\"col-24 col-md-12 col-lg-6 text-center four-block-col\" >\n                                <div class=\"four-block-background\" ><img decoding=\"async\" src=\"https:\/\/www.christeyns.com\/wp-content\/uploads\/2025\/04\/front-image-marine-woman.jpg\" alt=\"marine\" loading=\"lazy\" ><\/div>\n                                <div class=\"four-block-content \">\n                                    <div class=\"four-block-body \">\n                                                                                <h2 class=\"four-block-title text-white bold text-uppercase\">Schifffahrt<\/h2>\n                                        <div class=\"four-block-introduction\">Effiziente und nachhaltige Hygienel\u00f6sungen f\u00fcr makellose Textilien, Komb\u00fcsen und Einrichtungen an Bord.<\/div>\n                                                                                    <div><a href=\"\/de-de\/branchen\/professionelle-reinigung\/schifffahrtsindustrie\/\" class=\"four-block-url btn btn-outline-white\" >Schifffahrt<\/a><\/div>\n                                                                            <\/div>\n                                <\/div>\n                            <\/div>\n\n                        \n                    <\/div>\n                <\/div>\n            <\/div>\n\n        [\/vc_column][\/vc_row][vc_row full_width=&#8220;stretch_row_content_no_spaces&#8220;][vc_column]            <div class=\"full-width   mb-6 \" >\n                \n            <div class=\"rownomargin\" >\n                <div class=\"col-24 col-md-22 offset-md-1 sm-py-0\" >\n                    <div class=\"rownomargin align-items-center news-header\">\n                        <div class=\"sm-p-0 col-md-18 news-title-wrapper \">\n                            <h3 class=\"text-blue text-uppercase sub-title\">Artikel Professionelle Reinigung<\/h3>\n                        <\/div>\n\n                                                    <div class=\"csm-p-0 ol-md-6 text-right \">\n                                <span class=\"link__view-all\"><a href=\"\/de-de\/aktuelles\/\" class=\"text-blue\" >Alle Artikel anzeigen<\/a><\/span>\n                            <\/div>\n                                            <\/div>\n\n                    <div class=\"rownomargin mb-0 news-block news-block__blue\">\n                                                    <div class=\"col-lg-6 col-md-12 sm-p-0\">\n                                <article class=\"card\">\n                                    <a href=\"https:\/\/www.christeyns.com\/de-de\/article\/welttag-der-handehygiene\/\" aria-label=\"Weiterlesen\u2026 Welttag der H\u00e4ndehygiene\" class=\"card-link-image\" >\n                                                                                    <img decoding=\"async\" src=\"https:\/\/www.christeyns.com\/wp-content\/uploads\/2020\/06\/hand-hygiene-disinfection-1024x678.jpg\" class=\"card-img-top\" alt=\"\" loading=\"lazy\">\n                                                                            <\/a>\n                                    <div class=\"card-body\">\n                                        <h4 class=\"card-title\"><a href=\"https:\/\/www.christeyns.com\/de-de\/article\/welttag-der-handehygiene\/\" >Welttag der H\u00e4ndehygiene<\/a><\/h4>\n                                        <p class=\"card-text mb-3\">Jede Sekunde z\u00e4hlt: Manchmal kann eine mehr oder eine weniger den Unterschied ausmachen. Feiern Sie mit uns den Welttag der&hellip;<\/p>\n                                        <div class=\"mt-auto\" >\n                                            <a href=\"https:\/\/www.christeyns.com\/de-de\/article\/welttag-der-handehygiene\/\" class=\"btn btn-outline-blue\" aria-label=\"Weiterlesen\u2026 Welttag der H\u00e4ndehygiene\" >Weiterlesen<\/a>\n                                        <\/div>\n                                    <\/div>\n                                <\/article>\n                            <\/div>\n                                                    <div class=\"col-lg-6 col-md-12 sm-p-0\">\n                                <article class=\"card\">\n                                    <a href=\"https:\/\/www.christeyns.com\/de-de\/article\/unbeschwerte-nachte-mit-allex\/\" aria-label=\"Weiterlesen\u2026 Unbeschwerte N\u00e4chte mit ALLEX\" class=\"card-link-image\" >\n                                                                                    <img decoding=\"async\" src=\"https:\/\/www.christeyns.com\/wp-content\/uploads\/2020\/10\/dust-mite.jpg\" class=\"card-img-top\" alt=\"\" loading=\"lazy\">\n                                                                            <\/a>\n                                    <div class=\"card-body\">\n                                        <h4 class=\"card-title\"><a href=\"https:\/\/www.christeyns.com\/de-de\/article\/unbeschwerte-nachte-mit-allex\/\" >Unbeschwerte N\u00e4chte mit ALLEX<\/a><\/h4>\n                                        <p class=\"card-text mb-3\">INTERNATIONAL - Wussten Sie, dass eine durchschnittliche Matratze bis zu 2 Millionen Staubmilben beherbergen kann? Kein Spa\u00df, wenn man wei\u00df,&hellip;<\/p>\n                                        <div class=\"mt-auto\" >\n                                            <a href=\"https:\/\/www.christeyns.com\/de-de\/article\/unbeschwerte-nachte-mit-allex\/\" class=\"btn btn-outline-blue\" aria-label=\"Weiterlesen\u2026 Unbeschwerte N\u00e4chte mit ALLEX\" >Weiterlesen<\/a>\n                                        <\/div>\n                                    <\/div>\n                                <\/article>\n                            <\/div>\n                                            <\/div>\n                <\/div>\n            <\/div>\n\n                    <\/div>\n\n        [vc_column_text css=&#8220;&#8220;]<\/p>\n<h2 style=\"text-align: center;\"><span style=\"color: #4aa846;\">EXPERTS IN CLEAN.<\/span> <span style=\"color: #004a99;\">PARTNERS IN CARE.<\/span><\/h2>\n<p>[\/vc_column_text][\/vc_column][\/vc_row][vc_row][vc_column][vc_empty_space height=&#8220;150px&#8220;][\/vc_column][\/vc_row]<\/p>\n<\/div>","protected":false},"excerpt":{"rendered":"<p>[vc_row full_width=&#8220;stretch_row_content_no_spaces&#8220;][vc_column][\/vc_column][\/vc_row][vc_row full_width=&#8220;stretch_row_content_no_spaces&#8220;][vc_column][\/vc_column][\/vc_row][vc_row full_width=&#8220;stretch_row_content_no_spaces&#8220;][vc_column][\/vc_column][\/vc_row][vc_row full_width=&#8220;stretch_row_content_no_spaces&#8220;][vc_column][vc_column_text css=&#8220;&#8220;] EXPERTS IN CLEAN. PARTNERS IN CARE. [\/vc_column_text][\/vc_column][\/vc_row][vc_row][vc_column][vc_empty_space height=&#8220;150px&#8220;][\/vc_column][\/vc_row]<\/p>\n","protected":false},"author":1,"featured_media":0,"parent":480,"menu_order":656,"comment_status":"closed","ping_status":"closed","template":"","meta":{"_acf_changed":false,"content-type":"","footnotes":""},"class_list":["post-701","page","type-page","status-publish","hentry"],"acf":[],"yoast_head":"<!-- This site is optimized with the Yoast SEO plugin v26.9 - https:\/\/yoast.com\/product\/yoast-seo-wordpress\/ -->\n<title>Professionelle Reinigung | Christeyns<\/title>\n<meta name=\"robots\" content=\"index, follow, max-snippet:-1, max-image-preview:large, max-video-preview:-1\" \/>\n<link rel=\"canonical\" href=\"https:\/\/www.christeyns.com\/de-de\/branchen\/professionelle-reinigung\/\" \/>\n<meta property=\"og:locale\" content=\"de_DE\" \/>\n<meta property=\"og:type\" content=\"article\" \/>\n<meta property=\"og:title\" content=\"Professionelle Reinigung | Christeyns\" \/>\n<meta property=\"og:description\" content=\"[vc_row full_width=&#8220;stretch_row_content_no_spaces&#8220;][vc_column][\/vc_column][\/vc_row][vc_row full_width=&#8220;stretch_row_content_no_spaces&#8220;][vc_column][\/vc_column][\/vc_row][vc_row full_width=&#8220;stretch_row_content_no_spaces&#8220;][vc_column][\/vc_column][\/vc_row][vc_row full_width=&#8220;stretch_row_content_no_spaces&#8220;][vc_column][vc_column_text css=&#8220;&#8220;] EXPERTS IN CLEAN. PARTNERS IN CARE. [\/vc_column_text][\/vc_column][\/vc_row][vc_row][vc_column][vc_empty_space height=&#8220;150px&#8220;][\/vc_column][\/vc_row]\" \/>\n<meta property=\"og:url\" content=\"https:\/\/www.christeyns.com\/de-de\/branchen\/professionelle-reinigung\/\" \/>\n<meta property=\"og:site_name\" content=\"Christeyns\" \/>\n<meta property=\"article:modified_time\" content=\"2025-07-28T10:57:09+00:00\" \/>\n<meta property=\"og:image\" content=\"https:\/\/www.christeyns.com\/wp-content\/uploads\/2018\/10\/christeyns-logo-shot.jpg\" \/>\n\t<meta property=\"og:image:width\" content=\"842\" \/>\n\t<meta property=\"og:image:height\" content=\"560\" \/>\n\t<meta property=\"og:image:type\" content=\"image\/jpeg\" \/>\n<meta name=\"twitter:card\" content=\"summary_large_image\" \/>\n<meta name=\"twitter:label1\" content=\"Gesch\u00e4tzte Lesezeit\" \/>\n\t<meta name=\"twitter:data1\" content=\"1\u00a0Minute\" \/>\n<script type=\"application\/ld+json\" class=\"yoast-schema-graph\">{\"@context\":\"https:\/\/schema.org\",\"@graph\":[{\"@type\":\"WebPage\",\"@id\":\"https:\/\/www.christeyns.com\/de-de\/branchen\/professionelle-reinigung\/\",\"url\":\"https:\/\/www.christeyns.com\/de-de\/branchen\/professionelle-reinigung\/\",\"name\":\"Professionelle Reinigung | Christeyns\",\"isPartOf\":{\"@id\":\"https:\/\/www.christeyns.com\/de-de\/#website\"},\"datePublished\":\"2019-12-18T14:06:54+00:00\",\"dateModified\":\"2025-07-28T10:57:09+00:00\",\"breadcrumb\":{\"@id\":\"https:\/\/www.christeyns.com\/de-de\/branchen\/professionelle-reinigung\/#breadcrumb\"},\"inLanguage\":\"de\",\"potentialAction\":[{\"@type\":\"ReadAction\",\"target\":[\"https:\/\/www.christeyns.com\/de-de\/branchen\/professionelle-reinigung\/\"]}]},{\"@type\":\"BreadcrumbList\",\"@id\":\"https:\/\/www.christeyns.com\/de-de\/branchen\/professionelle-reinigung\/#breadcrumb\",\"itemListElement\":[{\"@type\":\"ListItem\",\"position\":1,\"name\":\"Home\",\"item\":\"https:\/\/www.christeyns.com\/de-de\/\"},{\"@type\":\"ListItem\",\"position\":2,\"name\":\"Branchen\",\"item\":\"https:\/\/www.christeyns.com\/de-de\/branchen\/\"},{\"@type\":\"ListItem\",\"position\":3,\"name\":\"Professionelle Reinigung\"}]},{\"@type\":\"WebSite\",\"@id\":\"https:\/\/www.christeyns.com\/de-de\/#website\",\"url\":\"https:\/\/www.christeyns.com\/de-de\/\",\"name\":\"Christeyns\",\"description\":\"Christeyns - Striving for a cleaner future\",\"publisher\":{\"@id\":\"https:\/\/www.christeyns.com\/de-de\/#organization\"},\"inLanguage\":\"de\"},{\"@type\":\"Organization\",\"@id\":\"https:\/\/www.christeyns.com\/de-de\/#organization\",\"name\":\"Christeyns\",\"url\":\"https:\/\/www.christeyns.com\/de-de\/\",\"logo\":{\"@type\":\"ImageObject\",\"inLanguage\":\"de\",\"@id\":\"https:\/\/www.christeyns.com\/de-de\/#\/schema\/logo\/image\/\",\"url\":\"https:\/\/www.christeyns.com\/wp-content\/uploads\/2021\/06\/logo.png\",\"contentUrl\":\"https:\/\/www.christeyns.com\/wp-content\/uploads\/2021\/06\/logo.png\",\"width\":262,\"height\":40,\"caption\":\"Christeyns\"},\"image\":{\"@id\":\"https:\/\/www.christeyns.com\/de-de\/#\/schema\/logo\/image\/\"},\"sameAs\":[\"https:\/\/www.linkedin.com\/company\/christeyns\",\"https:\/\/www.youtube.com\/c\/christeynshq\"]}]}<\/script>\n<!-- \/ Yoast SEO plugin. -->","yoast_head_json":{"title":"Professionelle Reinigung | Christeyns","robots":{"index":"index","follow":"follow","max-snippet":"max-snippet:-1","max-image-preview":"max-image-preview:large","max-video-preview":"max-video-preview:-1"},"canonical":"https:\/\/www.christeyns.com\/de-de\/branchen\/professionelle-reinigung\/","og_locale":"de_DE","og_type":"article","og_title":"Professionelle Reinigung | Christeyns","og_description":"[vc_row full_width=&#8220;stretch_row_content_no_spaces&#8220;][vc_column][\/vc_column][\/vc_row][vc_row full_width=&#8220;stretch_row_content_no_spaces&#8220;][vc_column][\/vc_column][\/vc_row][vc_row full_width=&#8220;stretch_row_content_no_spaces&#8220;][vc_column][\/vc_column][\/vc_row][vc_row full_width=&#8220;stretch_row_content_no_spaces&#8220;][vc_column][vc_column_text css=&#8220;&#8220;] EXPERTS IN CLEAN. PARTNERS IN CARE. [\/vc_column_text][\/vc_column][\/vc_row][vc_row][vc_column][vc_empty_space height=&#8220;150px&#8220;][\/vc_column][\/vc_row]","og_url":"https:\/\/www.christeyns.com\/de-de\/branchen\/professionelle-reinigung\/","og_site_name":"Christeyns","article_modified_time":"2025-07-28T10:57:09+00:00","og_image":[{"width":842,"height":560,"url":"https:\/\/www.christeyns.com\/wp-content\/uploads\/2018\/10\/christeyns-logo-shot.jpg","type":"image\/jpeg"}],"twitter_card":"summary_large_image","twitter_misc":{"Gesch\u00e4tzte Lesezeit":"1\u00a0Minute"},"schema":{"@context":"https:\/\/schema.org","@graph":[{"@type":"WebPage","@id":"https:\/\/www.christeyns.com\/de-de\/branchen\/professionelle-reinigung\/","url":"https:\/\/www.christeyns.com\/de-de\/branchen\/professionelle-reinigung\/","name":"Professionelle Reinigung | Christeyns","isPartOf":{"@id":"https:\/\/www.christeyns.com\/de-de\/#website"},"datePublished":"2019-12-18T14:06:54+00:00","dateModified":"2025-07-28T10:57:09+00:00","breadcrumb":{"@id":"https:\/\/www.christeyns.com\/de-de\/branchen\/professionelle-reinigung\/#breadcrumb"},"inLanguage":"de","potentialAction":[{"@type":"ReadAction","target":["https:\/\/www.christeyns.com\/de-de\/branchen\/professionelle-reinigung\/"]}]},{"@type":"BreadcrumbList","@id":"https:\/\/www.christeyns.com\/de-de\/branchen\/professionelle-reinigung\/#breadcrumb","itemListElement":[{"@type":"ListItem","position":1,"name":"Home","item":"https:\/\/www.christeyns.com\/de-de\/"},{"@type":"ListItem","position":2,"name":"Branchen","item":"https:\/\/www.christeyns.com\/de-de\/branchen\/"},{"@type":"ListItem","position":3,"name":"Professionelle Reinigung"}]},{"@type":"WebSite","@id":"https:\/\/www.christeyns.com\/de-de\/#website","url":"https:\/\/www.christeyns.com\/de-de\/","name":"Christeyns","description":"Christeyns - Striving for a cleaner future","publisher":{"@id":"https:\/\/www.christeyns.com\/de-de\/#organization"},"inLanguage":"de"},{"@type":"Organization","@id":"https:\/\/www.christeyns.com\/de-de\/#organization","name":"Christeyns","url":"https:\/\/www.christeyns.com\/de-de\/","logo":{"@type":"ImageObject","inLanguage":"de","@id":"https:\/\/www.christeyns.com\/de-de\/#\/schema\/logo\/image\/","url":"https:\/\/www.christeyns.com\/wp-content\/uploads\/2021\/06\/logo.png","contentUrl":"https:\/\/www.christeyns.com\/wp-content\/uploads\/2021\/06\/logo.png","width":262,"height":40,"caption":"Christeyns"},"image":{"@id":"https:\/\/www.christeyns.com\/de-de\/#\/schema\/logo\/image\/"},"sameAs":["https:\/\/www.linkedin.com\/company\/christeyns","https:\/\/www.youtube.com\/c\/christeynshq"]}]}},"_links":{"self":[{"href":"https:\/\/www.christeyns.com\/de-de\/wp-json\/wp\/v2\/pages\/701","targetHints":{"allow":["GET"]}}],"collection":[{"href":"https:\/\/www.christeyns.com\/de-de\/wp-json\/wp\/v2\/pages"}],"about":[{"href":"https:\/\/www.christeyns.com\/de-de\/wp-json\/wp\/v2\/types\/page"}],"author":[{"embeddable":true,"href":"https:\/\/www.christeyns.com\/de-de\/wp-json\/wp\/v2\/users\/1"}],"replies":[{"embeddable":true,"href":"https:\/\/www.christeyns.com\/de-de\/wp-json\/wp\/v2\/comments?post=701"}],"version-history":[{"count":23,"href":"https:\/\/www.christeyns.com\/de-de\/wp-json\/wp\/v2\/pages\/701\/revisions"}],"predecessor-version":[{"id":148066,"href":"https:\/\/www.christeyns.com\/de-de\/wp-json\/wp\/v2\/pages\/701\/revisions\/148066"}],"up":[{"embeddable":true,"href":"https:\/\/www.christeyns.com\/de-de\/wp-json\/wp\/v2\/pages\/480"}],"wp:attachment":[{"href":"https:\/\/www.christeyns.com\/de-de\/wp-json\/wp\/v2\/media?parent=701"}],"curies":[{"name":"wp","href":"https:\/\/api.w.org\/{rel}","templated":true}]}}