{"id":28197,"date":"2021-05-27T13:40:24","date_gmt":"2021-05-27T13:40:24","guid":{"rendered":"https:\/\/www.christeyns.com\/certificates\/"},"modified":"2021-06-02T13:53:39","modified_gmt":"2021-06-02T13:53:39","slug":"zertifikate","status":"publish","type":"page","link":"https:\/\/www.christeyns.com\/de-de\/zertifikate\/","title":{"rendered":"Zertifikate"},"content":{"rendered":"<div class=\"wpb-content-wrapper\"><p>[vc_row][vc_column]\n            <div class=\"full-width sm-p-0\">\n                <div class=\"banner  banner__small banner-curve__white mb-6\">\n                    <picture class=\"banner-image\" >\n                        <source srcset=\"https:\/\/www.christeyns.com\/wp-content\/uploads\/2020\/01\/hero-background.jpg\" media=\"(min-width: 1110px)\">\n                        <source srcset=\"https:\/\/www.christeyns.com\/wp-content\/uploads\/2020\/01\/hero-background-1024x299.jpg\" media=\"(min-width: 321px) and (max-width: 1109px)\">\n                        <img decoding=\"async\" class=\"rellax\" src=\"https:\/\/www.christeyns.com\/wp-content\/uploads\/2020\/01\/hero-background-300x88.jpg\" alt=\"background of the image\" \/>\n                    <\/picture>\n\n                    <div class=\"banner-content-wrapper\" >\n                                                    <div class=\"rownomargin\"><div class=\"col-22 offset-1\"><nav class=\"breadcrumb-trail breadcrumb-trail--small\" aria-label=\"Breadcrumb\" ><span><span><a href=\"https:\/\/www.christeyns.com\/de-de\/\">Home<\/a><\/span><\/span><\/nav><\/div><\/div>\n                        \n                        <div class=\"banner-content col-24 col-md-16 col-lg-16 col-xl-12 text-center\">\n                                                            <h1 class=\"text-white text-uppercase\">Zertifikate<\/h1>\n                            \n                            \n                        <\/div>\n                    <\/div>\n                <\/div>\n            <\/div>\n\n        [\/vc_column][\/vc_row][vc_row][vc_column]\n            \n\n            <div class=\"full-width\">\n\n                \n\n\n                                <div class=\"mb-default col-24 col-lg-22 offset-lg-1\" id=\"news-articles-layout-wrapper\" >\n                                    <div class=\"row d-flex flex-lg-row\"  >\n                                        <div class=\"col-24 sm-p-0\" >\n                                            <div class=\"row vc_row\" id=\"product-layout\">\n\n                                                                                                \n                                                                                                                <div class=\"col-24 col-md-8 col-xl-6 products-panel\">\n                                                                <div class=\"products-panel__wrapper\">\n                                                                    <div class=\"products-panel__image\">\n                                                                                                                                                    <img decoding=\"async\" src=\"https:\/\/www.christeyns.com\/wp-content\/uploads\/2025\/11\/TUV-Nord-Fachbetrieb-150x150.png\" alt=\"T\u00dcV Nord Fachbetrieb nach AwSV\">\n                                                                                                                                            <\/div>\n                                                                    <h2 class=\"products-panel__title\">T\u00dcV Nord Fachbetrieb nach AwSV<\/h2>\n                                                                    <div class=\"products-panel__excerpt\"><p>Die Christeyns GmbH mit Sitz in Offenburg ist T\u00dcV NORD-zertifizierter Fachbetrieb nach \u00a7\u202f62 AwSV \u2013 gesetzlich befugt f\u00fcr das Errichten und Instandsetzen f\u00fcr Chemikalien-Dosieranlagen.<\/p>\n<p>Das bedeutet:<\/p>\n<ul>\n<li data-start=\"417\" data-end=\"591\">Wir d\u00fcrfen gesetzlich Arbeiten an diesen Anlagen fachgerecht durchf\u00fchren.<\/li>\n<li data-start=\"417\" data-end=\"591\">Unsere Mitarbeiter sind regelm\u00e4\u00dfig geschult, unsere Arbeitsprozesse werden laufend \u00fcberwacht.<\/li>\n<li data-start=\"417\" data-end=\"591\">Wir gew\u00e4hrleisten h\u00f6chste Qualit\u00e4t, Sicherheit und Umweltschutz bei allen Projekten.<\/li>\n<li data-start=\"417\" data-end=\"591\">Rechtliche Sicherheit: Nur ein zertifizierter Fachbetrieb darf bestimmte Arbeiten ausf\u00fchren.<\/li>\n<\/ul>\n<\/div>\n                                                                                                                                                                                                                            <div class=\"products-panel__download\" >\n                                                                                <a href=\"https:\/\/www.christeyns.com\/wp-content\/uploads\/2025\/11\/TUV-Nord-Fachbetrieb-nach-AwSV-bis-2027.pdf\" target=\"_blank\" class=\"btn btn-solid-blue mb-2\" >Download Certificate<\/a>\n                                                                            <\/div>\n\n                                                                                                                                    <\/div>\n                                                            <\/div>\n\n                                                                                                                <div class=\"col-24 col-md-8 col-xl-6 products-panel\">\n                                                                <div class=\"products-panel__wrapper\">\n                                                                    <div class=\"products-panel__image\">\n                                                                                                                                                    <img decoding=\"async\" src=\"https:\/\/www.christeyns.com\/wp-content\/uploads\/2024\/09\/medal-ecovadis-2025-150x150.png\" alt=\"EcoVadis Silbermedaille 2025\">\n                                                                                                                                            <\/div>\n                                                                    <h2 class=\"products-panel__title\">EcoVadis Silbermedaille 2025<\/h2>\n                                                                    <div class=\"products-panel__excerpt\"><p style=\"text-align: left;\">Wir freuen uns, dass wir auch im Jahr 2025 erneut mit der EcoVadis Silbermedaille f\u00fcr unsere Erfolge im Bereich Nachhaltigkeit ausgezeichnet wurden. Damit geh\u00f6ren wir zu den besten 15\u202f% der Unternehmen in unserer Branche.<\/p>\n<p style=\"text-align: left;\">EcoVadis ist eine international anerkannte, evidenzbasierte Plattform, die Unternehmen hinsichtlich ihrer Nachhaltigkeitsperformance bewertet \u2013 in Bereichen wie Umwelt, Arbeits- und Menschenrechte, Ethik sowie nachhaltige Beschaffung. Diese Auszeichnung best\u00e4tigt unser kontinuierliches Engagement f\u00fcr verantwortungsvolles und transparentes Handeln.<\/p>\n<\/div>\n                                                                                                                                                                                                                            <div class=\"products-panel__download\" >\n                                                                                <a href=\"https:\/\/www.christeyns.com\/wp-content\/uploads\/2024\/09\/medal-ecovadis-2025.png\" target=\"_blank\" class=\"btn btn-solid-blue mb-2\" >Download Certificate<\/a>\n                                                                            <\/div>\n\n                                                                                                                                    <\/div>\n                                                            <\/div>\n\n                                                                                                                <div class=\"col-24 col-md-8 col-xl-6 products-panel\">\n                                                                <div class=\"products-panel__wrapper\">\n                                                                    <div class=\"products-panel__image\">\n                                                                                                                                                    <img decoding=\"async\" src=\"https:\/\/www.christeyns.com\/wp-content\/uploads\/2021\/06\/20210615-SGS_ISO-14001_TCL_LR-150x150.jpg\" alt=\"ISO 14001:2015\">\n                                                                                                                                            <\/div>\n                                                                    <h2 class=\"products-panel__title\">ISO 14001:2015<\/h2>\n                                                                    <div class=\"products-panel__excerpt\"><p>Das ISO 14001-Zertifikat best\u00e4tigt unsere Einhaltung der Anforderungen zur Aufrechterhaltung eines Umweltmanagementsystems. Teil davon sind spezifische Ans\u00e4tze wie Audits, Kommunikation, Kennzeichnung und Lebenszyklusanalyse sowie auf \u00f6kologische Herausforderungen wie den Klimawandel.<\/p>\n<\/div>\n                                                                                                                                                                                                                            <div class=\"products-panel__download\" >\n                                                                                <a href=\"https:\/\/www.christeyns.com\/wp-content\/uploads\/2025\/11\/271130-ISO-14001_DE.pdf\" target=\"_blank\" class=\"btn btn-solid-blue mb-2\" >Download Certificate<\/a>\n                                                                            <\/div>\n\n                                                                                                                                    <\/div>\n                                                            <\/div>\n\n                                                                                                                <div class=\"col-24 col-md-8 col-xl-6 products-panel\">\n                                                                <div class=\"products-panel__wrapper\">\n                                                                    <div class=\"products-panel__image\">\n                                                                                                                                                    <img decoding=\"async\" src=\"https:\/\/www.christeyns.com\/wp-content\/uploads\/2021\/06\/ecolabel-nieuw-ls-150x150.jpg\" alt=\"EU Ecolabel &#8211; Puresan\">\n                                                                                                                                            <\/div>\n                                                                    <h2 class=\"products-panel__title\">EU Ecolabel &#8211; Puresan<\/h2>\n                                                                    <div class=\"products-panel__excerpt\"><p>Das EU Ecolabel ist das offizielle Umweltzeichen der Europ\u00e4ischen Union, das 1992 von der Europ\u00e4ischen Kommission eingef\u00fchrt wurde. Dieses nachhaltige \u00d6ko-Label wird an Produkte und Dienstleistungen vergeben, die im Vergleich zu \u00e4hnlichen Alternativen deutlich geringere Umweltauswirkungen haben. Ziel ist es, Verbraucher*innen und Beschaffer*innen dabei zu unterst\u00fctzen, umweltfreundliche und ges\u00fcndere Optionen zu identifizieren.<\/p>\n<\/div>\n                                                                                                                                                                                                                            <div class=\"products-panel__download\" >\n                                                                                <a href=\"https:\/\/www.christeyns.com\/wp-content\/uploads\/2025\/11\/EU-Ecolabel_Certificaat_Puresan_eng.pdf\" target=\"_blank\" class=\"btn btn-solid-blue mb-2\" >Download Certificate<\/a>\n                                                                            <\/div>\n\n                                                                                                                                    <\/div>\n                                                            <\/div>\n\n                                                                                                                <div class=\"col-24 col-md-8 col-xl-6 products-panel\">\n                                                                <div class=\"products-panel__wrapper\">\n                                                                    <div class=\"products-panel__image\">\n                                                                                                                                                    <img decoding=\"async\" src=\"https:\/\/www.christeyns.com\/wp-content\/uploads\/2021\/06\/ecolabel-nieuw-ls-150x150.jpg\" alt=\"EU Ecolabel &#8211; Cool Chemistry\">\n                                                                                                                                            <\/div>\n                                                                    <h2 class=\"products-panel__title\">EU Ecolabel &#8211; Cool Chemistry<\/h2>\n                                                                    <div class=\"products-panel__excerpt\"><p class=\"text-reset\">Das EU Ecolabel ist das offizielle Umweltzeichen der Europ\u00e4ischen Union, das 1992 von der Europ\u00e4ischen Kommission eingef\u00fchrt wurde. Dieses nachhaltige \u00d6ko-Label wird an Produkte und Dienstleistungen vergeben, die im Vergleich zu \u00e4hnlichen Alternativen deutlich geringere Umweltauswirkungen haben. Ziel ist es, Verbraucher*innen und Beschaffer*innen dabei zu unterst\u00fctzen, umweltfreundliche und ges\u00fcndere Optionen zu identifizieren.<\/p>\n<\/div>\n                                                                                                                                                                                                                            <div class=\"products-panel__download\" >\n                                                                                <a href=\"https:\/\/www.christeyns.com\/wp-content\/uploads\/2025\/11\/EU-Ecolabel_Certificaat_Cool-_eng.pdf\" target=\"_blank\" class=\"btn btn-solid-blue mb-2\" >Download Certificate<\/a>\n                                                                            <\/div>\n\n                                                                                                                                    <\/div>\n                                                            <\/div>\n\n                                                                                                                <div class=\"col-24 col-md-8 col-xl-6 products-panel\">\n                                                                <div class=\"products-panel__wrapper\">\n                                                                    <div class=\"products-panel__image\">\n                                                                                                                                                    <img decoding=\"async\" src=\"https:\/\/www.christeyns.com\/wp-content\/uploads\/2021\/06\/iso-9001-sgs-ws-150x150.png\" alt=\"ISO 9001:2015\">\n                                                                                                                                            <\/div>\n                                                                    <h2 class=\"products-panel__title\">ISO 9001:2015<\/h2>\n                                                                    <div class=\"products-panel__excerpt\"><p>Das ISO 9001-Zertifikat basiert auf einer Reihe von Qualit\u00e4tsmanagement-Prinzipien, darunter eine starke Kundenorientierung, die Motivation und Einbindung des Top-Managements, der Prozessansatz und die kontinuierliche Verbesserung.<\/p>\n<\/div>\n                                                                                                                                                                                                                            <div class=\"products-panel__download\" >\n                                                                                <a href=\"https:\/\/www.christeyns.com\/wp-content\/uploads\/2025\/11\/271130-ISO-9001_DE.pdf\" target=\"_blank\" class=\"btn btn-solid-blue mb-2\" >Download Certificate<\/a>\n                                                                            <\/div>\n\n                                                                                                                                    <\/div>\n                                                            <\/div>\n\n                                                                                                            <nav class=\"pagination-wrapper mt-4 col-24\" >\n                                                                                                                    <\/nav>\n                                                    \n                                            <\/div>\n                                        <\/div>\n                                    <\/div>\n                                <\/div>\n\n                            \n\n            <\/div>\n\n        [\/vc_column][\/vc_row]<\/p>\n<\/div>","protected":false},"excerpt":{"rendered":"<p>[vc_row][vc_column][\/vc_column][\/vc_row][vc_row][vc_column][\/vc_column][\/vc_row]<\/p>\n","protected":false},"author":1,"featured_media":0,"parent":0,"menu_order":128,"comment_status":"closed","ping_status":"closed","template":"","meta":{"_acf_changed":false,"content-type":"","footnotes":""},"class_list":["post-28197","page","type-page","status-publish","hentry"],"acf":[],"yoast_head":"<!-- This site is optimized with the Yoast SEO plugin v26.9 - https:\/\/yoast.com\/product\/yoast-seo-wordpress\/ -->\n<title>Zertifikate | Christeyns<\/title>\n<meta name=\"robots\" content=\"index, follow, max-snippet:-1, max-image-preview:large, max-video-preview:-1\" \/>\n<link rel=\"canonical\" href=\"https:\/\/www.christeyns.com\/de-de\/zertifikate\/\" \/>\n<meta property=\"og:locale\" content=\"de_DE\" \/>\n<meta property=\"og:type\" content=\"article\" \/>\n<meta property=\"og:title\" content=\"Zertifikate | Christeyns\" \/>\n<meta property=\"og:description\" content=\"[vc_row][vc_column][\/vc_column][\/vc_row][vc_row][vc_column][\/vc_column][\/vc_row]\" \/>\n<meta property=\"og:url\" content=\"https:\/\/www.christeyns.com\/de-de\/zertifikate\/\" \/>\n<meta property=\"og:site_name\" content=\"Christeyns\" \/>\n<meta property=\"article:modified_time\" content=\"2021-06-02T13:53:39+00:00\" \/>\n<meta property=\"og:image\" content=\"https:\/\/www.christeyns.com\/wp-content\/uploads\/2018\/10\/christeyns-logo-shot.jpg\" \/>\n\t<meta property=\"og:image:width\" content=\"842\" \/>\n\t<meta property=\"og:image:height\" content=\"560\" \/>\n\t<meta property=\"og:image:type\" content=\"image\/jpeg\" \/>\n<meta name=\"twitter:card\" content=\"summary_large_image\" \/>\n<meta name=\"twitter:label1\" content=\"Gesch\u00e4tzte Lesezeit\" \/>\n\t<meta name=\"twitter:data1\" content=\"1\u00a0Minute\" \/>\n<script type=\"application\/ld+json\" class=\"yoast-schema-graph\">{\"@context\":\"https:\/\/schema.org\",\"@graph\":[{\"@type\":\"WebPage\",\"@id\":\"https:\/\/www.christeyns.com\/de-de\/zertifikate\/\",\"url\":\"https:\/\/www.christeyns.com\/de-de\/zertifikate\/\",\"name\":\"Zertifikate | Christeyns\",\"isPartOf\":{\"@id\":\"https:\/\/www.christeyns.com\/de-de\/#website\"},\"datePublished\":\"2021-05-27T13:40:24+00:00\",\"dateModified\":\"2021-06-02T13:53:39+00:00\",\"breadcrumb\":{\"@id\":\"https:\/\/www.christeyns.com\/de-de\/zertifikate\/#breadcrumb\"},\"inLanguage\":\"de\",\"potentialAction\":[{\"@type\":\"ReadAction\",\"target\":[\"https:\/\/www.christeyns.com\/de-de\/zertifikate\/\"]}]},{\"@type\":\"BreadcrumbList\",\"@id\":\"https:\/\/www.christeyns.com\/de-de\/zertifikate\/#breadcrumb\",\"itemListElement\":[{\"@type\":\"ListItem\",\"position\":1,\"name\":\"Home\",\"item\":\"https:\/\/www.christeyns.com\/de-de\/\"},{\"@type\":\"ListItem\",\"position\":2,\"name\":\"Zertifikate\"}]},{\"@type\":\"WebSite\",\"@id\":\"https:\/\/www.christeyns.com\/de-de\/#website\",\"url\":\"https:\/\/www.christeyns.com\/de-de\/\",\"name\":\"Christeyns\",\"description\":\"Christeyns - Striving for a cleaner future\",\"publisher\":{\"@id\":\"https:\/\/www.christeyns.com\/de-de\/#organization\"},\"inLanguage\":\"de\"},{\"@type\":\"Organization\",\"@id\":\"https:\/\/www.christeyns.com\/de-de\/#organization\",\"name\":\"Christeyns\",\"url\":\"https:\/\/www.christeyns.com\/de-de\/\",\"logo\":{\"@type\":\"ImageObject\",\"inLanguage\":\"de\",\"@id\":\"https:\/\/www.christeyns.com\/de-de\/#\/schema\/logo\/image\/\",\"url\":\"https:\/\/www.christeyns.com\/wp-content\/uploads\/2021\/06\/logo.png\",\"contentUrl\":\"https:\/\/www.christeyns.com\/wp-content\/uploads\/2021\/06\/logo.png\",\"width\":262,\"height\":40,\"caption\":\"Christeyns\"},\"image\":{\"@id\":\"https:\/\/www.christeyns.com\/de-de\/#\/schema\/logo\/image\/\"},\"sameAs\":[\"https:\/\/www.linkedin.com\/company\/christeyns\",\"https:\/\/www.youtube.com\/c\/christeynshq\"]}]}<\/script>\n<!-- \/ Yoast SEO plugin. -->","yoast_head_json":{"title":"Zertifikate | Christeyns","robots":{"index":"index","follow":"follow","max-snippet":"max-snippet:-1","max-image-preview":"max-image-preview:large","max-video-preview":"max-video-preview:-1"},"canonical":"https:\/\/www.christeyns.com\/de-de\/zertifikate\/","og_locale":"de_DE","og_type":"article","og_title":"Zertifikate | Christeyns","og_description":"[vc_row][vc_column][\/vc_column][\/vc_row][vc_row][vc_column][\/vc_column][\/vc_row]","og_url":"https:\/\/www.christeyns.com\/de-de\/zertifikate\/","og_site_name":"Christeyns","article_modified_time":"2021-06-02T13:53:39+00:00","og_image":[{"width":842,"height":560,"url":"https:\/\/www.christeyns.com\/wp-content\/uploads\/2018\/10\/christeyns-logo-shot.jpg","type":"image\/jpeg"}],"twitter_card":"summary_large_image","twitter_misc":{"Gesch\u00e4tzte Lesezeit":"1\u00a0Minute"},"schema":{"@context":"https:\/\/schema.org","@graph":[{"@type":"WebPage","@id":"https:\/\/www.christeyns.com\/de-de\/zertifikate\/","url":"https:\/\/www.christeyns.com\/de-de\/zertifikate\/","name":"Zertifikate | Christeyns","isPartOf":{"@id":"https:\/\/www.christeyns.com\/de-de\/#website"},"datePublished":"2021-05-27T13:40:24+00:00","dateModified":"2021-06-02T13:53:39+00:00","breadcrumb":{"@id":"https:\/\/www.christeyns.com\/de-de\/zertifikate\/#breadcrumb"},"inLanguage":"de","potentialAction":[{"@type":"ReadAction","target":["https:\/\/www.christeyns.com\/de-de\/zertifikate\/"]}]},{"@type":"BreadcrumbList","@id":"https:\/\/www.christeyns.com\/de-de\/zertifikate\/#breadcrumb","itemListElement":[{"@type":"ListItem","position":1,"name":"Home","item":"https:\/\/www.christeyns.com\/de-de\/"},{"@type":"ListItem","position":2,"name":"Zertifikate"}]},{"@type":"WebSite","@id":"https:\/\/www.christeyns.com\/de-de\/#website","url":"https:\/\/www.christeyns.com\/de-de\/","name":"Christeyns","description":"Christeyns - Striving for a cleaner future","publisher":{"@id":"https:\/\/www.christeyns.com\/de-de\/#organization"},"inLanguage":"de"},{"@type":"Organization","@id":"https:\/\/www.christeyns.com\/de-de\/#organization","name":"Christeyns","url":"https:\/\/www.christeyns.com\/de-de\/","logo":{"@type":"ImageObject","inLanguage":"de","@id":"https:\/\/www.christeyns.com\/de-de\/#\/schema\/logo\/image\/","url":"https:\/\/www.christeyns.com\/wp-content\/uploads\/2021\/06\/logo.png","contentUrl":"https:\/\/www.christeyns.com\/wp-content\/uploads\/2021\/06\/logo.png","width":262,"height":40,"caption":"Christeyns"},"image":{"@id":"https:\/\/www.christeyns.com\/de-de\/#\/schema\/logo\/image\/"},"sameAs":["https:\/\/www.linkedin.com\/company\/christeyns","https:\/\/www.youtube.com\/c\/christeynshq"]}]}},"_links":{"self":[{"href":"https:\/\/www.christeyns.com\/de-de\/wp-json\/wp\/v2\/pages\/28197","targetHints":{"allow":["GET"]}}],"collection":[{"href":"https:\/\/www.christeyns.com\/de-de\/wp-json\/wp\/v2\/pages"}],"about":[{"href":"https:\/\/www.christeyns.com\/de-de\/wp-json\/wp\/v2\/types\/page"}],"author":[{"embeddable":true,"href":"https:\/\/www.christeyns.com\/de-de\/wp-json\/wp\/v2\/users\/1"}],"replies":[{"embeddable":true,"href":"https:\/\/www.christeyns.com\/de-de\/wp-json\/wp\/v2\/comments?post=28197"}],"version-history":[{"count":2,"href":"https:\/\/www.christeyns.com\/de-de\/wp-json\/wp\/v2\/pages\/28197\/revisions"}],"predecessor-version":[{"id":28216,"href":"https:\/\/www.christeyns.com\/de-de\/wp-json\/wp\/v2\/pages\/28197\/revisions\/28216"}],"wp:attachment":[{"href":"https:\/\/www.christeyns.com\/de-de\/wp-json\/wp\/v2\/media?parent=28197"}],"curies":[{"name":"wp","href":"https:\/\/api.w.org\/{rel}","templated":true}]}}