{"id":165329,"date":"2026-03-27T11:38:09","date_gmt":"2026-03-27T11:38:09","guid":{"rendered":"https:\/\/www.christeyns.com\/security\/"},"modified":"2026-04-15T13:35:43","modified_gmt":"2026-04-15T13:35:43","slug":"sicherheit","status":"publish","type":"page","link":"https:\/\/www.christeyns.com\/de-de\/sicherheit\/","title":{"rendered":"Sicherheit"},"content":{"rendered":"<div class=\"wpb-content-wrapper\"><p>[vc_row full_width=&#8220;stretch_row_content_no_spaces&#8220;][vc_column]\n            <div class=\"full-width sm-p-0\">\n                <div class=\"banner  banner__small banner-curve__white mb-6\">\n                    <picture class=\"banner-image\" >\n                        <source srcset=\"https:\/\/www.christeyns.com\/wp-content\/uploads\/2020\/01\/hero-background.jpg\" media=\"(min-width: 1110px)\">\n                        <source srcset=\"https:\/\/www.christeyns.com\/wp-content\/uploads\/2020\/01\/hero-background-1024x299.jpg\" media=\"(min-width: 321px) and (max-width: 1109px)\">\n                        <img decoding=\"async\" class=\"rellax\" src=\"https:\/\/www.christeyns.com\/wp-content\/uploads\/2020\/01\/hero-background-300x88.jpg\" alt=\"background of the image\" \/>\n                    <\/picture>\n\n                    <div class=\"banner-content-wrapper\" >\n                                                    <div class=\"rownomargin\"><div class=\"col-22 offset-1\"><nav class=\"breadcrumb-trail breadcrumb-trail--small\" aria-label=\"Breadcrumb\" ><span><span><a href=\"https:\/\/www.christeyns.com\/de-de\/\">Home<\/a><\/span><\/span><\/nav><\/div><\/div>\n                        \n                        <div class=\"banner-content col-24 col-md-16 col-lg-16 col-xl-12 text-center\">\n                                                            <h1 class=\"text-white text-uppercase\">Sicherheit<\/h1>\n                            \n                            \n                        <\/div>\n                    <\/div>\n                <\/div>\n            <\/div>\n\n        [\/vc_column][\/vc_row][vc_row][vc_column]\n        <div class=\"page-block background-white\">\n            <div class=\"full-width mt-none mb-default\" >\n                <div class=\"rownomargin\">\n                    <div class=\"col-24 col-lg-22 offset-lg-1 text-left\">\n                        \n                                                <div class=\"page-block__content  inner-page-block__content\" ><h1 data-start=\"100\" data-end=\"141\" data-section-id=\"1jvw9rg\">Berichterstattung \u00fcber IT-Sicherheits- und Cybervorf\u00e4lle<\/h1>\n<p>Bei Christeyns hat die Sicherheit unserer digitalen Systeme, Daten und Kommunikation oberste Priorit\u00e4t. Wir arbeiten kontinuierlich daran, unsere digitale Infrastruktur zu sch\u00fctzen und das Vertrauen unserer Kunden, Partner und Stakeholder zu sichern. Im Rahmen dieses Engagements haben wir einen eigenen Kanal f\u00fcr die Meldung von Cybersicherheitsvorf\u00e4llen eingerichtet.<\/p>\n<p data-start=\"143\" data-end=\"356\"><span style=\"letter-spacing: 0.1px;\">Wenn Sie Aktivit\u00e4ten entdecken oder vermuten, die die Sicherheit unserer digitalen Systeme oder unserer Nutzer gef\u00e4hrden k\u00f6nnten, melden Sie diese bitte \u00fcber folgende E-Mail-Adresse: <\/span><strong style=\"letter-spacing: 0.1px;\"><a class=\"decorated-link cursor-pointer\" href=\"mailto:security@christeyns.com\" rel=\"noopener\" data-start=\"618\" data-end=\"641\">security@christeyns.com<\/a><\/strong><\/p>\n<h2 data-start=\"645\" data-end=\"671\">Was sollte berichtet werden?<\/h2>\n<p>Nutzen Sie diesen Kanal, um folgende Sachverhalte zu melden:<\/p>\n<ol>\n<li>Phishing-E-Mails, die im Namen von Christeyns verschickt wurden<\/li>\n<li>Schadsoftware oder verd\u00e4chtige Inhalte auf unserer Website oder unseren Domains<\/li>\n<li>Sicherheitsl\u00fccken in unseren Systemen oder Anwendungen<\/li>\n<li>Betr\u00fcgerische Nutzung der Marke Christeyns<\/li>\n<\/ol>\n<h2 data-start=\"997\" data-end=\"1011\">Wichtig<\/h2>\n<p>Um eine effiziente Handhabung zu gew\u00e4hrleisten, nutzen Sie diesen Kanal bitte ausschlie\u00dflich f\u00fcr Cybersicherheitsvorf\u00e4lle. F\u00fcr allgemeine Anfragen nutzen Sie bitte die standardm\u00e4\u00dfigen Kontaktoptionen auf unserer Website.<\/p>\n<p>Wir sch\u00e4tzen Ihre Kooperation bei der Aufrechterhaltung einer sicheren digitalen Umgebung.<\/p>\n<\/div>\n\n                                            <\/div>\n                <\/div>\n            <\/div>\n        <\/div>\n\n        [\/vc_column][\/vc_row]<\/p>\n<\/div>","protected":false},"excerpt":{"rendered":"<p>[vc_row full_width=&#8220;stretch_row_content_no_spaces&#8220;][vc_column][\/vc_column][\/vc_row][vc_row][vc_column][\/vc_column][\/vc_row]<\/p>\n","protected":false},"author":41,"featured_media":0,"parent":0,"menu_order":0,"comment_status":"closed","ping_status":"closed","template":"","meta":{"_acf_changed":false,"content-type":"","footnotes":""},"class_list":["post-165329","page","type-page","status-publish","hentry"],"acf":[],"yoast_head":"<!-- This site is optimized with the Yoast SEO plugin v26.9 - https:\/\/yoast.com\/product\/yoast-seo-wordpress\/ -->\n<title>Sicherheit | Christeyns<\/title>\n<meta name=\"description\" content=\"Christeyns Cybersicherheit: Melden Sie Phishing, Sicherheitsl\u00fccken oder verd\u00e4chtige Aktivit\u00e4ten \u00fcber unseren speziellen Kanal zur Meldung von Vorf\u00e4llen.\" \/>\n<meta name=\"robots\" content=\"index, follow, max-snippet:-1, max-image-preview:large, max-video-preview:-1\" \/>\n<link rel=\"canonical\" href=\"https:\/\/www.christeyns.com\/de-de\/sicherheit\/\" \/>\n<meta property=\"og:locale\" content=\"de_DE\" \/>\n<meta property=\"og:type\" content=\"article\" \/>\n<meta property=\"og:title\" content=\"Sicherheit | Christeyns\" \/>\n<meta property=\"og:description\" content=\"Christeyns Cybersicherheit: Melden Sie Phishing, Sicherheitsl\u00fccken oder verd\u00e4chtige Aktivit\u00e4ten \u00fcber unseren speziellen Kanal zur Meldung von Vorf\u00e4llen.\" \/>\n<meta property=\"og:url\" content=\"https:\/\/www.christeyns.com\/de-de\/sicherheit\/\" \/>\n<meta property=\"og:site_name\" content=\"Christeyns\" \/>\n<meta property=\"article:modified_time\" content=\"2026-04-15T13:35:43+00:00\" \/>\n<meta property=\"og:image\" content=\"https:\/\/www.christeyns.com\/wp-content\/uploads\/2018\/10\/christeyns-logo-shot.jpg\" \/>\n\t<meta property=\"og:image:width\" content=\"842\" \/>\n\t<meta property=\"og:image:height\" content=\"560\" \/>\n\t<meta property=\"og:image:type\" content=\"image\/jpeg\" \/>\n<meta name=\"twitter:card\" content=\"summary_large_image\" \/>\n<meta name=\"twitter:label1\" content=\"Gesch\u00e4tzte Lesezeit\" \/>\n\t<meta name=\"twitter:data1\" content=\"1\u00a0Minute\" \/>\n<script type=\"application\/ld+json\" class=\"yoast-schema-graph\">{\"@context\":\"https:\/\/schema.org\",\"@graph\":[{\"@type\":\"WebPage\",\"@id\":\"https:\/\/www.christeyns.com\/de-de\/sicherheit\/\",\"url\":\"https:\/\/www.christeyns.com\/de-de\/sicherheit\/\",\"name\":\"Sicherheit | Christeyns\",\"isPartOf\":{\"@id\":\"https:\/\/www.christeyns.com\/de-de\/#website\"},\"datePublished\":\"2026-03-27T11:38:09+00:00\",\"dateModified\":\"2026-04-15T13:35:43+00:00\",\"description\":\"Christeyns Cybersicherheit: Melden Sie Phishing, Sicherheitsl\u00fccken oder verd\u00e4chtige Aktivit\u00e4ten \u00fcber unseren speziellen Kanal zur Meldung von Vorf\u00e4llen.\",\"breadcrumb\":{\"@id\":\"https:\/\/www.christeyns.com\/de-de\/sicherheit\/#breadcrumb\"},\"inLanguage\":\"de\",\"potentialAction\":[{\"@type\":\"ReadAction\",\"target\":[\"https:\/\/www.christeyns.com\/de-de\/sicherheit\/\"]}]},{\"@type\":\"BreadcrumbList\",\"@id\":\"https:\/\/www.christeyns.com\/de-de\/sicherheit\/#breadcrumb\",\"itemListElement\":[{\"@type\":\"ListItem\",\"position\":1,\"name\":\"Home\",\"item\":\"https:\/\/www.christeyns.com\/de-de\/\"},{\"@type\":\"ListItem\",\"position\":2,\"name\":\"Sicherheit\"}]},{\"@type\":\"WebSite\",\"@id\":\"https:\/\/www.christeyns.com\/de-de\/#website\",\"url\":\"https:\/\/www.christeyns.com\/de-de\/\",\"name\":\"Christeyns\",\"description\":\"Christeyns - Striving for a cleaner future\",\"publisher\":{\"@id\":\"https:\/\/www.christeyns.com\/de-de\/#organization\"},\"inLanguage\":\"de\"},{\"@type\":\"Organization\",\"@id\":\"https:\/\/www.christeyns.com\/de-de\/#organization\",\"name\":\"Christeyns\",\"url\":\"https:\/\/www.christeyns.com\/de-de\/\",\"logo\":{\"@type\":\"ImageObject\",\"inLanguage\":\"de\",\"@id\":\"https:\/\/www.christeyns.com\/de-de\/#\/schema\/logo\/image\/\",\"url\":\"https:\/\/www.christeyns.com\/wp-content\/uploads\/2021\/06\/logo.png\",\"contentUrl\":\"https:\/\/www.christeyns.com\/wp-content\/uploads\/2021\/06\/logo.png\",\"width\":262,\"height\":40,\"caption\":\"Christeyns\"},\"image\":{\"@id\":\"https:\/\/www.christeyns.com\/de-de\/#\/schema\/logo\/image\/\"},\"sameAs\":[\"https:\/\/www.linkedin.com\/company\/christeyns\",\"https:\/\/www.youtube.com\/c\/christeynshq\"]}]}<\/script>\n<!-- \/ Yoast SEO plugin. -->","yoast_head_json":{"title":"Sicherheit | Christeyns","description":"Christeyns Cybersicherheit: Melden Sie Phishing, Sicherheitsl\u00fccken oder verd\u00e4chtige Aktivit\u00e4ten \u00fcber unseren speziellen Kanal zur Meldung von Vorf\u00e4llen.","robots":{"index":"index","follow":"follow","max-snippet":"max-snippet:-1","max-image-preview":"max-image-preview:large","max-video-preview":"max-video-preview:-1"},"canonical":"https:\/\/www.christeyns.com\/de-de\/sicherheit\/","og_locale":"de_DE","og_type":"article","og_title":"Sicherheit | Christeyns","og_description":"Christeyns Cybersicherheit: Melden Sie Phishing, Sicherheitsl\u00fccken oder verd\u00e4chtige Aktivit\u00e4ten \u00fcber unseren speziellen Kanal zur Meldung von Vorf\u00e4llen.","og_url":"https:\/\/www.christeyns.com\/de-de\/sicherheit\/","og_site_name":"Christeyns","article_modified_time":"2026-04-15T13:35:43+00:00","og_image":[{"width":842,"height":560,"url":"https:\/\/www.christeyns.com\/wp-content\/uploads\/2018\/10\/christeyns-logo-shot.jpg","type":"image\/jpeg"}],"twitter_card":"summary_large_image","twitter_misc":{"Gesch\u00e4tzte Lesezeit":"1\u00a0Minute"},"schema":{"@context":"https:\/\/schema.org","@graph":[{"@type":"WebPage","@id":"https:\/\/www.christeyns.com\/de-de\/sicherheit\/","url":"https:\/\/www.christeyns.com\/de-de\/sicherheit\/","name":"Sicherheit | Christeyns","isPartOf":{"@id":"https:\/\/www.christeyns.com\/de-de\/#website"},"datePublished":"2026-03-27T11:38:09+00:00","dateModified":"2026-04-15T13:35:43+00:00","description":"Christeyns Cybersicherheit: Melden Sie Phishing, Sicherheitsl\u00fccken oder verd\u00e4chtige Aktivit\u00e4ten \u00fcber unseren speziellen Kanal zur Meldung von Vorf\u00e4llen.","breadcrumb":{"@id":"https:\/\/www.christeyns.com\/de-de\/sicherheit\/#breadcrumb"},"inLanguage":"de","potentialAction":[{"@type":"ReadAction","target":["https:\/\/www.christeyns.com\/de-de\/sicherheit\/"]}]},{"@type":"BreadcrumbList","@id":"https:\/\/www.christeyns.com\/de-de\/sicherheit\/#breadcrumb","itemListElement":[{"@type":"ListItem","position":1,"name":"Home","item":"https:\/\/www.christeyns.com\/de-de\/"},{"@type":"ListItem","position":2,"name":"Sicherheit"}]},{"@type":"WebSite","@id":"https:\/\/www.christeyns.com\/de-de\/#website","url":"https:\/\/www.christeyns.com\/de-de\/","name":"Christeyns","description":"Christeyns - Striving for a cleaner future","publisher":{"@id":"https:\/\/www.christeyns.com\/de-de\/#organization"},"inLanguage":"de"},{"@type":"Organization","@id":"https:\/\/www.christeyns.com\/de-de\/#organization","name":"Christeyns","url":"https:\/\/www.christeyns.com\/de-de\/","logo":{"@type":"ImageObject","inLanguage":"de","@id":"https:\/\/www.christeyns.com\/de-de\/#\/schema\/logo\/image\/","url":"https:\/\/www.christeyns.com\/wp-content\/uploads\/2021\/06\/logo.png","contentUrl":"https:\/\/www.christeyns.com\/wp-content\/uploads\/2021\/06\/logo.png","width":262,"height":40,"caption":"Christeyns"},"image":{"@id":"https:\/\/www.christeyns.com\/de-de\/#\/schema\/logo\/image\/"},"sameAs":["https:\/\/www.linkedin.com\/company\/christeyns","https:\/\/www.youtube.com\/c\/christeynshq"]}]}},"_links":{"self":[{"href":"https:\/\/www.christeyns.com\/de-de\/wp-json\/wp\/v2\/pages\/165329","targetHints":{"allow":["GET"]}}],"collection":[{"href":"https:\/\/www.christeyns.com\/de-de\/wp-json\/wp\/v2\/pages"}],"about":[{"href":"https:\/\/www.christeyns.com\/de-de\/wp-json\/wp\/v2\/types\/page"}],"author":[{"embeddable":true,"href":"https:\/\/www.christeyns.com\/de-de\/wp-json\/wp\/v2\/users\/41"}],"replies":[{"embeddable":true,"href":"https:\/\/www.christeyns.com\/de-de\/wp-json\/wp\/v2\/comments?post=165329"}],"version-history":[{"count":3,"href":"https:\/\/www.christeyns.com\/de-de\/wp-json\/wp\/v2\/pages\/165329\/revisions"}],"predecessor-version":[{"id":165332,"href":"https:\/\/www.christeyns.com\/de-de\/wp-json\/wp\/v2\/pages\/165329\/revisions\/165332"}],"wp:attachment":[{"href":"https:\/\/www.christeyns.com\/de-de\/wp-json\/wp\/v2\/media?parent=165329"}],"curies":[{"name":"wp","href":"https:\/\/api.w.org\/{rel}","templated":true}]}}