{"id":1175,"date":"2019-12-19T09:03:14","date_gmt":"2019-12-19T09:03:14","guid":{"rendered":"http:\/\/www.christeyns.com\/?page_id=1175"},"modified":"2021-02-18T16:21:02","modified_gmt":"2021-02-18T16:21:02","slug":"schulung-professionelle-reinigung","status":"publish","type":"page","link":"https:\/\/www.christeyns.com\/de-de\/academy\/schulung-professionelle-reinigung\/","title":{"rendered":"Schulung professionelle Reinigung"},"content":{"rendered":"<div class=\"wpb-content-wrapper\"><p>[vc_row full_width=&#8220;stretch_row_content_no_spaces&#8220;][vc_column]\n            <div class=\"full-width sm-p-0\">\n                <div class=\"banner  banner__small banner-curve__white mb-6\">\n                    <picture class=\"banner-image\" >\n                        <source srcset=\"https:\/\/www.christeyns.com\/wp-content\/uploads\/2020\/05\/christeyns-academy-green.jpg\" media=\"(min-width: 1110px)\">\n                        <source srcset=\"https:\/\/www.christeyns.com\/wp-content\/uploads\/2020\/05\/christeyns-academy-green-1024x187.jpg\" media=\"(min-width: 321px) and (max-width: 1109px)\">\n                        <img decoding=\"async\" class=\"rellax\" src=\"https:\/\/www.christeyns.com\/wp-content\/uploads\/2020\/05\/christeyns-academy-green-300x55.jpg\" alt=\"christeyns-academy-green\" \/>\n                    <\/picture>\n\n                    <div class=\"banner-content-wrapper\" >\n                                                    <div class=\"rownomargin\"><div class=\"col-22 offset-1\"><nav class=\"breadcrumb-trail breadcrumb-trail--small\" aria-label=\"Breadcrumb\" ><span><span><a href=\"https:\/\/www.christeyns.com\/de-de\/\">Home<\/a><\/span><\/span><\/nav><\/div><\/div>\n                        \n                        <div class=\"banner-content col-24 col-md-16 col-lg-16 col-xl-12 text-center\">\n                                                            <h1 class=\"text-white text-uppercase\">Schulung professionelle Reinigung<\/h1>\n                            \n                            \n                        <\/div>\n                    <\/div>\n                <\/div>\n            <\/div>\n\n        [\/vc_column][\/vc_row][vc_row][vc_column]\n            \n\n            <div class=\"full-width\">\n\n                \n                                \n                                <div class=\"mb-default sm-p-0 col-24 col-lg-22 offset-lg-1\" id=\"courses-layout-wrapper\" >\n                                    <div class=\"row d-flex flex-lg-row\" >\n                                        <div class=\"col-24 col-lg-6\" >\n                                            <div class=\"btn-filter-navigation d-md-none btn btn-outline-blue mb-3\" id=\"btn-show-side-filter\" >Filter<\/div>\n\n                                            <form class=\"row d-none d-md-flex mb-5\" action=\"https:\/\/www.christeyns.com\/de-de\/academy\/schulung-professionelle-reinigung\/\" method=\"get\" id=\"course-filter\" >\n\n                                                <div class=\"col-24 col-md-12 col-lg-24 mb-4\">\n                                                    <h2 class=\"filter__option-title\" >Kurse Suchen<\/h2>\n                                                    <div class=\"input-search search--grey\">\n                                                        <label for=\"article_search\" class=\"sr-only\" >Keyword search<\/label>\n                                                        <input type=\"search\" name=\"keyword\" class=\"search-main\" id=\"article_search\" value=\"\" placeholder=\"Suchbegriff\" \/>\n                                                        <button type=\"submit\" aria-label=\"Suche\" >\n                                                            <svg aria-hidden=\"true\" focusable=\"false\" data-prefix=\"fas\" data-icon=\"search\" role=\"img\" xmlns=\"http:\/\/www.w3.org\/2000\/svg\" viewBox=\"0 0 512 512\" class=\"svg-inline--fa fa-search icon-small\"><path fill=\"currentColor\" d=\"M505 442.7L405.3 343c-4.5-4.5-10.6-7-17-7H372c27.6-35.3 44-79.7 44-128C416 93.1 322.9 0 208 0S0 93.1 0 208s93.1 208 208 208c48.3 0 92.7-16.4 128-44v16.3c0 6.4 2.5 12.5 7 17l99.7 99.7c9.4 9.4 24.6 9.4 33.9 0l28.3-28.3c9.4-9.4 9.4-24.6.1-34zM208 336c-70.7 0-128-57.2-128-128 0-70.7 57.2-128 128-128 70.7 0 128 57.2 128 128 0 70.7-57.2 128-128 128z\" class=\"\"><\/path><\/svg>\n                                                        <\/button>\n                                                    <\/div>\n                                                <\/div>\n\n\n                                                <div class=\"col-24 col-md-12 col-lg-24\">\n                                                    <h2 class=\"filter__option-title\" >Schulungsprogramme<\/h2>\n\n                                                    <fieldset class=\"filter__option-wrapper d-flex flex-column justify-content-between\" >\n\n                                                        <label>\n                                                            Offene Schulungsveranstaltungen                                                            <input type=\"checkbox\" name=\"type_of_course[]\" class=\"course-filter\" value=\"open-courses\"  >\n                                                        <\/label>\n\n                                                        <label>\n                                                            Vor-Ort-Schulungen                                                            <input type=\"checkbox\" name=\"type_of_course[]\" class=\"course-filter\" value=\"on-demand-courses\"  >\n                                                        <\/label>\n\n                                                        <label>\n                                                            Online-Schulungsprogramme                                                            <input type=\"checkbox\" name=\"type_of_course[]\" class=\"course-filter\" value=\"e-learning\"  >\n                                                        <\/label>\n\n                                                    <\/fieldset>\n                                                <\/div>\n                                            <\/form>\n\n\n                                            \n                                            \n                                            \n                                                                                    <\/div>\n\n                                        <div class=\"col-24 col-lg-17 offset-lg-1\" >\n                                            <div id=\"course-layout\" >\n                                                \n                                                \n                                                    \n                                                            <div class=\"course-panel course-panel--green mb-4 vc_row row\">\n\n                                                                <div class=\"col-24 col-xl-16\">\n\n                                                                    <div class=\"px-2 pt-3 p-lg-4\">\n                                                                        <h2 class=\"course-panel__title\">HACCP-System erfolgreich managen<\/h2>\n                                                                        <div class=\"course-panel__excerpt\"><p>Wie setzt man die theoretischen Anforderungen von HACCP in die Praxis um? Dieser Kurs ist f\u00fcr Personen geeignet, die in der Gastronomie oder der Lebensmittelzubereitung arbeiten. <\/p>\n<\/div>\n\n                                                                        <div class=\"row course-panel--icons\">\n\n                                                                            \n                                                                            \n                                                                            \n                                                                            \n                                                                            \n                                                                                                                                                    <\/div>\n                                                                    <\/div>\n                                                                <\/div>\n\n                                                                <div class=\"col-24 col-xl-8\">\n                                                                    <div class=\"px-2 pb-4 pb-lg-4 pt-lg-0 px-lg-4  p-xl-4 d-flex align-items-end justify-content-end h-100\">\n                                                                        <a href=\"https:\/\/www.christeyns.com\/de-de\/course\/managing-a-haccp-system\/\" class=\"btn btn-solid-green\" >Mehr Details<span class=\"sr-only\"> \u00fcber\u2026 HACCP-System erfolgreich managen<\/span><\/a>\n                                                                    <\/div>\n                                                                <\/div>\n\n                                                            <\/div>\n                                                    \n                                                            <div class=\"course-panel course-panel--green mb-4 vc_row row\">\n\n                                                                <div class=\"col-24 col-xl-16\">\n\n                                                                    <div class=\"px-2 pt-3 p-lg-4\">\n                                                                        <h2 class=\"course-panel__title\">Bewusstsein schaffen f\u00fcr CIP (Cleaning in Place)<\/h2>\n                                                                        <div class=\"course-panel__excerpt\"><p>Der CIP-Bewusstseinskurs vermittelt Ihnen die grundlegenden Prinzipien von CIP in der Lebensmittel- und Getr\u00e4nkeindustrie. Erfahren Sie mehr \u00fcber die verschiedenen Arten von CIP-Anlagen, ihre wichtigsten Prozessparameter sowie die beteiligten Ger\u00e4te und Produkte. <\/p>\n<\/div>\n\n                                                                        <div class=\"row course-panel--icons\">\n\n                                                                            \n                                                                            \n                                                                            \n                                                                            \n                                                                            \n                                                                                                                                                    <\/div>\n                                                                    <\/div>\n                                                                <\/div>\n\n                                                                <div class=\"col-24 col-xl-8\">\n                                                                    <div class=\"px-2 pb-4 pb-lg-4 pt-lg-0 px-lg-4  p-xl-4 d-flex align-items-end justify-content-end h-100\">\n                                                                        <a href=\"https:\/\/www.christeyns.com\/de-de\/course\/cleaning-in-place-cip-awareness\/\" class=\"btn btn-solid-green\" >Mehr Details<span class=\"sr-only\"> \u00fcber\u2026 Bewusstsein schaffen f\u00fcr CIP (Cleaning in Place)<\/span><\/a>\n                                                                    <\/div>\n                                                                <\/div>\n\n                                                            <\/div>\n                                                    \n                                                            <div class=\"course-panel course-panel--green mb-4 vc_row row\">\n\n                                                                <div class=\"col-24 col-xl-16\">\n\n                                                                    <div class=\"px-2 pt-3 p-lg-4\">\n                                                                        <h2 class=\"course-panel__title\">Grundlagen der Reinigung und Desinfektion in der Lebensmittelindustrie<\/h2>\n                                                                        <div class=\"course-panel__excerpt\"><p>Diese Schulung ist f\u00fcr jeden relevant, der am Reinigungsprozess beteiligt ist. Wir vermitteln mehr Informationen \u00fcber die Grundlagen der Reinigung, die im Reinigungsprozess verwendete Chemie, die g\u00e4ngigsten Reinigungspraktiken sowie die Dokumentation und Validierung von Reinigungspl\u00e4nen.<\/p>\n<\/div>\n\n                                                                        <div class=\"row course-panel--icons\">\n\n                                                                            \n                                                                            \n                                                                            \n                                                                            \n                                                                            \n                                                                                                                                                    <\/div>\n                                                                    <\/div>\n                                                                <\/div>\n\n                                                                <div class=\"col-24 col-xl-8\">\n                                                                    <div class=\"px-2 pb-4 pb-lg-4 pt-lg-0 px-lg-4  p-xl-4 d-flex align-items-end justify-content-end h-100\">\n                                                                        <a href=\"https:\/\/www.christeyns.com\/de-de\/course\/basic-principles-of-cleaning-and-disinfection-in-food-industry\/\" class=\"btn btn-solid-green\" >Mehr Details<span class=\"sr-only\"> \u00fcber\u2026 Grundlagen der Reinigung und Desinfektion in der Lebensmittelindustrie<\/span><\/a>\n                                                                    <\/div>\n                                                                <\/div>\n\n                                                            <\/div>\n                                                    \n                                                            <div class=\"course-panel course-panel--green mb-4 vc_row row\">\n\n                                                                <div class=\"col-24 col-xl-16\">\n\n                                                                    <div class=\"px-2 pt-3 p-lg-4\">\n                                                                        <h2 class=\"course-panel__title\">Sicherer Umgang mit Chemikalien und Reinigungsmittel<\/h2>\n                                                                        <div class=\"course-panel__excerpt\"><p>Der sichere Umgang mit Chemikalien ist der Schl\u00fcssel zum Schutz nicht nur Ihrer Anlagen, Ihrer Produktion und Ihres Umsatzes, sondern vor allem auch Ihrer Mitarbeiter. In dieser Schulung gehen wir auf die wesentlichen Schritte f\u00fcr einen sicheren und verantwortungsvollen Umgang mit Chemikalien ein.<\/p>\n<\/div>\n\n                                                                        <div class=\"row course-panel--icons\">\n\n                                                                            \n                                                                            \n                                                                            \n                                                                            \n                                                                            \n                                                                                                                                                    <\/div>\n                                                                    <\/div>\n                                                                <\/div>\n\n                                                                <div class=\"col-24 col-xl-8\">\n                                                                    <div class=\"px-2 pb-4 pb-lg-4 pt-lg-0 px-lg-4  p-xl-4 d-flex align-items-end justify-content-end h-100\">\n                                                                        <a href=\"https:\/\/www.christeyns.com\/de-de\/course\/safe-use-of-chemicals\/\" class=\"btn btn-solid-green\" >Mehr Details<span class=\"sr-only\"> \u00fcber\u2026 Sicherer Umgang mit Chemikalien und Reinigungsmittel<\/span><\/a>\n                                                                    <\/div>\n                                                                <\/div>\n\n                                                            <\/div>\n                                                                                                            <nav class=\"pagination-wrapper mt-4 col-24\" >\n                                                                                                                    <\/nav>\n                                                                                                <\/div>\n                                        <\/div>\n                                    <\/div>\n                                <\/div>\n\n\n                            \n\n            <\/div>\n\n        [\/vc_column][\/vc_row]<\/p>\n<\/div>","protected":false},"excerpt":{"rendered":"<p>[vc_row full_width=&#8220;stretch_row_content_no_spaces&#8220;][vc_column][\/vc_column][\/vc_row][vc_row][vc_column][\/vc_column][\/vc_row]<\/p>\n","protected":false},"author":1,"featured_media":0,"parent":1126,"menu_order":420,"comment_status":"closed","ping_status":"closed","template":"","meta":{"_acf_changed":false,"content-type":"","footnotes":""},"class_list":["post-1175","page","type-page","status-publish","hentry"],"acf":[],"yoast_head":"<!-- This site is optimized with the Yoast SEO plugin v26.9 - https:\/\/yoast.com\/product\/yoast-seo-wordpress\/ -->\n<title>Schulung professionelle Reinigung | Christeyns<\/title>\n<meta name=\"robots\" content=\"index, follow, max-snippet:-1, max-image-preview:large, max-video-preview:-1\" \/>\n<link rel=\"canonical\" href=\"https:\/\/www.christeyns.com\/de-de\/academy\/schulung-professionelle-reinigung\/\" \/>\n<meta property=\"og:locale\" content=\"de_DE\" \/>\n<meta property=\"og:type\" content=\"article\" \/>\n<meta property=\"og:title\" content=\"Schulung professionelle Reinigung | Christeyns\" \/>\n<meta property=\"og:description\" content=\"[vc_row full_width=&#8220;stretch_row_content_no_spaces&#8220;][vc_column][\/vc_column][\/vc_row][vc_row][vc_column][\/vc_column][\/vc_row]\" \/>\n<meta property=\"og:url\" content=\"https:\/\/www.christeyns.com\/de-de\/academy\/schulung-professionelle-reinigung\/\" \/>\n<meta property=\"og:site_name\" content=\"Christeyns\" \/>\n<meta property=\"article:modified_time\" content=\"2021-02-18T16:21:02+00:00\" \/>\n<meta property=\"og:image\" content=\"https:\/\/www.christeyns.com\/wp-content\/uploads\/2018\/10\/christeyns-logo-shot.jpg\" \/>\n\t<meta property=\"og:image:width\" content=\"842\" \/>\n\t<meta property=\"og:image:height\" content=\"560\" \/>\n\t<meta property=\"og:image:type\" content=\"image\/jpeg\" \/>\n<meta name=\"twitter:card\" content=\"summary_large_image\" \/>\n<script type=\"application\/ld+json\" class=\"yoast-schema-graph\">{\"@context\":\"https:\/\/schema.org\",\"@graph\":[{\"@type\":\"WebPage\",\"@id\":\"https:\/\/www.christeyns.com\/de-de\/academy\/schulung-professionelle-reinigung\/\",\"url\":\"https:\/\/www.christeyns.com\/de-de\/academy\/schulung-professionelle-reinigung\/\",\"name\":\"Schulung professionelle Reinigung | Christeyns\",\"isPartOf\":{\"@id\":\"https:\/\/www.christeyns.com\/de-de\/#website\"},\"datePublished\":\"2019-12-19T09:03:14+00:00\",\"dateModified\":\"2021-02-18T16:21:02+00:00\",\"breadcrumb\":{\"@id\":\"https:\/\/www.christeyns.com\/de-de\/academy\/schulung-professionelle-reinigung\/#breadcrumb\"},\"inLanguage\":\"de\",\"potentialAction\":[{\"@type\":\"ReadAction\",\"target\":[\"https:\/\/www.christeyns.com\/de-de\/academy\/schulung-professionelle-reinigung\/\"]}]},{\"@type\":\"BreadcrumbList\",\"@id\":\"https:\/\/www.christeyns.com\/de-de\/academy\/schulung-professionelle-reinigung\/#breadcrumb\",\"itemListElement\":[{\"@type\":\"ListItem\",\"position\":1,\"name\":\"Home\",\"item\":\"https:\/\/www.christeyns.com\/de-de\/\"},{\"@type\":\"ListItem\",\"position\":2,\"name\":\"Academy\",\"item\":\"https:\/\/www.christeyns.com\/de-de\/academy\/\"},{\"@type\":\"ListItem\",\"position\":3,\"name\":\"Schulung professionelle Reinigung\"}]},{\"@type\":\"WebSite\",\"@id\":\"https:\/\/www.christeyns.com\/de-de\/#website\",\"url\":\"https:\/\/www.christeyns.com\/de-de\/\",\"name\":\"Christeyns\",\"description\":\"Christeyns - Striving for a cleaner future\",\"publisher\":{\"@id\":\"https:\/\/www.christeyns.com\/de-de\/#organization\"},\"inLanguage\":\"de\"},{\"@type\":\"Organization\",\"@id\":\"https:\/\/www.christeyns.com\/de-de\/#organization\",\"name\":\"Christeyns\",\"url\":\"https:\/\/www.christeyns.com\/de-de\/\",\"logo\":{\"@type\":\"ImageObject\",\"inLanguage\":\"de\",\"@id\":\"https:\/\/www.christeyns.com\/de-de\/#\/schema\/logo\/image\/\",\"url\":\"https:\/\/www.christeyns.com\/wp-content\/uploads\/2021\/06\/logo.png\",\"contentUrl\":\"https:\/\/www.christeyns.com\/wp-content\/uploads\/2021\/06\/logo.png\",\"width\":262,\"height\":40,\"caption\":\"Christeyns\"},\"image\":{\"@id\":\"https:\/\/www.christeyns.com\/de-de\/#\/schema\/logo\/image\/\"},\"sameAs\":[\"https:\/\/www.linkedin.com\/company\/christeyns\",\"https:\/\/www.youtube.com\/c\/christeynshq\"]}]}<\/script>\n<!-- \/ Yoast SEO plugin. -->","yoast_head_json":{"title":"Schulung professionelle Reinigung | Christeyns","robots":{"index":"index","follow":"follow","max-snippet":"max-snippet:-1","max-image-preview":"max-image-preview:large","max-video-preview":"max-video-preview:-1"},"canonical":"https:\/\/www.christeyns.com\/de-de\/academy\/schulung-professionelle-reinigung\/","og_locale":"de_DE","og_type":"article","og_title":"Schulung professionelle Reinigung | Christeyns","og_description":"[vc_row full_width=&#8220;stretch_row_content_no_spaces&#8220;][vc_column][\/vc_column][\/vc_row][vc_row][vc_column][\/vc_column][\/vc_row]","og_url":"https:\/\/www.christeyns.com\/de-de\/academy\/schulung-professionelle-reinigung\/","og_site_name":"Christeyns","article_modified_time":"2021-02-18T16:21:02+00:00","og_image":[{"width":842,"height":560,"url":"https:\/\/www.christeyns.com\/wp-content\/uploads\/2018\/10\/christeyns-logo-shot.jpg","type":"image\/jpeg"}],"twitter_card":"summary_large_image","schema":{"@context":"https:\/\/schema.org","@graph":[{"@type":"WebPage","@id":"https:\/\/www.christeyns.com\/de-de\/academy\/schulung-professionelle-reinigung\/","url":"https:\/\/www.christeyns.com\/de-de\/academy\/schulung-professionelle-reinigung\/","name":"Schulung professionelle Reinigung | Christeyns","isPartOf":{"@id":"https:\/\/www.christeyns.com\/de-de\/#website"},"datePublished":"2019-12-19T09:03:14+00:00","dateModified":"2021-02-18T16:21:02+00:00","breadcrumb":{"@id":"https:\/\/www.christeyns.com\/de-de\/academy\/schulung-professionelle-reinigung\/#breadcrumb"},"inLanguage":"de","potentialAction":[{"@type":"ReadAction","target":["https:\/\/www.christeyns.com\/de-de\/academy\/schulung-professionelle-reinigung\/"]}]},{"@type":"BreadcrumbList","@id":"https:\/\/www.christeyns.com\/de-de\/academy\/schulung-professionelle-reinigung\/#breadcrumb","itemListElement":[{"@type":"ListItem","position":1,"name":"Home","item":"https:\/\/www.christeyns.com\/de-de\/"},{"@type":"ListItem","position":2,"name":"Academy","item":"https:\/\/www.christeyns.com\/de-de\/academy\/"},{"@type":"ListItem","position":3,"name":"Schulung professionelle Reinigung"}]},{"@type":"WebSite","@id":"https:\/\/www.christeyns.com\/de-de\/#website","url":"https:\/\/www.christeyns.com\/de-de\/","name":"Christeyns","description":"Christeyns - Striving for a cleaner future","publisher":{"@id":"https:\/\/www.christeyns.com\/de-de\/#organization"},"inLanguage":"de"},{"@type":"Organization","@id":"https:\/\/www.christeyns.com\/de-de\/#organization","name":"Christeyns","url":"https:\/\/www.christeyns.com\/de-de\/","logo":{"@type":"ImageObject","inLanguage":"de","@id":"https:\/\/www.christeyns.com\/de-de\/#\/schema\/logo\/image\/","url":"https:\/\/www.christeyns.com\/wp-content\/uploads\/2021\/06\/logo.png","contentUrl":"https:\/\/www.christeyns.com\/wp-content\/uploads\/2021\/06\/logo.png","width":262,"height":40,"caption":"Christeyns"},"image":{"@id":"https:\/\/www.christeyns.com\/de-de\/#\/schema\/logo\/image\/"},"sameAs":["https:\/\/www.linkedin.com\/company\/christeyns","https:\/\/www.youtube.com\/c\/christeynshq"]}]}},"_links":{"self":[{"href":"https:\/\/www.christeyns.com\/de-de\/wp-json\/wp\/v2\/pages\/1175","targetHints":{"allow":["GET"]}}],"collection":[{"href":"https:\/\/www.christeyns.com\/de-de\/wp-json\/wp\/v2\/pages"}],"about":[{"href":"https:\/\/www.christeyns.com\/de-de\/wp-json\/wp\/v2\/types\/page"}],"author":[{"embeddable":true,"href":"https:\/\/www.christeyns.com\/de-de\/wp-json\/wp\/v2\/users\/1"}],"replies":[{"embeddable":true,"href":"https:\/\/www.christeyns.com\/de-de\/wp-json\/wp\/v2\/comments?post=1175"}],"version-history":[{"count":4,"href":"https:\/\/www.christeyns.com\/de-de\/wp-json\/wp\/v2\/pages\/1175\/revisions"}],"predecessor-version":[{"id":17888,"href":"https:\/\/www.christeyns.com\/de-de\/wp-json\/wp\/v2\/pages\/1175\/revisions\/17888"}],"up":[{"embeddable":true,"href":"https:\/\/www.christeyns.com\/de-de\/wp-json\/wp\/v2\/pages\/1126"}],"wp:attachment":[{"href":"https:\/\/www.christeyns.com\/de-de\/wp-json\/wp\/v2\/media?parent=1175"}],"curies":[{"name":"wp","href":"https:\/\/api.w.org\/{rel}","templated":true}]}}