{"id":165120,"date":"2026-03-27T11:38:09","date_gmt":"2026-03-27T11:38:09","guid":{"rendered":"https:\/\/www.christeyns.com\/security\/"},"modified":"2026-04-10T11:07:39","modified_gmt":"2026-04-10T11:07:39","slug":"securite","status":"publish","type":"page","link":"https:\/\/www.christeyns.com\/be-fr\/securite\/","title":{"rendered":"Security"},"content":{"rendered":"<div class=\"wpb-content-wrapper\"><p>[vc_row full_width=\u00a0\u00bbstretch_row_content_no_spaces\u00a0\u00bb][vc_column]\n            <div class=\"full-width sm-p-0\">\n                <div class=\"banner  banner__small banner-curve__white mb-6\">\n                    <picture class=\"banner-image\" >\n                        <source srcset=\"https:\/\/www.christeyns.com\/wp-content\/uploads\/2020\/01\/hero-background.jpg\" media=\"(min-width: 1110px)\">\n                        <source srcset=\"https:\/\/www.christeyns.com\/wp-content\/uploads\/2020\/01\/hero-background-1024x299.jpg\" media=\"(min-width: 321px) and (max-width: 1109px)\">\n                        <img decoding=\"async\" class=\"rellax\" src=\"https:\/\/www.christeyns.com\/wp-content\/uploads\/2020\/01\/hero-background-300x88.jpg\" alt=\"background of the image\" \/>\n                    <\/picture>\n\n                    <div class=\"banner-content-wrapper\" >\n                                                    <div class=\"rownomargin\"><div class=\"col-22 offset-1\"><nav class=\"breadcrumb-trail breadcrumb-trail--small\" aria-label=\"Breadcrumb\" ><span><span><a href=\"https:\/\/www.christeyns.com\/be-fr\/\">Home<\/a><\/span><\/span><\/nav><\/div><\/div>\n                        \n                        <div class=\"banner-content col-24 col-md-16 col-lg-16 col-xl-12 text-center\">\n                                                            <h1 class=\"text-white text-uppercase\">S\u00e9curit\u00e9 <\/h1>\n                            \n                            \n                        <\/div>\n                    <\/div>\n                <\/div>\n            <\/div>\n\n        [\/vc_column][\/vc_row][vc_row][vc_column]\n        <div class=\"page-block background-white\">\n            <div class=\"full-width mt-none mb-default\" >\n                <div class=\"rownomargin\">\n                    <div class=\"col-24 col-lg-22 offset-lg-1 text-left\">\n                        \n                                                <div class=\"page-block__content  inner-page-block__content\" ><h1 data-start=\"100\" data-end=\"141\" data-section-id=\"1jvw9rg\">S\u00e9curit\u00e9 et signalement des incidents de cybers\u00e9curit\u00e9<\/h1>\n<p>Chez Christeyns, la s\u00e9curit\u00e9 de nos syst\u00e8mes, de nos donn\u00e9es et de nos communications est une priorit\u00e9 absolue. Nous nous effor\u00e7ons en permanence de prot\u00e9ger notre infrastructure num\u00e9rique et de garantir la confiance de nos clients, partenaires et parties prenantes.<\/p>\n<p>Dans le cadre de cet engagement, nous avons mis en place un canal d\u00e9di\u00e9 au signalement des incidents de cybers\u00e9curit\u00e9.<\/p>\n<p data-start=\"143\" data-end=\"356\"><span style=\"letter-spacing: 0.1px;\">Si vous d\u00e9tectez ou soup\u00e7onnez une activit\u00e9 susceptible de compromettre la s\u00e9curit\u00e9 de nos syst\u00e8mes ou de nos utilisateurs, veuillez la signaler \u00e0 l&rsquo;adresse e-mail suivante: <\/span><strong style=\"letter-spacing: 0.1px;\"><a class=\"decorated-link cursor-pointer\" href=\"mailto:security@christeyns.com\" rel=\"noopener\" data-start=\"618\" data-end=\"641\">security@christeyns.com<\/a><\/strong><\/p>\n<h2 data-start=\"645\" data-end=\"671\">Que peut-on signaler?<\/h2>\n<p>Utilisez ce canal pour signaler:<\/p>\n<ul>\n<li>Les e-mails de phishing envoy\u00e9s au nom de Christeyns<\/li>\n<li>Les logiciels malveillants ou les contenus suspects sur notre site web ou nos domaines<\/li>\n<li>Les failles de s\u00e9curit\u00e9 dans nos syst\u00e8mes ou applications<\/li>\n<li>L&rsquo;utilisation frauduleuse de la marque Christeyns<\/li>\n<\/ul>\n<h2 data-start=\"997\" data-end=\"1011\">Important<\/h2>\n<p data-start=\"1012\" data-end=\"1196\">Afin de garantir un traitement efficace, veuillez utiliser ce canal uniquement pour les incidents li\u00e9s \u00e0 la cybers\u00e9curit\u00e9. Pour toute question d&rsquo;ordre g\u00e9n\u00e9ral, veuillez utiliser les options de contact standard disponibles sur notre site web.<\/p>\n<p data-start=\"1012\" data-end=\"1196\">Nous vous remercions de votre coop\u00e9ration pour nous aider \u00e0 maintenir un environnement num\u00e9rique s\u00e9curis\u00e9.<\/p>\n<\/div>\n\n                                            <\/div>\n                <\/div>\n            <\/div>\n        <\/div>\n\n        [\/vc_column][\/vc_row]<\/p>\n<\/div>","protected":false},"excerpt":{"rendered":"<p>[vc_row full_width=\u00a0\u00bbstretch_row_content_no_spaces\u00a0\u00bb][vc_column][\/vc_column][\/vc_row][vc_row][vc_column][\/vc_column][\/vc_row]<\/p>\n","protected":false},"author":41,"featured_media":0,"parent":0,"menu_order":0,"comment_status":"closed","ping_status":"closed","template":"","meta":{"_acf_changed":false,"content-type":"","footnotes":""},"class_list":["post-165120","page","type-page","status-publish","hentry"],"acf":[],"yoast_head":"<!-- This site is optimized with the Yoast SEO plugin v26.9 - https:\/\/yoast.com\/product\/yoast-seo-wordpress\/ -->\n<title>Security | Christeyns<\/title>\n<meta name=\"description\" content=\"S\u00e9curit\u00e9 Christeyns : signalez les tentatives d&#039;hame\u00e7onnage, les failles de s\u00e9curit\u00e9 ou les activit\u00e9s suspectes via notre canal d\u00e9di\u00e9 au signalement des incidents.\" \/>\n<meta name=\"robots\" content=\"index, follow, max-snippet:-1, max-image-preview:large, max-video-preview:-1\" \/>\n<link rel=\"canonical\" href=\"https:\/\/www.christeyns.com\/be-fr\/securite\/\" \/>\n<meta property=\"og:locale\" content=\"fr_FR\" \/>\n<meta property=\"og:type\" content=\"article\" \/>\n<meta property=\"og:title\" content=\"Security | Christeyns\" \/>\n<meta property=\"og:description\" content=\"S\u00e9curit\u00e9 Christeyns : signalez les tentatives d&#039;hame\u00e7onnage, les failles de s\u00e9curit\u00e9 ou les activit\u00e9s suspectes via notre canal d\u00e9di\u00e9 au signalement des incidents.\" \/>\n<meta property=\"og:url\" content=\"https:\/\/www.christeyns.com\/be-fr\/securite\/\" \/>\n<meta property=\"og:site_name\" content=\"Christeyns\" \/>\n<meta property=\"article:modified_time\" content=\"2026-04-10T11:07:39+00:00\" \/>\n<meta property=\"og:image\" content=\"https:\/\/www.christeyns.com\/wp-content\/uploads\/2018\/10\/christeyns-logo-shot.jpg\" \/>\n\t<meta property=\"og:image:width\" content=\"842\" \/>\n\t<meta property=\"og:image:height\" content=\"560\" \/>\n\t<meta property=\"og:image:type\" content=\"image\/jpeg\" \/>\n<meta name=\"twitter:card\" content=\"summary_large_image\" \/>\n<meta name=\"twitter:label1\" content=\"Dur\u00e9e de lecture est.\" \/>\n\t<meta name=\"twitter:data1\" content=\"2 minutes\" \/>\n<script type=\"application\/ld+json\" class=\"yoast-schema-graph\">{\"@context\":\"https:\/\/schema.org\",\"@graph\":[{\"@type\":\"WebPage\",\"@id\":\"https:\/\/www.christeyns.com\/be-fr\/securite\/\",\"url\":\"https:\/\/www.christeyns.com\/be-fr\/securite\/\",\"name\":\"Security | Christeyns\",\"isPartOf\":{\"@id\":\"https:\/\/www.christeyns.com\/be-fr\/#website\"},\"datePublished\":\"2026-03-27T11:38:09+00:00\",\"dateModified\":\"2026-04-10T11:07:39+00:00\",\"description\":\"S\u00e9curit\u00e9 Christeyns : signalez les tentatives d'hame\u00e7onnage, les failles de s\u00e9curit\u00e9 ou les activit\u00e9s suspectes via notre canal d\u00e9di\u00e9 au signalement des incidents.\",\"breadcrumb\":{\"@id\":\"https:\/\/www.christeyns.com\/be-fr\/securite\/#breadcrumb\"},\"inLanguage\":\"fr-BE\",\"potentialAction\":[{\"@type\":\"ReadAction\",\"target\":[\"https:\/\/www.christeyns.com\/be-fr\/securite\/\"]}]},{\"@type\":\"BreadcrumbList\",\"@id\":\"https:\/\/www.christeyns.com\/be-fr\/securite\/#breadcrumb\",\"itemListElement\":[{\"@type\":\"ListItem\",\"position\":1,\"name\":\"Home\",\"item\":\"https:\/\/www.christeyns.com\/be-fr\/\"},{\"@type\":\"ListItem\",\"position\":2,\"name\":\"Security\"}]},{\"@type\":\"WebSite\",\"@id\":\"https:\/\/www.christeyns.com\/be-fr\/#website\",\"url\":\"https:\/\/www.christeyns.com\/be-fr\/\",\"name\":\"Christeyns\",\"description\":\"Christeyns - Striving for a cleaner future\",\"publisher\":{\"@id\":\"https:\/\/www.christeyns.com\/be-fr\/#organization\"},\"inLanguage\":\"fr-BE\"},{\"@type\":\"Organization\",\"@id\":\"https:\/\/www.christeyns.com\/be-fr\/#organization\",\"name\":\"Christeyns\",\"url\":\"https:\/\/www.christeyns.com\/be-fr\/\",\"logo\":{\"@type\":\"ImageObject\",\"inLanguage\":\"fr-BE\",\"@id\":\"https:\/\/www.christeyns.com\/be-fr\/#\/schema\/logo\/image\/\",\"url\":\"https:\/\/www.christeyns.com\/wp-content\/uploads\/2021\/06\/logo.png\",\"contentUrl\":\"https:\/\/www.christeyns.com\/wp-content\/uploads\/2021\/06\/logo.png\",\"width\":262,\"height\":40,\"caption\":\"Christeyns\"},\"image\":{\"@id\":\"https:\/\/www.christeyns.com\/be-fr\/#\/schema\/logo\/image\/\"},\"sameAs\":[\"https:\/\/www.linkedin.com\/company\/christeyns\",\"https:\/\/www.youtube.com\/c\/christeynshq\"]}]}<\/script>\n<!-- \/ Yoast SEO plugin. -->","yoast_head_json":{"title":"Security | Christeyns","description":"S\u00e9curit\u00e9 Christeyns : signalez les tentatives d'hame\u00e7onnage, les failles de s\u00e9curit\u00e9 ou les activit\u00e9s suspectes via notre canal d\u00e9di\u00e9 au signalement des incidents.","robots":{"index":"index","follow":"follow","max-snippet":"max-snippet:-1","max-image-preview":"max-image-preview:large","max-video-preview":"max-video-preview:-1"},"canonical":"https:\/\/www.christeyns.com\/be-fr\/securite\/","og_locale":"fr_FR","og_type":"article","og_title":"Security | Christeyns","og_description":"S\u00e9curit\u00e9 Christeyns : signalez les tentatives d'hame\u00e7onnage, les failles de s\u00e9curit\u00e9 ou les activit\u00e9s suspectes via notre canal d\u00e9di\u00e9 au signalement des incidents.","og_url":"https:\/\/www.christeyns.com\/be-fr\/securite\/","og_site_name":"Christeyns","article_modified_time":"2026-04-10T11:07:39+00:00","og_image":[{"width":842,"height":560,"url":"https:\/\/www.christeyns.com\/wp-content\/uploads\/2018\/10\/christeyns-logo-shot.jpg","type":"image\/jpeg"}],"twitter_card":"summary_large_image","twitter_misc":{"Dur\u00e9e de lecture est.":"2 minutes"},"schema":{"@context":"https:\/\/schema.org","@graph":[{"@type":"WebPage","@id":"https:\/\/www.christeyns.com\/be-fr\/securite\/","url":"https:\/\/www.christeyns.com\/be-fr\/securite\/","name":"Security | Christeyns","isPartOf":{"@id":"https:\/\/www.christeyns.com\/be-fr\/#website"},"datePublished":"2026-03-27T11:38:09+00:00","dateModified":"2026-04-10T11:07:39+00:00","description":"S\u00e9curit\u00e9 Christeyns : signalez les tentatives d'hame\u00e7onnage, les failles de s\u00e9curit\u00e9 ou les activit\u00e9s suspectes via notre canal d\u00e9di\u00e9 au signalement des incidents.","breadcrumb":{"@id":"https:\/\/www.christeyns.com\/be-fr\/securite\/#breadcrumb"},"inLanguage":"fr-BE","potentialAction":[{"@type":"ReadAction","target":["https:\/\/www.christeyns.com\/be-fr\/securite\/"]}]},{"@type":"BreadcrumbList","@id":"https:\/\/www.christeyns.com\/be-fr\/securite\/#breadcrumb","itemListElement":[{"@type":"ListItem","position":1,"name":"Home","item":"https:\/\/www.christeyns.com\/be-fr\/"},{"@type":"ListItem","position":2,"name":"Security"}]},{"@type":"WebSite","@id":"https:\/\/www.christeyns.com\/be-fr\/#website","url":"https:\/\/www.christeyns.com\/be-fr\/","name":"Christeyns","description":"Christeyns - Striving for a cleaner future","publisher":{"@id":"https:\/\/www.christeyns.com\/be-fr\/#organization"},"inLanguage":"fr-BE"},{"@type":"Organization","@id":"https:\/\/www.christeyns.com\/be-fr\/#organization","name":"Christeyns","url":"https:\/\/www.christeyns.com\/be-fr\/","logo":{"@type":"ImageObject","inLanguage":"fr-BE","@id":"https:\/\/www.christeyns.com\/be-fr\/#\/schema\/logo\/image\/","url":"https:\/\/www.christeyns.com\/wp-content\/uploads\/2021\/06\/logo.png","contentUrl":"https:\/\/www.christeyns.com\/wp-content\/uploads\/2021\/06\/logo.png","width":262,"height":40,"caption":"Christeyns"},"image":{"@id":"https:\/\/www.christeyns.com\/be-fr\/#\/schema\/logo\/image\/"},"sameAs":["https:\/\/www.linkedin.com\/company\/christeyns","https:\/\/www.youtube.com\/c\/christeynshq"]}]}},"_links":{"self":[{"href":"https:\/\/www.christeyns.com\/be-fr\/wp-json\/wp\/v2\/pages\/165120","targetHints":{"allow":["GET"]}}],"collection":[{"href":"https:\/\/www.christeyns.com\/be-fr\/wp-json\/wp\/v2\/pages"}],"about":[{"href":"https:\/\/www.christeyns.com\/be-fr\/wp-json\/wp\/v2\/types\/page"}],"author":[{"embeddable":true,"href":"https:\/\/www.christeyns.com\/be-fr\/wp-json\/wp\/v2\/users\/41"}],"replies":[{"embeddable":true,"href":"https:\/\/www.christeyns.com\/be-fr\/wp-json\/wp\/v2\/comments?post=165120"}],"version-history":[{"count":2,"href":"https:\/\/www.christeyns.com\/be-fr\/wp-json\/wp\/v2\/pages\/165120\/revisions"}],"predecessor-version":[{"id":165138,"href":"https:\/\/www.christeyns.com\/be-fr\/wp-json\/wp\/v2\/pages\/165120\/revisions\/165138"}],"wp:attachment":[{"href":"https:\/\/www.christeyns.com\/be-fr\/wp-json\/wp\/v2\/media?parent=165120"}],"curies":[{"name":"wp","href":"https:\/\/api.w.org\/{rel}","templated":true}]}}